{"id":57644,"date":"2023-10-13T12:58:47","date_gmt":"2023-10-13T11:58:47","guid":{"rendered":"https:\/\/gxp-training.com\/online-course\/productos-sanitarios\/"},"modified":"2023-10-13T12:58:47","modified_gmt":"2023-10-13T10:58:47","slug":"productos-sanitarios","status":"publish","type":"product","link":"https:\/\/gxp-training.com\/es\/online-course\/productos-sanitarios\/","title":{"rendered":"Productos Sanitarios"},"content":{"rendered":"<p>Ad\u00e9ntrese en el complejo mundo de los Productos Sanitarios con nuestro itinerario formativo especializado. Dise\u00f1ado para profesionales, entusiastas y partes interesadas, este curso integral ofrece una combinaci\u00f3n \u00fanica de normativas de la UE y la FDA. Ya sea que desee comprender las diferencias matizadas entre las Buenas Pr\u00e1cticas de Fabricaci\u00f3n (GMP) de la UE y la FDA para Productos Sanitarios o pretenda dominar el \u00faltimo Reglamento de Productos Sanitarios (MDR 2017\/745), este itinerario le cubre.  <\/p>\n<p>Pero hay m\u00e1s. Con un m\u00f3dulo exclusivo sobre Inspecciones de Cumplimiento Normativo y Auditor\u00edas Externas, estar\u00e1 equipado con el conocimiento pr\u00e1ctico para afrontar las inspecciones con confianza. Y con contenido actualizado cada mes, tenga la seguridad de que siempre estar\u00e1 al d\u00eda con lo \u00faltimo en el panorama normativo de productos sanitarios.  <\/p>\n<p>\u00danase a nosotros y emprenda un viaje que promete no solo aprendizaje, sino un certificado de finalizaci\u00f3n que evidencia su nueva experiencia. Invierta en conocimiento que empodera. Asegure su lugar en el mundo en evoluci\u00f3n de los Productos Sanitarios.  <\/p>\n","protected":false},"excerpt":{"rendered":"<p>Ad\u00e9ntrese en el complejo mundo de los Productos Sanitarios con nuestro itinerario formativo especializado. Dise\u00f1ado para profesionales, entusiastas y partes interesadas, este curso integral ofrece una combinaci\u00f3n \u00fanica de normativas de la UE y la FDA. Ya sea que desee comprender las diferencias matizadas entre las Buenas Pr\u00e1cticas de Fabricaci\u00f3n (GMP) de la UE y [&hellip;]<\/p>\n","protected":false},"featured_media":44518,"template":"","meta":{"_acf_changed":false,"content-type":""},"product_brand":[],"product_cat":[285],"product_tag":[],"class_list":{"0":"post-57644","1":"product","2":"type-product","3":"status-publish","4":"has-post-thumbnail","6":"product_cat-itinerarios-formativos","8":"first","9":"instock","10":"taxable","11":"shipping-taxable","12":"purchasable","13":"product-type-subscription"},"bundled_by":[],"bundle_stock_status":"instock","bundle_stock_quantity":null,"bundle_virtual":false,"bundle_layout":"","bundle_add_to_cart_form_location":"","bundle_editable_in_cart":false,"bundle_sold_individually_context":"","bundle_item_grouping":"","bundle_min_size":"","bundle_max_size":"","bundle_price":[],"bundled_items":[],"bundle_sell_ids":[57112,43289,44019,57385],"acf":[],"yoast_head":"<!-- This site is optimized with the Yoast SEO plugin v27.5 - https:\/\/yoast.com\/product\/yoast-seo-wordpress\/ -->\n<title>Itinerario Formativo Certificado sobre Productos Sanitarios - Formaci\u00f3n GxP<\/title>\n<meta name=\"description\" content=\"Certificaci\u00f3n en Formaci\u00f3n sobre Productos Sanitarios para Profesionales que producen y distribuyen productos sanitarios. Nuestros Cursos est\u00e1n Acreditados por CPD y CEU.\" \/>\n<meta name=\"robots\" content=\"index, follow, max-snippet:-1, max-image-preview:large, max-video-preview:-1\" \/>\n<link rel=\"canonical\" href=\"https:\/\/gxp-training.com\/es\/online-course\/productos-sanitarios\/\" \/>\n<meta property=\"og:locale\" content=\"es_ES\" \/>\n<meta property=\"og:type\" content=\"article\" \/>\n<meta property=\"og:title\" content=\"Itinerario Formativo Certificado sobre Productos Sanitarios - Formaci\u00f3n GxP\" \/>\n<meta property=\"og:description\" content=\"Certificaci\u00f3n en Formaci\u00f3n sobre Productos Sanitarios para Profesionales que producen y distribuyen productos sanitarios. Nuestros Cursos est\u00e1n Acreditados por CPD y CEU.\" \/>\n<meta property=\"og:url\" content=\"https:\/\/gxp-training.com\/es\/online-course\/productos-sanitarios\/\" \/>\n<meta property=\"og:site_name\" content=\"GxP Training : Certified Online Courses for Life Sciences\" \/>\n<meta property=\"og:image\" content=\"https:\/\/gxp-training.com\/wp-content\/uploads\/2023\/09\/medical-devices.png\" \/>\n\t<meta property=\"og:image:width\" content=\"900\" \/>\n\t<meta property=\"og:image:height\" content=\"627\" \/>\n\t<meta property=\"og:image:type\" content=\"image\/png\" \/>\n<meta name=\"twitter:card\" content=\"summary_large_image\" \/>\n<meta name=\"twitter:label1\" content=\"Tiempo de lectura\" \/>\n\t<meta name=\"twitter:data1\" content=\"1 minuto\" \/>\n<script type=\"application\/ld+json\" class=\"yoast-schema-graph\">{\"@context\":\"https:\\\/\\\/schema.org\",\"@graph\":[{\"@type\":\"WebPage\",\"@id\":\"https:\\\/\\\/gxp-training.com\\\/es\\\/online-course\\\/productos-sanitarios\\\/\",\"url\":\"https:\\\/\\\/gxp-training.com\\\/es\\\/online-course\\\/productos-sanitarios\\\/\",\"name\":\"Itinerario Formativo Certificado sobre Productos Sanitarios - Formaci\u00f3n GxP\",\"isPartOf\":{\"@id\":\"https:\\\/\\\/gxp-training.com\\\/es\\\/#website\"},\"primaryImageOfPage\":{\"@id\":\"https:\\\/\\\/gxp-training.com\\\/es\\\/online-course\\\/productos-sanitarios\\\/#primaryimage\"},\"image\":{\"@id\":\"https:\\\/\\\/gxp-training.com\\\/es\\\/online-course\\\/productos-sanitarios\\\/#primaryimage\"},\"thumbnailUrl\":\"https:\\\/\\\/gxp-training.com\\\/wp-content\\\/uploads\\\/2023\\\/09\\\/medical-devices.png\",\"datePublished\":\"2023-10-13T11:58:47+00:00\",\"description\":\"Certificaci\u00f3n en Formaci\u00f3n sobre Productos Sanitarios para Profesionales que producen y distribuyen productos sanitarios. Nuestros Cursos est\u00e1n Acreditados por CPD y CEU.\",\"breadcrumb\":{\"@id\":\"https:\\\/\\\/gxp-training.com\\\/es\\\/online-course\\\/productos-sanitarios\\\/#breadcrumb\"},\"inLanguage\":\"es\",\"potentialAction\":[{\"@type\":\"ReadAction\",\"target\":[\"https:\\\/\\\/gxp-training.com\\\/es\\\/online-course\\\/productos-sanitarios\\\/\"]}]},{\"@type\":\"ImageObject\",\"inLanguage\":\"es\",\"@id\":\"https:\\\/\\\/gxp-training.com\\\/es\\\/online-course\\\/productos-sanitarios\\\/#primaryimage\",\"url\":\"https:\\\/\\\/gxp-training.com\\\/wp-content\\\/uploads\\\/2023\\\/09\\\/medical-devices.png\",\"contentUrl\":\"https:\\\/\\\/gxp-training.com\\\/wp-content\\\/uploads\\\/2023\\\/09\\\/medical-devices.png\",\"width\":900,\"height\":627},{\"@type\":\"BreadcrumbList\",\"@id\":\"https:\\\/\\\/gxp-training.com\\\/es\\\/online-course\\\/productos-sanitarios\\\/#breadcrumb\",\"itemListElement\":[{\"@type\":\"ListItem\",\"position\":1,\"name\":\"Inicio\",\"item\":\"https:\\\/\\\/gxp-training.com\\\/es\\\/pagina-de-inicio\\\/\"},{\"@type\":\"ListItem\",\"position\":2,\"name\":\"Productos\",\"item\":\"https:\\\/\\\/gxp-training.com\\\/es\\\/shop\\\/\"},{\"@type\":\"ListItem\",\"position\":3,\"name\":\"Productos Sanitarios\"}]},{\"@type\":\"WebSite\",\"@id\":\"https:\\\/\\\/gxp-training.com\\\/es\\\/#website\",\"url\":\"https:\\\/\\\/gxp-training.com\\\/es\\\/\",\"name\":\"GxP Training : Certified Online Courses for Life Sciences\",\"description\":\"Online Trainings and Certified Courses in Regulatory Compliance for Pharmaceutical Experts\",\"publisher\":{\"@id\":\"https:\\\/\\\/gxp-training.com\\\/es\\\/#organization\"},\"potentialAction\":[{\"@type\":\"SearchAction\",\"target\":{\"@type\":\"EntryPoint\",\"urlTemplate\":\"https:\\\/\\\/gxp-training.com\\\/es\\\/?s={search_term_string}\"},\"query-input\":{\"@type\":\"PropertyValueSpecification\",\"valueRequired\":true,\"valueName\":\"search_term_string\"}}],\"inLanguage\":\"es\"},{\"@type\":\"Organization\",\"@id\":\"https:\\\/\\\/gxp-training.com\\\/es\\\/#organization\",\"name\":\"GXP Training\",\"url\":\"https:\\\/\\\/gxp-training.com\\\/es\\\/\",\"logo\":{\"@type\":\"ImageObject\",\"inLanguage\":\"es\",\"@id\":\"https:\\\/\\\/gxp-training.com\\\/es\\\/#\\\/schema\\\/logo\\\/image\\\/\",\"url\":\"https:\\\/\\\/gxp-training.com\\\/wp-content\\\/uploads\\\/2022\\\/05\\\/logo-resize.png\",\"contentUrl\":\"https:\\\/\\\/gxp-training.com\\\/wp-content\\\/uploads\\\/2022\\\/05\\\/logo-resize.png\",\"width\":350,\"height\":100,\"caption\":\"GXP Training\"},\"image\":{\"@id\":\"https:\\\/\\\/gxp-training.com\\\/es\\\/#\\\/schema\\\/logo\\\/image\\\/\"}}]}<\/script>\n<!-- \/ Yoast SEO plugin. -->","yoast_head_json":{"title":"Itinerario Formativo Certificado sobre Productos Sanitarios - Formaci\u00f3n GxP","description":"Certificaci\u00f3n en Formaci\u00f3n sobre Productos Sanitarios para Profesionales que producen y distribuyen productos sanitarios. Nuestros Cursos est\u00e1n Acreditados por CPD y CEU.","robots":{"index":"index","follow":"follow","max-snippet":"max-snippet:-1","max-image-preview":"max-image-preview:large","max-video-preview":"max-video-preview:-1"},"canonical":"https:\/\/gxp-training.com\/es\/online-course\/productos-sanitarios\/","og_locale":"es_ES","og_type":"article","og_title":"Itinerario Formativo Certificado sobre Productos Sanitarios - Formaci\u00f3n GxP","og_description":"Certificaci\u00f3n en Formaci\u00f3n sobre Productos Sanitarios para Profesionales que producen y distribuyen productos sanitarios. Nuestros Cursos est\u00e1n Acreditados por CPD y CEU.","og_url":"https:\/\/gxp-training.com\/es\/online-course\/productos-sanitarios\/","og_site_name":"GxP Training : Certified Online Courses for Life Sciences","og_image":[{"width":900,"height":627,"url":"https:\/\/gxp-training.com\/wp-content\/uploads\/2023\/09\/medical-devices.png","type":"image\/png"}],"twitter_card":"summary_large_image","twitter_misc":{"Tiempo de lectura":"1 minuto"},"schema":{"@context":"https:\/\/schema.org","@graph":[{"@type":"WebPage","@id":"https:\/\/gxp-training.com\/es\/online-course\/productos-sanitarios\/","url":"https:\/\/gxp-training.com\/es\/online-course\/productos-sanitarios\/","name":"Itinerario Formativo Certificado sobre Productos Sanitarios - Formaci\u00f3n GxP","isPartOf":{"@id":"https:\/\/gxp-training.com\/es\/#website"},"primaryImageOfPage":{"@id":"https:\/\/gxp-training.com\/es\/online-course\/productos-sanitarios\/#primaryimage"},"image":{"@id":"https:\/\/gxp-training.com\/es\/online-course\/productos-sanitarios\/#primaryimage"},"thumbnailUrl":"https:\/\/gxp-training.com\/wp-content\/uploads\/2023\/09\/medical-devices.png","datePublished":"2023-10-13T11:58:47+00:00","description":"Certificaci\u00f3n en Formaci\u00f3n sobre Productos Sanitarios para Profesionales que producen y distribuyen productos sanitarios. Nuestros Cursos est\u00e1n Acreditados por CPD y CEU.","breadcrumb":{"@id":"https:\/\/gxp-training.com\/es\/online-course\/productos-sanitarios\/#breadcrumb"},"inLanguage":"es","potentialAction":[{"@type":"ReadAction","target":["https:\/\/gxp-training.com\/es\/online-course\/productos-sanitarios\/"]}]},{"@type":"ImageObject","inLanguage":"es","@id":"https:\/\/gxp-training.com\/es\/online-course\/productos-sanitarios\/#primaryimage","url":"https:\/\/gxp-training.com\/wp-content\/uploads\/2023\/09\/medical-devices.png","contentUrl":"https:\/\/gxp-training.com\/wp-content\/uploads\/2023\/09\/medical-devices.png","width":900,"height":627},{"@type":"BreadcrumbList","@id":"https:\/\/gxp-training.com\/es\/online-course\/productos-sanitarios\/#breadcrumb","itemListElement":[{"@type":"ListItem","position":1,"name":"Inicio","item":"https:\/\/gxp-training.com\/es\/pagina-de-inicio\/"},{"@type":"ListItem","position":2,"name":"Productos","item":"https:\/\/gxp-training.com\/es\/shop\/"},{"@type":"ListItem","position":3,"name":"Productos Sanitarios"}]},{"@type":"WebSite","@id":"https:\/\/gxp-training.com\/es\/#website","url":"https:\/\/gxp-training.com\/es\/","name":"GxP Training : Certified Online Courses for Life Sciences","description":"Online Trainings and Certified Courses in Regulatory Compliance for Pharmaceutical Experts","publisher":{"@id":"https:\/\/gxp-training.com\/es\/#organization"},"potentialAction":[{"@type":"SearchAction","target":{"@type":"EntryPoint","urlTemplate":"https:\/\/gxp-training.com\/es\/?s={search_term_string}"},"query-input":{"@type":"PropertyValueSpecification","valueRequired":true,"valueName":"search_term_string"}}],"inLanguage":"es"},{"@type":"Organization","@id":"https:\/\/gxp-training.com\/es\/#organization","name":"GXP Training","url":"https:\/\/gxp-training.com\/es\/","logo":{"@type":"ImageObject","inLanguage":"es","@id":"https:\/\/gxp-training.com\/es\/#\/schema\/logo\/image\/","url":"https:\/\/gxp-training.com\/wp-content\/uploads\/2022\/05\/logo-resize.png","contentUrl":"https:\/\/gxp-training.com\/wp-content\/uploads\/2022\/05\/logo-resize.png","width":350,"height":100,"caption":"GXP Training"},"image":{"@id":"https:\/\/gxp-training.com\/es\/#\/schema\/logo\/image\/"}}]}},"_links":{"self":[{"href":"https:\/\/gxp-training.com\/es\/wp-json\/wp\/v2\/product\/57644","targetHints":{"allow":["GET"]}}],"collection":[{"href":"https:\/\/gxp-training.com\/es\/wp-json\/wp\/v2\/product"}],"about":[{"href":"https:\/\/gxp-training.com\/es\/wp-json\/wp\/v2\/types\/product"}],"wp:featuredmedia":[{"embeddable":true,"href":"https:\/\/gxp-training.com\/es\/wp-json\/wp\/v2\/media\/44518"}],"wp:attachment":[{"href":"https:\/\/gxp-training.com\/es\/wp-json\/wp\/v2\/media?parent=57644"}],"wp:term":[{"taxonomy":"product_brand","embeddable":true,"href":"https:\/\/gxp-training.com\/es\/wp-json\/wp\/v2\/product_brand?post=57644"},{"taxonomy":"product_cat","embeddable":true,"href":"https:\/\/gxp-training.com\/es\/wp-json\/wp\/v2\/product_cat?post=57644"},{"taxonomy":"product_tag","embeddable":true,"href":"https:\/\/gxp-training.com\/es\/wp-json\/wp\/v2\/product_tag?post=57644"}],"curies":[{"name":"wp","href":"https:\/\/api.w.org\/{rel}","templated":true}]}}