{"id":57639,"date":"2023-08-29T15:28:42","date_gmt":"2023-08-29T14:28:42","guid":{"rendered":"https:\/\/gxp-training.com\/online-course\/auditoria-gmp-interna-rol-del-auditor-gmp\/"},"modified":"2023-08-29T15:28:42","modified_gmt":"2023-08-29T13:28:42","slug":"auditoria-gmp-interna-rol-del-auditor-gmp","status":"publish","type":"product","link":"https:\/\/gxp-training.com\/es\/online-course\/auditoria-gmp-interna-rol-del-auditor-gmp\/","title":{"rendered":"Auditor\u00eda GMP Interna &#038; Rol del Auditor GMP"},"content":{"rendered":"<p>Eleve su experiencia en auditor\u00eda con nuestro curso completo sobre Auditor\u00edas GMP Internas y el Rol del Auditor GMP.<\/p>\n<p>Navegue con confianza por el complejo panorama de las regulaciones de la FDA y la EMA dominando el arte de las auditor\u00edas GMP internas. Este sistema crucial de revisi\u00f3n interna es la piedra angular de la calidad, la consistencia y la seguridad en el sector de las ciencias de la vida. <\/p>\n<p>Ya sea que forme parte de una organizaci\u00f3n de ciencias de la vida que se prepara para auditor\u00edas internas, o sea un auditor que busca optimizar las actividades de auditor\u00eda, este curso le proporciona las habilidades y conocimientos esenciales que necesita. Tome decisiones informadas, fomente la mejora continua y asegure el \u00e9xito de su organizaci\u00f3n en las inspecciones regulatorias. <\/p>\n<p>En este curso, ofrecemos una s\u00edntesis del tema a trav\u00e9s de una experiencia interactiva en l\u00ednea. Este material fue elaborado por un equipo de Expertos en Asuntos Regulatorios con una Cualificaci\u00f3n de la Northeastern University, Boston, pilotado por un Miembro Senior capaz de articular la teor\u00eda con la pr\u00e1ctica. <\/p>\n<p>&nbsp;<\/p>\n<h3>Plan de estudios:<\/h3>\n<p>&nbsp;<\/p>\n<p><strong>Lecci\u00f3n 1: Introducci\u00f3n a la Auditor\u00eda GMP<\/strong><\/p>\n<ul>\n<li>\u00bfQu\u00e9 es una auditor\u00eda GMP?<\/li>\n<li>\u00bfPor qu\u00e9 son importantes las auditor\u00edas?<\/li>\n<li>\u00bfQui\u00e9n es un auditor?<\/li>\n<li>Principios GMP para Auditores<\/li>\n<\/ul>\n<p>&nbsp;<\/p>\n<p><strong>Lecci\u00f3n 2: Proceso de Auditor\u00eda GMP<\/strong><\/p>\n<ul>\n<li>Paso 1: Planificaci\u00f3n<\/li>\n<li>Paso 2: Realizaci\u00f3n de la auditor\u00eda<\/li>\n<li>Paso 3: Creaci\u00f3n, Aprobaci\u00f3n y Distribuci\u00f3n del Informe de Auditor\u00eda<\/li>\n<li>Paso 4: Conclusi\u00f3n<\/li>\n<\/ul>\n<p>&nbsp;<\/p>\n<p><strong>Lecci\u00f3n 3: Enfoque Basado en Sistemas para la Auditor\u00eda Interna<\/strong><\/p>\n<p>&nbsp;<\/p>\n<p><strong>Lecci\u00f3n 4: Rol del Auditor GMP<\/strong><\/p>\n<ul>\n<li>\u00bfC\u00f3mo ser un auditor competente?<\/li>\n<\/ul>\n<p>&nbsp;<\/p>\n<p><strong>Conclusi\u00f3n<\/strong><\/p>\n<p>&nbsp;<\/p>\n<p><strong>Evaluaci\u00f3n<\/strong><\/p>\n","protected":false},"excerpt":{"rendered":"<p>Eleve su experiencia en auditor\u00eda con nuestro curso completo sobre Auditor\u00edas GMP Internas y el Rol del Auditor GMP. Navegue con confianza por el complejo panorama de las regulaciones de la FDA y la EMA dominando el arte de las auditor\u00edas GMP internas. Este sistema crucial de revisi\u00f3n interna es la piedra angular de la [&hellip;]<\/p>\n","protected":false},"featured_media":44260,"template":"","meta":{"_acf_changed":false,"content-type":""},"product_brand":[],"product_cat":[265,271,269],"product_tag":[],"class_list":{"0":"post-57639","1":"product","2":"type-product","3":"status-publish","4":"has-post-thumbnail","6":"product_cat-bpf-buenas-practicas-de-fabricacion","7":"product_cat-garantia-de-calidad","8":"product_cat-productos-farmaceuticos","10":"first","11":"instock","12":"taxable","13":"shipping-taxable","14":"purchasable","15":"product-type-subscription"},"bundled_by":[],"bundle_stock_status":"instock","bundle_stock_quantity":null,"bundle_virtual":false,"bundle_layout":"","bundle_add_to_cart_form_location":"","bundle_editable_in_cart":false,"bundle_sold_individually_context":"","bundle_item_grouping":"","bundle_min_size":"","bundle_max_size":"","bundle_price":[],"bundled_items":[],"bundle_sell_ids":[],"acf":[],"yoast_head":"<!-- This site is optimized with the Yoast SEO plugin v27.5 - https:\/\/yoast.com\/product\/yoast-seo-wordpress\/ -->\n<title>Curso Online Certificado de Auditor\u00eda GMP Interna &amp; Rol del Auditor GMP<\/title>\n<meta name=\"description\" content=\"Inscr\u00edbase ahora en nuestro Curso de Formaci\u00f3n en Auditor\u00eda GMP Interna. Aprenda sobre el Rol del Auditor GMP y obtenga la certificaci\u00f3n de los mejores expertos en GMP. Acreditado por CPD y CEU.\" \/>\n<meta name=\"robots\" content=\"index, follow, max-snippet:-1, max-image-preview:large, max-video-preview:-1\" \/>\n<link rel=\"canonical\" href=\"https:\/\/gxp-training.com\/es\/online-course\/auditoria-gmp-interna-rol-del-auditor-gmp\/\" \/>\n<meta property=\"og:locale\" content=\"es_ES\" \/>\n<meta property=\"og:type\" content=\"article\" \/>\n<meta property=\"og:title\" content=\"Curso Online Certificado de Auditor\u00eda GMP Interna &amp; Rol del Auditor GMP\" \/>\n<meta property=\"og:description\" content=\"Inscr\u00edbase ahora en nuestro Curso de Formaci\u00f3n en Auditor\u00eda GMP Interna. Aprenda sobre el Rol del Auditor GMP y obtenga la certificaci\u00f3n de los mejores expertos en GMP. Acreditado por CPD y CEU.\" \/>\n<meta property=\"og:url\" content=\"https:\/\/gxp-training.com\/es\/online-course\/auditoria-gmp-interna-rol-del-auditor-gmp\/\" \/>\n<meta property=\"og:site_name\" content=\"GxP Training : Certified Online Courses for Life Sciences\" \/>\n<meta property=\"og:image\" content=\"https:\/\/gxp-training.com\/wp-content\/uploads\/2023\/08\/gmp-audit-and-auditor-role.png\" \/>\n\t<meta property=\"og:image:width\" content=\"900\" \/>\n\t<meta property=\"og:image:height\" content=\"627\" \/>\n\t<meta property=\"og:image:type\" content=\"image\/png\" \/>\n<meta name=\"twitter:card\" content=\"summary_large_image\" \/>\n<meta name=\"twitter:label1\" content=\"Tiempo de lectura\" \/>\n\t<meta name=\"twitter:data1\" content=\"1 minuto\" \/>\n<script type=\"application\/ld+json\" class=\"yoast-schema-graph\">{\"@context\":\"https:\\\/\\\/schema.org\",\"@graph\":[{\"@type\":\"WebPage\",\"@id\":\"https:\\\/\\\/gxp-training.com\\\/es\\\/online-course\\\/auditoria-gmp-interna-rol-del-auditor-gmp\\\/\",\"url\":\"https:\\\/\\\/gxp-training.com\\\/es\\\/online-course\\\/auditoria-gmp-interna-rol-del-auditor-gmp\\\/\",\"name\":\"Curso Online Certificado de Auditor\u00eda GMP Interna & Rol del Auditor GMP\",\"isPartOf\":{\"@id\":\"https:\\\/\\\/gxp-training.com\\\/es\\\/#website\"},\"primaryImageOfPage\":{\"@id\":\"https:\\\/\\\/gxp-training.com\\\/es\\\/online-course\\\/auditoria-gmp-interna-rol-del-auditor-gmp\\\/#primaryimage\"},\"image\":{\"@id\":\"https:\\\/\\\/gxp-training.com\\\/es\\\/online-course\\\/auditoria-gmp-interna-rol-del-auditor-gmp\\\/#primaryimage\"},\"thumbnailUrl\":\"https:\\\/\\\/gxp-training.com\\\/wp-content\\\/uploads\\\/2023\\\/08\\\/gmp-audit-and-auditor-role.png\",\"datePublished\":\"2023-08-29T14:28:42+00:00\",\"description\":\"Inscr\u00edbase ahora en nuestro Curso de Formaci\u00f3n en Auditor\u00eda GMP Interna. Aprenda sobre el Rol del Auditor GMP y obtenga la certificaci\u00f3n de los mejores expertos en GMP. Acreditado por CPD y CEU.\",\"breadcrumb\":{\"@id\":\"https:\\\/\\\/gxp-training.com\\\/es\\\/online-course\\\/auditoria-gmp-interna-rol-del-auditor-gmp\\\/#breadcrumb\"},\"inLanguage\":\"es\",\"potentialAction\":[{\"@type\":\"ReadAction\",\"target\":[\"https:\\\/\\\/gxp-training.com\\\/es\\\/online-course\\\/auditoria-gmp-interna-rol-del-auditor-gmp\\\/\"]}]},{\"@type\":\"ImageObject\",\"inLanguage\":\"es\",\"@id\":\"https:\\\/\\\/gxp-training.com\\\/es\\\/online-course\\\/auditoria-gmp-interna-rol-del-auditor-gmp\\\/#primaryimage\",\"url\":\"https:\\\/\\\/gxp-training.com\\\/wp-content\\\/uploads\\\/2023\\\/08\\\/gmp-audit-and-auditor-role.png\",\"contentUrl\":\"https:\\\/\\\/gxp-training.com\\\/wp-content\\\/uploads\\\/2023\\\/08\\\/gmp-audit-and-auditor-role.png\",\"width\":900,\"height\":627},{\"@type\":\"BreadcrumbList\",\"@id\":\"https:\\\/\\\/gxp-training.com\\\/es\\\/online-course\\\/auditoria-gmp-interna-rol-del-auditor-gmp\\\/#breadcrumb\",\"itemListElement\":[{\"@type\":\"ListItem\",\"position\":1,\"name\":\"Inicio\",\"item\":\"https:\\\/\\\/gxp-training.com\\\/es\\\/pagina-de-inicio\\\/\"},{\"@type\":\"ListItem\",\"position\":2,\"name\":\"Productos\",\"item\":\"https:\\\/\\\/gxp-training.com\\\/es\\\/shop\\\/\"},{\"@type\":\"ListItem\",\"position\":3,\"name\":\"Auditor\u00eda GMP Interna &#038; Rol del Auditor GMP\"}]},{\"@type\":\"WebSite\",\"@id\":\"https:\\\/\\\/gxp-training.com\\\/es\\\/#website\",\"url\":\"https:\\\/\\\/gxp-training.com\\\/es\\\/\",\"name\":\"GxP Training : Certified Online Courses for Life Sciences\",\"description\":\"Online Trainings and Certified Courses in Regulatory Compliance for Pharmaceutical Experts\",\"publisher\":{\"@id\":\"https:\\\/\\\/gxp-training.com\\\/es\\\/#organization\"},\"potentialAction\":[{\"@type\":\"SearchAction\",\"target\":{\"@type\":\"EntryPoint\",\"urlTemplate\":\"https:\\\/\\\/gxp-training.com\\\/es\\\/?s={search_term_string}\"},\"query-input\":{\"@type\":\"PropertyValueSpecification\",\"valueRequired\":true,\"valueName\":\"search_term_string\"}}],\"inLanguage\":\"es\"},{\"@type\":\"Organization\",\"@id\":\"https:\\\/\\\/gxp-training.com\\\/es\\\/#organization\",\"name\":\"GXP Training\",\"url\":\"https:\\\/\\\/gxp-training.com\\\/es\\\/\",\"logo\":{\"@type\":\"ImageObject\",\"inLanguage\":\"es\",\"@id\":\"https:\\\/\\\/gxp-training.com\\\/es\\\/#\\\/schema\\\/logo\\\/image\\\/\",\"url\":\"https:\\\/\\\/gxp-training.com\\\/wp-content\\\/uploads\\\/2022\\\/05\\\/logo-resize.png\",\"contentUrl\":\"https:\\\/\\\/gxp-training.com\\\/wp-content\\\/uploads\\\/2022\\\/05\\\/logo-resize.png\",\"width\":350,\"height\":100,\"caption\":\"GXP Training\"},\"image\":{\"@id\":\"https:\\\/\\\/gxp-training.com\\\/es\\\/#\\\/schema\\\/logo\\\/image\\\/\"}}]}<\/script>\n<!-- \/ Yoast SEO plugin. -->","yoast_head_json":{"title":"Curso Online Certificado de Auditor\u00eda GMP Interna & Rol del Auditor GMP","description":"Inscr\u00edbase ahora en nuestro Curso de Formaci\u00f3n en Auditor\u00eda GMP Interna. Aprenda sobre el Rol del Auditor GMP y obtenga la certificaci\u00f3n de los mejores expertos en GMP. Acreditado por CPD y CEU.","robots":{"index":"index","follow":"follow","max-snippet":"max-snippet:-1","max-image-preview":"max-image-preview:large","max-video-preview":"max-video-preview:-1"},"canonical":"https:\/\/gxp-training.com\/es\/online-course\/auditoria-gmp-interna-rol-del-auditor-gmp\/","og_locale":"es_ES","og_type":"article","og_title":"Curso Online Certificado de Auditor\u00eda GMP Interna & Rol del Auditor GMP","og_description":"Inscr\u00edbase ahora en nuestro Curso de Formaci\u00f3n en Auditor\u00eda GMP Interna. Aprenda sobre el Rol del Auditor GMP y obtenga la certificaci\u00f3n de los mejores expertos en GMP. Acreditado por CPD y CEU.","og_url":"https:\/\/gxp-training.com\/es\/online-course\/auditoria-gmp-interna-rol-del-auditor-gmp\/","og_site_name":"GxP Training : Certified Online Courses for Life Sciences","og_image":[{"width":900,"height":627,"url":"https:\/\/gxp-training.com\/wp-content\/uploads\/2023\/08\/gmp-audit-and-auditor-role.png","type":"image\/png"}],"twitter_card":"summary_large_image","twitter_misc":{"Tiempo de lectura":"1 minuto"},"schema":{"@context":"https:\/\/schema.org","@graph":[{"@type":"WebPage","@id":"https:\/\/gxp-training.com\/es\/online-course\/auditoria-gmp-interna-rol-del-auditor-gmp\/","url":"https:\/\/gxp-training.com\/es\/online-course\/auditoria-gmp-interna-rol-del-auditor-gmp\/","name":"Curso Online Certificado de Auditor\u00eda GMP Interna & Rol del Auditor GMP","isPartOf":{"@id":"https:\/\/gxp-training.com\/es\/#website"},"primaryImageOfPage":{"@id":"https:\/\/gxp-training.com\/es\/online-course\/auditoria-gmp-interna-rol-del-auditor-gmp\/#primaryimage"},"image":{"@id":"https:\/\/gxp-training.com\/es\/online-course\/auditoria-gmp-interna-rol-del-auditor-gmp\/#primaryimage"},"thumbnailUrl":"https:\/\/gxp-training.com\/wp-content\/uploads\/2023\/08\/gmp-audit-and-auditor-role.png","datePublished":"2023-08-29T14:28:42+00:00","description":"Inscr\u00edbase ahora en nuestro Curso de Formaci\u00f3n en Auditor\u00eda GMP Interna. Aprenda sobre el Rol del Auditor GMP y obtenga la certificaci\u00f3n de los mejores expertos en GMP. Acreditado por CPD y CEU.","breadcrumb":{"@id":"https:\/\/gxp-training.com\/es\/online-course\/auditoria-gmp-interna-rol-del-auditor-gmp\/#breadcrumb"},"inLanguage":"es","potentialAction":[{"@type":"ReadAction","target":["https:\/\/gxp-training.com\/es\/online-course\/auditoria-gmp-interna-rol-del-auditor-gmp\/"]}]},{"@type":"ImageObject","inLanguage":"es","@id":"https:\/\/gxp-training.com\/es\/online-course\/auditoria-gmp-interna-rol-del-auditor-gmp\/#primaryimage","url":"https:\/\/gxp-training.com\/wp-content\/uploads\/2023\/08\/gmp-audit-and-auditor-role.png","contentUrl":"https:\/\/gxp-training.com\/wp-content\/uploads\/2023\/08\/gmp-audit-and-auditor-role.png","width":900,"height":627},{"@type":"BreadcrumbList","@id":"https:\/\/gxp-training.com\/es\/online-course\/auditoria-gmp-interna-rol-del-auditor-gmp\/#breadcrumb","itemListElement":[{"@type":"ListItem","position":1,"name":"Inicio","item":"https:\/\/gxp-training.com\/es\/pagina-de-inicio\/"},{"@type":"ListItem","position":2,"name":"Productos","item":"https:\/\/gxp-training.com\/es\/shop\/"},{"@type":"ListItem","position":3,"name":"Auditor\u00eda GMP Interna &#038; Rol del Auditor GMP"}]},{"@type":"WebSite","@id":"https:\/\/gxp-training.com\/es\/#website","url":"https:\/\/gxp-training.com\/es\/","name":"GxP Training : Certified Online Courses for Life Sciences","description":"Online Trainings and Certified Courses in Regulatory Compliance for Pharmaceutical Experts","publisher":{"@id":"https:\/\/gxp-training.com\/es\/#organization"},"potentialAction":[{"@type":"SearchAction","target":{"@type":"EntryPoint","urlTemplate":"https:\/\/gxp-training.com\/es\/?s={search_term_string}"},"query-input":{"@type":"PropertyValueSpecification","valueRequired":true,"valueName":"search_term_string"}}],"inLanguage":"es"},{"@type":"Organization","@id":"https:\/\/gxp-training.com\/es\/#organization","name":"GXP Training","url":"https:\/\/gxp-training.com\/es\/","logo":{"@type":"ImageObject","inLanguage":"es","@id":"https:\/\/gxp-training.com\/es\/#\/schema\/logo\/image\/","url":"https:\/\/gxp-training.com\/wp-content\/uploads\/2022\/05\/logo-resize.png","contentUrl":"https:\/\/gxp-training.com\/wp-content\/uploads\/2022\/05\/logo-resize.png","width":350,"height":100,"caption":"GXP Training"},"image":{"@id":"https:\/\/gxp-training.com\/es\/#\/schema\/logo\/image\/"}}]}},"_links":{"self":[{"href":"https:\/\/gxp-training.com\/es\/wp-json\/wp\/v2\/product\/57639","targetHints":{"allow":["GET"]}}],"collection":[{"href":"https:\/\/gxp-training.com\/es\/wp-json\/wp\/v2\/product"}],"about":[{"href":"https:\/\/gxp-training.com\/es\/wp-json\/wp\/v2\/types\/product"}],"wp:featuredmedia":[{"embeddable":true,"href":"https:\/\/gxp-training.com\/es\/wp-json\/wp\/v2\/media\/44260"}],"wp:attachment":[{"href":"https:\/\/gxp-training.com\/es\/wp-json\/wp\/v2\/media?parent=57639"}],"wp:term":[{"taxonomy":"product_brand","embeddable":true,"href":"https:\/\/gxp-training.com\/es\/wp-json\/wp\/v2\/product_brand?post=57639"},{"taxonomy":"product_cat","embeddable":true,"href":"https:\/\/gxp-training.com\/es\/wp-json\/wp\/v2\/product_cat?post=57639"},{"taxonomy":"product_tag","embeddable":true,"href":"https:\/\/gxp-training.com\/es\/wp-json\/wp\/v2\/product_tag?post=57639"}],"curies":[{"name":"wp","href":"https:\/\/api.w.org\/{rel}","templated":true}]}}