{"id":57632,"date":"2023-10-12T15:29:23","date_gmt":"2023-10-12T14:29:23","guid":{"rendered":"https:\/\/gxp-training.com\/online-course\/distribucion-gdp\/"},"modified":"2023-10-12T15:29:23","modified_gmt":"2023-10-12T13:29:23","slug":"distribucion-gdp","status":"publish","type":"product","link":"https:\/\/gxp-training.com\/es\/online-course\/distribucion-gdp\/","title":{"rendered":"Distribuci\u00f3n (GDP)"},"content":{"rendered":"<p>Sum\u00e9rjase en el mundo de las \u00abBuenas Pr\u00e1cticas de Distribuci\u00f3n\u00bb con nuestra Ruta de Aprendizaje, elaborada bajo la experiencia de Kuhman Rehman. Dise\u00f1ada para profesionales de la distribuci\u00f3n farmac\u00e9utica, equipos de almacenamiento y responsables de la gesti\u00f3n de proveedores de servicios, esta ruta garantiza que est\u00e9 al d\u00eda con las mejores pr\u00e1cticas del sector. <\/p>\n<p>Este programa cubre \u00e1reas esenciales como las mejores pr\u00e1cticas de almacenamiento, la manipulaci\u00f3n de muestras biol\u00f3gicas humanas y las complejidades de la gesti\u00f3n de proveedores de servicios. Bas\u00e1ndose en la amplia experiencia de Rehman, que incluye m\u00e1s de 150 auditor\u00edas de GDP y sistemas de calidad, cada curso proporciona una combinaci\u00f3n de teor\u00eda y aplicaciones pr\u00e1cticas. <\/p>\n<p>Cada m\u00f3dulo que complete proporciona un certificado, culminando en un certificado \u00fanico para toda la ruta al finalizarla. Adquiera las competencias necesarias para navegar por las complejidades de la distribuci\u00f3n de medicamentos, garantizando que los medicamentos lleguen de forma segura a su destino. <\/p>\n","protected":false},"excerpt":{"rendered":"<p>Sum\u00e9rjase en el mundo de las \u00abBuenas Pr\u00e1cticas de Distribuci\u00f3n\u00bb con nuestra Ruta de Aprendizaje, elaborada bajo la experiencia de Kuhman Rehman. Dise\u00f1ada para profesionales de la distribuci\u00f3n farmac\u00e9utica, equipos de almacenamiento y responsables de la gesti\u00f3n de proveedores de servicios, esta ruta garantiza que est\u00e9 al d\u00eda con las mejores pr\u00e1cticas del sector. Este [&hellip;]<\/p>\n","protected":false},"featured_media":44511,"template":"","meta":{"_acf_changed":false,"content-type":""},"product_brand":[],"product_cat":[285],"product_tag":[],"class_list":{"0":"post-57632","1":"product","2":"type-product","3":"status-publish","4":"has-post-thumbnail","6":"product_cat-itinerarios-formativos","8":"first","9":"instock","10":"taxable","11":"shipping-taxable","12":"purchasable","13":"product-type-subscription"},"bundled_by":[],"bundle_stock_status":"instock","bundle_stock_quantity":null,"bundle_virtual":false,"bundle_layout":"","bundle_add_to_cart_form_location":"","bundle_editable_in_cart":false,"bundle_sold_individually_context":"","bundle_item_grouping":"","bundle_min_size":"","bundle_max_size":"","bundle_price":[],"bundled_items":[],"bundle_sell_ids":[57241,43934,57203,57212],"acf":[],"yoast_head":"<!-- This site is optimized with the Yoast SEO plugin v27.5 - https:\/\/yoast.com\/product\/yoast-seo-wordpress\/ -->\n<title>Paquete de Formaci\u00f3n en Distribuci\u00f3n (GDP) dise\u00f1ado para las Industrias de Ciencias de la Vida y Alimentaria - Cursos Online Certificados<\/title>\n<meta name=\"description\" content=\"Obtenga la certificaci\u00f3n en Buenas Pr\u00e1cticas de Distribuci\u00f3n a trav\u00e9s de nuestra ruta de aprendizaje online. Cubre almacenamiento, manipulaci\u00f3n de muestras y gesti\u00f3n de proveedores de servicios. Cursus acreditado CPD \/ CEU.\" \/>\n<meta name=\"robots\" content=\"index, follow, max-snippet:-1, max-image-preview:large, max-video-preview:-1\" \/>\n<link rel=\"canonical\" href=\"https:\/\/gxp-training.com\/es\/online-course\/distribucion-gdp\/\" \/>\n<meta property=\"og:locale\" content=\"es_ES\" \/>\n<meta property=\"og:type\" content=\"article\" \/>\n<meta property=\"og:title\" content=\"Paquete de Formaci\u00f3n en Distribuci\u00f3n (GDP) dise\u00f1ado para las Industrias de Ciencias de la Vida y Alimentaria - Cursos Online Certificados\" \/>\n<meta property=\"og:description\" content=\"Obtenga la certificaci\u00f3n en Buenas Pr\u00e1cticas de Distribuci\u00f3n a trav\u00e9s de nuestra ruta de aprendizaje online. Cubre almacenamiento, manipulaci\u00f3n de muestras y gesti\u00f3n de proveedores de servicios. Cursus acreditado CPD \/ CEU.\" \/>\n<meta property=\"og:url\" content=\"https:\/\/gxp-training.com\/es\/online-course\/distribucion-gdp\/\" \/>\n<meta property=\"og:site_name\" content=\"GxP Training : Certified Online Courses for Life Sciences\" \/>\n<meta property=\"og:image\" content=\"https:\/\/gxp-training.com\/wp-content\/uploads\/2023\/09\/distribution.png\" \/>\n\t<meta property=\"og:image:width\" content=\"900\" \/>\n\t<meta property=\"og:image:height\" content=\"627\" \/>\n\t<meta property=\"og:image:type\" content=\"image\/png\" \/>\n<meta name=\"twitter:card\" content=\"summary_large_image\" \/>\n<meta name=\"twitter:label1\" content=\"Tiempo de lectura\" \/>\n\t<meta name=\"twitter:data1\" content=\"1 minuto\" \/>\n<script type=\"application\/ld+json\" class=\"yoast-schema-graph\">{\"@context\":\"https:\\\/\\\/schema.org\",\"@graph\":[{\"@type\":\"WebPage\",\"@id\":\"https:\\\/\\\/gxp-training.com\\\/es\\\/online-course\\\/distribucion-gdp\\\/\",\"url\":\"https:\\\/\\\/gxp-training.com\\\/es\\\/online-course\\\/distribucion-gdp\\\/\",\"name\":\"Paquete de Formaci\u00f3n en Distribuci\u00f3n (GDP) dise\u00f1ado para las Industrias de Ciencias de la Vida y Alimentaria - Cursos Online Certificados\",\"isPartOf\":{\"@id\":\"https:\\\/\\\/gxp-training.com\\\/es\\\/#website\"},\"primaryImageOfPage\":{\"@id\":\"https:\\\/\\\/gxp-training.com\\\/es\\\/online-course\\\/distribucion-gdp\\\/#primaryimage\"},\"image\":{\"@id\":\"https:\\\/\\\/gxp-training.com\\\/es\\\/online-course\\\/distribucion-gdp\\\/#primaryimage\"},\"thumbnailUrl\":\"https:\\\/\\\/gxp-training.com\\\/wp-content\\\/uploads\\\/2023\\\/09\\\/distribution.png\",\"datePublished\":\"2023-10-12T14:29:23+00:00\",\"description\":\"Obtenga la certificaci\u00f3n en Buenas Pr\u00e1cticas de Distribuci\u00f3n a trav\u00e9s de nuestra ruta de aprendizaje online. Cubre almacenamiento, manipulaci\u00f3n de muestras y gesti\u00f3n de proveedores de servicios. Cursus acreditado CPD \\\/ CEU.\",\"breadcrumb\":{\"@id\":\"https:\\\/\\\/gxp-training.com\\\/es\\\/online-course\\\/distribucion-gdp\\\/#breadcrumb\"},\"inLanguage\":\"es\",\"potentialAction\":[{\"@type\":\"ReadAction\",\"target\":[\"https:\\\/\\\/gxp-training.com\\\/es\\\/online-course\\\/distribucion-gdp\\\/\"]}]},{\"@type\":\"ImageObject\",\"inLanguage\":\"es\",\"@id\":\"https:\\\/\\\/gxp-training.com\\\/es\\\/online-course\\\/distribucion-gdp\\\/#primaryimage\",\"url\":\"https:\\\/\\\/gxp-training.com\\\/wp-content\\\/uploads\\\/2023\\\/09\\\/distribution.png\",\"contentUrl\":\"https:\\\/\\\/gxp-training.com\\\/wp-content\\\/uploads\\\/2023\\\/09\\\/distribution.png\",\"width\":900,\"height\":627},{\"@type\":\"BreadcrumbList\",\"@id\":\"https:\\\/\\\/gxp-training.com\\\/es\\\/online-course\\\/distribucion-gdp\\\/#breadcrumb\",\"itemListElement\":[{\"@type\":\"ListItem\",\"position\":1,\"name\":\"Inicio\",\"item\":\"https:\\\/\\\/gxp-training.com\\\/es\\\/pagina-de-inicio\\\/\"},{\"@type\":\"ListItem\",\"position\":2,\"name\":\"Productos\",\"item\":\"https:\\\/\\\/gxp-training.com\\\/es\\\/shop\\\/\"},{\"@type\":\"ListItem\",\"position\":3,\"name\":\"Distribuci\u00f3n (GDP)\"}]},{\"@type\":\"WebSite\",\"@id\":\"https:\\\/\\\/gxp-training.com\\\/es\\\/#website\",\"url\":\"https:\\\/\\\/gxp-training.com\\\/es\\\/\",\"name\":\"GxP Training : Certified Online Courses for Life Sciences\",\"description\":\"Online Trainings and Certified Courses in Regulatory Compliance for Pharmaceutical Experts\",\"publisher\":{\"@id\":\"https:\\\/\\\/gxp-training.com\\\/es\\\/#organization\"},\"potentialAction\":[{\"@type\":\"SearchAction\",\"target\":{\"@type\":\"EntryPoint\",\"urlTemplate\":\"https:\\\/\\\/gxp-training.com\\\/es\\\/?s={search_term_string}\"},\"query-input\":{\"@type\":\"PropertyValueSpecification\",\"valueRequired\":true,\"valueName\":\"search_term_string\"}}],\"inLanguage\":\"es\"},{\"@type\":\"Organization\",\"@id\":\"https:\\\/\\\/gxp-training.com\\\/es\\\/#organization\",\"name\":\"GXP Training\",\"url\":\"https:\\\/\\\/gxp-training.com\\\/es\\\/\",\"logo\":{\"@type\":\"ImageObject\",\"inLanguage\":\"es\",\"@id\":\"https:\\\/\\\/gxp-training.com\\\/es\\\/#\\\/schema\\\/logo\\\/image\\\/\",\"url\":\"https:\\\/\\\/gxp-training.com\\\/wp-content\\\/uploads\\\/2022\\\/05\\\/logo-resize.png\",\"contentUrl\":\"https:\\\/\\\/gxp-training.com\\\/wp-content\\\/uploads\\\/2022\\\/05\\\/logo-resize.png\",\"width\":350,\"height\":100,\"caption\":\"GXP Training\"},\"image\":{\"@id\":\"https:\\\/\\\/gxp-training.com\\\/es\\\/#\\\/schema\\\/logo\\\/image\\\/\"}}]}<\/script>\n<!-- \/ Yoast SEO plugin. -->","yoast_head_json":{"title":"Paquete de Formaci\u00f3n en Distribuci\u00f3n (GDP) dise\u00f1ado para las Industrias de Ciencias de la Vida y Alimentaria - Cursos Online Certificados","description":"Obtenga la certificaci\u00f3n en Buenas Pr\u00e1cticas de Distribuci\u00f3n a trav\u00e9s de nuestra ruta de aprendizaje online. Cubre almacenamiento, manipulaci\u00f3n de muestras y gesti\u00f3n de proveedores de servicios. Cursus acreditado CPD \/ CEU.","robots":{"index":"index","follow":"follow","max-snippet":"max-snippet:-1","max-image-preview":"max-image-preview:large","max-video-preview":"max-video-preview:-1"},"canonical":"https:\/\/gxp-training.com\/es\/online-course\/distribucion-gdp\/","og_locale":"es_ES","og_type":"article","og_title":"Paquete de Formaci\u00f3n en Distribuci\u00f3n (GDP) dise\u00f1ado para las Industrias de Ciencias de la Vida y Alimentaria - Cursos Online Certificados","og_description":"Obtenga la certificaci\u00f3n en Buenas Pr\u00e1cticas de Distribuci\u00f3n a trav\u00e9s de nuestra ruta de aprendizaje online. Cubre almacenamiento, manipulaci\u00f3n de muestras y gesti\u00f3n de proveedores de servicios. Cursus acreditado CPD \/ CEU.","og_url":"https:\/\/gxp-training.com\/es\/online-course\/distribucion-gdp\/","og_site_name":"GxP Training : Certified Online Courses for Life Sciences","og_image":[{"width":900,"height":627,"url":"https:\/\/gxp-training.com\/wp-content\/uploads\/2023\/09\/distribution.png","type":"image\/png"}],"twitter_card":"summary_large_image","twitter_misc":{"Tiempo de lectura":"1 minuto"},"schema":{"@context":"https:\/\/schema.org","@graph":[{"@type":"WebPage","@id":"https:\/\/gxp-training.com\/es\/online-course\/distribucion-gdp\/","url":"https:\/\/gxp-training.com\/es\/online-course\/distribucion-gdp\/","name":"Paquete de Formaci\u00f3n en Distribuci\u00f3n (GDP) dise\u00f1ado para las Industrias de Ciencias de la Vida y Alimentaria - Cursos Online Certificados","isPartOf":{"@id":"https:\/\/gxp-training.com\/es\/#website"},"primaryImageOfPage":{"@id":"https:\/\/gxp-training.com\/es\/online-course\/distribucion-gdp\/#primaryimage"},"image":{"@id":"https:\/\/gxp-training.com\/es\/online-course\/distribucion-gdp\/#primaryimage"},"thumbnailUrl":"https:\/\/gxp-training.com\/wp-content\/uploads\/2023\/09\/distribution.png","datePublished":"2023-10-12T14:29:23+00:00","description":"Obtenga la certificaci\u00f3n en Buenas Pr\u00e1cticas de Distribuci\u00f3n a trav\u00e9s de nuestra ruta de aprendizaje online. Cubre almacenamiento, manipulaci\u00f3n de muestras y gesti\u00f3n de proveedores de servicios. Cursus acreditado CPD \/ CEU.","breadcrumb":{"@id":"https:\/\/gxp-training.com\/es\/online-course\/distribucion-gdp\/#breadcrumb"},"inLanguage":"es","potentialAction":[{"@type":"ReadAction","target":["https:\/\/gxp-training.com\/es\/online-course\/distribucion-gdp\/"]}]},{"@type":"ImageObject","inLanguage":"es","@id":"https:\/\/gxp-training.com\/es\/online-course\/distribucion-gdp\/#primaryimage","url":"https:\/\/gxp-training.com\/wp-content\/uploads\/2023\/09\/distribution.png","contentUrl":"https:\/\/gxp-training.com\/wp-content\/uploads\/2023\/09\/distribution.png","width":900,"height":627},{"@type":"BreadcrumbList","@id":"https:\/\/gxp-training.com\/es\/online-course\/distribucion-gdp\/#breadcrumb","itemListElement":[{"@type":"ListItem","position":1,"name":"Inicio","item":"https:\/\/gxp-training.com\/es\/pagina-de-inicio\/"},{"@type":"ListItem","position":2,"name":"Productos","item":"https:\/\/gxp-training.com\/es\/shop\/"},{"@type":"ListItem","position":3,"name":"Distribuci\u00f3n (GDP)"}]},{"@type":"WebSite","@id":"https:\/\/gxp-training.com\/es\/#website","url":"https:\/\/gxp-training.com\/es\/","name":"GxP Training : Certified Online Courses for Life Sciences","description":"Online Trainings and Certified Courses in Regulatory Compliance for Pharmaceutical Experts","publisher":{"@id":"https:\/\/gxp-training.com\/es\/#organization"},"potentialAction":[{"@type":"SearchAction","target":{"@type":"EntryPoint","urlTemplate":"https:\/\/gxp-training.com\/es\/?s={search_term_string}"},"query-input":{"@type":"PropertyValueSpecification","valueRequired":true,"valueName":"search_term_string"}}],"inLanguage":"es"},{"@type":"Organization","@id":"https:\/\/gxp-training.com\/es\/#organization","name":"GXP Training","url":"https:\/\/gxp-training.com\/es\/","logo":{"@type":"ImageObject","inLanguage":"es","@id":"https:\/\/gxp-training.com\/es\/#\/schema\/logo\/image\/","url":"https:\/\/gxp-training.com\/wp-content\/uploads\/2022\/05\/logo-resize.png","contentUrl":"https:\/\/gxp-training.com\/wp-content\/uploads\/2022\/05\/logo-resize.png","width":350,"height":100,"caption":"GXP Training"},"image":{"@id":"https:\/\/gxp-training.com\/es\/#\/schema\/logo\/image\/"}}]}},"_links":{"self":[{"href":"https:\/\/gxp-training.com\/es\/wp-json\/wp\/v2\/product\/57632","targetHints":{"allow":["GET"]}}],"collection":[{"href":"https:\/\/gxp-training.com\/es\/wp-json\/wp\/v2\/product"}],"about":[{"href":"https:\/\/gxp-training.com\/es\/wp-json\/wp\/v2\/types\/product"}],"wp:featuredmedia":[{"embeddable":true,"href":"https:\/\/gxp-training.com\/es\/wp-json\/wp\/v2\/media\/44511"}],"wp:attachment":[{"href":"https:\/\/gxp-training.com\/es\/wp-json\/wp\/v2\/media?parent=57632"}],"wp:term":[{"taxonomy":"product_brand","embeddable":true,"href":"https:\/\/gxp-training.com\/es\/wp-json\/wp\/v2\/product_brand?post=57632"},{"taxonomy":"product_cat","embeddable":true,"href":"https:\/\/gxp-training.com\/es\/wp-json\/wp\/v2\/product_cat?post=57632"},{"taxonomy":"product_tag","embeddable":true,"href":"https:\/\/gxp-training.com\/es\/wp-json\/wp\/v2\/product_tag?post=57632"}],"curies":[{"name":"wp","href":"https:\/\/api.w.org\/{rel}","templated":true}]}}