{"id":57613,"date":"2023-09-18T14:50:49","date_gmt":"2023-09-18T13:50:49","guid":{"rendered":"https:\/\/gxp-training.com\/online-course\/haccp-sistema-de-analisis-de-peligros-y-puntos-de-control-critico\/"},"modified":"2023-09-18T14:50:49","modified_gmt":"2023-09-18T12:50:49","slug":"haccp-sistema-de-analisis-de-peligros-y-puntos-de-control-critico","status":"publish","type":"product","link":"https:\/\/gxp-training.com\/es\/online-course\/haccp-sistema-de-analisis-de-peligros-y-puntos-de-control-critico\/","title":{"rendered":"HACCP: Sistema de An\u00e1lisis de Peligros y Puntos de Control Cr\u00edtico"},"content":{"rendered":"<p>El An\u00e1lisis de Peligros y Puntos de Control Cr\u00edtico (HACCP) no es solo otro acr\u00f3nimo en la industria alimentaria: es un pilar de cualquier sistema moderno de gesti\u00f3n de la seguridad alimentaria. Desarrollado como un protocolo basado en la ciencia, el HACCP est\u00e1 dise\u00f1ado para identificar, evaluar y controlar los peligros a lo largo de toda la cadena de producci\u00f3n y procesamiento de alimentos. Su objetivo final es prevenir las enfermedades transmitidas por los alimentos y garantizar la entrega de alimentos seguros y de alta calidad a los consumidores.  <\/p>\n<p>En este curso, ofrecemos una s\u00edntesis del tema a trav\u00e9s de una experiencia online interactiva. Este material ha sido elaborado por un equipo de expertos en Asuntos Regulatorios con una titulaci\u00f3n de Northeastern University, Boston, y pilotado por un miembro s\u00e9nior capaz de articular la teor\u00eda con la pr\u00e1ctica. <\/p>\n<h3>Programa:<\/h3>\n<p>&nbsp;<\/p>\n<p>&nbsp;<\/p>\n<p><strong>Introducci\u00f3n<\/strong><\/p>\n<p>&nbsp;<\/p>\n<p><strong>Lecci\u00f3n 1: Peligros para la seguridad alimentaria<\/strong><\/p>\n<p>&nbsp;<\/p>\n<p><strong>Lecci\u00f3n 2: Integridad del HACCP con programas de calidad y seguridad alimentaria<\/strong><\/p>\n<p>&nbsp;<\/p>\n<p><strong>Lecci\u00f3n 3<\/strong>: <strong>Comprender las responsabilidades legales de las partes interesadas<\/strong><\/p>\n<p>&nbsp;<\/p>\n<p><strong>Lecci\u00f3n 4<\/strong>: <strong>C\u00f3mo elaborar un plan HACCP<\/strong><\/p>\n<p>&nbsp;<\/p>\n<p><strong>Lecci\u00f3n 5<\/strong>: <b>C\u00f3mo mantener el HACCP<\/b><\/p>\n<p>&nbsp;<\/p>\n<p><strong>Conclusi\u00f3n<\/strong><\/p>\n<p>&nbsp;<\/p>\n<p><strong>Glosario<\/strong><\/p>\n<p>&nbsp;<\/p>\n<p><strong>Evaluaci\u00f3n<\/strong><\/p>\n","protected":false},"excerpt":{"rendered":"<p>El An\u00e1lisis de Peligros y Puntos de Control Cr\u00edtico (HACCP) no es solo otro acr\u00f3nimo en la industria alimentaria: es un pilar de cualquier sistema moderno de gesti\u00f3n de la seguridad alimentaria. Desarrollado como un protocolo basado en la ciencia, el HACCP est\u00e1 dise\u00f1ado para identificar, evaluar y controlar los peligros a lo largo de [&hellip;]<\/p>\n","protected":false},"featured_media":44420,"template":"","meta":{"_acf_changed":false,"content-type":""},"product_brand":[],"product_cat":[282,265,271,273],"product_tag":[],"class_list":{"0":"post-57613","1":"product","2":"type-product","3":"status-publish","4":"has-post-thumbnail","6":"product_cat-alimentacion-y-nutricion","7":"product_cat-bpf-buenas-practicas-de-fabricacion","8":"product_cat-garantia-de-calidad","9":"product_cat-intersectorial","11":"first","12":"instock","13":"taxable","14":"shipping-taxable","15":"purchasable","16":"product-type-subscription"},"bundled_by":[],"bundle_stock_status":"instock","bundle_stock_quantity":null,"bundle_virtual":false,"bundle_layout":"","bundle_add_to_cart_form_location":"","bundle_editable_in_cart":false,"bundle_sold_individually_context":"","bundle_item_grouping":"","bundle_min_size":"","bundle_max_size":"","bundle_price":[],"bundled_items":[],"bundle_sell_ids":[],"acf":[],"yoast_head":"<!-- This site is optimized with the Yoast SEO plugin v27.5 - https:\/\/yoast.com\/product\/yoast-seo-wordpress\/ -->\n<title>Curso online y certificaci\u00f3n HACCP<\/title>\n<meta name=\"description\" content=\"Formaci\u00f3n online en HACCP. Obtenga su certificaci\u00f3n ahora. Acreditado CPD\/CEU. Cursos online de ciencias de la vida para profesionales que trabajan en la gesti\u00f3n de la seguridad alimentaria.\" \/>\n<meta name=\"robots\" content=\"index, follow, max-snippet:-1, max-image-preview:large, max-video-preview:-1\" \/>\n<link rel=\"canonical\" href=\"https:\/\/gxp-training.com\/es\/online-course\/haccp-sistema-de-analisis-de-peligros-y-puntos-de-control-critico\/\" \/>\n<meta property=\"og:locale\" content=\"es_ES\" \/>\n<meta property=\"og:type\" content=\"article\" \/>\n<meta property=\"og:title\" content=\"Curso online y certificaci\u00f3n HACCP\" \/>\n<meta property=\"og:description\" content=\"Formaci\u00f3n online en HACCP. Obtenga su certificaci\u00f3n ahora. Acreditado CPD\/CEU. Cursos online de ciencias de la vida para profesionales que trabajan en la gesti\u00f3n de la seguridad alimentaria.\" \/>\n<meta property=\"og:url\" content=\"https:\/\/gxp-training.com\/es\/online-course\/haccp-sistema-de-analisis-de-peligros-y-puntos-de-control-critico\/\" \/>\n<meta property=\"og:site_name\" content=\"GxP Training : Certified Online Courses for Life Sciences\" \/>\n<meta property=\"og:image\" content=\"https:\/\/gxp-training.com\/wp-content\/uploads\/2023\/09\/HACCP-Hazard-Analysis-and-Critical-Control-Point-System-1.png\" \/>\n\t<meta property=\"og:image:width\" content=\"900\" \/>\n\t<meta property=\"og:image:height\" content=\"627\" \/>\n\t<meta property=\"og:image:type\" content=\"image\/png\" \/>\n<meta name=\"twitter:card\" content=\"summary_large_image\" \/>\n<meta name=\"twitter:label1\" content=\"Tiempo de lectura\" \/>\n\t<meta name=\"twitter:data1\" content=\"1 minuto\" \/>\n<script type=\"application\/ld+json\" class=\"yoast-schema-graph\">{\"@context\":\"https:\\\/\\\/schema.org\",\"@graph\":[{\"@type\":\"WebPage\",\"@id\":\"https:\\\/\\\/gxp-training.com\\\/es\\\/online-course\\\/haccp-sistema-de-analisis-de-peligros-y-puntos-de-control-critico\\\/\",\"url\":\"https:\\\/\\\/gxp-training.com\\\/es\\\/online-course\\\/haccp-sistema-de-analisis-de-peligros-y-puntos-de-control-critico\\\/\",\"name\":\"Curso online y certificaci\u00f3n HACCP\",\"isPartOf\":{\"@id\":\"https:\\\/\\\/gxp-training.com\\\/es\\\/#website\"},\"primaryImageOfPage\":{\"@id\":\"https:\\\/\\\/gxp-training.com\\\/es\\\/online-course\\\/haccp-sistema-de-analisis-de-peligros-y-puntos-de-control-critico\\\/#primaryimage\"},\"image\":{\"@id\":\"https:\\\/\\\/gxp-training.com\\\/es\\\/online-course\\\/haccp-sistema-de-analisis-de-peligros-y-puntos-de-control-critico\\\/#primaryimage\"},\"thumbnailUrl\":\"https:\\\/\\\/gxp-training.com\\\/wp-content\\\/uploads\\\/2023\\\/09\\\/HACCP-Hazard-Analysis-and-Critical-Control-Point-System-1.png\",\"datePublished\":\"2023-09-18T13:50:49+00:00\",\"description\":\"Formaci\u00f3n online en HACCP. Obtenga su certificaci\u00f3n ahora. Acreditado CPD\\\/CEU. Cursos online de ciencias de la vida para profesionales que trabajan en la gesti\u00f3n de la seguridad alimentaria.\",\"breadcrumb\":{\"@id\":\"https:\\\/\\\/gxp-training.com\\\/es\\\/online-course\\\/haccp-sistema-de-analisis-de-peligros-y-puntos-de-control-critico\\\/#breadcrumb\"},\"inLanguage\":\"es\",\"potentialAction\":[{\"@type\":\"ReadAction\",\"target\":[\"https:\\\/\\\/gxp-training.com\\\/es\\\/online-course\\\/haccp-sistema-de-analisis-de-peligros-y-puntos-de-control-critico\\\/\"]}]},{\"@type\":\"ImageObject\",\"inLanguage\":\"es\",\"@id\":\"https:\\\/\\\/gxp-training.com\\\/es\\\/online-course\\\/haccp-sistema-de-analisis-de-peligros-y-puntos-de-control-critico\\\/#primaryimage\",\"url\":\"https:\\\/\\\/gxp-training.com\\\/wp-content\\\/uploads\\\/2023\\\/09\\\/HACCP-Hazard-Analysis-and-Critical-Control-Point-System-1.png\",\"contentUrl\":\"https:\\\/\\\/gxp-training.com\\\/wp-content\\\/uploads\\\/2023\\\/09\\\/HACCP-Hazard-Analysis-and-Critical-Control-Point-System-1.png\",\"width\":900,\"height\":627},{\"@type\":\"BreadcrumbList\",\"@id\":\"https:\\\/\\\/gxp-training.com\\\/es\\\/online-course\\\/haccp-sistema-de-analisis-de-peligros-y-puntos-de-control-critico\\\/#breadcrumb\",\"itemListElement\":[{\"@type\":\"ListItem\",\"position\":1,\"name\":\"Inicio\",\"item\":\"https:\\\/\\\/gxp-training.com\\\/es\\\/pagina-de-inicio\\\/\"},{\"@type\":\"ListItem\",\"position\":2,\"name\":\"Productos\",\"item\":\"https:\\\/\\\/gxp-training.com\\\/es\\\/shop\\\/\"},{\"@type\":\"ListItem\",\"position\":3,\"name\":\"HACCP: Sistema de An\u00e1lisis de Peligros y Puntos de Control Cr\u00edtico\"}]},{\"@type\":\"WebSite\",\"@id\":\"https:\\\/\\\/gxp-training.com\\\/es\\\/#website\",\"url\":\"https:\\\/\\\/gxp-training.com\\\/es\\\/\",\"name\":\"GxP Training : Certified Online Courses for Life Sciences\",\"description\":\"Online Trainings and Certified Courses in Regulatory Compliance for Pharmaceutical Experts\",\"publisher\":{\"@id\":\"https:\\\/\\\/gxp-training.com\\\/es\\\/#organization\"},\"potentialAction\":[{\"@type\":\"SearchAction\",\"target\":{\"@type\":\"EntryPoint\",\"urlTemplate\":\"https:\\\/\\\/gxp-training.com\\\/es\\\/?s={search_term_string}\"},\"query-input\":{\"@type\":\"PropertyValueSpecification\",\"valueRequired\":true,\"valueName\":\"search_term_string\"}}],\"inLanguage\":\"es\"},{\"@type\":\"Organization\",\"@id\":\"https:\\\/\\\/gxp-training.com\\\/es\\\/#organization\",\"name\":\"GXP Training\",\"url\":\"https:\\\/\\\/gxp-training.com\\\/es\\\/\",\"logo\":{\"@type\":\"ImageObject\",\"inLanguage\":\"es\",\"@id\":\"https:\\\/\\\/gxp-training.com\\\/es\\\/#\\\/schema\\\/logo\\\/image\\\/\",\"url\":\"https:\\\/\\\/gxp-training.com\\\/wp-content\\\/uploads\\\/2022\\\/05\\\/logo-resize.png\",\"contentUrl\":\"https:\\\/\\\/gxp-training.com\\\/wp-content\\\/uploads\\\/2022\\\/05\\\/logo-resize.png\",\"width\":350,\"height\":100,\"caption\":\"GXP Training\"},\"image\":{\"@id\":\"https:\\\/\\\/gxp-training.com\\\/es\\\/#\\\/schema\\\/logo\\\/image\\\/\"}}]}<\/script>\n<!-- \/ Yoast SEO plugin. -->","yoast_head_json":{"title":"Curso online y certificaci\u00f3n HACCP","description":"Formaci\u00f3n online en HACCP. Obtenga su certificaci\u00f3n ahora. Acreditado CPD\/CEU. Cursos online de ciencias de la vida para profesionales que trabajan en la gesti\u00f3n de la seguridad alimentaria.","robots":{"index":"index","follow":"follow","max-snippet":"max-snippet:-1","max-image-preview":"max-image-preview:large","max-video-preview":"max-video-preview:-1"},"canonical":"https:\/\/gxp-training.com\/es\/online-course\/haccp-sistema-de-analisis-de-peligros-y-puntos-de-control-critico\/","og_locale":"es_ES","og_type":"article","og_title":"Curso online y certificaci\u00f3n HACCP","og_description":"Formaci\u00f3n online en HACCP. Obtenga su certificaci\u00f3n ahora. Acreditado CPD\/CEU. Cursos online de ciencias de la vida para profesionales que trabajan en la gesti\u00f3n de la seguridad alimentaria.","og_url":"https:\/\/gxp-training.com\/es\/online-course\/haccp-sistema-de-analisis-de-peligros-y-puntos-de-control-critico\/","og_site_name":"GxP Training : Certified Online Courses for Life Sciences","og_image":[{"width":900,"height":627,"url":"https:\/\/gxp-training.com\/wp-content\/uploads\/2023\/09\/HACCP-Hazard-Analysis-and-Critical-Control-Point-System-1.png","type":"image\/png"}],"twitter_card":"summary_large_image","twitter_misc":{"Tiempo de lectura":"1 minuto"},"schema":{"@context":"https:\/\/schema.org","@graph":[{"@type":"WebPage","@id":"https:\/\/gxp-training.com\/es\/online-course\/haccp-sistema-de-analisis-de-peligros-y-puntos-de-control-critico\/","url":"https:\/\/gxp-training.com\/es\/online-course\/haccp-sistema-de-analisis-de-peligros-y-puntos-de-control-critico\/","name":"Curso online y certificaci\u00f3n HACCP","isPartOf":{"@id":"https:\/\/gxp-training.com\/es\/#website"},"primaryImageOfPage":{"@id":"https:\/\/gxp-training.com\/es\/online-course\/haccp-sistema-de-analisis-de-peligros-y-puntos-de-control-critico\/#primaryimage"},"image":{"@id":"https:\/\/gxp-training.com\/es\/online-course\/haccp-sistema-de-analisis-de-peligros-y-puntos-de-control-critico\/#primaryimage"},"thumbnailUrl":"https:\/\/gxp-training.com\/wp-content\/uploads\/2023\/09\/HACCP-Hazard-Analysis-and-Critical-Control-Point-System-1.png","datePublished":"2023-09-18T13:50:49+00:00","description":"Formaci\u00f3n online en HACCP. Obtenga su certificaci\u00f3n ahora. Acreditado CPD\/CEU. Cursos online de ciencias de la vida para profesionales que trabajan en la gesti\u00f3n de la seguridad alimentaria.","breadcrumb":{"@id":"https:\/\/gxp-training.com\/es\/online-course\/haccp-sistema-de-analisis-de-peligros-y-puntos-de-control-critico\/#breadcrumb"},"inLanguage":"es","potentialAction":[{"@type":"ReadAction","target":["https:\/\/gxp-training.com\/es\/online-course\/haccp-sistema-de-analisis-de-peligros-y-puntos-de-control-critico\/"]}]},{"@type":"ImageObject","inLanguage":"es","@id":"https:\/\/gxp-training.com\/es\/online-course\/haccp-sistema-de-analisis-de-peligros-y-puntos-de-control-critico\/#primaryimage","url":"https:\/\/gxp-training.com\/wp-content\/uploads\/2023\/09\/HACCP-Hazard-Analysis-and-Critical-Control-Point-System-1.png","contentUrl":"https:\/\/gxp-training.com\/wp-content\/uploads\/2023\/09\/HACCP-Hazard-Analysis-and-Critical-Control-Point-System-1.png","width":900,"height":627},{"@type":"BreadcrumbList","@id":"https:\/\/gxp-training.com\/es\/online-course\/haccp-sistema-de-analisis-de-peligros-y-puntos-de-control-critico\/#breadcrumb","itemListElement":[{"@type":"ListItem","position":1,"name":"Inicio","item":"https:\/\/gxp-training.com\/es\/pagina-de-inicio\/"},{"@type":"ListItem","position":2,"name":"Productos","item":"https:\/\/gxp-training.com\/es\/shop\/"},{"@type":"ListItem","position":3,"name":"HACCP: Sistema de An\u00e1lisis de Peligros y Puntos de Control Cr\u00edtico"}]},{"@type":"WebSite","@id":"https:\/\/gxp-training.com\/es\/#website","url":"https:\/\/gxp-training.com\/es\/","name":"GxP Training : Certified Online Courses for Life Sciences","description":"Online Trainings and Certified Courses in Regulatory Compliance for Pharmaceutical Experts","publisher":{"@id":"https:\/\/gxp-training.com\/es\/#organization"},"potentialAction":[{"@type":"SearchAction","target":{"@type":"EntryPoint","urlTemplate":"https:\/\/gxp-training.com\/es\/?s={search_term_string}"},"query-input":{"@type":"PropertyValueSpecification","valueRequired":true,"valueName":"search_term_string"}}],"inLanguage":"es"},{"@type":"Organization","@id":"https:\/\/gxp-training.com\/es\/#organization","name":"GXP Training","url":"https:\/\/gxp-training.com\/es\/","logo":{"@type":"ImageObject","inLanguage":"es","@id":"https:\/\/gxp-training.com\/es\/#\/schema\/logo\/image\/","url":"https:\/\/gxp-training.com\/wp-content\/uploads\/2022\/05\/logo-resize.png","contentUrl":"https:\/\/gxp-training.com\/wp-content\/uploads\/2022\/05\/logo-resize.png","width":350,"height":100,"caption":"GXP Training"},"image":{"@id":"https:\/\/gxp-training.com\/es\/#\/schema\/logo\/image\/"}}]}},"_links":{"self":[{"href":"https:\/\/gxp-training.com\/es\/wp-json\/wp\/v2\/product\/57613","targetHints":{"allow":["GET"]}}],"collection":[{"href":"https:\/\/gxp-training.com\/es\/wp-json\/wp\/v2\/product"}],"about":[{"href":"https:\/\/gxp-training.com\/es\/wp-json\/wp\/v2\/types\/product"}],"wp:featuredmedia":[{"embeddable":true,"href":"https:\/\/gxp-training.com\/es\/wp-json\/wp\/v2\/media\/44420"}],"wp:attachment":[{"href":"https:\/\/gxp-training.com\/es\/wp-json\/wp\/v2\/media?parent=57613"}],"wp:term":[{"taxonomy":"product_brand","embeddable":true,"href":"https:\/\/gxp-training.com\/es\/wp-json\/wp\/v2\/product_brand?post=57613"},{"taxonomy":"product_cat","embeddable":true,"href":"https:\/\/gxp-training.com\/es\/wp-json\/wp\/v2\/product_cat?post=57613"},{"taxonomy":"product_tag","embeddable":true,"href":"https:\/\/gxp-training.com\/es\/wp-json\/wp\/v2\/product_tag?post=57613"}],"curies":[{"name":"wp","href":"https:\/\/api.w.org\/{rel}","templated":true}]}}