{"id":57594,"date":"2023-10-31T07:55:23","date_gmt":"2023-10-31T07:55:23","guid":{"rendered":"https:\/\/gxp-training.com\/online-course\/cfr-partes-210-y-211-cgmp-para-productos-farmaceuticos-terminados\/"},"modified":"2023-10-31T07:55:23","modified_gmt":"2023-10-31T06:55:23","slug":"cfr-partes-210-y-211-cgmp-para-productos-farmaceuticos-terminados","status":"publish","type":"product","link":"https:\/\/gxp-training.com\/es\/online-course\/cfr-partes-210-y-211-cgmp-para-productos-farmaceuticos-terminados\/","title":{"rendered":"CFR Partes 210 y 211: cGMP para productos farmac\u00e9uticos terminados"},"content":{"rendered":"<p>Profundice en los matices de la normativa de fabricaci\u00f3n farmac\u00e9utica con este curso certificado de eLearning, centrado en las CFR 210 y 211 de la FDA. Comprenda las distinciones entre estas normativas, ya que detallan diversos aspectos del <a href=\"https:\/\/gxp-training.com\/es\/online-course\/introduccion-a-las-buenas-practicas-de-fabricacion-bpf\/\">proceso de fabricaci\u00f3n farmac\u00e9utica<\/a>. <\/p>\n<p><strong>Puntos destacados del curso:<\/strong><\/p>\n<ul>\n<li>Desglose completo desde las disposiciones generales hasta los registros e informes.<\/li>\n<li>Informaci\u00f3n detallada sobre el control de componentes, envasado, etiquetado y m\u00e1s.<\/li>\n<li>Conocimientos pr\u00e1cticos de la normativa tanto para responsables de operaciones como para directores de calidad.<\/li>\n<\/ul>\n<p>&nbsp;<\/p>\n<p>Guiados por el Dr. Ciaran McEnister, un experimentado ejecutivo farmac\u00e9utico con m\u00e1s de 25 a\u00f1os en cumplimiento normativo, los alumnos adquieren una perspectiva integral. La amplia trayectoria del Dr. McEnister en empresas de primer nivel garantiza que este curso est\u00e9 impregnado de experiencia real. <\/p>\n<p>Este curso es adecuado para cualquier persona que trabaje en fabricaci\u00f3n\/operaciones o control de calidad de productos farmac\u00e9uticos comercializados o distribuidos en los Estados Unidos (EE. UU.).<\/p>\n<p>Al finalizar con \u00e9xito, los asistentes obtienen un <a href=\"https:\/\/gxp-training.com\/es\/certificacion-y-acreditacion\/\">Certificado de finalizaci\u00f3n<\/a> descargable y trazable que pueden compartir en LinkedIn o en sus registros personales de RR. HH. Emb\u00e1rquese ahora en un viaje normativo a su propio ritmo y mejore su experiencia en los requisitos de la FDA de EE. UU. para productos farmac\u00e9uticos terminados. <\/p>\n<p>&nbsp;<\/p>\n<h3>Plan de estudios:<\/h3>\n<p>&nbsp;<\/p>\n<p><strong>Descripci\u00f3n general de 21 CFR Partes 210 y 211<\/strong><\/p>\n<p><strong>Lecci\u00f3n 1: Subparte A \u2013 Disposiciones generales<\/strong><\/p>\n<p><strong>Lecci\u00f3n 2: Subparte B \u2013 Organizaci\u00f3n y personal<\/strong><\/p>\n<p><strong>Lecci\u00f3n 3: Subparte C \u2013 Edificios e instalaciones<\/strong><\/p>\n<p><strong>Lecci\u00f3n 4: Subparte D \u2013 Equipos<\/strong><\/p>\n<p><strong>Lecci\u00f3n 5: Subparte E \u2013 Control de componentes y de envases y cierres de productos farmac\u00e9uticos<\/strong><\/p>\n<p><strong>Lecci\u00f3n 6: Subparte F \u2013 Controles de producci\u00f3n y de procesos<\/strong><\/p>\n<p><strong>Lecci\u00f3n 7: Subparte G \u2013 Control de envasado y etiquetado<\/strong><\/p>\n<p><strong>Lecci\u00f3n 8: Subparte H \u2013 Almacenamiento y distribuci\u00f3n<\/strong><\/p>\n<p><strong>Lecci\u00f3n 9: Subparte I \u2013 Controles de laboratorio<\/strong><\/p>\n<p><strong>Lecci\u00f3n 10: Subparte J \u2013 Registros e informes<\/strong><\/p>\n<p><strong>Lecci\u00f3n 11: Subparte K \u2013 Productos farmac\u00e9uticos devueltos y recuperados<\/strong><\/p>\n<p><strong>Conclusi\u00f3n<\/strong><\/p>\n<p><strong>Evaluaci\u00f3n<\/strong><\/p>\n<p><strong>Certificaci\u00f3n<\/strong><\/p>\n","protected":false},"excerpt":{"rendered":"<p>Profundice en los matices de la normativa de fabricaci\u00f3n farmac\u00e9utica con este curso certificado de eLearning, centrado en las CFR 210 y 211 de la FDA. Comprenda las distinciones entre estas normativas, ya que detallan diversos aspectos del proceso de fabricaci\u00f3n farmac\u00e9utica. Puntos destacados del curso: Desglose completo desde las disposiciones generales hasta los registros [&hellip;]<\/p>\n","protected":false},"featured_media":44678,"template":"","meta":{"_acf_changed":false,"content-type":""},"product_brand":[],"product_cat":[265,271,269],"product_tag":[],"class_list":{"0":"post-57594","1":"product","2":"type-product","3":"status-publish","4":"has-post-thumbnail","6":"product_cat-bpf-buenas-practicas-de-fabricacion","7":"product_cat-garantia-de-calidad","8":"product_cat-productos-farmaceuticos","10":"first","11":"instock","12":"taxable","13":"shipping-taxable","14":"purchasable","15":"product-type-subscription"},"bundled_by":[],"bundle_stock_status":"instock","bundle_stock_quantity":null,"bundle_virtual":false,"bundle_layout":"","bundle_add_to_cart_form_location":"","bundle_editable_in_cart":false,"bundle_sold_individually_context":"","bundle_item_grouping":"","bundle_min_size":"","bundle_max_size":"","bundle_price":[],"bundled_items":[],"bundle_sell_ids":[],"acf":[],"yoast_head":"<!-- This site is optimized with the Yoast SEO plugin v27.5 - https:\/\/yoast.com\/product\/yoast-seo-wordpress\/ -->\n<title>CFR PARTES 210 y 211 - Curso online y certificaci\u00f3n<\/title>\n<meta name=\"description\" content=\"Inscr\u00edbase ahora en nuestro curso online sobre las CFR PARTES 210 y 211. Conozca las cGMP para productos farmac\u00e9uticos terminados y obtenga su certificaci\u00f3n. Nuestras formaciones cuentan con acreditaci\u00f3n CPD \/ CEU.\" \/>\n<meta name=\"robots\" content=\"index, follow, max-snippet:-1, max-image-preview:large, max-video-preview:-1\" \/>\n<link rel=\"canonical\" href=\"https:\/\/gxp-training.com\/es\/online-course\/cfr-partes-210-y-211-cgmp-para-productos-farmaceuticos-terminados\/\" \/>\n<meta property=\"og:locale\" content=\"es_ES\" \/>\n<meta property=\"og:type\" content=\"article\" \/>\n<meta property=\"og:title\" content=\"CFR PARTES 210 y 211 - Curso online y certificaci\u00f3n\" \/>\n<meta property=\"og:description\" content=\"Inscr\u00edbase ahora en nuestro curso online sobre las CFR PARTES 210 y 211. Conozca las cGMP para productos farmac\u00e9uticos terminados y obtenga su certificaci\u00f3n. Nuestras formaciones cuentan con acreditaci\u00f3n CPD \/ CEU.\" \/>\n<meta property=\"og:url\" content=\"https:\/\/gxp-training.com\/es\/online-course\/cfr-partes-210-y-211-cgmp-para-productos-farmaceuticos-terminados\/\" \/>\n<meta property=\"og:site_name\" content=\"GxP Training : Certified Online Courses for Life Sciences\" \/>\n<meta property=\"og:image\" content=\"https:\/\/gxp-training.com\/wp-content\/uploads\/2023\/10\/cgmp-cfr-210.png\" \/>\n\t<meta property=\"og:image:width\" content=\"900\" \/>\n\t<meta property=\"og:image:height\" content=\"627\" \/>\n\t<meta property=\"og:image:type\" content=\"image\/png\" \/>\n<meta name=\"twitter:card\" content=\"summary_large_image\" \/>\n<meta name=\"twitter:label1\" content=\"Tiempo de lectura\" \/>\n\t<meta name=\"twitter:data1\" content=\"2 minutos\" \/>\n<script type=\"application\/ld+json\" class=\"yoast-schema-graph\">{\"@context\":\"https:\\\/\\\/schema.org\",\"@graph\":[{\"@type\":\"WebPage\",\"@id\":\"https:\\\/\\\/gxp-training.com\\\/es\\\/online-course\\\/cfr-partes-210-y-211-cgmp-para-productos-farmaceuticos-terminados\\\/\",\"url\":\"https:\\\/\\\/gxp-training.com\\\/es\\\/online-course\\\/cfr-partes-210-y-211-cgmp-para-productos-farmaceuticos-terminados\\\/\",\"name\":\"CFR PARTES 210 y 211 - Curso online y certificaci\u00f3n\",\"isPartOf\":{\"@id\":\"https:\\\/\\\/gxp-training.com\\\/es\\\/#website\"},\"primaryImageOfPage\":{\"@id\":\"https:\\\/\\\/gxp-training.com\\\/es\\\/online-course\\\/cfr-partes-210-y-211-cgmp-para-productos-farmaceuticos-terminados\\\/#primaryimage\"},\"image\":{\"@id\":\"https:\\\/\\\/gxp-training.com\\\/es\\\/online-course\\\/cfr-partes-210-y-211-cgmp-para-productos-farmaceuticos-terminados\\\/#primaryimage\"},\"thumbnailUrl\":\"https:\\\/\\\/gxp-training.com\\\/wp-content\\\/uploads\\\/2023\\\/10\\\/cgmp-cfr-210.png\",\"datePublished\":\"2023-10-31T07:55:23+00:00\",\"description\":\"Inscr\u00edbase ahora en nuestro curso online sobre las CFR PARTES 210 y 211. Conozca las cGMP para productos farmac\u00e9uticos terminados y obtenga su certificaci\u00f3n. Nuestras formaciones cuentan con acreditaci\u00f3n CPD \\\/ CEU.\",\"breadcrumb\":{\"@id\":\"https:\\\/\\\/gxp-training.com\\\/es\\\/online-course\\\/cfr-partes-210-y-211-cgmp-para-productos-farmaceuticos-terminados\\\/#breadcrumb\"},\"inLanguage\":\"es\",\"potentialAction\":[{\"@type\":\"ReadAction\",\"target\":[\"https:\\\/\\\/gxp-training.com\\\/es\\\/online-course\\\/cfr-partes-210-y-211-cgmp-para-productos-farmaceuticos-terminados\\\/\"]}]},{\"@type\":\"ImageObject\",\"inLanguage\":\"es\",\"@id\":\"https:\\\/\\\/gxp-training.com\\\/es\\\/online-course\\\/cfr-partes-210-y-211-cgmp-para-productos-farmaceuticos-terminados\\\/#primaryimage\",\"url\":\"https:\\\/\\\/gxp-training.com\\\/wp-content\\\/uploads\\\/2023\\\/10\\\/cgmp-cfr-210.png\",\"contentUrl\":\"https:\\\/\\\/gxp-training.com\\\/wp-content\\\/uploads\\\/2023\\\/10\\\/cgmp-cfr-210.png\",\"width\":900,\"height\":627},{\"@type\":\"BreadcrumbList\",\"@id\":\"https:\\\/\\\/gxp-training.com\\\/es\\\/online-course\\\/cfr-partes-210-y-211-cgmp-para-productos-farmaceuticos-terminados\\\/#breadcrumb\",\"itemListElement\":[{\"@type\":\"ListItem\",\"position\":1,\"name\":\"Inicio\",\"item\":\"https:\\\/\\\/gxp-training.com\\\/es\\\/pagina-de-inicio\\\/\"},{\"@type\":\"ListItem\",\"position\":2,\"name\":\"Productos\",\"item\":\"https:\\\/\\\/gxp-training.com\\\/es\\\/shop\\\/\"},{\"@type\":\"ListItem\",\"position\":3,\"name\":\"CFR Partes 210 y 211: cGMP para productos farmac\u00e9uticos terminados\"}]},{\"@type\":\"WebSite\",\"@id\":\"https:\\\/\\\/gxp-training.com\\\/es\\\/#website\",\"url\":\"https:\\\/\\\/gxp-training.com\\\/es\\\/\",\"name\":\"GxP Training : Certified Online Courses for Life Sciences\",\"description\":\"Online Trainings and Certified Courses in Regulatory Compliance for Pharmaceutical Experts\",\"publisher\":{\"@id\":\"https:\\\/\\\/gxp-training.com\\\/es\\\/#organization\"},\"potentialAction\":[{\"@type\":\"SearchAction\",\"target\":{\"@type\":\"EntryPoint\",\"urlTemplate\":\"https:\\\/\\\/gxp-training.com\\\/es\\\/?s={search_term_string}\"},\"query-input\":{\"@type\":\"PropertyValueSpecification\",\"valueRequired\":true,\"valueName\":\"search_term_string\"}}],\"inLanguage\":\"es\"},{\"@type\":\"Organization\",\"@id\":\"https:\\\/\\\/gxp-training.com\\\/es\\\/#organization\",\"name\":\"GXP Training\",\"url\":\"https:\\\/\\\/gxp-training.com\\\/es\\\/\",\"logo\":{\"@type\":\"ImageObject\",\"inLanguage\":\"es\",\"@id\":\"https:\\\/\\\/gxp-training.com\\\/es\\\/#\\\/schema\\\/logo\\\/image\\\/\",\"url\":\"https:\\\/\\\/gxp-training.com\\\/wp-content\\\/uploads\\\/2022\\\/05\\\/logo-resize.png\",\"contentUrl\":\"https:\\\/\\\/gxp-training.com\\\/wp-content\\\/uploads\\\/2022\\\/05\\\/logo-resize.png\",\"width\":350,\"height\":100,\"caption\":\"GXP Training\"},\"image\":{\"@id\":\"https:\\\/\\\/gxp-training.com\\\/es\\\/#\\\/schema\\\/logo\\\/image\\\/\"}}]}<\/script>\n<!-- \/ Yoast SEO plugin. -->","yoast_head_json":{"title":"CFR PARTES 210 y 211 - Curso online y certificaci\u00f3n","description":"Inscr\u00edbase ahora en nuestro curso online sobre las CFR PARTES 210 y 211. Conozca las cGMP para productos farmac\u00e9uticos terminados y obtenga su certificaci\u00f3n. Nuestras formaciones cuentan con acreditaci\u00f3n CPD \/ CEU.","robots":{"index":"index","follow":"follow","max-snippet":"max-snippet:-1","max-image-preview":"max-image-preview:large","max-video-preview":"max-video-preview:-1"},"canonical":"https:\/\/gxp-training.com\/es\/online-course\/cfr-partes-210-y-211-cgmp-para-productos-farmaceuticos-terminados\/","og_locale":"es_ES","og_type":"article","og_title":"CFR PARTES 210 y 211 - Curso online y certificaci\u00f3n","og_description":"Inscr\u00edbase ahora en nuestro curso online sobre las CFR PARTES 210 y 211. Conozca las cGMP para productos farmac\u00e9uticos terminados y obtenga su certificaci\u00f3n. Nuestras formaciones cuentan con acreditaci\u00f3n CPD \/ CEU.","og_url":"https:\/\/gxp-training.com\/es\/online-course\/cfr-partes-210-y-211-cgmp-para-productos-farmaceuticos-terminados\/","og_site_name":"GxP Training : Certified Online Courses for Life Sciences","og_image":[{"width":900,"height":627,"url":"https:\/\/gxp-training.com\/wp-content\/uploads\/2023\/10\/cgmp-cfr-210.png","type":"image\/png"}],"twitter_card":"summary_large_image","twitter_misc":{"Tiempo de lectura":"2 minutos"},"schema":{"@context":"https:\/\/schema.org","@graph":[{"@type":"WebPage","@id":"https:\/\/gxp-training.com\/es\/online-course\/cfr-partes-210-y-211-cgmp-para-productos-farmaceuticos-terminados\/","url":"https:\/\/gxp-training.com\/es\/online-course\/cfr-partes-210-y-211-cgmp-para-productos-farmaceuticos-terminados\/","name":"CFR PARTES 210 y 211 - Curso online y certificaci\u00f3n","isPartOf":{"@id":"https:\/\/gxp-training.com\/es\/#website"},"primaryImageOfPage":{"@id":"https:\/\/gxp-training.com\/es\/online-course\/cfr-partes-210-y-211-cgmp-para-productos-farmaceuticos-terminados\/#primaryimage"},"image":{"@id":"https:\/\/gxp-training.com\/es\/online-course\/cfr-partes-210-y-211-cgmp-para-productos-farmaceuticos-terminados\/#primaryimage"},"thumbnailUrl":"https:\/\/gxp-training.com\/wp-content\/uploads\/2023\/10\/cgmp-cfr-210.png","datePublished":"2023-10-31T07:55:23+00:00","description":"Inscr\u00edbase ahora en nuestro curso online sobre las CFR PARTES 210 y 211. Conozca las cGMP para productos farmac\u00e9uticos terminados y obtenga su certificaci\u00f3n. Nuestras formaciones cuentan con acreditaci\u00f3n CPD \/ CEU.","breadcrumb":{"@id":"https:\/\/gxp-training.com\/es\/online-course\/cfr-partes-210-y-211-cgmp-para-productos-farmaceuticos-terminados\/#breadcrumb"},"inLanguage":"es","potentialAction":[{"@type":"ReadAction","target":["https:\/\/gxp-training.com\/es\/online-course\/cfr-partes-210-y-211-cgmp-para-productos-farmaceuticos-terminados\/"]}]},{"@type":"ImageObject","inLanguage":"es","@id":"https:\/\/gxp-training.com\/es\/online-course\/cfr-partes-210-y-211-cgmp-para-productos-farmaceuticos-terminados\/#primaryimage","url":"https:\/\/gxp-training.com\/wp-content\/uploads\/2023\/10\/cgmp-cfr-210.png","contentUrl":"https:\/\/gxp-training.com\/wp-content\/uploads\/2023\/10\/cgmp-cfr-210.png","width":900,"height":627},{"@type":"BreadcrumbList","@id":"https:\/\/gxp-training.com\/es\/online-course\/cfr-partes-210-y-211-cgmp-para-productos-farmaceuticos-terminados\/#breadcrumb","itemListElement":[{"@type":"ListItem","position":1,"name":"Inicio","item":"https:\/\/gxp-training.com\/es\/pagina-de-inicio\/"},{"@type":"ListItem","position":2,"name":"Productos","item":"https:\/\/gxp-training.com\/es\/shop\/"},{"@type":"ListItem","position":3,"name":"CFR Partes 210 y 211: cGMP para productos farmac\u00e9uticos terminados"}]},{"@type":"WebSite","@id":"https:\/\/gxp-training.com\/es\/#website","url":"https:\/\/gxp-training.com\/es\/","name":"GxP Training : Certified Online Courses for Life Sciences","description":"Online Trainings and Certified Courses in Regulatory Compliance for Pharmaceutical Experts","publisher":{"@id":"https:\/\/gxp-training.com\/es\/#organization"},"potentialAction":[{"@type":"SearchAction","target":{"@type":"EntryPoint","urlTemplate":"https:\/\/gxp-training.com\/es\/?s={search_term_string}"},"query-input":{"@type":"PropertyValueSpecification","valueRequired":true,"valueName":"search_term_string"}}],"inLanguage":"es"},{"@type":"Organization","@id":"https:\/\/gxp-training.com\/es\/#organization","name":"GXP Training","url":"https:\/\/gxp-training.com\/es\/","logo":{"@type":"ImageObject","inLanguage":"es","@id":"https:\/\/gxp-training.com\/es\/#\/schema\/logo\/image\/","url":"https:\/\/gxp-training.com\/wp-content\/uploads\/2022\/05\/logo-resize.png","contentUrl":"https:\/\/gxp-training.com\/wp-content\/uploads\/2022\/05\/logo-resize.png","width":350,"height":100,"caption":"GXP Training"},"image":{"@id":"https:\/\/gxp-training.com\/es\/#\/schema\/logo\/image\/"}}]}},"_links":{"self":[{"href":"https:\/\/gxp-training.com\/es\/wp-json\/wp\/v2\/product\/57594","targetHints":{"allow":["GET"]}}],"collection":[{"href":"https:\/\/gxp-training.com\/es\/wp-json\/wp\/v2\/product"}],"about":[{"href":"https:\/\/gxp-training.com\/es\/wp-json\/wp\/v2\/types\/product"}],"wp:featuredmedia":[{"embeddable":true,"href":"https:\/\/gxp-training.com\/es\/wp-json\/wp\/v2\/media\/44678"}],"wp:attachment":[{"href":"https:\/\/gxp-training.com\/es\/wp-json\/wp\/v2\/media?parent=57594"}],"wp:term":[{"taxonomy":"product_brand","embeddable":true,"href":"https:\/\/gxp-training.com\/es\/wp-json\/wp\/v2\/product_brand?post=57594"},{"taxonomy":"product_cat","embeddable":true,"href":"https:\/\/gxp-training.com\/es\/wp-json\/wp\/v2\/product_cat?post=57594"},{"taxonomy":"product_tag","embeddable":true,"href":"https:\/\/gxp-training.com\/es\/wp-json\/wp\/v2\/product_tag?post=57594"}],"curies":[{"name":"wp","href":"https:\/\/api.w.org\/{rel}","templated":true}]}}