{"id":57585,"date":"2023-09-07T10:15:08","date_gmt":"2023-09-07T09:15:08","guid":{"rendered":"https:\/\/gxp-training.com\/online-course\/introduccion-a-la-garantia-de-validacion-de-software\/"},"modified":"2023-09-07T10:15:08","modified_gmt":"2023-09-07T08:15:08","slug":"introduccion-a-la-garantia-de-validacion-de-software","status":"publish","type":"product","link":"https:\/\/gxp-training.com\/es\/online-course\/introduccion-a-la-garantia-de-validacion-de-software\/","title":{"rendered":"Introducci\u00f3n a la garant\u00eda de validaci\u00f3n de software"},"content":{"rendered":"<div class=\"zw-paragraph heading8611749\" data-width=\"664.896\" data-header=\"8611749\" data-textformat=\"{\"size\":12}\">\n<div class=\"zw-line-div\">\n<div class=\"zw-line-content\">\n<p>Navegue por las complejidades de la validaci\u00f3n de software con este curso completo e interactivo, dise\u00f1ado para cumplir los requisitos de la FDA. Obtenga informaci\u00f3n sobre elementos clave del ciclo de vida de la validaci\u00f3n de software, desde la planificaci\u00f3n inicial y la <a href=\"https:\/\/gxp-training.com\/es\/online-course\/gestion-de-riesgos-para-la-calidad\/\">gesti\u00f3n de riesgos<\/a> hasta la elaboraci\u00f3n de planes maestros de validaci\u00f3n y los requisitos del sistema de software. <\/p>\n<p>Dise\u00f1ado por un equipo de expertos con experiencia en garant\u00eda de calidad y validaci\u00f3n del sector farmac\u00e9utico, el curso ofrece conocimientos pr\u00e1cticos basados en aplicaciones reales. Ideal para profesionales de organizaciones de ciencias de la vida, este curso mejora su comprensi\u00f3n de los procesos de validaci\u00f3n de software, ayud\u00e1ndole a cumplir las normas regulatorias. <\/p>\n<p>Tras completar el curso con \u00e9xito, recibir\u00e1 un certificado reconocido que confirma su experiencia en esta \u00e1rea cr\u00edtica de la <a href=\"https:\/\/gxp-training.com\/es\/online-course\/introduccion-a-la-calidad-farmaceutica\/\">garant\u00eda de calidad<\/a>.<\/p>\n<\/div>\n<\/div>\n<\/div>\n<h3><\/h3>\n<h3>Programa:<\/h3>\n<p>&nbsp;<\/p>\n<p><strong>Introducci\u00f3n: el qu\u00e9 y el porqu\u00e9 de la garant\u00eda de validaci\u00f3n de software<\/strong><\/p>\n<p>&nbsp;<\/p>\n<p><strong>Lecci\u00f3n 1: Planificaci\u00f3n de la validaci\u00f3n de software<\/strong><\/p>\n<p>&nbsp;<\/p>\n<p><strong>Lecci\u00f3n 2: Gesti\u00f3n del riesgo en la validaci\u00f3n de software<\/strong><\/p>\n<p>&nbsp;<\/p>\n<p><strong>Lecci\u00f3n 3: Elaboraci\u00f3n de un plan maestro de validaci\u00f3n s\u00f3lido<\/strong><\/p>\n<p>&nbsp;<\/p>\n<p><strong>Lecci\u00f3n 4: Definici\u00f3n de los requisitos del sistema de software<\/strong><\/p>\n<p>&nbsp;<\/p>\n<p><strong>Glosario<\/strong><\/p>\n<p>&nbsp;<\/p>\n<p><strong>Evaluaci\u00f3n<\/strong><\/p>\n<p>&nbsp;<\/p>\n<p>Impulse su carrera y los est\u00e1ndares de su organizaci\u00f3n con un conocimiento certificado de la garant\u00eda de validaci\u00f3n de software. Inscr\u00edbase ahora. <\/p>\n","protected":false},"excerpt":{"rendered":"<p>Navegue por las complejidades de la validaci\u00f3n de software con este curso completo e interactivo, dise\u00f1ado para cumplir los requisitos de la FDA. Obtenga informaci\u00f3n sobre elementos clave del ciclo de vida de la validaci\u00f3n de software, desde la planificaci\u00f3n inicial y la gesti\u00f3n de riesgos hasta la elaboraci\u00f3n de planes maestros de validaci\u00f3n y [&hellip;]<\/p>\n","protected":false},"featured_media":44373,"template":"","meta":{"_acf_changed":false,"content-type":""},"product_brand":[],"product_cat":[265,271,273,272,270,269,266],"product_tag":[],"class_list":{"0":"post-57585","1":"product","2":"type-product","3":"status-publish","4":"has-post-thumbnail","6":"product_cat-bpf-buenas-practicas-de-fabricacion","7":"product_cat-garantia-de-calidad","8":"product_cat-intersectorial","9":"product_cat-laboratorios","10":"product_cat-organizacion-de-investigacion-por-contrato-cro","11":"product_cat-productos-farmaceuticos","12":"product_cat-productos-sanitarios","14":"first","15":"instock","16":"taxable","17":"shipping-taxable","18":"purchasable","19":"product-type-subscription"},"bundled_by":[],"bundle_stock_status":"instock","bundle_stock_quantity":null,"bundle_virtual":false,"bundle_layout":"","bundle_add_to_cart_form_location":"","bundle_editable_in_cart":false,"bundle_sold_individually_context":"","bundle_item_grouping":"","bundle_min_size":"","bundle_max_size":"","bundle_price":[],"bundled_items":[],"bundle_sell_ids":[],"acf":[],"yoast_head":"<!-- This site is optimized with the Yoast SEO plugin v27.5 - https:\/\/yoast.com\/product\/yoast-seo-wordpress\/ -->\n<title>Curso online y certificaci\u00f3n en garant\u00eda de validaci\u00f3n de software<\/title>\n<meta name=\"description\" content=\"Obtenga la certificaci\u00f3n en garant\u00eda de validaci\u00f3n de software. Inscr\u00edbase ahora en nuestro curso online con acreditaci\u00f3n CPD y CEU por los mejores expertos farmac\u00e9uticos.\" \/>\n<meta name=\"robots\" content=\"index, follow, max-snippet:-1, max-image-preview:large, max-video-preview:-1\" \/>\n<link rel=\"canonical\" href=\"https:\/\/gxp-training.com\/es\/online-course\/introduccion-a-la-garantia-de-validacion-de-software\/\" \/>\n<meta property=\"og:locale\" content=\"es_ES\" \/>\n<meta property=\"og:type\" content=\"article\" \/>\n<meta property=\"og:title\" content=\"Curso online y certificaci\u00f3n en garant\u00eda de validaci\u00f3n de software\" \/>\n<meta property=\"og:description\" content=\"Obtenga la certificaci\u00f3n en garant\u00eda de validaci\u00f3n de software. Inscr\u00edbase ahora en nuestro curso online con acreditaci\u00f3n CPD y CEU por los mejores expertos farmac\u00e9uticos.\" \/>\n<meta property=\"og:url\" content=\"https:\/\/gxp-training.com\/es\/online-course\/introduccion-a-la-garantia-de-validacion-de-software\/\" \/>\n<meta property=\"og:site_name\" content=\"GxP Training : Certified Online Courses for Life Sciences\" \/>\n<meta property=\"og:image\" content=\"https:\/\/gxp-training.com\/wp-content\/uploads\/2023\/09\/Software-Validation-Assurance.png\" \/>\n\t<meta property=\"og:image:width\" content=\"900\" \/>\n\t<meta property=\"og:image:height\" content=\"627\" \/>\n\t<meta property=\"og:image:type\" content=\"image\/png\" \/>\n<meta name=\"twitter:card\" content=\"summary_large_image\" \/>\n<meta name=\"twitter:label1\" content=\"Tiempo de lectura\" \/>\n\t<meta name=\"twitter:data1\" content=\"1 minuto\" \/>\n<script type=\"application\/ld+json\" class=\"yoast-schema-graph\">{\"@context\":\"https:\\\/\\\/schema.org\",\"@graph\":[{\"@type\":\"WebPage\",\"@id\":\"https:\\\/\\\/gxp-training.com\\\/es\\\/online-course\\\/introduccion-a-la-garantia-de-validacion-de-software\\\/\",\"url\":\"https:\\\/\\\/gxp-training.com\\\/es\\\/online-course\\\/introduccion-a-la-garantia-de-validacion-de-software\\\/\",\"name\":\"Curso online y certificaci\u00f3n en garant\u00eda de validaci\u00f3n de software\",\"isPartOf\":{\"@id\":\"https:\\\/\\\/gxp-training.com\\\/es\\\/#website\"},\"primaryImageOfPage\":{\"@id\":\"https:\\\/\\\/gxp-training.com\\\/es\\\/online-course\\\/introduccion-a-la-garantia-de-validacion-de-software\\\/#primaryimage\"},\"image\":{\"@id\":\"https:\\\/\\\/gxp-training.com\\\/es\\\/online-course\\\/introduccion-a-la-garantia-de-validacion-de-software\\\/#primaryimage\"},\"thumbnailUrl\":\"https:\\\/\\\/gxp-training.com\\\/wp-content\\\/uploads\\\/2023\\\/09\\\/Software-Validation-Assurance.png\",\"datePublished\":\"2023-09-07T09:15:08+00:00\",\"description\":\"Obtenga la certificaci\u00f3n en garant\u00eda de validaci\u00f3n de software. Inscr\u00edbase ahora en nuestro curso online con acreditaci\u00f3n CPD y CEU por los mejores expertos farmac\u00e9uticos.\",\"breadcrumb\":{\"@id\":\"https:\\\/\\\/gxp-training.com\\\/es\\\/online-course\\\/introduccion-a-la-garantia-de-validacion-de-software\\\/#breadcrumb\"},\"inLanguage\":\"es\",\"potentialAction\":[{\"@type\":\"ReadAction\",\"target\":[\"https:\\\/\\\/gxp-training.com\\\/es\\\/online-course\\\/introduccion-a-la-garantia-de-validacion-de-software\\\/\"]}]},{\"@type\":\"ImageObject\",\"inLanguage\":\"es\",\"@id\":\"https:\\\/\\\/gxp-training.com\\\/es\\\/online-course\\\/introduccion-a-la-garantia-de-validacion-de-software\\\/#primaryimage\",\"url\":\"https:\\\/\\\/gxp-training.com\\\/wp-content\\\/uploads\\\/2023\\\/09\\\/Software-Validation-Assurance.png\",\"contentUrl\":\"https:\\\/\\\/gxp-training.com\\\/wp-content\\\/uploads\\\/2023\\\/09\\\/Software-Validation-Assurance.png\",\"width\":900,\"height\":627},{\"@type\":\"BreadcrumbList\",\"@id\":\"https:\\\/\\\/gxp-training.com\\\/es\\\/online-course\\\/introduccion-a-la-garantia-de-validacion-de-software\\\/#breadcrumb\",\"itemListElement\":[{\"@type\":\"ListItem\",\"position\":1,\"name\":\"Inicio\",\"item\":\"https:\\\/\\\/gxp-training.com\\\/es\\\/pagina-de-inicio\\\/\"},{\"@type\":\"ListItem\",\"position\":2,\"name\":\"Productos\",\"item\":\"https:\\\/\\\/gxp-training.com\\\/es\\\/shop\\\/\"},{\"@type\":\"ListItem\",\"position\":3,\"name\":\"Introducci\u00f3n a la garant\u00eda de validaci\u00f3n de software\"}]},{\"@type\":\"WebSite\",\"@id\":\"https:\\\/\\\/gxp-training.com\\\/es\\\/#website\",\"url\":\"https:\\\/\\\/gxp-training.com\\\/es\\\/\",\"name\":\"GxP Training : Certified Online Courses for Life Sciences\",\"description\":\"Online Trainings and Certified Courses in Regulatory Compliance for Pharmaceutical Experts\",\"publisher\":{\"@id\":\"https:\\\/\\\/gxp-training.com\\\/es\\\/#organization\"},\"potentialAction\":[{\"@type\":\"SearchAction\",\"target\":{\"@type\":\"EntryPoint\",\"urlTemplate\":\"https:\\\/\\\/gxp-training.com\\\/es\\\/?s={search_term_string}\"},\"query-input\":{\"@type\":\"PropertyValueSpecification\",\"valueRequired\":true,\"valueName\":\"search_term_string\"}}],\"inLanguage\":\"es\"},{\"@type\":\"Organization\",\"@id\":\"https:\\\/\\\/gxp-training.com\\\/es\\\/#organization\",\"name\":\"GXP Training\",\"url\":\"https:\\\/\\\/gxp-training.com\\\/es\\\/\",\"logo\":{\"@type\":\"ImageObject\",\"inLanguage\":\"es\",\"@id\":\"https:\\\/\\\/gxp-training.com\\\/es\\\/#\\\/schema\\\/logo\\\/image\\\/\",\"url\":\"https:\\\/\\\/gxp-training.com\\\/wp-content\\\/uploads\\\/2022\\\/05\\\/logo-resize.png\",\"contentUrl\":\"https:\\\/\\\/gxp-training.com\\\/wp-content\\\/uploads\\\/2022\\\/05\\\/logo-resize.png\",\"width\":350,\"height\":100,\"caption\":\"GXP Training\"},\"image\":{\"@id\":\"https:\\\/\\\/gxp-training.com\\\/es\\\/#\\\/schema\\\/logo\\\/image\\\/\"}}]}<\/script>\n<!-- \/ Yoast SEO plugin. -->","yoast_head_json":{"title":"Curso online y certificaci\u00f3n en garant\u00eda de validaci\u00f3n de software","description":"Obtenga la certificaci\u00f3n en garant\u00eda de validaci\u00f3n de software. Inscr\u00edbase ahora en nuestro curso online con acreditaci\u00f3n CPD y CEU por los mejores expertos farmac\u00e9uticos.","robots":{"index":"index","follow":"follow","max-snippet":"max-snippet:-1","max-image-preview":"max-image-preview:large","max-video-preview":"max-video-preview:-1"},"canonical":"https:\/\/gxp-training.com\/es\/online-course\/introduccion-a-la-garantia-de-validacion-de-software\/","og_locale":"es_ES","og_type":"article","og_title":"Curso online y certificaci\u00f3n en garant\u00eda de validaci\u00f3n de software","og_description":"Obtenga la certificaci\u00f3n en garant\u00eda de validaci\u00f3n de software. Inscr\u00edbase ahora en nuestro curso online con acreditaci\u00f3n CPD y CEU por los mejores expertos farmac\u00e9uticos.","og_url":"https:\/\/gxp-training.com\/es\/online-course\/introduccion-a-la-garantia-de-validacion-de-software\/","og_site_name":"GxP Training : Certified Online Courses for Life Sciences","og_image":[{"width":900,"height":627,"url":"https:\/\/gxp-training.com\/wp-content\/uploads\/2023\/09\/Software-Validation-Assurance.png","type":"image\/png"}],"twitter_card":"summary_large_image","twitter_misc":{"Tiempo de lectura":"1 minuto"},"schema":{"@context":"https:\/\/schema.org","@graph":[{"@type":"WebPage","@id":"https:\/\/gxp-training.com\/es\/online-course\/introduccion-a-la-garantia-de-validacion-de-software\/","url":"https:\/\/gxp-training.com\/es\/online-course\/introduccion-a-la-garantia-de-validacion-de-software\/","name":"Curso online y certificaci\u00f3n en garant\u00eda de validaci\u00f3n de software","isPartOf":{"@id":"https:\/\/gxp-training.com\/es\/#website"},"primaryImageOfPage":{"@id":"https:\/\/gxp-training.com\/es\/online-course\/introduccion-a-la-garantia-de-validacion-de-software\/#primaryimage"},"image":{"@id":"https:\/\/gxp-training.com\/es\/online-course\/introduccion-a-la-garantia-de-validacion-de-software\/#primaryimage"},"thumbnailUrl":"https:\/\/gxp-training.com\/wp-content\/uploads\/2023\/09\/Software-Validation-Assurance.png","datePublished":"2023-09-07T09:15:08+00:00","description":"Obtenga la certificaci\u00f3n en garant\u00eda de validaci\u00f3n de software. Inscr\u00edbase ahora en nuestro curso online con acreditaci\u00f3n CPD y CEU por los mejores expertos farmac\u00e9uticos.","breadcrumb":{"@id":"https:\/\/gxp-training.com\/es\/online-course\/introduccion-a-la-garantia-de-validacion-de-software\/#breadcrumb"},"inLanguage":"es","potentialAction":[{"@type":"ReadAction","target":["https:\/\/gxp-training.com\/es\/online-course\/introduccion-a-la-garantia-de-validacion-de-software\/"]}]},{"@type":"ImageObject","inLanguage":"es","@id":"https:\/\/gxp-training.com\/es\/online-course\/introduccion-a-la-garantia-de-validacion-de-software\/#primaryimage","url":"https:\/\/gxp-training.com\/wp-content\/uploads\/2023\/09\/Software-Validation-Assurance.png","contentUrl":"https:\/\/gxp-training.com\/wp-content\/uploads\/2023\/09\/Software-Validation-Assurance.png","width":900,"height":627},{"@type":"BreadcrumbList","@id":"https:\/\/gxp-training.com\/es\/online-course\/introduccion-a-la-garantia-de-validacion-de-software\/#breadcrumb","itemListElement":[{"@type":"ListItem","position":1,"name":"Inicio","item":"https:\/\/gxp-training.com\/es\/pagina-de-inicio\/"},{"@type":"ListItem","position":2,"name":"Productos","item":"https:\/\/gxp-training.com\/es\/shop\/"},{"@type":"ListItem","position":3,"name":"Introducci\u00f3n a la garant\u00eda de validaci\u00f3n de software"}]},{"@type":"WebSite","@id":"https:\/\/gxp-training.com\/es\/#website","url":"https:\/\/gxp-training.com\/es\/","name":"GxP Training : Certified Online Courses for Life Sciences","description":"Online Trainings and Certified Courses in Regulatory Compliance for Pharmaceutical Experts","publisher":{"@id":"https:\/\/gxp-training.com\/es\/#organization"},"potentialAction":[{"@type":"SearchAction","target":{"@type":"EntryPoint","urlTemplate":"https:\/\/gxp-training.com\/es\/?s={search_term_string}"},"query-input":{"@type":"PropertyValueSpecification","valueRequired":true,"valueName":"search_term_string"}}],"inLanguage":"es"},{"@type":"Organization","@id":"https:\/\/gxp-training.com\/es\/#organization","name":"GXP Training","url":"https:\/\/gxp-training.com\/es\/","logo":{"@type":"ImageObject","inLanguage":"es","@id":"https:\/\/gxp-training.com\/es\/#\/schema\/logo\/image\/","url":"https:\/\/gxp-training.com\/wp-content\/uploads\/2022\/05\/logo-resize.png","contentUrl":"https:\/\/gxp-training.com\/wp-content\/uploads\/2022\/05\/logo-resize.png","width":350,"height":100,"caption":"GXP Training"},"image":{"@id":"https:\/\/gxp-training.com\/es\/#\/schema\/logo\/image\/"}}]}},"_links":{"self":[{"href":"https:\/\/gxp-training.com\/es\/wp-json\/wp\/v2\/product\/57585","targetHints":{"allow":["GET"]}}],"collection":[{"href":"https:\/\/gxp-training.com\/es\/wp-json\/wp\/v2\/product"}],"about":[{"href":"https:\/\/gxp-training.com\/es\/wp-json\/wp\/v2\/types\/product"}],"wp:featuredmedia":[{"embeddable":true,"href":"https:\/\/gxp-training.com\/es\/wp-json\/wp\/v2\/media\/44373"}],"wp:attachment":[{"href":"https:\/\/gxp-training.com\/es\/wp-json\/wp\/v2\/media?parent=57585"}],"wp:term":[{"taxonomy":"product_brand","embeddable":true,"href":"https:\/\/gxp-training.com\/es\/wp-json\/wp\/v2\/product_brand?post=57585"},{"taxonomy":"product_cat","embeddable":true,"href":"https:\/\/gxp-training.com\/es\/wp-json\/wp\/v2\/product_cat?post=57585"},{"taxonomy":"product_tag","embeddable":true,"href":"https:\/\/gxp-training.com\/es\/wp-json\/wp\/v2\/product_tag?post=57585"}],"curies":[{"name":"wp","href":"https:\/\/api.w.org\/{rel}","templated":true}]}}