{"id":57399,"date":"2022-05-23T11:08:19","date_gmt":"2022-05-23T09:08:19","guid":{"rendered":"https:\/\/gxp-training.com\/online-course\/formacion-en-acciones-correctivas-y-preventivas-capa\/"},"modified":"2022-05-23T11:08:19","modified_gmt":"2022-05-23T09:08:19","slug":"formacion-en-acciones-correctivas-y-preventivas-capa","status":"publish","type":"product","link":"https:\/\/gxp-training.com\/es\/online-course\/formacion-en-acciones-correctivas-y-preventivas-capa\/","title":{"rendered":"Formaci\u00f3n en acciones correctivas y preventivas (CAPA)"},"content":{"rendered":"<p><a href=\"https:\/\/www.fda.gov\/files\/about%20fda\/published\/CDRH-Learn-Presenation--Corrective-and-Preventive-Action-Basics.pdf\">Acci\u00f3n correctiva y acci\u00f3n preventiva<\/a> (CAPA) es un requisito clave de <a href=\"https:\/\/gxp-training.com\/es\/online-course\/introduccion-a-las-buenas-practicas-de-fabricacion-bpf\/\">GMP<\/a> de la <a href=\"https:\/\/www.fda.gov\/medical-devices\/postmarket-requirements-devices\/quality-management-system-regulation-qmsr\">FDA<\/a> que se utiliza para investigar no conformidades, identificar causas ra\u00edz y evitar que los problemas se repitan en operaciones farmac\u00e9uticas y de productos sanitarios. Este curso ofrece una introducci\u00f3n pr\u00e1ctica a los principios de CAPA conforme a <a href=\"https:\/\/www.fda.gov\/media\/142009\/download\">FDA 21 CFR 820.100<\/a>, con ejemplos reales para mostrar por qu\u00e9 una CAPA eficaz es esencial. <\/p>\n<p>Al completar el curso con \u00e9xito, recibir\u00e1 un <strong>certificado validado acreditado con cr\u00e9ditos CPD\/CEU<\/strong>, apto para auditor\u00edas y documentaci\u00f3n de cumplimiento.<br \/>\n&nbsp;<br \/>\n<strong>\u00bfQui\u00e9n deber\u00eda inscribirse?<\/strong><\/p>\n<ul>\n<li>Profesionales de <a href=\"https:\/\/gxp-training.com\/es\/gxp-courses\/garantia-de-calidad\/\">Aseguramiento de la Calidad<\/a> y Control de Calidad<\/li>\n<li>Equipos de <a href=\"https:\/\/gxp-training.com\/es\/gxp-courses\/bpf-buenas-practicas-de-fabricacion\/\">fabricaci\u00f3n<\/a> y operaciones<\/li>\n<li>Especialistas en <a href=\"https:\/\/gxp-training.com\/online-course\/regulatory-affairs-specialist-training-certification\/\">Asuntos Regulatorios<\/a><\/li>\n<li>Personal de cumplimiento GMP y de <a href=\"https:\/\/gxp-training.com\/online-course\/internal-gmp-audit-role-of-gmp-auditor-online-certified-course\/\">auditor\u00eda<\/a><\/li>\n<li>Supervisores o responsables de <a href=\"https:\/\/gxp-training.com\/es\/gxp-courses\/productos-farmaceuticos\/\">farmac\u00e9utica<\/a> y <a href=\"https:\/\/gxp-training.com\/es\/gxp-courses\/productos-sanitarios\/\">productos sanitarios<\/a><\/li>\n<\/ul>\n<p>&nbsp;<br \/>\n<strong>\u00bfQu\u00e9 aprender\u00e1?<\/strong><\/p>\n<ul>\n<li>Comprender los principios de CAPA y su papel en entornos GMP regulados por la FDA<\/li>\n<li>Distinguir entre acciones correctivas y acciones preventivas<\/li>\n<li>Realizar investigaciones estructuradas y an\u00e1lisis de causa ra\u00edz<\/li>\n<li>Ejecutar el proceso CAPA desde la identificaci\u00f3n hasta la verificaci\u00f3n y el cierre<\/li>\n<li>Documentar las actividades CAPA con plantillas y formularios conformes<\/li>\n<\/ul>\n<p>&nbsp;<\/p>\n<h3>Programa<\/h3>\n<p><strong>Introducci\u00f3n<\/strong><\/p>\n<p><strong>Lecci\u00f3n 1: \u00bfQu\u00e9 es CAPA?<\/strong><\/p>\n<ul>\n<li>Diferencias y relaci\u00f3n entre acci\u00f3n correctiva y acci\u00f3n preventiva<\/li>\n<\/ul>\n<p><strong>Lecci\u00f3n 2: Finalidad de CAPA<\/strong><\/p>\n<p><strong>Lecci\u00f3n 3: Requisitos de CAPA<\/strong><\/p>\n<p><strong>Lecci\u00f3n 4: Procedimientos de CAPA<\/strong><\/p>\n<ul>\n<li>Identificaci\u00f3n de la no conformidad<\/li>\n<li>Evaluaci\u00f3n de la no conformidad<\/li>\n<li>Investigaci\u00f3n y an\u00e1lisis de causa ra\u00edz<\/li>\n<li>Planes de acci\u00f3n<\/li>\n<li>Implementaci\u00f3n del plan de acci\u00f3n<\/li>\n<li>Verificaci\u00f3n<\/li>\n<li>Cierre<\/li>\n<\/ul>\n<p><strong>Lecci\u00f3n 5: Objetivos de CAPA<\/strong><\/p>\n<p><strong>Lecci\u00f3n 6: Cumplimentaci\u00f3n del formulario de plantilla CAPA<\/strong><\/p>\n<p><strong>Glosario<\/strong><\/p>\n<p><strong>Conclusi\u00f3n<\/strong><\/p>\n<p><strong>Evaluaci\u00f3n final<\/strong><\/p>\n","protected":false},"excerpt":{"rendered":"<p>Acci\u00f3n correctiva y acci\u00f3n preventiva (CAPA) es un requisito clave de GMP de la FDA que se utiliza para investigar no conformidades, identificar causas ra\u00edz y evitar que los problemas se repitan en operaciones farmac\u00e9uticas y de productos sanitarios. Este curso ofrece una introducci\u00f3n pr\u00e1ctica a los principios de CAPA conforme a FDA 21 CFR [&hellip;]<\/p>\n","protected":false},"featured_media":43011,"template":"","meta":{"_acf_changed":false,"content-type":""},"product_brand":[],"product_cat":[282,265,283,271,273,270,269,266],"product_tag":[],"class_list":{"0":"post-57399","1":"product","2":"type-product","3":"status-publish","4":"has-post-thumbnail","6":"product_cat-alimentacion-y-nutricion","7":"product_cat-bpf-buenas-practicas-de-fabricacion","8":"product_cat-cosmetica","9":"product_cat-garantia-de-calidad","10":"product_cat-intersectorial","11":"product_cat-organizacion-de-investigacion-por-contrato-cro","12":"product_cat-productos-farmaceuticos","13":"product_cat-productos-sanitarios","15":"first","16":"instock","17":"taxable","18":"shipping-taxable","19":"purchasable","20":"product-type-subscription"},"bundled_by":[],"bundle_stock_status":"instock","bundle_stock_quantity":null,"bundle_virtual":false,"bundle_layout":"","bundle_add_to_cart_form_location":"","bundle_editable_in_cart":false,"bundle_sold_individually_context":"","bundle_item_grouping":"","bundle_min_size":"","bundle_max_size":"","bundle_price":[],"bundled_items":[],"bundle_sell_ids":[],"acf":[],"yoast_head":"<!-- This site is optimized with the Yoast SEO plugin v27.5 - https:\/\/yoast.com\/product\/yoast-seo-wordpress\/ -->\n<title>Curso certificado CAPA | Acciones correctivas y preventivas para GMP<\/title>\n<meta name=\"description\" content=\"Empiece su curso online de CAPA y obtenga la certificaci\u00f3n CPD\/CEU. Domine el cumplimiento de GMP de la FDA, el an\u00e1lisis de causa ra\u00edz y la gesti\u00f3n de no conformidades para equipos farmac\u00e9uticos y de productos sanitarios.\" \/>\n<meta name=\"robots\" content=\"index, follow, max-snippet:-1, max-image-preview:large, max-video-preview:-1\" \/>\n<link rel=\"canonical\" href=\"https:\/\/gxp-training.com\/es\/online-course\/formacion-en-acciones-correctivas-y-preventivas-capa\/\" \/>\n<meta property=\"og:locale\" content=\"es_ES\" \/>\n<meta property=\"og:type\" content=\"article\" \/>\n<meta property=\"og:title\" content=\"Curso certificado CAPA | Acciones correctivas y preventivas para GMP\" \/>\n<meta property=\"og:description\" content=\"Empiece su curso online de CAPA y obtenga la certificaci\u00f3n CPD\/CEU. Domine el cumplimiento de GMP de la FDA, el an\u00e1lisis de causa ra\u00edz y la gesti\u00f3n de no conformidades para equipos farmac\u00e9uticos y de productos sanitarios.\" \/>\n<meta property=\"og:url\" content=\"https:\/\/gxp-training.com\/es\/online-course\/formacion-en-acciones-correctivas-y-preventivas-capa\/\" \/>\n<meta property=\"og:site_name\" content=\"GxP Training : Certified Online Courses for Life Sciences\" \/>\n<meta property=\"og:image\" content=\"https:\/\/gxp-training.com\/wp-content\/uploads\/2022\/05\/CAPA-online-training.png\" \/>\n\t<meta property=\"og:image:width\" content=\"900\" \/>\n\t<meta property=\"og:image:height\" content=\"627\" \/>\n\t<meta property=\"og:image:type\" content=\"image\/png\" \/>\n<meta name=\"twitter:card\" content=\"summary_large_image\" \/>\n<meta name=\"twitter:label1\" content=\"Tiempo de lectura\" \/>\n\t<meta name=\"twitter:data1\" content=\"1 minuto\" \/>\n<script type=\"application\/ld+json\" class=\"yoast-schema-graph\">{\"@context\":\"https:\\\/\\\/schema.org\",\"@graph\":[{\"@type\":\"WebPage\",\"@id\":\"https:\\\/\\\/gxp-training.com\\\/es\\\/online-course\\\/formacion-en-acciones-correctivas-y-preventivas-capa\\\/\",\"url\":\"https:\\\/\\\/gxp-training.com\\\/es\\\/online-course\\\/formacion-en-acciones-correctivas-y-preventivas-capa\\\/\",\"name\":\"Curso certificado CAPA | Acciones correctivas y preventivas para GMP\",\"isPartOf\":{\"@id\":\"https:\\\/\\\/gxp-training.com\\\/es\\\/#website\"},\"primaryImageOfPage\":{\"@id\":\"https:\\\/\\\/gxp-training.com\\\/es\\\/online-course\\\/formacion-en-acciones-correctivas-y-preventivas-capa\\\/#primaryimage\"},\"image\":{\"@id\":\"https:\\\/\\\/gxp-training.com\\\/es\\\/online-course\\\/formacion-en-acciones-correctivas-y-preventivas-capa\\\/#primaryimage\"},\"thumbnailUrl\":\"https:\\\/\\\/gxp-training.com\\\/wp-content\\\/uploads\\\/2022\\\/05\\\/CAPA-online-training.png\",\"datePublished\":\"2022-05-23T09:08:19+00:00\",\"description\":\"Empiece su curso online de CAPA y obtenga la certificaci\u00f3n CPD\\\/CEU. Domine el cumplimiento de GMP de la FDA, el an\u00e1lisis de causa ra\u00edz y la gesti\u00f3n de no conformidades para equipos farmac\u00e9uticos y de productos sanitarios.\",\"breadcrumb\":{\"@id\":\"https:\\\/\\\/gxp-training.com\\\/es\\\/online-course\\\/formacion-en-acciones-correctivas-y-preventivas-capa\\\/#breadcrumb\"},\"inLanguage\":\"es\",\"potentialAction\":[{\"@type\":\"ReadAction\",\"target\":[\"https:\\\/\\\/gxp-training.com\\\/es\\\/online-course\\\/formacion-en-acciones-correctivas-y-preventivas-capa\\\/\"]}]},{\"@type\":\"ImageObject\",\"inLanguage\":\"es\",\"@id\":\"https:\\\/\\\/gxp-training.com\\\/es\\\/online-course\\\/formacion-en-acciones-correctivas-y-preventivas-capa\\\/#primaryimage\",\"url\":\"https:\\\/\\\/gxp-training.com\\\/wp-content\\\/uploads\\\/2022\\\/05\\\/CAPA-online-training.png\",\"contentUrl\":\"https:\\\/\\\/gxp-training.com\\\/wp-content\\\/uploads\\\/2022\\\/05\\\/CAPA-online-training.png\",\"width\":900,\"height\":627},{\"@type\":\"BreadcrumbList\",\"@id\":\"https:\\\/\\\/gxp-training.com\\\/es\\\/online-course\\\/formacion-en-acciones-correctivas-y-preventivas-capa\\\/#breadcrumb\",\"itemListElement\":[{\"@type\":\"ListItem\",\"position\":1,\"name\":\"Inicio\",\"item\":\"https:\\\/\\\/gxp-training.com\\\/es\\\/pagina-de-inicio\\\/\"},{\"@type\":\"ListItem\",\"position\":2,\"name\":\"Productos\",\"item\":\"https:\\\/\\\/gxp-training.com\\\/es\\\/shop\\\/\"},{\"@type\":\"ListItem\",\"position\":3,\"name\":\"Formaci\u00f3n en acciones correctivas y preventivas (CAPA)\"}]},{\"@type\":\"WebSite\",\"@id\":\"https:\\\/\\\/gxp-training.com\\\/es\\\/#website\",\"url\":\"https:\\\/\\\/gxp-training.com\\\/es\\\/\",\"name\":\"GxP Training : Certified Online Courses for Life Sciences\",\"description\":\"Online Trainings and Certified Courses in Regulatory Compliance for Pharmaceutical Experts\",\"publisher\":{\"@id\":\"https:\\\/\\\/gxp-training.com\\\/es\\\/#organization\"},\"potentialAction\":[{\"@type\":\"SearchAction\",\"target\":{\"@type\":\"EntryPoint\",\"urlTemplate\":\"https:\\\/\\\/gxp-training.com\\\/es\\\/?s={search_term_string}\"},\"query-input\":{\"@type\":\"PropertyValueSpecification\",\"valueRequired\":true,\"valueName\":\"search_term_string\"}}],\"inLanguage\":\"es\"},{\"@type\":\"Organization\",\"@id\":\"https:\\\/\\\/gxp-training.com\\\/es\\\/#organization\",\"name\":\"GXP Training\",\"url\":\"https:\\\/\\\/gxp-training.com\\\/es\\\/\",\"logo\":{\"@type\":\"ImageObject\",\"inLanguage\":\"es\",\"@id\":\"https:\\\/\\\/gxp-training.com\\\/es\\\/#\\\/schema\\\/logo\\\/image\\\/\",\"url\":\"https:\\\/\\\/gxp-training.com\\\/wp-content\\\/uploads\\\/2022\\\/05\\\/logo-resize.png\",\"contentUrl\":\"https:\\\/\\\/gxp-training.com\\\/wp-content\\\/uploads\\\/2022\\\/05\\\/logo-resize.png\",\"width\":350,\"height\":100,\"caption\":\"GXP Training\"},\"image\":{\"@id\":\"https:\\\/\\\/gxp-training.com\\\/es\\\/#\\\/schema\\\/logo\\\/image\\\/\"}}]}<\/script>\n<!-- \/ Yoast SEO plugin. -->","yoast_head_json":{"title":"Curso certificado CAPA | Acciones correctivas y preventivas para GMP","description":"Empiece su curso online de CAPA y obtenga la certificaci\u00f3n CPD\/CEU. Domine el cumplimiento de GMP de la FDA, el an\u00e1lisis de causa ra\u00edz y la gesti\u00f3n de no conformidades para equipos farmac\u00e9uticos y de productos sanitarios.","robots":{"index":"index","follow":"follow","max-snippet":"max-snippet:-1","max-image-preview":"max-image-preview:large","max-video-preview":"max-video-preview:-1"},"canonical":"https:\/\/gxp-training.com\/es\/online-course\/formacion-en-acciones-correctivas-y-preventivas-capa\/","og_locale":"es_ES","og_type":"article","og_title":"Curso certificado CAPA | Acciones correctivas y preventivas para GMP","og_description":"Empiece su curso online de CAPA y obtenga la certificaci\u00f3n CPD\/CEU. Domine el cumplimiento de GMP de la FDA, el an\u00e1lisis de causa ra\u00edz y la gesti\u00f3n de no conformidades para equipos farmac\u00e9uticos y de productos sanitarios.","og_url":"https:\/\/gxp-training.com\/es\/online-course\/formacion-en-acciones-correctivas-y-preventivas-capa\/","og_site_name":"GxP Training : Certified Online Courses for Life Sciences","og_image":[{"width":900,"height":627,"url":"https:\/\/gxp-training.com\/wp-content\/uploads\/2022\/05\/CAPA-online-training.png","type":"image\/png"}],"twitter_card":"summary_large_image","twitter_misc":{"Tiempo de lectura":"1 minuto"},"schema":{"@context":"https:\/\/schema.org","@graph":[{"@type":"WebPage","@id":"https:\/\/gxp-training.com\/es\/online-course\/formacion-en-acciones-correctivas-y-preventivas-capa\/","url":"https:\/\/gxp-training.com\/es\/online-course\/formacion-en-acciones-correctivas-y-preventivas-capa\/","name":"Curso certificado CAPA | Acciones correctivas y preventivas para GMP","isPartOf":{"@id":"https:\/\/gxp-training.com\/es\/#website"},"primaryImageOfPage":{"@id":"https:\/\/gxp-training.com\/es\/online-course\/formacion-en-acciones-correctivas-y-preventivas-capa\/#primaryimage"},"image":{"@id":"https:\/\/gxp-training.com\/es\/online-course\/formacion-en-acciones-correctivas-y-preventivas-capa\/#primaryimage"},"thumbnailUrl":"https:\/\/gxp-training.com\/wp-content\/uploads\/2022\/05\/CAPA-online-training.png","datePublished":"2022-05-23T09:08:19+00:00","description":"Empiece su curso online de CAPA y obtenga la certificaci\u00f3n CPD\/CEU. Domine el cumplimiento de GMP de la FDA, el an\u00e1lisis de causa ra\u00edz y la gesti\u00f3n de no conformidades para equipos farmac\u00e9uticos y de productos sanitarios.","breadcrumb":{"@id":"https:\/\/gxp-training.com\/es\/online-course\/formacion-en-acciones-correctivas-y-preventivas-capa\/#breadcrumb"},"inLanguage":"es","potentialAction":[{"@type":"ReadAction","target":["https:\/\/gxp-training.com\/es\/online-course\/formacion-en-acciones-correctivas-y-preventivas-capa\/"]}]},{"@type":"ImageObject","inLanguage":"es","@id":"https:\/\/gxp-training.com\/es\/online-course\/formacion-en-acciones-correctivas-y-preventivas-capa\/#primaryimage","url":"https:\/\/gxp-training.com\/wp-content\/uploads\/2022\/05\/CAPA-online-training.png","contentUrl":"https:\/\/gxp-training.com\/wp-content\/uploads\/2022\/05\/CAPA-online-training.png","width":900,"height":627},{"@type":"BreadcrumbList","@id":"https:\/\/gxp-training.com\/es\/online-course\/formacion-en-acciones-correctivas-y-preventivas-capa\/#breadcrumb","itemListElement":[{"@type":"ListItem","position":1,"name":"Inicio","item":"https:\/\/gxp-training.com\/es\/pagina-de-inicio\/"},{"@type":"ListItem","position":2,"name":"Productos","item":"https:\/\/gxp-training.com\/es\/shop\/"},{"@type":"ListItem","position":3,"name":"Formaci\u00f3n en acciones correctivas y preventivas (CAPA)"}]},{"@type":"WebSite","@id":"https:\/\/gxp-training.com\/es\/#website","url":"https:\/\/gxp-training.com\/es\/","name":"GxP Training : Certified Online Courses for Life Sciences","description":"Online Trainings and Certified Courses in Regulatory Compliance for Pharmaceutical Experts","publisher":{"@id":"https:\/\/gxp-training.com\/es\/#organization"},"potentialAction":[{"@type":"SearchAction","target":{"@type":"EntryPoint","urlTemplate":"https:\/\/gxp-training.com\/es\/?s={search_term_string}"},"query-input":{"@type":"PropertyValueSpecification","valueRequired":true,"valueName":"search_term_string"}}],"inLanguage":"es"},{"@type":"Organization","@id":"https:\/\/gxp-training.com\/es\/#organization","name":"GXP Training","url":"https:\/\/gxp-training.com\/es\/","logo":{"@type":"ImageObject","inLanguage":"es","@id":"https:\/\/gxp-training.com\/es\/#\/schema\/logo\/image\/","url":"https:\/\/gxp-training.com\/wp-content\/uploads\/2022\/05\/logo-resize.png","contentUrl":"https:\/\/gxp-training.com\/wp-content\/uploads\/2022\/05\/logo-resize.png","width":350,"height":100,"caption":"GXP Training"},"image":{"@id":"https:\/\/gxp-training.com\/es\/#\/schema\/logo\/image\/"}}]}},"_links":{"self":[{"href":"https:\/\/gxp-training.com\/es\/wp-json\/wp\/v2\/product\/57399","targetHints":{"allow":["GET"]}}],"collection":[{"href":"https:\/\/gxp-training.com\/es\/wp-json\/wp\/v2\/product"}],"about":[{"href":"https:\/\/gxp-training.com\/es\/wp-json\/wp\/v2\/types\/product"}],"wp:featuredmedia":[{"embeddable":true,"href":"https:\/\/gxp-training.com\/es\/wp-json\/wp\/v2\/media\/43011"}],"wp:attachment":[{"href":"https:\/\/gxp-training.com\/es\/wp-json\/wp\/v2\/media?parent=57399"}],"wp:term":[{"taxonomy":"product_brand","embeddable":true,"href":"https:\/\/gxp-training.com\/es\/wp-json\/wp\/v2\/product_brand?post=57399"},{"taxonomy":"product_cat","embeddable":true,"href":"https:\/\/gxp-training.com\/es\/wp-json\/wp\/v2\/product_cat?post=57399"},{"taxonomy":"product_tag","embeddable":true,"href":"https:\/\/gxp-training.com\/es\/wp-json\/wp\/v2\/product_tag?post=57399"}],"curies":[{"name":"wp","href":"https:\/\/api.w.org\/{rel}","templated":true}]}}