{"id":57377,"date":"2022-05-24T10:06:20","date_gmt":"2022-05-24T08:06:20","guid":{"rendered":"https:\/\/gxp-training.com\/online-course\/introduccion-a-las-buenas-practicas-actuales-cgxp\/"},"modified":"2022-05-24T10:06:20","modified_gmt":"2022-05-24T08:06:20","slug":"introduccion-a-las-buenas-practicas-actuales-cgxp","status":"publish","type":"product","link":"https:\/\/gxp-training.com\/es\/online-course\/introduccion-a-las-buenas-practicas-actuales-cgxp\/","title":{"rendered":"Introducci\u00f3n a las Buenas Pr\u00e1cticas Actuales (cGxP)"},"content":{"rendered":"<p>Las <a href=\"https:\/\/www.fda.gov\/drugs\/pharmaceutical-quality-resources\/current-good-manufacturing-practice-cgmp-regulations\">Buenas Pr\u00e1cticas Actuales<\/a> (cGxP) constituyen la columna vertebral del cumplimiento normativo en la industria de las ciencias de la vida, abarcando GMP, GLP, GCP, GDP y m\u00e1s. Este curso introductorio le proporciona una comprensi\u00f3n clara y consolidada de c\u00f3mo se conectan estos marcos y qu\u00e9 requieren a lo largo del ciclo de vida del producto. <\/p>\n<p>Tras su finalizaci\u00f3n con \u00e9xito, recibir\u00e1 un <strong>certificado validado acreditado con cr\u00e9ditos CPD\/CEU<\/strong>, v\u00e1lido para auditor\u00edas y documentaci\u00f3n de cumplimiento normativo.<\/p>\n<p><strong>\u00bfQui\u00e9n debe inscribirse?<\/strong><\/p>\n<ul>\n<li>Profesionales reci\u00e9n incorporados y en transici\u00f3n hacia entornos <a href=\"https:\/\/gxp-training.com\/es\/\">regulados por GxP<\/a><\/li>\n<li>Personal de <a href=\"https:\/\/gxp-training.com\/es\/gxp-courses\/garantia-de-calidad\/\">calidad<\/a>, regulaci\u00f3n, cumplimiento normativo, <a href=\"https:\/\/gxp-training.com\/es\/gxp-courses\/laboratorios\/\">laboratorio<\/a> o fabricaci\u00f3n<\/li>\n<li>Profesionales de <a href=\"https:\/\/gxp-training.com\/es\/gxp-courses\/asuntos-regulatorios\/\">asuntos regulatorios<\/a> y QA que buscan una visi\u00f3n consolidada de cGxP<\/li>\n<li>Equipos de formaci\u00f3n y RRHH que desarrollan programas de incorporaci\u00f3n para industrias reguladas<\/li>\n<\/ul>\n<p><strong>\u00bfQu\u00e9 aprender\u00e1?<\/strong><\/p>\n<ul>\n<li>El prop\u00f3sito y alcance de cGxP a lo largo del ciclo de vida del producto<\/li>\n<li>Organismos reguladores clave y las disciplinas que gobiernan (GMP, GLP, GCP, GDP, GDocP)<\/li>\n<li>Riesgos del incumplimiento normativo y c\u00f3mo construir sistemas eficaces de gesti\u00f3n del cumplimiento<\/li>\n<li>Integridad de datos y buenas pr\u00e1cticas de documentaci\u00f3n dentro del marco cGxP<\/li>\n<li>Aspectos esenciales de implementaci\u00f3n de cGxP y preparaci\u00f3n para la validaci\u00f3n<\/li>\n<\/ul>\n<p>&nbsp;<\/p>\n<h3>Programa<\/h3>\n<p><strong>Introducci\u00f3n<\/strong><\/p>\n<p><strong>Lecci\u00f3n 1: Comprensi\u00f3n de cGxP<\/strong><\/p>\n<ul>\n<li>\u00bfQu\u00e9 es cGxP?<\/li>\n<li>Impacto de cGxP<\/li>\n<\/ul>\n<p><strong>Lecci\u00f3n 2: Organismos reguladores de la industria farmac\u00e9utica<\/strong><\/p>\n<ul>\n<li>GxP clave en la industria farmac\u00e9utica<\/li>\n<\/ul>\n<p><strong>Lecci\u00f3n 3: El incumplimiento normativo: un obst\u00e1culo importante<\/strong><\/p>\n<ul>\n<li>Desaf\u00edos en la gesti\u00f3n del cumplimiento normativo<\/li>\n<li>Hoja de ruta para construir un sistema de gesti\u00f3n del cumplimiento normativo eficaz y eficiente<\/li>\n<li>Iniciativas internas<\/li>\n<\/ul>\n<p><strong>Lecci\u00f3n 4: Cumplir y mantener los est\u00e1ndares requeridos para las buenas pr\u00e1cticas en la industria farmac\u00e9utica<\/strong><\/p>\n<p><strong>Lecci\u00f3n 5: El impacto de la Covid-19 en las regulaciones de productos biol\u00f3gicos<\/strong><\/p>\n<ul>\n<li>Papel de la MHRA<\/li>\n<li><a href=\"https:\/\/gxp-training.com\/online-course\/gcp-clinical-trials-certified-learning-path\/\">Buenas Pr\u00e1cticas Cl\u00ednicas<\/a><\/li>\n<li>Cumplimiento de las Buenas Pr\u00e1cticas de Laboratorio<\/li>\n<\/ul>\n<p><strong>Lecci\u00f3n 6: Formaci\u00f3n en buena gesti\u00f3n de datos y registros<\/strong><\/p>\n<ul>\n<li>Buenas Pr\u00e1cticas de Documentaci\u00f3n<\/li>\n<\/ul>\n<p><strong>Lecci\u00f3n 7: Dise\u00f1o y validaci\u00f3n de sistemas para asegurar la calidad y fiabilidad de los datos<\/strong><\/p>\n<ul>\n<li>Validaci\u00f3n para <a href=\"https:\/\/gxp-training.com\/online-course\/pharmaceutical-data-integrity-alcoa-and-alcoa\/\">asegurar las buenas pr\u00e1cticas de documentaci\u00f3n de datos electr\u00f3nicos<\/a><\/li>\n<li>Participaci\u00f3n del usuario<\/li>\n<li>Controles de configuraci\u00f3n y dise\u00f1o<\/li>\n<\/ul>\n<p><strong>Lecci\u00f3n 8: Ciclo de vida de los datos<\/strong><\/p>\n<ul>\n<li><a href=\"https:\/\/gxp-training.com\/online-course\/how-to-write-effective-standard-operating-procedures-sops-for-iso-certified-course\/\">POE<\/a> y formaci\u00f3n<\/li>\n<li>Gesti\u00f3n de datos y registros a lo largo del ciclo de vida de los datos<\/li>\n<li>Recopilaci\u00f3n y registro de datos<\/li>\n<\/ul>\n<p><strong>Lecci\u00f3n 9: Implementaci\u00f3n de cGxP<\/strong><\/p>\n<ul>\n<li>Lista de verificaci\u00f3n de preparaci\u00f3n para GxP<\/li>\n<li>Prep\u00e1rese para su proceso de validaci\u00f3n<\/li>\n<\/ul>\n<p><strong>Conclusi\u00f3n<\/strong><\/p>\n<p><strong>Glosario<\/strong><\/p>\n<p><strong>Cuestionario<\/strong><\/p>\n","protected":false},"excerpt":{"rendered":"<p>Las Buenas Pr\u00e1cticas Actuales (cGxP) constituyen la columna vertebral del cumplimiento normativo en la industria de las ciencias de la vida, abarcando GMP, GLP, GCP, GDP y m\u00e1s. Este curso introductorio le proporciona una comprensi\u00f3n clara y consolidada de c\u00f3mo se conectan estos marcos y qu\u00e9 requieren a lo largo del ciclo de vida del [&hellip;]<\/p>\n","protected":false},"featured_media":43770,"template":"","meta":{"_acf_changed":false,"content-type":""},"product_brand":[],"product_cat":[280,271,278,273,269],"product_tag":[],"class_list":{"0":"post-57377","1":"product","2":"type-product","3":"status-publish","4":"has-post-thumbnail","6":"product_cat-bpd-buenas-practicas-de-distribucion","7":"product_cat-garantia-de-calidad","8":"product_cat-glp-buenas-practicas-de-laboratorio","9":"product_cat-intersectorial","10":"product_cat-productos-farmaceuticos","12":"first","13":"instock","14":"taxable","15":"shipping-taxable","16":"purchasable","17":"product-type-subscription"},"bundled_by":[],"bundle_stock_status":"instock","bundle_stock_quantity":null,"bundle_virtual":false,"bundle_layout":"","bundle_add_to_cart_form_location":"","bundle_editable_in_cart":false,"bundle_sold_individually_context":"","bundle_item_grouping":"","bundle_min_size":"","bundle_max_size":"","bundle_price":[],"bundled_items":[],"bundle_sell_ids":[],"acf":[],"yoast_head":"<!-- This site is optimized with the Yoast SEO plugin v27.5 - https:\/\/yoast.com\/product\/yoast-seo-wordpress\/ -->\n<title>Curso Online de Buenas Pr\u00e1cticas Actuales (cGxP) | Certificado CPD\/CEU<\/title>\n<meta name=\"description\" content=\"Comience su curso online de cGxP y obtenga la certificaci\u00f3n CPD\/CEU. Domine los marcos GMP, GLP, GCP, GDP y GDocP para desenvolverse con confianza en entornos regulados. Inscr\u00edbase hoy.\" \/>\n<meta name=\"robots\" content=\"index, follow, max-snippet:-1, max-image-preview:large, max-video-preview:-1\" \/>\n<link rel=\"canonical\" href=\"https:\/\/gxp-training.com\/es\/online-course\/introduccion-a-las-buenas-practicas-actuales-cgxp\/\" \/>\n<meta property=\"og:locale\" content=\"es_ES\" \/>\n<meta property=\"og:type\" content=\"article\" \/>\n<meta property=\"og:title\" content=\"Curso Online de Buenas Pr\u00e1cticas Actuales (cGxP) | Certificado CPD\/CEU\" \/>\n<meta property=\"og:description\" content=\"Comience su curso online de cGxP y obtenga la certificaci\u00f3n CPD\/CEU. Domine los marcos GMP, GLP, GCP, GDP y GDocP para desenvolverse con confianza en entornos regulados. Inscr\u00edbase hoy.\" \/>\n<meta property=\"og:url\" content=\"https:\/\/gxp-training.com\/es\/online-course\/introduccion-a-las-buenas-practicas-actuales-cgxp\/\" \/>\n<meta property=\"og:site_name\" content=\"GxP Training : Certified Online Courses for Life Sciences\" \/>\n<meta property=\"og:image\" content=\"https:\/\/gxp-training.com\/wp-content\/uploads\/2022\/05\/current-good-practice-cgxp-1.png\" \/>\n\t<meta property=\"og:image:width\" content=\"900\" \/>\n\t<meta property=\"og:image:height\" content=\"627\" \/>\n\t<meta property=\"og:image:type\" content=\"image\/png\" \/>\n<meta name=\"twitter:card\" content=\"summary_large_image\" \/>\n<meta name=\"twitter:label1\" content=\"Tiempo de lectura\" \/>\n\t<meta name=\"twitter:data1\" content=\"2 minutos\" \/>\n<script type=\"application\/ld+json\" class=\"yoast-schema-graph\">{\"@context\":\"https:\\\/\\\/schema.org\",\"@graph\":[{\"@type\":\"WebPage\",\"@id\":\"https:\\\/\\\/gxp-training.com\\\/es\\\/online-course\\\/introduccion-a-las-buenas-practicas-actuales-cgxp\\\/\",\"url\":\"https:\\\/\\\/gxp-training.com\\\/es\\\/online-course\\\/introduccion-a-las-buenas-practicas-actuales-cgxp\\\/\",\"name\":\"Curso Online de Buenas Pr\u00e1cticas Actuales (cGxP) | Certificado CPD\\\/CEU\",\"isPartOf\":{\"@id\":\"https:\\\/\\\/gxp-training.com\\\/es\\\/#website\"},\"primaryImageOfPage\":{\"@id\":\"https:\\\/\\\/gxp-training.com\\\/es\\\/online-course\\\/introduccion-a-las-buenas-practicas-actuales-cgxp\\\/#primaryimage\"},\"image\":{\"@id\":\"https:\\\/\\\/gxp-training.com\\\/es\\\/online-course\\\/introduccion-a-las-buenas-practicas-actuales-cgxp\\\/#primaryimage\"},\"thumbnailUrl\":\"https:\\\/\\\/gxp-training.com\\\/wp-content\\\/uploads\\\/2022\\\/05\\\/current-good-practice-cgxp-1.png\",\"datePublished\":\"2022-05-24T08:06:20+00:00\",\"description\":\"Comience su curso online de cGxP y obtenga la certificaci\u00f3n CPD\\\/CEU. Domine los marcos GMP, GLP, GCP, GDP y GDocP para desenvolverse con confianza en entornos regulados. Inscr\u00edbase hoy.\",\"breadcrumb\":{\"@id\":\"https:\\\/\\\/gxp-training.com\\\/es\\\/online-course\\\/introduccion-a-las-buenas-practicas-actuales-cgxp\\\/#breadcrumb\"},\"inLanguage\":\"es\",\"potentialAction\":[{\"@type\":\"ReadAction\",\"target\":[\"https:\\\/\\\/gxp-training.com\\\/es\\\/online-course\\\/introduccion-a-las-buenas-practicas-actuales-cgxp\\\/\"]}]},{\"@type\":\"ImageObject\",\"inLanguage\":\"es\",\"@id\":\"https:\\\/\\\/gxp-training.com\\\/es\\\/online-course\\\/introduccion-a-las-buenas-practicas-actuales-cgxp\\\/#primaryimage\",\"url\":\"https:\\\/\\\/gxp-training.com\\\/wp-content\\\/uploads\\\/2022\\\/05\\\/current-good-practice-cgxp-1.png\",\"contentUrl\":\"https:\\\/\\\/gxp-training.com\\\/wp-content\\\/uploads\\\/2022\\\/05\\\/current-good-practice-cgxp-1.png\",\"width\":900,\"height\":627},{\"@type\":\"BreadcrumbList\",\"@id\":\"https:\\\/\\\/gxp-training.com\\\/es\\\/online-course\\\/introduccion-a-las-buenas-practicas-actuales-cgxp\\\/#breadcrumb\",\"itemListElement\":[{\"@type\":\"ListItem\",\"position\":1,\"name\":\"Inicio\",\"item\":\"https:\\\/\\\/gxp-training.com\\\/es\\\/pagina-de-inicio\\\/\"},{\"@type\":\"ListItem\",\"position\":2,\"name\":\"Productos\",\"item\":\"https:\\\/\\\/gxp-training.com\\\/es\\\/shop\\\/\"},{\"@type\":\"ListItem\",\"position\":3,\"name\":\"Introducci\u00f3n a las Buenas Pr\u00e1cticas Actuales (cGxP)\"}]},{\"@type\":\"WebSite\",\"@id\":\"https:\\\/\\\/gxp-training.com\\\/es\\\/#website\",\"url\":\"https:\\\/\\\/gxp-training.com\\\/es\\\/\",\"name\":\"GxP Training : Certified Online Courses for Life Sciences\",\"description\":\"Online Trainings and Certified Courses in Regulatory Compliance for Pharmaceutical Experts\",\"publisher\":{\"@id\":\"https:\\\/\\\/gxp-training.com\\\/es\\\/#organization\"},\"potentialAction\":[{\"@type\":\"SearchAction\",\"target\":{\"@type\":\"EntryPoint\",\"urlTemplate\":\"https:\\\/\\\/gxp-training.com\\\/es\\\/?s={search_term_string}\"},\"query-input\":{\"@type\":\"PropertyValueSpecification\",\"valueRequired\":true,\"valueName\":\"search_term_string\"}}],\"inLanguage\":\"es\"},{\"@type\":\"Organization\",\"@id\":\"https:\\\/\\\/gxp-training.com\\\/es\\\/#organization\",\"name\":\"GXP Training\",\"url\":\"https:\\\/\\\/gxp-training.com\\\/es\\\/\",\"logo\":{\"@type\":\"ImageObject\",\"inLanguage\":\"es\",\"@id\":\"https:\\\/\\\/gxp-training.com\\\/es\\\/#\\\/schema\\\/logo\\\/image\\\/\",\"url\":\"https:\\\/\\\/gxp-training.com\\\/wp-content\\\/uploads\\\/2022\\\/05\\\/logo-resize.png\",\"contentUrl\":\"https:\\\/\\\/gxp-training.com\\\/wp-content\\\/uploads\\\/2022\\\/05\\\/logo-resize.png\",\"width\":350,\"height\":100,\"caption\":\"GXP Training\"},\"image\":{\"@id\":\"https:\\\/\\\/gxp-training.com\\\/es\\\/#\\\/schema\\\/logo\\\/image\\\/\"}}]}<\/script>\n<!-- \/ Yoast SEO plugin. -->","yoast_head_json":{"title":"Curso Online de Buenas Pr\u00e1cticas Actuales (cGxP) | Certificado CPD\/CEU","description":"Comience su curso online de cGxP y obtenga la certificaci\u00f3n CPD\/CEU. Domine los marcos GMP, GLP, GCP, GDP y GDocP para desenvolverse con confianza en entornos regulados. Inscr\u00edbase hoy.","robots":{"index":"index","follow":"follow","max-snippet":"max-snippet:-1","max-image-preview":"max-image-preview:large","max-video-preview":"max-video-preview:-1"},"canonical":"https:\/\/gxp-training.com\/es\/online-course\/introduccion-a-las-buenas-practicas-actuales-cgxp\/","og_locale":"es_ES","og_type":"article","og_title":"Curso Online de Buenas Pr\u00e1cticas Actuales (cGxP) | Certificado CPD\/CEU","og_description":"Comience su curso online de cGxP y obtenga la certificaci\u00f3n CPD\/CEU. Domine los marcos GMP, GLP, GCP, GDP y GDocP para desenvolverse con confianza en entornos regulados. Inscr\u00edbase hoy.","og_url":"https:\/\/gxp-training.com\/es\/online-course\/introduccion-a-las-buenas-practicas-actuales-cgxp\/","og_site_name":"GxP Training : Certified Online Courses for Life Sciences","og_image":[{"width":900,"height":627,"url":"https:\/\/gxp-training.com\/wp-content\/uploads\/2022\/05\/current-good-practice-cgxp-1.png","type":"image\/png"}],"twitter_card":"summary_large_image","twitter_misc":{"Tiempo de lectura":"2 minutos"},"schema":{"@context":"https:\/\/schema.org","@graph":[{"@type":"WebPage","@id":"https:\/\/gxp-training.com\/es\/online-course\/introduccion-a-las-buenas-practicas-actuales-cgxp\/","url":"https:\/\/gxp-training.com\/es\/online-course\/introduccion-a-las-buenas-practicas-actuales-cgxp\/","name":"Curso Online de Buenas Pr\u00e1cticas Actuales (cGxP) | Certificado CPD\/CEU","isPartOf":{"@id":"https:\/\/gxp-training.com\/es\/#website"},"primaryImageOfPage":{"@id":"https:\/\/gxp-training.com\/es\/online-course\/introduccion-a-las-buenas-practicas-actuales-cgxp\/#primaryimage"},"image":{"@id":"https:\/\/gxp-training.com\/es\/online-course\/introduccion-a-las-buenas-practicas-actuales-cgxp\/#primaryimage"},"thumbnailUrl":"https:\/\/gxp-training.com\/wp-content\/uploads\/2022\/05\/current-good-practice-cgxp-1.png","datePublished":"2022-05-24T08:06:20+00:00","description":"Comience su curso online de cGxP y obtenga la certificaci\u00f3n CPD\/CEU. Domine los marcos GMP, GLP, GCP, GDP y GDocP para desenvolverse con confianza en entornos regulados. Inscr\u00edbase hoy.","breadcrumb":{"@id":"https:\/\/gxp-training.com\/es\/online-course\/introduccion-a-las-buenas-practicas-actuales-cgxp\/#breadcrumb"},"inLanguage":"es","potentialAction":[{"@type":"ReadAction","target":["https:\/\/gxp-training.com\/es\/online-course\/introduccion-a-las-buenas-practicas-actuales-cgxp\/"]}]},{"@type":"ImageObject","inLanguage":"es","@id":"https:\/\/gxp-training.com\/es\/online-course\/introduccion-a-las-buenas-practicas-actuales-cgxp\/#primaryimage","url":"https:\/\/gxp-training.com\/wp-content\/uploads\/2022\/05\/current-good-practice-cgxp-1.png","contentUrl":"https:\/\/gxp-training.com\/wp-content\/uploads\/2022\/05\/current-good-practice-cgxp-1.png","width":900,"height":627},{"@type":"BreadcrumbList","@id":"https:\/\/gxp-training.com\/es\/online-course\/introduccion-a-las-buenas-practicas-actuales-cgxp\/#breadcrumb","itemListElement":[{"@type":"ListItem","position":1,"name":"Inicio","item":"https:\/\/gxp-training.com\/es\/pagina-de-inicio\/"},{"@type":"ListItem","position":2,"name":"Productos","item":"https:\/\/gxp-training.com\/es\/shop\/"},{"@type":"ListItem","position":3,"name":"Introducci\u00f3n a las Buenas Pr\u00e1cticas Actuales (cGxP)"}]},{"@type":"WebSite","@id":"https:\/\/gxp-training.com\/es\/#website","url":"https:\/\/gxp-training.com\/es\/","name":"GxP Training : Certified Online Courses for Life Sciences","description":"Online Trainings and Certified Courses in Regulatory Compliance for Pharmaceutical Experts","publisher":{"@id":"https:\/\/gxp-training.com\/es\/#organization"},"potentialAction":[{"@type":"SearchAction","target":{"@type":"EntryPoint","urlTemplate":"https:\/\/gxp-training.com\/es\/?s={search_term_string}"},"query-input":{"@type":"PropertyValueSpecification","valueRequired":true,"valueName":"search_term_string"}}],"inLanguage":"es"},{"@type":"Organization","@id":"https:\/\/gxp-training.com\/es\/#organization","name":"GXP Training","url":"https:\/\/gxp-training.com\/es\/","logo":{"@type":"ImageObject","inLanguage":"es","@id":"https:\/\/gxp-training.com\/es\/#\/schema\/logo\/image\/","url":"https:\/\/gxp-training.com\/wp-content\/uploads\/2022\/05\/logo-resize.png","contentUrl":"https:\/\/gxp-training.com\/wp-content\/uploads\/2022\/05\/logo-resize.png","width":350,"height":100,"caption":"GXP Training"},"image":{"@id":"https:\/\/gxp-training.com\/es\/#\/schema\/logo\/image\/"}}]}},"_links":{"self":[{"href":"https:\/\/gxp-training.com\/es\/wp-json\/wp\/v2\/product\/57377","targetHints":{"allow":["GET"]}}],"collection":[{"href":"https:\/\/gxp-training.com\/es\/wp-json\/wp\/v2\/product"}],"about":[{"href":"https:\/\/gxp-training.com\/es\/wp-json\/wp\/v2\/types\/product"}],"wp:featuredmedia":[{"embeddable":true,"href":"https:\/\/gxp-training.com\/es\/wp-json\/wp\/v2\/media\/43770"}],"wp:attachment":[{"href":"https:\/\/gxp-training.com\/es\/wp-json\/wp\/v2\/media?parent=57377"}],"wp:term":[{"taxonomy":"product_brand","embeddable":true,"href":"https:\/\/gxp-training.com\/es\/wp-json\/wp\/v2\/product_brand?post=57377"},{"taxonomy":"product_cat","embeddable":true,"href":"https:\/\/gxp-training.com\/es\/wp-json\/wp\/v2\/product_cat?post=57377"},{"taxonomy":"product_tag","embeddable":true,"href":"https:\/\/gxp-training.com\/es\/wp-json\/wp\/v2\/product_tag?post=57377"}],"curies":[{"name":"wp","href":"https:\/\/api.w.org\/{rel}","templated":true}]}}