{"id":57366,"date":"2022-05-24T10:09:44","date_gmt":"2022-05-24T08:09:44","guid":{"rendered":"https:\/\/gxp-training.com\/online-course\/seleccion-de-centros-de-ensayo\/"},"modified":"2022-05-24T10:09:44","modified_gmt":"2022-05-24T08:09:44","slug":"seleccion-de-centros-de-ensayo","status":"publish","type":"product","link":"https:\/\/gxp-training.com\/es\/online-course\/seleccion-de-centros-de-ensayo\/","title":{"rendered":"Selecci\u00f3n de centros de ensayo"},"content":{"rendered":"<p>Seleccionar el <a href=\"https:\/\/gxp-training.com\/es\/online-course\/ich-gcp-introduccion-a-las-buenas-practicas-clinicas\/\">centro de ensayo cl\u00ednico<\/a> adecuado impacta directamente en la captaci\u00f3n de pacientes, la integridad de los datos y los resultados del estudio. Este curso proporciona un marco pr\u00e1ctico para todo el proceso de selecci\u00f3n de centros, desde las evaluaciones iniciales de viabilidad hasta la evaluaci\u00f3n de las cualificaciones del personal y la gesti\u00f3n del rendimiento del centro. <\/p>\n<p>Tras completarlo con \u00e9xito, recibir\u00e1 un <strong>certificado validado acreditado con cr\u00e9ditos CPD\/CEU<\/strong>, reconocido a efectos de auditor\u00eda y cumplimiento normativo.<\/p>\n<p><strong>\u00bfQui\u00e9n debe inscribirse?<\/strong><\/p>\n<ul>\n<li>Profesionales de <a href=\"https:\/\/gxp-training.com\/online-course\/clinical-research-associate-certified-course\/\">investigaci\u00f3n cl\u00ednica<\/a><\/li>\n<li><a href=\"https:\/\/gxp-training.com\/es\/online-course\/gestion-de-estudios-patrocinados-externamente\/\">Promotores<\/a> y <a href=\"https:\/\/gxp-training.com\/es\/gxp-courses\/organizacion-de-investigacion-por-contrato-cro\/\">CRO<\/a><\/li>\n<li>Profesionales de <a href=\"https:\/\/gxp-training.com\/es\/gxp-courses\/asuntos-regulatorios\/\">asuntos regulatorios<\/a> y <a href=\"https:\/\/gxp-training.com\/es\/gxp-courses\/garantia-de-calidad\/\">calidad<\/a><\/li>\n<li>Coordinadores de estudios y asistentes de ensayos cl\u00ednicos<\/li>\n<\/ul>\n<p><strong>\u00bfQu\u00e9 aprender\u00e1?<\/strong><\/p>\n<ul>\n<li>Criterios clave para evaluar y seleccionar centros de ensayos cl\u00ednicos<\/li>\n<li>Estrategias probadas de selecci\u00f3n de centros y herramientas de evaluaci\u00f3n de viabilidad<\/li>\n<li>C\u00f3mo identificar y desarrollar centros cl\u00ednicos de alto rendimiento<\/li>\n<li>Mejores pr\u00e1cticas para una <a href=\"https:\/\/www.ema.europa.eu\/en\/ich-e6-good-clinical-practice-scientific-guideline\">gesti\u00f3n eficaz de centros cl\u00ednicos<\/a><\/li>\n<li>Desaf\u00edos comunes en la selecci\u00f3n de centros y c\u00f3mo abordarlos<\/li>\n<\/ul>\n<p>&nbsp;<\/p>\n<h3>Programa<\/h3>\n<p><strong>Introducci\u00f3n<\/strong><\/p>\n<p><strong>Lecci\u00f3n 1: Consideraciones para una selecci\u00f3n exitosa de centros<\/strong><\/p>\n<ul>\n<li>Capacidades de captaci\u00f3n de pacientes<\/li>\n<li>Cualificaci\u00f3n del personal<\/li>\n<li>Instalaciones y equipamiento<\/li>\n<\/ul>\n<p><strong>Lecci\u00f3n 2: Estrategias de selecci\u00f3n de centros<\/strong><\/p>\n<ul>\n<li>Considere el enfoque de reclutamiento de pacientes antes de la selecci\u00f3n de centros<\/li>\n<li>Localice centros que hayan realizado ensayos en su \u00e1rea terap\u00e9utica previamente<\/li>\n<li>Encuentre centros que utilicen tecnolog\u00eda actualizada<\/li>\n<\/ul>\n<p><strong>Lecci\u00f3n 3: Selecci\u00f3n de centros \u2013 Identificaci\u00f3n de centros cl\u00ednicos de alto rendimiento<\/strong><\/p>\n<ul>\n<li>Viabilidad del centro<\/li>\n<li>Captaci\u00f3n<\/li>\n<li>Cuestionarios de selecci\u00f3n de centros<\/li>\n<\/ul>\n<p><strong>Lecci\u00f3n 4: Gesti\u00f3n eficaz de centros cl\u00ednicos<\/strong><\/p>\n<ul>\n<li>Encuentre la tecnolog\u00eda para la gesti\u00f3n de centros cl\u00ednicos<\/li>\n<li>Genere un centro neur\u00e1lgico para la gesti\u00f3n de centros de ensayos cl\u00ednicos<\/li>\n<li>Realice visitas de monitorizaci\u00f3n remota<\/li>\n<\/ul>\n<p><strong>Lecci\u00f3n 5: Desaf\u00edos asociados con la selecci\u00f3n de centros para ensayos cl\u00ednicos<\/strong><\/p>\n<ul>\n<li>Factores relacionados con los participantes<\/li>\n<li>Factores contextuales y ambientales<\/li>\n<li>Factores relacionados con la investigaci\u00f3n<\/li>\n<\/ul>\n<p><strong>Lecci\u00f3n 6: Mejora de la selecci\u00f3n de centros en ensayos cl\u00ednicos<\/strong><\/p>\n<ul>\n<li>Mejora del rendimiento de centros cl\u00ednicos<\/li>\n<\/ul>\n<p><strong>Conclusi\u00f3n<\/strong><\/p>\n<p><strong>Glosario<\/strong><\/p>\n","protected":false},"excerpt":{"rendered":"<p>Seleccionar el centro de ensayo cl\u00ednico adecuado impacta directamente en la captaci\u00f3n de pacientes, la integridad de los datos y los resultados del estudio. Este curso proporciona un marco pr\u00e1ctico para todo el proceso de selecci\u00f3n de centros, desde las evaluaciones iniciales de viabilidad hasta la evaluaci\u00f3n de las cualificaciones del personal y la gesti\u00f3n [&hellip;]<\/p>\n","protected":false},"featured_media":44587,"template":"","meta":{"_acf_changed":false,"content-type":""},"product_brand":[],"product_cat":[275,279,270,269,266],"product_tag":[],"class_list":{"0":"post-57366","1":"product","2":"type-product","3":"status-publish","4":"has-post-thumbnail","6":"product_cat-gcp-ensayos-clinicos","7":"product_cat-hospitales-e-instituciones-sanitarias","8":"product_cat-organizacion-de-investigacion-por-contrato-cro","9":"product_cat-productos-farmaceuticos","10":"product_cat-productos-sanitarios","12":"first","13":"instock","14":"taxable","15":"shipping-taxable","16":"purchasable","17":"product-type-subscription"},"bundled_by":[],"bundle_stock_status":"instock","bundle_stock_quantity":null,"bundle_virtual":false,"bundle_layout":"","bundle_add_to_cart_form_location":"","bundle_editable_in_cart":false,"bundle_sold_individually_context":"","bundle_item_grouping":"","bundle_min_size":"","bundle_max_size":"","bundle_price":[],"bundled_items":[],"bundle_sell_ids":[],"acf":[],"yoast_head":"<!-- This site is optimized with the Yoast SEO plugin v27.5 - https:\/\/yoast.com\/product\/yoast-seo-wordpress\/ -->\n<title>Selecci\u00f3n de centros de ensayos cl\u00ednicos: curso online y certificaci\u00f3n<\/title>\n<meta name=\"description\" content=\"Familiar\u00edcese con el proceso de selecci\u00f3n de centros para ensayos cl\u00ednicos gracias a nuestro curso de formaci\u00f3n certificado. Aprenda a elegir la ubicaci\u00f3n perfecta para ensayos cl\u00ednicos. \u00a1Certif\u00edquese ahora!\" \/>\n<meta name=\"robots\" content=\"index, follow, max-snippet:-1, max-image-preview:large, max-video-preview:-1\" \/>\n<link rel=\"canonical\" href=\"https:\/\/gxp-training.com\/es\/online-course\/seleccion-de-centros-de-ensayo\/\" \/>\n<meta property=\"og:locale\" content=\"es_ES\" \/>\n<meta property=\"og:type\" content=\"article\" \/>\n<meta property=\"og:title\" content=\"Selecci\u00f3n de centros de ensayos cl\u00ednicos: curso online y certificaci\u00f3n\" \/>\n<meta property=\"og:description\" content=\"Familiar\u00edcese con el proceso de selecci\u00f3n de centros para ensayos cl\u00ednicos gracias a nuestro curso de formaci\u00f3n certificado. Aprenda a elegir la ubicaci\u00f3n perfecta para ensayos cl\u00ednicos. \u00a1Certif\u00edquese ahora!\" \/>\n<meta property=\"og:url\" content=\"https:\/\/gxp-training.com\/es\/online-course\/seleccion-de-centros-de-ensayo\/\" \/>\n<meta property=\"og:site_name\" content=\"GxP Training : Certified Online Courses for Life Sciences\" \/>\n<meta property=\"og:image\" content=\"https:\/\/gxp-training.com\/wp-content\/uploads\/2022\/05\/Selection-of-trial-sites.png\" \/>\n\t<meta property=\"og:image:width\" content=\"900\" \/>\n\t<meta property=\"og:image:height\" content=\"627\" \/>\n\t<meta property=\"og:image:type\" content=\"image\/png\" \/>\n<meta name=\"twitter:card\" content=\"summary_large_image\" \/>\n<meta name=\"twitter:label1\" content=\"Tiempo de lectura\" \/>\n\t<meta name=\"twitter:data1\" content=\"2 minutos\" \/>\n<script type=\"application\/ld+json\" class=\"yoast-schema-graph\">{\"@context\":\"https:\\\/\\\/schema.org\",\"@graph\":[{\"@type\":\"WebPage\",\"@id\":\"https:\\\/\\\/gxp-training.com\\\/es\\\/online-course\\\/seleccion-de-centros-de-ensayo\\\/\",\"url\":\"https:\\\/\\\/gxp-training.com\\\/es\\\/online-course\\\/seleccion-de-centros-de-ensayo\\\/\",\"name\":\"Selecci\u00f3n de centros de ensayos cl\u00ednicos: curso online y certificaci\u00f3n\",\"isPartOf\":{\"@id\":\"https:\\\/\\\/gxp-training.com\\\/es\\\/#website\"},\"primaryImageOfPage\":{\"@id\":\"https:\\\/\\\/gxp-training.com\\\/es\\\/online-course\\\/seleccion-de-centros-de-ensayo\\\/#primaryimage\"},\"image\":{\"@id\":\"https:\\\/\\\/gxp-training.com\\\/es\\\/online-course\\\/seleccion-de-centros-de-ensayo\\\/#primaryimage\"},\"thumbnailUrl\":\"https:\\\/\\\/gxp-training.com\\\/wp-content\\\/uploads\\\/2022\\\/05\\\/Selection-of-trial-sites.png\",\"datePublished\":\"2022-05-24T08:09:44+00:00\",\"description\":\"Familiar\u00edcese con el proceso de selecci\u00f3n de centros para ensayos cl\u00ednicos gracias a nuestro curso de formaci\u00f3n certificado. Aprenda a elegir la ubicaci\u00f3n perfecta para ensayos cl\u00ednicos. \u00a1Certif\u00edquese ahora!\",\"breadcrumb\":{\"@id\":\"https:\\\/\\\/gxp-training.com\\\/es\\\/online-course\\\/seleccion-de-centros-de-ensayo\\\/#breadcrumb\"},\"inLanguage\":\"es\",\"potentialAction\":[{\"@type\":\"ReadAction\",\"target\":[\"https:\\\/\\\/gxp-training.com\\\/es\\\/online-course\\\/seleccion-de-centros-de-ensayo\\\/\"]}]},{\"@type\":\"ImageObject\",\"inLanguage\":\"es\",\"@id\":\"https:\\\/\\\/gxp-training.com\\\/es\\\/online-course\\\/seleccion-de-centros-de-ensayo\\\/#primaryimage\",\"url\":\"https:\\\/\\\/gxp-training.com\\\/wp-content\\\/uploads\\\/2022\\\/05\\\/Selection-of-trial-sites.png\",\"contentUrl\":\"https:\\\/\\\/gxp-training.com\\\/wp-content\\\/uploads\\\/2022\\\/05\\\/Selection-of-trial-sites.png\",\"width\":900,\"height\":627},{\"@type\":\"BreadcrumbList\",\"@id\":\"https:\\\/\\\/gxp-training.com\\\/es\\\/online-course\\\/seleccion-de-centros-de-ensayo\\\/#breadcrumb\",\"itemListElement\":[{\"@type\":\"ListItem\",\"position\":1,\"name\":\"Inicio\",\"item\":\"https:\\\/\\\/gxp-training.com\\\/es\\\/pagina-de-inicio\\\/\"},{\"@type\":\"ListItem\",\"position\":2,\"name\":\"Productos\",\"item\":\"https:\\\/\\\/gxp-training.com\\\/es\\\/shop\\\/\"},{\"@type\":\"ListItem\",\"position\":3,\"name\":\"Selecci\u00f3n de centros de ensayo\"}]},{\"@type\":\"WebSite\",\"@id\":\"https:\\\/\\\/gxp-training.com\\\/es\\\/#website\",\"url\":\"https:\\\/\\\/gxp-training.com\\\/es\\\/\",\"name\":\"GxP Training : Certified Online Courses for Life Sciences\",\"description\":\"Online Trainings and Certified Courses in Regulatory Compliance for Pharmaceutical Experts\",\"publisher\":{\"@id\":\"https:\\\/\\\/gxp-training.com\\\/es\\\/#organization\"},\"potentialAction\":[{\"@type\":\"SearchAction\",\"target\":{\"@type\":\"EntryPoint\",\"urlTemplate\":\"https:\\\/\\\/gxp-training.com\\\/es\\\/?s={search_term_string}\"},\"query-input\":{\"@type\":\"PropertyValueSpecification\",\"valueRequired\":true,\"valueName\":\"search_term_string\"}}],\"inLanguage\":\"es\"},{\"@type\":\"Organization\",\"@id\":\"https:\\\/\\\/gxp-training.com\\\/es\\\/#organization\",\"name\":\"GXP Training\",\"url\":\"https:\\\/\\\/gxp-training.com\\\/es\\\/\",\"logo\":{\"@type\":\"ImageObject\",\"inLanguage\":\"es\",\"@id\":\"https:\\\/\\\/gxp-training.com\\\/es\\\/#\\\/schema\\\/logo\\\/image\\\/\",\"url\":\"https:\\\/\\\/gxp-training.com\\\/wp-content\\\/uploads\\\/2022\\\/05\\\/logo-resize.png\",\"contentUrl\":\"https:\\\/\\\/gxp-training.com\\\/wp-content\\\/uploads\\\/2022\\\/05\\\/logo-resize.png\",\"width\":350,\"height\":100,\"caption\":\"GXP Training\"},\"image\":{\"@id\":\"https:\\\/\\\/gxp-training.com\\\/es\\\/#\\\/schema\\\/logo\\\/image\\\/\"}}]}<\/script>\n<!-- \/ Yoast SEO plugin. -->","yoast_head_json":{"title":"Selecci\u00f3n de centros de ensayos cl\u00ednicos: curso online y certificaci\u00f3n","description":"Familiar\u00edcese con el proceso de selecci\u00f3n de centros para ensayos cl\u00ednicos gracias a nuestro curso de formaci\u00f3n certificado. Aprenda a elegir la ubicaci\u00f3n perfecta para ensayos cl\u00ednicos. \u00a1Certif\u00edquese ahora!","robots":{"index":"index","follow":"follow","max-snippet":"max-snippet:-1","max-image-preview":"max-image-preview:large","max-video-preview":"max-video-preview:-1"},"canonical":"https:\/\/gxp-training.com\/es\/online-course\/seleccion-de-centros-de-ensayo\/","og_locale":"es_ES","og_type":"article","og_title":"Selecci\u00f3n de centros de ensayos cl\u00ednicos: curso online y certificaci\u00f3n","og_description":"Familiar\u00edcese con el proceso de selecci\u00f3n de centros para ensayos cl\u00ednicos gracias a nuestro curso de formaci\u00f3n certificado. Aprenda a elegir la ubicaci\u00f3n perfecta para ensayos cl\u00ednicos. \u00a1Certif\u00edquese ahora!","og_url":"https:\/\/gxp-training.com\/es\/online-course\/seleccion-de-centros-de-ensayo\/","og_site_name":"GxP Training : Certified Online Courses for Life Sciences","og_image":[{"width":900,"height":627,"url":"https:\/\/gxp-training.com\/wp-content\/uploads\/2022\/05\/Selection-of-trial-sites.png","type":"image\/png"}],"twitter_card":"summary_large_image","twitter_misc":{"Tiempo de lectura":"2 minutos"},"schema":{"@context":"https:\/\/schema.org","@graph":[{"@type":"WebPage","@id":"https:\/\/gxp-training.com\/es\/online-course\/seleccion-de-centros-de-ensayo\/","url":"https:\/\/gxp-training.com\/es\/online-course\/seleccion-de-centros-de-ensayo\/","name":"Selecci\u00f3n de centros de ensayos cl\u00ednicos: curso online y certificaci\u00f3n","isPartOf":{"@id":"https:\/\/gxp-training.com\/es\/#website"},"primaryImageOfPage":{"@id":"https:\/\/gxp-training.com\/es\/online-course\/seleccion-de-centros-de-ensayo\/#primaryimage"},"image":{"@id":"https:\/\/gxp-training.com\/es\/online-course\/seleccion-de-centros-de-ensayo\/#primaryimage"},"thumbnailUrl":"https:\/\/gxp-training.com\/wp-content\/uploads\/2022\/05\/Selection-of-trial-sites.png","datePublished":"2022-05-24T08:09:44+00:00","description":"Familiar\u00edcese con el proceso de selecci\u00f3n de centros para ensayos cl\u00ednicos gracias a nuestro curso de formaci\u00f3n certificado. Aprenda a elegir la ubicaci\u00f3n perfecta para ensayos cl\u00ednicos. \u00a1Certif\u00edquese ahora!","breadcrumb":{"@id":"https:\/\/gxp-training.com\/es\/online-course\/seleccion-de-centros-de-ensayo\/#breadcrumb"},"inLanguage":"es","potentialAction":[{"@type":"ReadAction","target":["https:\/\/gxp-training.com\/es\/online-course\/seleccion-de-centros-de-ensayo\/"]}]},{"@type":"ImageObject","inLanguage":"es","@id":"https:\/\/gxp-training.com\/es\/online-course\/seleccion-de-centros-de-ensayo\/#primaryimage","url":"https:\/\/gxp-training.com\/wp-content\/uploads\/2022\/05\/Selection-of-trial-sites.png","contentUrl":"https:\/\/gxp-training.com\/wp-content\/uploads\/2022\/05\/Selection-of-trial-sites.png","width":900,"height":627},{"@type":"BreadcrumbList","@id":"https:\/\/gxp-training.com\/es\/online-course\/seleccion-de-centros-de-ensayo\/#breadcrumb","itemListElement":[{"@type":"ListItem","position":1,"name":"Inicio","item":"https:\/\/gxp-training.com\/es\/pagina-de-inicio\/"},{"@type":"ListItem","position":2,"name":"Productos","item":"https:\/\/gxp-training.com\/es\/shop\/"},{"@type":"ListItem","position":3,"name":"Selecci\u00f3n de centros de ensayo"}]},{"@type":"WebSite","@id":"https:\/\/gxp-training.com\/es\/#website","url":"https:\/\/gxp-training.com\/es\/","name":"GxP Training : Certified Online Courses for Life Sciences","description":"Online Trainings and Certified Courses in Regulatory Compliance for Pharmaceutical Experts","publisher":{"@id":"https:\/\/gxp-training.com\/es\/#organization"},"potentialAction":[{"@type":"SearchAction","target":{"@type":"EntryPoint","urlTemplate":"https:\/\/gxp-training.com\/es\/?s={search_term_string}"},"query-input":{"@type":"PropertyValueSpecification","valueRequired":true,"valueName":"search_term_string"}}],"inLanguage":"es"},{"@type":"Organization","@id":"https:\/\/gxp-training.com\/es\/#organization","name":"GXP Training","url":"https:\/\/gxp-training.com\/es\/","logo":{"@type":"ImageObject","inLanguage":"es","@id":"https:\/\/gxp-training.com\/es\/#\/schema\/logo\/image\/","url":"https:\/\/gxp-training.com\/wp-content\/uploads\/2022\/05\/logo-resize.png","contentUrl":"https:\/\/gxp-training.com\/wp-content\/uploads\/2022\/05\/logo-resize.png","width":350,"height":100,"caption":"GXP Training"},"image":{"@id":"https:\/\/gxp-training.com\/es\/#\/schema\/logo\/image\/"}}]}},"_links":{"self":[{"href":"https:\/\/gxp-training.com\/es\/wp-json\/wp\/v2\/product\/57366","targetHints":{"allow":["GET"]}}],"collection":[{"href":"https:\/\/gxp-training.com\/es\/wp-json\/wp\/v2\/product"}],"about":[{"href":"https:\/\/gxp-training.com\/es\/wp-json\/wp\/v2\/types\/product"}],"wp:featuredmedia":[{"embeddable":true,"href":"https:\/\/gxp-training.com\/es\/wp-json\/wp\/v2\/media\/44587"}],"wp:attachment":[{"href":"https:\/\/gxp-training.com\/es\/wp-json\/wp\/v2\/media?parent=57366"}],"wp:term":[{"taxonomy":"product_brand","embeddable":true,"href":"https:\/\/gxp-training.com\/es\/wp-json\/wp\/v2\/product_brand?post=57366"},{"taxonomy":"product_cat","embeddable":true,"href":"https:\/\/gxp-training.com\/es\/wp-json\/wp\/v2\/product_cat?post=57366"},{"taxonomy":"product_tag","embeddable":true,"href":"https:\/\/gxp-training.com\/es\/wp-json\/wp\/v2\/product_tag?post=57366"}],"curies":[{"name":"wp","href":"https:\/\/api.w.org\/{rel}","templated":true}]}}