{"id":57344,"date":"2022-05-24T11:01:50","date_gmt":"2022-05-24T09:01:50","guid":{"rendered":"https:\/\/gxp-training.com\/online-course\/gestion-de-estudios-patrocinados-externamente\/"},"modified":"2022-05-24T11:01:50","modified_gmt":"2022-05-24T09:01:50","slug":"gestion-de-estudios-patrocinados-externamente","status":"publish","type":"product","link":"https:\/\/gxp-training.com\/es\/online-course\/gestion-de-estudios-patrocinados-externamente\/","title":{"rendered":"Gesti\u00f3n de estudios patrocinados externamente"},"content":{"rendered":"<p>Los ensayos cl\u00ednicos y otras actividades de investigaci\u00f3n requieren una gran inversi\u00f3n de capital, lo que dificulta que los institutos de investigaci\u00f3n y los miembros del mundo acad\u00e9mico los lleven a cabo por su cuenta. Por ello, la mayor parte de la investigaci\u00f3n relevante en la industria farmac\u00e9utica se realiza en colaboraci\u00f3n con patrocinadores que pueden aportar el capital necesario. Este curso le guiar\u00e1 a trav\u00e9s de las diversas opciones de patrocinio disponibles. Tambi\u00e9n ense\u00f1a los conceptos b\u00e1sicos para redactar una propuesta est\u00e1ndar para subvenciones y otras ayudas a la investigaci\u00f3n.   <\/p>\n<p>&nbsp;<\/p>\n<p>En este curso, ofrecemos una s\u00edntesis del tema a trav\u00e9s de una experiencia interactiva en l\u00ednea. Este material ha sido elaborado por un equipo de expertos en asuntos regulatorios con titulaci\u00f3n de la Northeastern University de Boston, dirigido por un miembro s\u00e9nior capaz de articular la teor\u00eda con la pr\u00e1ctica. <\/p>\n<p>&nbsp;<\/p>\n<p>&nbsp;<\/p>\n<h3>Plan de estudios<\/h3>\n<p>&nbsp;<\/p>\n<p><strong>Introducci\u00f3n<\/strong><\/p>\n<p>&nbsp;<\/p>\n<p><strong>Lecci\u00f3n 1: Propuesta de estudio<\/strong><\/p>\n<p>&nbsp;<\/p>\n<ul>\n<li>Desarrollo de la propuesta<\/li>\n<li>Contenido b\u00e1sico de la propuesta<\/li>\n<li>Portada<\/li>\n<li>\u00cdndice de contenidos<\/li>\n<\/ul>\n<p>&nbsp;<\/p>\n<p><strong>Lecci\u00f3n 2: Presupuesto propuesto<\/strong><\/p>\n<p>&nbsp;<\/p>\n<ul>\n<li>Justificaci\u00f3n del presupuesto<\/li>\n<li>Costes directos<\/li>\n<li>Sueldos y salarios<\/li>\n<li>Equipamiento permanente<\/li>\n<li>Suministros<\/li>\n<li>Viajes<\/li>\n<li>Costes de publicaci\u00f3n<\/li>\n<li>Otros costes directos<\/li>\n<li>Costes indirectos (instalaciones y administraci\u00f3n)<\/li>\n<\/ul>\n<p>&nbsp;<\/p>\n<p><strong>Lecci\u00f3n 3: Plan de gesti\u00f3n<\/strong><\/p>\n<p>&nbsp;<\/p>\n<ul>\n<li>Componentes de un plan de gesti\u00f3n t\u00edpico<\/li>\n<li>Funciones y responsabilidades del personal involucrado en el proyecto de investigaci\u00f3n<\/li>\n<li>Participaci\u00f3n de voluntarios en el proyecto<\/li>\n<li>Colaboraciones<\/li>\n<li>Cronograma del proyecto<\/li>\n<li>El plan de gesti\u00f3n y el donante<\/li>\n<\/ul>\n<p>&nbsp;<\/p>\n<p><strong>Lecci\u00f3n 4: Gesti\u00f3n de una adjudicaci\u00f3n del donante<\/strong><\/p>\n<p>&nbsp;<\/p>\n<ul>\n<li>Aceptaci\u00f3n de la propuesta de investigaci\u00f3n<\/li>\n<li>Composici\u00f3n de la notificaci\u00f3n de adjudicaci\u00f3n aprobada<\/li>\n<li>Responsabilidades del IP<\/li>\n<li>Registros<\/li>\n<li>Modificaci\u00f3n del proyecto tras la adjudicaci\u00f3n<\/li>\n<li>Revisiones presupuestarias<\/li>\n<\/ul>\n<p>&nbsp;<\/p>\n<p><strong>Lecci\u00f3n 5: \u00c9tica y cumplimiento en la investigaci\u00f3n<\/strong><\/p>\n<p>&nbsp;<\/p>\n<ul>\n<li>Comit\u00e9 de Revisi\u00f3n Institucional (IRB)<\/li>\n<li>Conflictos de intereses<\/li>\n<li>Consentimiento informado individual<\/li>\n<li>Integridad y mala conducta en la investigaci\u00f3n<\/li>\n<\/ul>\n<p>&nbsp;<\/p>\n<p><strong>Lecci\u00f3n 6: Evaluaci\u00f3n y gesti\u00f3n de riesgos<\/strong><\/p>\n<p>&nbsp;<\/p>\n<ul>\n<li>Pre-adjudicaci\u00f3n<\/li>\n<li>Post-adjudicaci\u00f3n<\/li>\n<li>Reconocimiento al donante<\/li>\n<li>La privacidad del proyecto de investigaci\u00f3n<\/li>\n<\/ul>\n<p>&nbsp;<\/p>\n<p><strong>Conclusi\u00f3n<\/strong><\/p>\n<p>&nbsp;<\/p>\n<p><strong>Glosario<\/strong><\/p>\n<p>&nbsp;<\/p>\n<p><strong>Cuestionario<\/strong><\/p>\n","protected":false},"excerpt":{"rendered":"<p>Los ensayos cl\u00ednicos y otras actividades de investigaci\u00f3n requieren una gran inversi\u00f3n de capital, lo que dificulta que los institutos de investigaci\u00f3n y los miembros del mundo acad\u00e9mico los lleven a cabo por su cuenta. Por ello, la mayor parte de la investigaci\u00f3n relevante en la industria farmac\u00e9utica se realiza en colaboraci\u00f3n con patrocinadores que [&hellip;]<\/p>\n","protected":false},"featured_media":43648,"template":"","meta":{"_acf_changed":false,"content-type":""},"product_brand":[],"product_cat":[275,279,270,269],"product_tag":[],"class_list":{"0":"post-57344","1":"product","2":"type-product","3":"status-publish","4":"has-post-thumbnail","6":"product_cat-gcp-ensayos-clinicos","7":"product_cat-hospitales-e-instituciones-sanitarias","8":"product_cat-organizacion-de-investigacion-por-contrato-cro","9":"product_cat-productos-farmaceuticos","11":"first","12":"instock","13":"taxable","14":"shipping-taxable","15":"purchasable","16":"product-type-simple"},"bundled_by":[],"bundle_stock_status":"instock","bundle_stock_quantity":null,"bundle_virtual":false,"bundle_layout":"","bundle_add_to_cart_form_location":"","bundle_editable_in_cart":false,"bundle_sold_individually_context":"","bundle_item_grouping":"","bundle_min_size":"","bundle_max_size":"","bundle_price":[],"bundled_items":[],"bundle_sell_ids":[],"acf":[],"yoast_head":"<!-- This site is optimized with the Yoast SEO plugin v27.5 - https:\/\/yoast.com\/product\/yoast-seo-wordpress\/ -->\n<title>Certificaci\u00f3n en Gesti\u00f3n de Estudios Patrocinados Externamente<\/title>\n<meta name=\"description\" content=\"El patrocinio y las subvenciones permiten que la investigaci\u00f3n explore nuevos horizontes. Aprenda sobre presupuestaci\u00f3n, redacci\u00f3n de propuestas y gesti\u00f3n de subvenciones en este curso.\" \/>\n<meta name=\"robots\" content=\"index, follow, max-snippet:-1, max-image-preview:large, max-video-preview:-1\" \/>\n<link rel=\"canonical\" href=\"https:\/\/gxp-training.com\/es\/online-course\/gestion-de-estudios-patrocinados-externamente\/\" \/>\n<meta property=\"og:locale\" content=\"es_ES\" \/>\n<meta property=\"og:type\" content=\"article\" \/>\n<meta property=\"og:title\" content=\"Certificaci\u00f3n en Gesti\u00f3n de Estudios Patrocinados Externamente\" \/>\n<meta property=\"og:description\" content=\"El patrocinio y las subvenciones permiten que la investigaci\u00f3n explore nuevos horizontes. Aprenda sobre presupuestaci\u00f3n, redacci\u00f3n de propuestas y gesti\u00f3n de subvenciones en este curso.\" \/>\n<meta property=\"og:url\" content=\"https:\/\/gxp-training.com\/es\/online-course\/gestion-de-estudios-patrocinados-externamente\/\" \/>\n<meta property=\"og:site_name\" content=\"GxP Training : Certified Online Courses for Life Sciences\" \/>\n<meta property=\"og:image\" content=\"https:\/\/gxp-training.com\/wp-content\/uploads\/2022\/05\/20.png\" \/>\n\t<meta property=\"og:image:width\" content=\"1000\" \/>\n\t<meta property=\"og:image:height\" content=\"563\" \/>\n\t<meta property=\"og:image:type\" content=\"image\/png\" \/>\n<meta name=\"twitter:card\" content=\"summary_large_image\" \/>\n<meta name=\"twitter:label1\" content=\"Tiempo de lectura\" \/>\n\t<meta name=\"twitter:data1\" content=\"2 minutos\" \/>\n<script type=\"application\/ld+json\" class=\"yoast-schema-graph\">{\"@context\":\"https:\\\/\\\/schema.org\",\"@graph\":[{\"@type\":\"WebPage\",\"@id\":\"https:\\\/\\\/gxp-training.com\\\/es\\\/online-course\\\/gestion-de-estudios-patrocinados-externamente\\\/\",\"url\":\"https:\\\/\\\/gxp-training.com\\\/es\\\/online-course\\\/gestion-de-estudios-patrocinados-externamente\\\/\",\"name\":\"Certificaci\u00f3n en Gesti\u00f3n de Estudios Patrocinados Externamente\",\"isPartOf\":{\"@id\":\"https:\\\/\\\/gxp-training.com\\\/es\\\/#website\"},\"primaryImageOfPage\":{\"@id\":\"https:\\\/\\\/gxp-training.com\\\/es\\\/online-course\\\/gestion-de-estudios-patrocinados-externamente\\\/#primaryimage\"},\"image\":{\"@id\":\"https:\\\/\\\/gxp-training.com\\\/es\\\/online-course\\\/gestion-de-estudios-patrocinados-externamente\\\/#primaryimage\"},\"thumbnailUrl\":\"https:\\\/\\\/gxp-training.com\\\/wp-content\\\/uploads\\\/2022\\\/05\\\/20.png\",\"datePublished\":\"2022-05-24T09:01:50+00:00\",\"description\":\"El patrocinio y las subvenciones permiten que la investigaci\u00f3n explore nuevos horizontes. Aprenda sobre presupuestaci\u00f3n, redacci\u00f3n de propuestas y gesti\u00f3n de subvenciones en este curso.\",\"breadcrumb\":{\"@id\":\"https:\\\/\\\/gxp-training.com\\\/es\\\/online-course\\\/gestion-de-estudios-patrocinados-externamente\\\/#breadcrumb\"},\"inLanguage\":\"es\",\"potentialAction\":[{\"@type\":\"ReadAction\",\"target\":[\"https:\\\/\\\/gxp-training.com\\\/es\\\/online-course\\\/gestion-de-estudios-patrocinados-externamente\\\/\"]}]},{\"@type\":\"ImageObject\",\"inLanguage\":\"es\",\"@id\":\"https:\\\/\\\/gxp-training.com\\\/es\\\/online-course\\\/gestion-de-estudios-patrocinados-externamente\\\/#primaryimage\",\"url\":\"https:\\\/\\\/gxp-training.com\\\/wp-content\\\/uploads\\\/2022\\\/05\\\/20.png\",\"contentUrl\":\"https:\\\/\\\/gxp-training.com\\\/wp-content\\\/uploads\\\/2022\\\/05\\\/20.png\",\"width\":1000,\"height\":563},{\"@type\":\"BreadcrumbList\",\"@id\":\"https:\\\/\\\/gxp-training.com\\\/es\\\/online-course\\\/gestion-de-estudios-patrocinados-externamente\\\/#breadcrumb\",\"itemListElement\":[{\"@type\":\"ListItem\",\"position\":1,\"name\":\"Inicio\",\"item\":\"https:\\\/\\\/gxp-training.com\\\/es\\\/pagina-de-inicio\\\/\"},{\"@type\":\"ListItem\",\"position\":2,\"name\":\"Productos\",\"item\":\"https:\\\/\\\/gxp-training.com\\\/es\\\/shop\\\/\"},{\"@type\":\"ListItem\",\"position\":3,\"name\":\"Gesti\u00f3n de estudios patrocinados externamente\"}]},{\"@type\":\"WebSite\",\"@id\":\"https:\\\/\\\/gxp-training.com\\\/es\\\/#website\",\"url\":\"https:\\\/\\\/gxp-training.com\\\/es\\\/\",\"name\":\"GxP Training : Certified Online Courses for Life Sciences\",\"description\":\"Online Trainings and Certified Courses in Regulatory Compliance for Pharmaceutical Experts\",\"publisher\":{\"@id\":\"https:\\\/\\\/gxp-training.com\\\/es\\\/#organization\"},\"potentialAction\":[{\"@type\":\"SearchAction\",\"target\":{\"@type\":\"EntryPoint\",\"urlTemplate\":\"https:\\\/\\\/gxp-training.com\\\/es\\\/?s={search_term_string}\"},\"query-input\":{\"@type\":\"PropertyValueSpecification\",\"valueRequired\":true,\"valueName\":\"search_term_string\"}}],\"inLanguage\":\"es\"},{\"@type\":\"Organization\",\"@id\":\"https:\\\/\\\/gxp-training.com\\\/es\\\/#organization\",\"name\":\"GXP Training\",\"url\":\"https:\\\/\\\/gxp-training.com\\\/es\\\/\",\"logo\":{\"@type\":\"ImageObject\",\"inLanguage\":\"es\",\"@id\":\"https:\\\/\\\/gxp-training.com\\\/es\\\/#\\\/schema\\\/logo\\\/image\\\/\",\"url\":\"https:\\\/\\\/gxp-training.com\\\/wp-content\\\/uploads\\\/2022\\\/05\\\/logo-resize.png\",\"contentUrl\":\"https:\\\/\\\/gxp-training.com\\\/wp-content\\\/uploads\\\/2022\\\/05\\\/logo-resize.png\",\"width\":350,\"height\":100,\"caption\":\"GXP Training\"},\"image\":{\"@id\":\"https:\\\/\\\/gxp-training.com\\\/es\\\/#\\\/schema\\\/logo\\\/image\\\/\"}}]}<\/script>\n<!-- \/ Yoast SEO plugin. -->","yoast_head_json":{"title":"Certificaci\u00f3n en Gesti\u00f3n de Estudios Patrocinados Externamente","description":"El patrocinio y las subvenciones permiten que la investigaci\u00f3n explore nuevos horizontes. Aprenda sobre presupuestaci\u00f3n, redacci\u00f3n de propuestas y gesti\u00f3n de subvenciones en este curso.","robots":{"index":"index","follow":"follow","max-snippet":"max-snippet:-1","max-image-preview":"max-image-preview:large","max-video-preview":"max-video-preview:-1"},"canonical":"https:\/\/gxp-training.com\/es\/online-course\/gestion-de-estudios-patrocinados-externamente\/","og_locale":"es_ES","og_type":"article","og_title":"Certificaci\u00f3n en Gesti\u00f3n de Estudios Patrocinados Externamente","og_description":"El patrocinio y las subvenciones permiten que la investigaci\u00f3n explore nuevos horizontes. Aprenda sobre presupuestaci\u00f3n, redacci\u00f3n de propuestas y gesti\u00f3n de subvenciones en este curso.","og_url":"https:\/\/gxp-training.com\/es\/online-course\/gestion-de-estudios-patrocinados-externamente\/","og_site_name":"GxP Training : Certified Online Courses for Life Sciences","og_image":[{"width":1000,"height":563,"url":"https:\/\/gxp-training.com\/wp-content\/uploads\/2022\/05\/20.png","type":"image\/png"}],"twitter_card":"summary_large_image","twitter_misc":{"Tiempo de lectura":"2 minutos"},"schema":{"@context":"https:\/\/schema.org","@graph":[{"@type":"WebPage","@id":"https:\/\/gxp-training.com\/es\/online-course\/gestion-de-estudios-patrocinados-externamente\/","url":"https:\/\/gxp-training.com\/es\/online-course\/gestion-de-estudios-patrocinados-externamente\/","name":"Certificaci\u00f3n en Gesti\u00f3n de Estudios Patrocinados Externamente","isPartOf":{"@id":"https:\/\/gxp-training.com\/es\/#website"},"primaryImageOfPage":{"@id":"https:\/\/gxp-training.com\/es\/online-course\/gestion-de-estudios-patrocinados-externamente\/#primaryimage"},"image":{"@id":"https:\/\/gxp-training.com\/es\/online-course\/gestion-de-estudios-patrocinados-externamente\/#primaryimage"},"thumbnailUrl":"https:\/\/gxp-training.com\/wp-content\/uploads\/2022\/05\/20.png","datePublished":"2022-05-24T09:01:50+00:00","description":"El patrocinio y las subvenciones permiten que la investigaci\u00f3n explore nuevos horizontes. Aprenda sobre presupuestaci\u00f3n, redacci\u00f3n de propuestas y gesti\u00f3n de subvenciones en este curso.","breadcrumb":{"@id":"https:\/\/gxp-training.com\/es\/online-course\/gestion-de-estudios-patrocinados-externamente\/#breadcrumb"},"inLanguage":"es","potentialAction":[{"@type":"ReadAction","target":["https:\/\/gxp-training.com\/es\/online-course\/gestion-de-estudios-patrocinados-externamente\/"]}]},{"@type":"ImageObject","inLanguage":"es","@id":"https:\/\/gxp-training.com\/es\/online-course\/gestion-de-estudios-patrocinados-externamente\/#primaryimage","url":"https:\/\/gxp-training.com\/wp-content\/uploads\/2022\/05\/20.png","contentUrl":"https:\/\/gxp-training.com\/wp-content\/uploads\/2022\/05\/20.png","width":1000,"height":563},{"@type":"BreadcrumbList","@id":"https:\/\/gxp-training.com\/es\/online-course\/gestion-de-estudios-patrocinados-externamente\/#breadcrumb","itemListElement":[{"@type":"ListItem","position":1,"name":"Inicio","item":"https:\/\/gxp-training.com\/es\/pagina-de-inicio\/"},{"@type":"ListItem","position":2,"name":"Productos","item":"https:\/\/gxp-training.com\/es\/shop\/"},{"@type":"ListItem","position":3,"name":"Gesti\u00f3n de estudios patrocinados externamente"}]},{"@type":"WebSite","@id":"https:\/\/gxp-training.com\/es\/#website","url":"https:\/\/gxp-training.com\/es\/","name":"GxP Training : Certified Online Courses for Life Sciences","description":"Online Trainings and Certified Courses in Regulatory Compliance for Pharmaceutical Experts","publisher":{"@id":"https:\/\/gxp-training.com\/es\/#organization"},"potentialAction":[{"@type":"SearchAction","target":{"@type":"EntryPoint","urlTemplate":"https:\/\/gxp-training.com\/es\/?s={search_term_string}"},"query-input":{"@type":"PropertyValueSpecification","valueRequired":true,"valueName":"search_term_string"}}],"inLanguage":"es"},{"@type":"Organization","@id":"https:\/\/gxp-training.com\/es\/#organization","name":"GXP Training","url":"https:\/\/gxp-training.com\/es\/","logo":{"@type":"ImageObject","inLanguage":"es","@id":"https:\/\/gxp-training.com\/es\/#\/schema\/logo\/image\/","url":"https:\/\/gxp-training.com\/wp-content\/uploads\/2022\/05\/logo-resize.png","contentUrl":"https:\/\/gxp-training.com\/wp-content\/uploads\/2022\/05\/logo-resize.png","width":350,"height":100,"caption":"GXP Training"},"image":{"@id":"https:\/\/gxp-training.com\/es\/#\/schema\/logo\/image\/"}}]}},"_links":{"self":[{"href":"https:\/\/gxp-training.com\/es\/wp-json\/wp\/v2\/product\/57344","targetHints":{"allow":["GET"]}}],"collection":[{"href":"https:\/\/gxp-training.com\/es\/wp-json\/wp\/v2\/product"}],"about":[{"href":"https:\/\/gxp-training.com\/es\/wp-json\/wp\/v2\/types\/product"}],"wp:featuredmedia":[{"embeddable":true,"href":"https:\/\/gxp-training.com\/es\/wp-json\/wp\/v2\/media\/43648"}],"wp:attachment":[{"href":"https:\/\/gxp-training.com\/es\/wp-json\/wp\/v2\/media?parent=57344"}],"wp:term":[{"taxonomy":"product_brand","embeddable":true,"href":"https:\/\/gxp-training.com\/es\/wp-json\/wp\/v2\/product_brand?post=57344"},{"taxonomy":"product_cat","embeddable":true,"href":"https:\/\/gxp-training.com\/es\/wp-json\/wp\/v2\/product_cat?post=57344"},{"taxonomy":"product_tag","embeddable":true,"href":"https:\/\/gxp-training.com\/es\/wp-json\/wp\/v2\/product_tag?post=57344"}],"curies":[{"name":"wp","href":"https:\/\/api.w.org\/{rel}","templated":true}]}}