{"id":57339,"date":"2022-05-24T11:09:39","date_gmt":"2022-05-24T09:09:39","guid":{"rendered":"https:\/\/gxp-training.com\/online-course\/introduccion-a-la-calidad-farmaceutica\/"},"modified":"2022-05-24T11:09:39","modified_gmt":"2022-05-24T09:09:39","slug":"introduccion-a-la-calidad-farmaceutica","status":"publish","type":"product","link":"https:\/\/gxp-training.com\/es\/online-course\/introduccion-a-la-calidad-farmaceutica\/","title":{"rendered":"Introducci\u00f3n a la calidad farmac\u00e9utica"},"content":{"rendered":"<p>Las autoridades reguladoras mundiales, incluidas la <a href=\"https:\/\/www.fda.gov\">FDA<\/a>, la <a href=\"https:\/\/www.ema.europa.eu\">EMA<\/a> y la <a href=\"https:\/\/www.who.int\">OMS<\/a>, establecen los est\u00e1ndares que definen la calidad farmac\u00e9utica en la pr\u00e1ctica. El cumplimiento de dichas normas exige sistemas de calidad integrados, rigor cient\u00edfico y una documentaci\u00f3n disciplinada en cada etapa del ciclo de vida del producto. Este curso cubre todo el alcance de la calidad <a href=\"https:\/\/gxp-training.com\/es\/gxp-courses\/productos-farmaceuticos\/\">farmac\u00e9utica<\/a> moderna, desde los principios fundamentales hasta la supervisi\u00f3n de la cadena de suministro.  <\/p>\n<p>Al finalizar con \u00e9xito, recibir\u00e1 un <strong>certificado validado y acreditado con cr\u00e9ditos CPD\/CEU<\/strong>, apto para documentaci\u00f3n de auditor\u00eda y cumplimiento.<\/p>\n<p>&nbsp;<\/p>\n<p><strong>\u00bfQu\u00e9 aprender\u00e1?<\/strong><\/p>\n<ul>\n<li>Los principios b\u00e1sicos de la <a href=\"https:\/\/gxp-training.com\/es\/online-course\/introduccion-a-la-calidad-farmaceutica\/\">calidad farmac\u00e9utica<\/a> y por qu\u00e9 integrar la calidad es m\u00e1s importante que analizar los productos terminados<\/li>\n<li>C\u00f3mo los marcos regulatorios globales definen y hacen cumplir los est\u00e1ndares de calidad a lo largo del ciclo de vida del producto<\/li>\n<li>La estructura y el prop\u00f3sito de un Sistema de Calidad Farmac\u00e9utica, incluidas las <a href=\"https:\/\/gxp-training.com\/es\/online-course\/formacion-en-acciones-correctivas-y-preventivas-capa\/\">acciones correctivas y preventivas<\/a>, la gesti\u00f3n de cambios y el seguimiento de procesos<\/li>\n<li>C\u00f3mo se aplican la Calidad por Dise\u00f1o y la Gesti\u00f3n de Riesgos de Calidad en contextos reales de fabricaci\u00f3n<\/li>\n<li>Por qu\u00e9 la integridad de los datos, la validaci\u00f3n de procesos y la supervisi\u00f3n de la cadena de suministro son pilares esenciales de la calidad farmac\u00e9utica moderna<\/li>\n<\/ul>\n<p>&nbsp;<\/p>\n<p><strong>\u00bfA qui\u00e9n va dirigido?<\/strong><\/p>\n<ul>\n<li>Profesionales farmac\u00e9uticos y biotecnol\u00f3gicos<\/li>\n<li>Personal de garant\u00eda de calidad y control de calidad<\/li>\n<li>Personal de fabricaci\u00f3n y operaciones<\/li>\n<li>Profesionales de asuntos regulatorios<\/li>\n<\/ul>\n<p>&nbsp;<\/p>\n<p>Desarrollado por especialistas en formaci\u00f3n en ciencias de la salud y profesionales de la regulaci\u00f3n, este curso conecta la teor\u00eda con la pr\u00e1ctica real en todo el panorama de la calidad farmac\u00e9utica.<\/p>\n<p>&nbsp;<\/p>\n<h3><strong>Plan de estudios<\/strong><\/h3>\n<p><strong>Introducci\u00f3n<\/strong><\/p>\n<p><strong>Lecci\u00f3n 1: Comprensi\u00f3n de la calidad farmac\u00e9utica<\/strong><\/p>\n<p><strong>Lecci\u00f3n 2: Marcos regulatorios globales<\/strong><\/p>\n<p><strong>Lecci\u00f3n 3: La calidad farmac\u00e9utica a lo largo del ciclo de vida del producto<\/strong><\/p>\n<p><strong>Lecci\u00f3n 4: El Sistema de Calidad Farmac\u00e9utica<\/strong><\/p>\n<p><strong>Lecci\u00f3n 5: Calidad por dise\u00f1o<\/strong><\/p>\n<p><strong>Lecci\u00f3n 6: Gesti\u00f3n de riesgos de calidad<\/strong><\/p>\n<p><strong>Lecci\u00f3n 7: Validaci\u00f3n y control de procesos<\/strong><\/p>\n<p><strong>Lecci\u00f3n 8: Integridad de datos y documentaci\u00f3n<\/strong><\/p>\n<p><strong>Lecci\u00f3n 9: La calidad en la cadena de suministro farmac\u00e9utica<\/strong><\/p>\n<p><strong>Conclusi\u00f3n<\/strong><\/p>\n<p><strong>Cuestionario<\/strong><\/p>\n","protected":false},"excerpt":{"rendered":"<p>Las autoridades reguladoras mundiales, incluidas la FDA, la EMA y la OMS, establecen los est\u00e1ndares que definen la calidad farmac\u00e9utica en la pr\u00e1ctica. El cumplimiento de dichas normas exige sistemas de calidad integrados, rigor cient\u00edfico y una documentaci\u00f3n disciplinada en cada etapa del ciclo de vida del producto. Este curso cubre todo el alcance de [&hellip;]<\/p>\n","protected":false},"featured_media":44159,"template":"","meta":{"_acf_changed":false,"content-type":""},"product_brand":[],"product_cat":[265,271,269],"product_tag":[],"class_list":{"0":"post-57339","1":"product","2":"type-product","3":"status-publish","4":"has-post-thumbnail","6":"product_cat-bpf-buenas-practicas-de-fabricacion","7":"product_cat-garantia-de-calidad","8":"product_cat-productos-farmaceuticos","10":"first","11":"instock","12":"taxable","13":"shipping-taxable","14":"purchasable","15":"product-type-subscription"},"bundled_by":[],"bundle_stock_status":"instock","bundle_stock_quantity":null,"bundle_virtual":false,"bundle_layout":"","bundle_add_to_cart_form_location":"","bundle_editable_in_cart":false,"bundle_sold_individually_context":"","bundle_item_grouping":"","bundle_min_size":"","bundle_max_size":"","bundle_price":[],"bundled_items":[],"bundle_sell_ids":[],"acf":[],"yoast_head":"<!-- This site is optimized with the Yoast SEO plugin v27.5 - https:\/\/yoast.com\/product\/yoast-seo-wordpress\/ -->\n<title>Curso online y certificaci\u00f3n en calidad farmac\u00e9utica<\/title>\n<meta name=\"description\" content=\"Formaci\u00f3n online certificada en sistemas de calidad farmac\u00e9utica, marcos regulatorios y supervisi\u00f3n de la cadena de suministro. Ampl\u00ede sus conocimientos y obtenga su certificado CPD\/CEU.\" \/>\n<meta name=\"robots\" content=\"index, follow, max-snippet:-1, max-image-preview:large, max-video-preview:-1\" \/>\n<link rel=\"canonical\" href=\"https:\/\/gxp-training.com\/es\/online-course\/introduccion-a-la-calidad-farmaceutica\/\" \/>\n<meta property=\"og:locale\" content=\"es_ES\" \/>\n<meta property=\"og:type\" content=\"article\" \/>\n<meta property=\"og:title\" content=\"Curso online y certificaci\u00f3n en calidad farmac\u00e9utica\" \/>\n<meta property=\"og:description\" content=\"Formaci\u00f3n online certificada en sistemas de calidad farmac\u00e9utica, marcos regulatorios y supervisi\u00f3n de la cadena de suministro. Ampl\u00ede sus conocimientos y obtenga su certificado CPD\/CEU.\" \/>\n<meta property=\"og:url\" content=\"https:\/\/gxp-training.com\/es\/online-course\/introduccion-a-la-calidad-farmaceutica\/\" \/>\n<meta property=\"og:site_name\" content=\"GxP Training : Certified Online Courses for Life Sciences\" \/>\n<meta property=\"og:image\" content=\"https:\/\/gxp-training.com\/wp-content\/uploads\/2022\/05\/Pharma-quality.png\" \/>\n\t<meta property=\"og:image:width\" content=\"900\" \/>\n\t<meta property=\"og:image:height\" content=\"627\" \/>\n\t<meta property=\"og:image:type\" content=\"image\/png\" \/>\n<meta name=\"twitter:card\" content=\"summary_large_image\" \/>\n<meta name=\"twitter:label1\" content=\"Tiempo de lectura\" \/>\n\t<meta name=\"twitter:data1\" content=\"2 minutos\" \/>\n<script type=\"application\/ld+json\" class=\"yoast-schema-graph\">{\"@context\":\"https:\\\/\\\/schema.org\",\"@graph\":[{\"@type\":\"WebPage\",\"@id\":\"https:\\\/\\\/gxp-training.com\\\/es\\\/online-course\\\/introduccion-a-la-calidad-farmaceutica\\\/\",\"url\":\"https:\\\/\\\/gxp-training.com\\\/es\\\/online-course\\\/introduccion-a-la-calidad-farmaceutica\\\/\",\"name\":\"Curso online y certificaci\u00f3n en calidad farmac\u00e9utica\",\"isPartOf\":{\"@id\":\"https:\\\/\\\/gxp-training.com\\\/es\\\/#website\"},\"primaryImageOfPage\":{\"@id\":\"https:\\\/\\\/gxp-training.com\\\/es\\\/online-course\\\/introduccion-a-la-calidad-farmaceutica\\\/#primaryimage\"},\"image\":{\"@id\":\"https:\\\/\\\/gxp-training.com\\\/es\\\/online-course\\\/introduccion-a-la-calidad-farmaceutica\\\/#primaryimage\"},\"thumbnailUrl\":\"https:\\\/\\\/gxp-training.com\\\/wp-content\\\/uploads\\\/2022\\\/05\\\/Pharma-quality.png\",\"datePublished\":\"2022-05-24T09:09:39+00:00\",\"description\":\"Formaci\u00f3n online certificada en sistemas de calidad farmac\u00e9utica, marcos regulatorios y supervisi\u00f3n de la cadena de suministro. Ampl\u00ede sus conocimientos y obtenga su certificado CPD\\\/CEU.\",\"breadcrumb\":{\"@id\":\"https:\\\/\\\/gxp-training.com\\\/es\\\/online-course\\\/introduccion-a-la-calidad-farmaceutica\\\/#breadcrumb\"},\"inLanguage\":\"es\",\"potentialAction\":[{\"@type\":\"ReadAction\",\"target\":[\"https:\\\/\\\/gxp-training.com\\\/es\\\/online-course\\\/introduccion-a-la-calidad-farmaceutica\\\/\"]}]},{\"@type\":\"ImageObject\",\"inLanguage\":\"es\",\"@id\":\"https:\\\/\\\/gxp-training.com\\\/es\\\/online-course\\\/introduccion-a-la-calidad-farmaceutica\\\/#primaryimage\",\"url\":\"https:\\\/\\\/gxp-training.com\\\/wp-content\\\/uploads\\\/2022\\\/05\\\/Pharma-quality.png\",\"contentUrl\":\"https:\\\/\\\/gxp-training.com\\\/wp-content\\\/uploads\\\/2022\\\/05\\\/Pharma-quality.png\",\"width\":900,\"height\":627},{\"@type\":\"BreadcrumbList\",\"@id\":\"https:\\\/\\\/gxp-training.com\\\/es\\\/online-course\\\/introduccion-a-la-calidad-farmaceutica\\\/#breadcrumb\",\"itemListElement\":[{\"@type\":\"ListItem\",\"position\":1,\"name\":\"Inicio\",\"item\":\"https:\\\/\\\/gxp-training.com\\\/es\\\/pagina-de-inicio\\\/\"},{\"@type\":\"ListItem\",\"position\":2,\"name\":\"Productos\",\"item\":\"https:\\\/\\\/gxp-training.com\\\/es\\\/shop\\\/\"},{\"@type\":\"ListItem\",\"position\":3,\"name\":\"Introducci\u00f3n a la calidad farmac\u00e9utica\"}]},{\"@type\":\"WebSite\",\"@id\":\"https:\\\/\\\/gxp-training.com\\\/es\\\/#website\",\"url\":\"https:\\\/\\\/gxp-training.com\\\/es\\\/\",\"name\":\"GxP Training : Certified Online Courses for Life Sciences\",\"description\":\"Online Trainings and Certified Courses in Regulatory Compliance for Pharmaceutical Experts\",\"publisher\":{\"@id\":\"https:\\\/\\\/gxp-training.com\\\/es\\\/#organization\"},\"potentialAction\":[{\"@type\":\"SearchAction\",\"target\":{\"@type\":\"EntryPoint\",\"urlTemplate\":\"https:\\\/\\\/gxp-training.com\\\/es\\\/?s={search_term_string}\"},\"query-input\":{\"@type\":\"PropertyValueSpecification\",\"valueRequired\":true,\"valueName\":\"search_term_string\"}}],\"inLanguage\":\"es\"},{\"@type\":\"Organization\",\"@id\":\"https:\\\/\\\/gxp-training.com\\\/es\\\/#organization\",\"name\":\"GXP Training\",\"url\":\"https:\\\/\\\/gxp-training.com\\\/es\\\/\",\"logo\":{\"@type\":\"ImageObject\",\"inLanguage\":\"es\",\"@id\":\"https:\\\/\\\/gxp-training.com\\\/es\\\/#\\\/schema\\\/logo\\\/image\\\/\",\"url\":\"https:\\\/\\\/gxp-training.com\\\/wp-content\\\/uploads\\\/2022\\\/05\\\/logo-resize.png\",\"contentUrl\":\"https:\\\/\\\/gxp-training.com\\\/wp-content\\\/uploads\\\/2022\\\/05\\\/logo-resize.png\",\"width\":350,\"height\":100,\"caption\":\"GXP Training\"},\"image\":{\"@id\":\"https:\\\/\\\/gxp-training.com\\\/es\\\/#\\\/schema\\\/logo\\\/image\\\/\"}}]}<\/script>\n<!-- \/ Yoast SEO plugin. -->","yoast_head_json":{"title":"Curso online y certificaci\u00f3n en calidad farmac\u00e9utica","description":"Formaci\u00f3n online certificada en sistemas de calidad farmac\u00e9utica, marcos regulatorios y supervisi\u00f3n de la cadena de suministro. Ampl\u00ede sus conocimientos y obtenga su certificado CPD\/CEU.","robots":{"index":"index","follow":"follow","max-snippet":"max-snippet:-1","max-image-preview":"max-image-preview:large","max-video-preview":"max-video-preview:-1"},"canonical":"https:\/\/gxp-training.com\/es\/online-course\/introduccion-a-la-calidad-farmaceutica\/","og_locale":"es_ES","og_type":"article","og_title":"Curso online y certificaci\u00f3n en calidad farmac\u00e9utica","og_description":"Formaci\u00f3n online certificada en sistemas de calidad farmac\u00e9utica, marcos regulatorios y supervisi\u00f3n de la cadena de suministro. Ampl\u00ede sus conocimientos y obtenga su certificado CPD\/CEU.","og_url":"https:\/\/gxp-training.com\/es\/online-course\/introduccion-a-la-calidad-farmaceutica\/","og_site_name":"GxP Training : Certified Online Courses for Life Sciences","og_image":[{"width":900,"height":627,"url":"https:\/\/gxp-training.com\/wp-content\/uploads\/2022\/05\/Pharma-quality.png","type":"image\/png"}],"twitter_card":"summary_large_image","twitter_misc":{"Tiempo de lectura":"2 minutos"},"schema":{"@context":"https:\/\/schema.org","@graph":[{"@type":"WebPage","@id":"https:\/\/gxp-training.com\/es\/online-course\/introduccion-a-la-calidad-farmaceutica\/","url":"https:\/\/gxp-training.com\/es\/online-course\/introduccion-a-la-calidad-farmaceutica\/","name":"Curso online y certificaci\u00f3n en calidad farmac\u00e9utica","isPartOf":{"@id":"https:\/\/gxp-training.com\/es\/#website"},"primaryImageOfPage":{"@id":"https:\/\/gxp-training.com\/es\/online-course\/introduccion-a-la-calidad-farmaceutica\/#primaryimage"},"image":{"@id":"https:\/\/gxp-training.com\/es\/online-course\/introduccion-a-la-calidad-farmaceutica\/#primaryimage"},"thumbnailUrl":"https:\/\/gxp-training.com\/wp-content\/uploads\/2022\/05\/Pharma-quality.png","datePublished":"2022-05-24T09:09:39+00:00","description":"Formaci\u00f3n online certificada en sistemas de calidad farmac\u00e9utica, marcos regulatorios y supervisi\u00f3n de la cadena de suministro. Ampl\u00ede sus conocimientos y obtenga su certificado CPD\/CEU.","breadcrumb":{"@id":"https:\/\/gxp-training.com\/es\/online-course\/introduccion-a-la-calidad-farmaceutica\/#breadcrumb"},"inLanguage":"es","potentialAction":[{"@type":"ReadAction","target":["https:\/\/gxp-training.com\/es\/online-course\/introduccion-a-la-calidad-farmaceutica\/"]}]},{"@type":"ImageObject","inLanguage":"es","@id":"https:\/\/gxp-training.com\/es\/online-course\/introduccion-a-la-calidad-farmaceutica\/#primaryimage","url":"https:\/\/gxp-training.com\/wp-content\/uploads\/2022\/05\/Pharma-quality.png","contentUrl":"https:\/\/gxp-training.com\/wp-content\/uploads\/2022\/05\/Pharma-quality.png","width":900,"height":627},{"@type":"BreadcrumbList","@id":"https:\/\/gxp-training.com\/es\/online-course\/introduccion-a-la-calidad-farmaceutica\/#breadcrumb","itemListElement":[{"@type":"ListItem","position":1,"name":"Inicio","item":"https:\/\/gxp-training.com\/es\/pagina-de-inicio\/"},{"@type":"ListItem","position":2,"name":"Productos","item":"https:\/\/gxp-training.com\/es\/shop\/"},{"@type":"ListItem","position":3,"name":"Introducci\u00f3n a la calidad farmac\u00e9utica"}]},{"@type":"WebSite","@id":"https:\/\/gxp-training.com\/es\/#website","url":"https:\/\/gxp-training.com\/es\/","name":"GxP Training : Certified Online Courses for Life Sciences","description":"Online Trainings and Certified Courses in Regulatory Compliance for Pharmaceutical Experts","publisher":{"@id":"https:\/\/gxp-training.com\/es\/#organization"},"potentialAction":[{"@type":"SearchAction","target":{"@type":"EntryPoint","urlTemplate":"https:\/\/gxp-training.com\/es\/?s={search_term_string}"},"query-input":{"@type":"PropertyValueSpecification","valueRequired":true,"valueName":"search_term_string"}}],"inLanguage":"es"},{"@type":"Organization","@id":"https:\/\/gxp-training.com\/es\/#organization","name":"GXP Training","url":"https:\/\/gxp-training.com\/es\/","logo":{"@type":"ImageObject","inLanguage":"es","@id":"https:\/\/gxp-training.com\/es\/#\/schema\/logo\/image\/","url":"https:\/\/gxp-training.com\/wp-content\/uploads\/2022\/05\/logo-resize.png","contentUrl":"https:\/\/gxp-training.com\/wp-content\/uploads\/2022\/05\/logo-resize.png","width":350,"height":100,"caption":"GXP Training"},"image":{"@id":"https:\/\/gxp-training.com\/es\/#\/schema\/logo\/image\/"}}]}},"_links":{"self":[{"href":"https:\/\/gxp-training.com\/es\/wp-json\/wp\/v2\/product\/57339","targetHints":{"allow":["GET"]}}],"collection":[{"href":"https:\/\/gxp-training.com\/es\/wp-json\/wp\/v2\/product"}],"about":[{"href":"https:\/\/gxp-training.com\/es\/wp-json\/wp\/v2\/types\/product"}],"wp:featuredmedia":[{"embeddable":true,"href":"https:\/\/gxp-training.com\/es\/wp-json\/wp\/v2\/media\/44159"}],"wp:attachment":[{"href":"https:\/\/gxp-training.com\/es\/wp-json\/wp\/v2\/media?parent=57339"}],"wp:term":[{"taxonomy":"product_brand","embeddable":true,"href":"https:\/\/gxp-training.com\/es\/wp-json\/wp\/v2\/product_brand?post=57339"},{"taxonomy":"product_cat","embeddable":true,"href":"https:\/\/gxp-training.com\/es\/wp-json\/wp\/v2\/product_cat?post=57339"},{"taxonomy":"product_tag","embeddable":true,"href":"https:\/\/gxp-training.com\/es\/wp-json\/wp\/v2\/product_tag?post=57339"}],"curies":[{"name":"wp","href":"https:\/\/api.w.org\/{rel}","templated":true}]}}