{"id":57268,"date":"2022-05-24T11:13:52","date_gmt":"2022-05-24T09:13:52","guid":{"rendered":"https:\/\/gxp-training.com\/online-course\/gestion-de-informes-de-estudios-clinicos\/"},"modified":"2022-05-24T11:13:52","modified_gmt":"2022-05-24T09:13:52","slug":"gestion-de-informes-de-estudios-clinicos","status":"publish","type":"product","link":"https:\/\/gxp-training.com\/es\/online-course\/gestion-de-informes-de-estudios-clinicos\/","title":{"rendered":"Gesti\u00f3n de informes de estudios cl\u00ednicos"},"content":{"rendered":"<p>Los informes de estudios cl\u00ednicos (CSR) proporcionan una descripci\u00f3n detallada de todo el proceso del estudio cl\u00ednico. Se requiere una documentaci\u00f3n adecuada, ya que se solicitar\u00e1 para la autorizaci\u00f3n de comercializaci\u00f3n. B\u00e1sicamente, las autoridades competentes quieren comprobar que la sustancia o el dispositivo pueden cubrir una necesidad a\u00fan no satisfecha y que son seguros para su uso en humanos. Un CSR elaborado exhaustivamente incluir\u00e1 gr\u00e1ficos, tablas, diagramas, m\u00e9todos, discusiones, conclusiones y muchos otros apartados.   <\/p>\n<p>Este curso le presenta la estructura adecuada de un CSR y le familiariza con las directrices de la ICH para compilar un informe completo. La documentaci\u00f3n adecuada es fundamental en los estudios cl\u00ednicos, ya que estos documentos deben dar respuesta suficiente a las preguntas que puedan surgir durante la revisi\u00f3n del estudio. <\/p>\n<p>&nbsp;<\/p>\n<p>En este curso, ofrecemos una s\u00edntesis del tema a trav\u00e9s de una experiencia online interactiva. Este material ha sido elaborado por un equipo de expertos en asuntos regulatorios con titulaci\u00f3n de la Northeastern University de Boston, dirigido por un miembro s\u00e9nior capaz de articular la teor\u00eda con la pr\u00e1ctica. <\/p>\n<p>&nbsp;<\/p>\n<p>&nbsp;<\/p>\n<h3>Plan de estudios<\/h3>\n<p>&nbsp;<\/p>\n<p><strong>Introducci\u00f3n<\/strong><\/p>\n<p>&nbsp;<\/p>\n<p><strong>Lecci\u00f3n 1: Antecedentes de los CSR<\/strong><\/p>\n<p>&nbsp;<\/p>\n<p><strong>Lecci\u00f3n 2: Preparativos antes de redactar un informe de estudio cl\u00ednico<\/strong><\/p>\n<p>&nbsp;<\/p>\n<ul>\n<li>El protocolo\/metodolog\u00eda del ensayo<\/li>\n<li>El proceso de la enfermedad<\/li>\n<li>El manual del investigador (IB)<\/li>\n<li>Los cuadernos de recogida de datos (CRD)<\/li>\n<li>PNT u otros materiales de instrucci\u00f3n<\/li>\n<li>El plan de an\u00e1lisis estad\u00edstico (SAP)<\/li>\n<li>Las tablas, listados y figuras (TLF)<\/li>\n<\/ul>\n<p>&nbsp;<\/p>\n<p><strong>Lecci\u00f3n 3: Tipos de CSR<\/strong><\/p>\n<p>&nbsp;<\/p>\n<ul>\n<li>Tipo 1: CSR completos<\/li>\n<li>Tipo 2: CSR suplementarios<\/li>\n<li>Tipo 3: CSR abreviados<\/li>\n<li>Tipo 4: CSR sin\u00f3pticos<\/li>\n<\/ul>\n<p>&nbsp;<\/p>\n<p><strong>Lecci\u00f3n 4: Consejos y sugerencias<\/strong><\/p>\n<p>&nbsp;<\/p>\n<ul>\n<li>Empezar con rapidez<\/li>\n<li>Por d\u00f3nde empezar<\/li>\n<li>Gesti\u00f3n del proyecto<\/li>\n<li>Discusi\u00f3n y apoyo<\/li>\n<li>Conclusi\u00f3n<\/li>\n<li>Anexos<\/li>\n<\/ul>\n<p>&nbsp;<\/p>\n<p><strong>Lecci\u00f3n 5: Anexos del CSR y documentos esenciales<\/strong><\/p>\n<p>&nbsp;<\/p>\n<p><strong>Lecci\u00f3n 6: Contenido de un CSR<\/strong><\/p>\n<p>&nbsp;<\/p>\n<ul>\n<li>Secciones introductorias<\/li>\n<li>M\u00e9todos<\/li>\n<li>Sujetos del estudio<\/li>\n<li>Eficacia<\/li>\n<li>Seguridad<\/li>\n<li>Conclusiones<\/li>\n<\/ul>\n<p>&nbsp;<\/p>\n<p><strong>Glosario<\/strong><\/p>\n<p>&nbsp;<\/p>\n<p><strong>Conclusi\u00f3n<\/strong><\/p>\n","protected":false},"excerpt":{"rendered":"<p>Los informes de estudios cl\u00ednicos (CSR) proporcionan una descripci\u00f3n detallada de todo el proceso del estudio cl\u00ednico. Se requiere una documentaci\u00f3n adecuada, ya que se solicitar\u00e1 para la autorizaci\u00f3n de comercializaci\u00f3n. B\u00e1sicamente, las autoridades competentes quieren comprobar que la sustancia o el dispositivo pueden cubrir una necesidad a\u00fan no satisfecha y que son seguros para [&hellip;]<\/p>\n","protected":false},"featured_media":44644,"template":"","meta":{"_acf_changed":false,"content-type":""},"product_brand":[],"product_cat":[275,270,269],"product_tag":[],"class_list":{"0":"post-57268","1":"product","2":"type-product","3":"status-publish","4":"has-post-thumbnail","6":"product_cat-gcp-ensayos-clinicos","7":"product_cat-organizacion-de-investigacion-por-contrato-cro","8":"product_cat-productos-farmaceuticos","10":"first","11":"instock","12":"taxable","13":"shipping-taxable","14":"purchasable","15":"product-type-simple"},"bundled_by":[],"bundle_stock_status":"instock","bundle_stock_quantity":null,"bundle_virtual":false,"bundle_layout":"","bundle_add_to_cart_form_location":"","bundle_editable_in_cart":false,"bundle_sold_individually_context":"","bundle_item_grouping":"","bundle_min_size":"","bundle_max_size":"","bundle_price":[],"bundled_items":[],"bundle_sell_ids":[],"acf":[],"yoast_head":"<!-- This site is optimized with the Yoast SEO plugin v27.5 - https:\/\/yoast.com\/product\/yoast-seo-wordpress\/ -->\n<title>Gesti\u00f3n de informes de estudios cl\u00ednicos: Certificaci\u00f3n online<\/title>\n<meta name=\"description\" content=\"Aprenda sobre los informes de estudios cl\u00ednicos (CSR) y c\u00f3mo crearlos adecuadamente. Certif\u00edquese a su ritmo desde la comodidad de su hogar.\" \/>\n<meta name=\"robots\" content=\"index, follow, max-snippet:-1, max-image-preview:large, max-video-preview:-1\" \/>\n<link rel=\"canonical\" href=\"https:\/\/gxp-training.com\/es\/online-course\/gestion-de-informes-de-estudios-clinicos\/\" \/>\n<meta property=\"og:locale\" content=\"es_ES\" \/>\n<meta property=\"og:type\" content=\"article\" \/>\n<meta property=\"og:title\" content=\"Gesti\u00f3n de informes de estudios cl\u00ednicos: Certificaci\u00f3n online\" \/>\n<meta property=\"og:description\" content=\"Aprenda sobre los informes de estudios cl\u00ednicos (CSR) y c\u00f3mo crearlos adecuadamente. Certif\u00edquese a su ritmo desde la comodidad de su hogar.\" \/>\n<meta property=\"og:url\" content=\"https:\/\/gxp-training.com\/es\/online-course\/gestion-de-informes-de-estudios-clinicos\/\" \/>\n<meta property=\"og:site_name\" content=\"GxP Training : Certified Online Courses for Life Sciences\" \/>\n<meta property=\"og:image\" content=\"https:\/\/gxp-training.com\/wp-content\/uploads\/2022\/05\/Management-of-Clinical-Study-Reports.png\" \/>\n\t<meta property=\"og:image:width\" content=\"900\" \/>\n\t<meta property=\"og:image:height\" content=\"627\" \/>\n\t<meta property=\"og:image:type\" content=\"image\/png\" \/>\n<meta name=\"twitter:card\" content=\"summary_large_image\" \/>\n<meta name=\"twitter:label1\" content=\"Tiempo de lectura\" \/>\n\t<meta name=\"twitter:data1\" content=\"2 minutos\" \/>\n<script type=\"application\/ld+json\" class=\"yoast-schema-graph\">{\"@context\":\"https:\\\/\\\/schema.org\",\"@graph\":[{\"@type\":\"WebPage\",\"@id\":\"https:\\\/\\\/gxp-training.com\\\/es\\\/online-course\\\/gestion-de-informes-de-estudios-clinicos\\\/\",\"url\":\"https:\\\/\\\/gxp-training.com\\\/es\\\/online-course\\\/gestion-de-informes-de-estudios-clinicos\\\/\",\"name\":\"Gesti\u00f3n de informes de estudios cl\u00ednicos: Certificaci\u00f3n online\",\"isPartOf\":{\"@id\":\"https:\\\/\\\/gxp-training.com\\\/es\\\/#website\"},\"primaryImageOfPage\":{\"@id\":\"https:\\\/\\\/gxp-training.com\\\/es\\\/online-course\\\/gestion-de-informes-de-estudios-clinicos\\\/#primaryimage\"},\"image\":{\"@id\":\"https:\\\/\\\/gxp-training.com\\\/es\\\/online-course\\\/gestion-de-informes-de-estudios-clinicos\\\/#primaryimage\"},\"thumbnailUrl\":\"https:\\\/\\\/gxp-training.com\\\/wp-content\\\/uploads\\\/2022\\\/05\\\/Management-of-Clinical-Study-Reports.png\",\"datePublished\":\"2022-05-24T09:13:52+00:00\",\"description\":\"Aprenda sobre los informes de estudios cl\u00ednicos (CSR) y c\u00f3mo crearlos adecuadamente. Certif\u00edquese a su ritmo desde la comodidad de su hogar.\",\"breadcrumb\":{\"@id\":\"https:\\\/\\\/gxp-training.com\\\/es\\\/online-course\\\/gestion-de-informes-de-estudios-clinicos\\\/#breadcrumb\"},\"inLanguage\":\"es\",\"potentialAction\":[{\"@type\":\"ReadAction\",\"target\":[\"https:\\\/\\\/gxp-training.com\\\/es\\\/online-course\\\/gestion-de-informes-de-estudios-clinicos\\\/\"]}]},{\"@type\":\"ImageObject\",\"inLanguage\":\"es\",\"@id\":\"https:\\\/\\\/gxp-training.com\\\/es\\\/online-course\\\/gestion-de-informes-de-estudios-clinicos\\\/#primaryimage\",\"url\":\"https:\\\/\\\/gxp-training.com\\\/wp-content\\\/uploads\\\/2022\\\/05\\\/Management-of-Clinical-Study-Reports.png\",\"contentUrl\":\"https:\\\/\\\/gxp-training.com\\\/wp-content\\\/uploads\\\/2022\\\/05\\\/Management-of-Clinical-Study-Reports.png\",\"width\":900,\"height\":627},{\"@type\":\"BreadcrumbList\",\"@id\":\"https:\\\/\\\/gxp-training.com\\\/es\\\/online-course\\\/gestion-de-informes-de-estudios-clinicos\\\/#breadcrumb\",\"itemListElement\":[{\"@type\":\"ListItem\",\"position\":1,\"name\":\"Inicio\",\"item\":\"https:\\\/\\\/gxp-training.com\\\/es\\\/pagina-de-inicio\\\/\"},{\"@type\":\"ListItem\",\"position\":2,\"name\":\"Productos\",\"item\":\"https:\\\/\\\/gxp-training.com\\\/es\\\/shop\\\/\"},{\"@type\":\"ListItem\",\"position\":3,\"name\":\"Gesti\u00f3n de informes de estudios cl\u00ednicos\"}]},{\"@type\":\"WebSite\",\"@id\":\"https:\\\/\\\/gxp-training.com\\\/es\\\/#website\",\"url\":\"https:\\\/\\\/gxp-training.com\\\/es\\\/\",\"name\":\"GxP Training : Certified Online Courses for Life Sciences\",\"description\":\"Online Trainings and Certified Courses in Regulatory Compliance for Pharmaceutical Experts\",\"publisher\":{\"@id\":\"https:\\\/\\\/gxp-training.com\\\/es\\\/#organization\"},\"potentialAction\":[{\"@type\":\"SearchAction\",\"target\":{\"@type\":\"EntryPoint\",\"urlTemplate\":\"https:\\\/\\\/gxp-training.com\\\/es\\\/?s={search_term_string}\"},\"query-input\":{\"@type\":\"PropertyValueSpecification\",\"valueRequired\":true,\"valueName\":\"search_term_string\"}}],\"inLanguage\":\"es\"},{\"@type\":\"Organization\",\"@id\":\"https:\\\/\\\/gxp-training.com\\\/es\\\/#organization\",\"name\":\"GXP Training\",\"url\":\"https:\\\/\\\/gxp-training.com\\\/es\\\/\",\"logo\":{\"@type\":\"ImageObject\",\"inLanguage\":\"es\",\"@id\":\"https:\\\/\\\/gxp-training.com\\\/es\\\/#\\\/schema\\\/logo\\\/image\\\/\",\"url\":\"https:\\\/\\\/gxp-training.com\\\/wp-content\\\/uploads\\\/2022\\\/05\\\/logo-resize.png\",\"contentUrl\":\"https:\\\/\\\/gxp-training.com\\\/wp-content\\\/uploads\\\/2022\\\/05\\\/logo-resize.png\",\"width\":350,\"height\":100,\"caption\":\"GXP Training\"},\"image\":{\"@id\":\"https:\\\/\\\/gxp-training.com\\\/es\\\/#\\\/schema\\\/logo\\\/image\\\/\"}}]}<\/script>\n<!-- \/ Yoast SEO plugin. -->","yoast_head_json":{"title":"Gesti\u00f3n de informes de estudios cl\u00ednicos: Certificaci\u00f3n online","description":"Aprenda sobre los informes de estudios cl\u00ednicos (CSR) y c\u00f3mo crearlos adecuadamente. Certif\u00edquese a su ritmo desde la comodidad de su hogar.","robots":{"index":"index","follow":"follow","max-snippet":"max-snippet:-1","max-image-preview":"max-image-preview:large","max-video-preview":"max-video-preview:-1"},"canonical":"https:\/\/gxp-training.com\/es\/online-course\/gestion-de-informes-de-estudios-clinicos\/","og_locale":"es_ES","og_type":"article","og_title":"Gesti\u00f3n de informes de estudios cl\u00ednicos: Certificaci\u00f3n online","og_description":"Aprenda sobre los informes de estudios cl\u00ednicos (CSR) y c\u00f3mo crearlos adecuadamente. Certif\u00edquese a su ritmo desde la comodidad de su hogar.","og_url":"https:\/\/gxp-training.com\/es\/online-course\/gestion-de-informes-de-estudios-clinicos\/","og_site_name":"GxP Training : Certified Online Courses for Life Sciences","og_image":[{"width":900,"height":627,"url":"https:\/\/gxp-training.com\/wp-content\/uploads\/2022\/05\/Management-of-Clinical-Study-Reports.png","type":"image\/png"}],"twitter_card":"summary_large_image","twitter_misc":{"Tiempo de lectura":"2 minutos"},"schema":{"@context":"https:\/\/schema.org","@graph":[{"@type":"WebPage","@id":"https:\/\/gxp-training.com\/es\/online-course\/gestion-de-informes-de-estudios-clinicos\/","url":"https:\/\/gxp-training.com\/es\/online-course\/gestion-de-informes-de-estudios-clinicos\/","name":"Gesti\u00f3n de informes de estudios cl\u00ednicos: Certificaci\u00f3n online","isPartOf":{"@id":"https:\/\/gxp-training.com\/es\/#website"},"primaryImageOfPage":{"@id":"https:\/\/gxp-training.com\/es\/online-course\/gestion-de-informes-de-estudios-clinicos\/#primaryimage"},"image":{"@id":"https:\/\/gxp-training.com\/es\/online-course\/gestion-de-informes-de-estudios-clinicos\/#primaryimage"},"thumbnailUrl":"https:\/\/gxp-training.com\/wp-content\/uploads\/2022\/05\/Management-of-Clinical-Study-Reports.png","datePublished":"2022-05-24T09:13:52+00:00","description":"Aprenda sobre los informes de estudios cl\u00ednicos (CSR) y c\u00f3mo crearlos adecuadamente. Certif\u00edquese a su ritmo desde la comodidad de su hogar.","breadcrumb":{"@id":"https:\/\/gxp-training.com\/es\/online-course\/gestion-de-informes-de-estudios-clinicos\/#breadcrumb"},"inLanguage":"es","potentialAction":[{"@type":"ReadAction","target":["https:\/\/gxp-training.com\/es\/online-course\/gestion-de-informes-de-estudios-clinicos\/"]}]},{"@type":"ImageObject","inLanguage":"es","@id":"https:\/\/gxp-training.com\/es\/online-course\/gestion-de-informes-de-estudios-clinicos\/#primaryimage","url":"https:\/\/gxp-training.com\/wp-content\/uploads\/2022\/05\/Management-of-Clinical-Study-Reports.png","contentUrl":"https:\/\/gxp-training.com\/wp-content\/uploads\/2022\/05\/Management-of-Clinical-Study-Reports.png","width":900,"height":627},{"@type":"BreadcrumbList","@id":"https:\/\/gxp-training.com\/es\/online-course\/gestion-de-informes-de-estudios-clinicos\/#breadcrumb","itemListElement":[{"@type":"ListItem","position":1,"name":"Inicio","item":"https:\/\/gxp-training.com\/es\/pagina-de-inicio\/"},{"@type":"ListItem","position":2,"name":"Productos","item":"https:\/\/gxp-training.com\/es\/shop\/"},{"@type":"ListItem","position":3,"name":"Gesti\u00f3n de informes de estudios cl\u00ednicos"}]},{"@type":"WebSite","@id":"https:\/\/gxp-training.com\/es\/#website","url":"https:\/\/gxp-training.com\/es\/","name":"GxP Training : Certified Online Courses for Life Sciences","description":"Online Trainings and Certified Courses in Regulatory Compliance for Pharmaceutical Experts","publisher":{"@id":"https:\/\/gxp-training.com\/es\/#organization"},"potentialAction":[{"@type":"SearchAction","target":{"@type":"EntryPoint","urlTemplate":"https:\/\/gxp-training.com\/es\/?s={search_term_string}"},"query-input":{"@type":"PropertyValueSpecification","valueRequired":true,"valueName":"search_term_string"}}],"inLanguage":"es"},{"@type":"Organization","@id":"https:\/\/gxp-training.com\/es\/#organization","name":"GXP Training","url":"https:\/\/gxp-training.com\/es\/","logo":{"@type":"ImageObject","inLanguage":"es","@id":"https:\/\/gxp-training.com\/es\/#\/schema\/logo\/image\/","url":"https:\/\/gxp-training.com\/wp-content\/uploads\/2022\/05\/logo-resize.png","contentUrl":"https:\/\/gxp-training.com\/wp-content\/uploads\/2022\/05\/logo-resize.png","width":350,"height":100,"caption":"GXP Training"},"image":{"@id":"https:\/\/gxp-training.com\/es\/#\/schema\/logo\/image\/"}}]}},"_links":{"self":[{"href":"https:\/\/gxp-training.com\/es\/wp-json\/wp\/v2\/product\/57268","targetHints":{"allow":["GET"]}}],"collection":[{"href":"https:\/\/gxp-training.com\/es\/wp-json\/wp\/v2\/product"}],"about":[{"href":"https:\/\/gxp-training.com\/es\/wp-json\/wp\/v2\/types\/product"}],"wp:featuredmedia":[{"embeddable":true,"href":"https:\/\/gxp-training.com\/es\/wp-json\/wp\/v2\/media\/44644"}],"wp:attachment":[{"href":"https:\/\/gxp-training.com\/es\/wp-json\/wp\/v2\/media?parent=57268"}],"wp:term":[{"taxonomy":"product_brand","embeddable":true,"href":"https:\/\/gxp-training.com\/es\/wp-json\/wp\/v2\/product_brand?post=57268"},{"taxonomy":"product_cat","embeddable":true,"href":"https:\/\/gxp-training.com\/es\/wp-json\/wp\/v2\/product_cat?post=57268"},{"taxonomy":"product_tag","embeddable":true,"href":"https:\/\/gxp-training.com\/es\/wp-json\/wp\/v2\/product_tag?post=57268"}],"curies":[{"name":"wp","href":"https:\/\/api.w.org\/{rel}","templated":true}]}}