{"id":57225,"date":"2022-05-24T11:17:21","date_gmt":"2022-05-24T09:17:21","guid":{"rendered":"https:\/\/gxp-training.com\/online-course\/concienciacion-global-sobre-farmacovigilancia\/"},"modified":"2022-05-24T11:17:21","modified_gmt":"2022-05-24T09:17:21","slug":"concienciacion-global-sobre-farmacovigilancia","status":"publish","type":"product","link":"https:\/\/gxp-training.com\/es\/online-course\/concienciacion-global-sobre-farmacovigilancia\/","title":{"rendered":"Concienciaci\u00f3n global sobre farmacovigilancia"},"content":{"rendered":"<p>La farmacovigilancia es el proceso de monitorizar la eficacia y el perfil de seguridad de nuevos medicamentos a lo largo de su uso en el sistema sanitario. El uso de estos medicamentos en una poblaci\u00f3n heterog\u00e9nea y en un entorno no controlado aportar\u00e1 informaci\u00f3n sobre los efectos secundarios, los acontecimientos adversos y las interacciones que no pudieron detectarse durante los ensayos cl\u00ednicos. <\/p>\n<p>Este curso incluye una introducci\u00f3n al concepto, detallando su historia e importancia. Tambi\u00e9n hace hincapi\u00e9 en la necesidad de la farmacovigilancia global. <\/p>\n<p>&nbsp;<\/p>\n<p>En este curso, ofrecemos una s\u00edntesis del tema a trav\u00e9s de una experiencia online interactiva. Este material fue elaborado por un equipo de expertos en Asuntos Regulatorios con una titulaci\u00f3n de la Northeastern University, Boston, y pilotado por un miembro s\u00e9nior capaz de articular la teor\u00eda con la pr\u00e1ctica. <\/p>\n<p>&nbsp;<\/p>\n<p>&nbsp;<\/p>\n<h3>Programa<\/h3>\n<p>&nbsp;<\/p>\n<p>&nbsp;<\/p>\n<p><strong>Introducci\u00f3n<\/strong><\/p>\n<p>&nbsp;<\/p>\n<p><strong>Lecci\u00f3n 1: \u00bfQu\u00e9 es la farmacovigilancia?<\/strong><\/p>\n<p>&nbsp;<\/p>\n<ul>\n<li>Origen de la farmacovigilancia<\/li>\n<li>Alcance de la farmacovigilancia<\/li>\n<\/ul>\n<p>&nbsp;<\/p>\n<p><strong>Lecci\u00f3n 2: Finalidad de la farmacovigilancia<\/strong><\/p>\n<p>&nbsp;<\/p>\n<p><strong>Lecci\u00f3n 3: Sistemas de farmacovigilancia<\/strong><\/p>\n<p>&nbsp;<\/p>\n<ul>\n<li>M\u00e9todos de los sistemas de farmacovigilancia<\/li>\n<li>Notificaci\u00f3n espont\u00e1nea<\/li>\n<li>Monitorizaci\u00f3n de acontecimientos en cohortes<\/li>\n<li>Investigaciones cl\u00ednicas dirigidas<\/li>\n<li>Comparaci\u00f3n de los m\u00e9todos de farmacovigilancia<\/li>\n<\/ul>\n<p>&nbsp;<\/p>\n<p><strong>Lecci\u00f3n 4: Gesti\u00f3n de casos de farmacovigilancia<\/strong><\/p>\n<p>&nbsp;<\/p>\n<ul>\n<li>Gesti\u00f3n de datos<\/li>\n<li>Evaluaci\u00f3n de la relaci\u00f3n entre el medicamento y la reacci\u00f3n adversa<\/li>\n<li>Notificaci\u00f3n a los organismos competentes<\/li>\n<\/ul>\n<p>&nbsp;<\/p>\n<p><strong>Lecci\u00f3n 5: Lograr la concienciaci\u00f3n global sobre farmacovigilancia<\/strong><\/p>\n<p>&nbsp;<\/p>\n<ul>\n<li>Centros nacionales de farmacovigilancia<\/li>\n<li>Profesionales sanitarios<\/li>\n<li>Compa\u00f1\u00edas farmac\u00e9uticas<\/li>\n<li>Pacientes y p\u00fablico general<\/li>\n<li>Programas de monitorizaci\u00f3n de la OMS<\/li>\n<li>Retos para lograr la concienciaci\u00f3n global sobre farmacovigilancia<\/li>\n<\/ul>\n<p>&nbsp;<\/p>\n<p><strong>Glosario<\/strong><\/p>\n<p>&nbsp;<\/p>\n<p><strong>Conclusi\u00f3n<\/strong><\/p>\n<p>&nbsp;<\/p>\n<p><strong>Cuestionario<\/strong><\/p>\n<p><strong> <\/strong><\/p>\n","protected":false},"excerpt":{"rendered":"<p>La farmacovigilancia es el proceso de monitorizar la eficacia y el perfil de seguridad de nuevos medicamentos a lo largo de su uso en el sistema sanitario. El uso de estos medicamentos en una poblaci\u00f3n heterog\u00e9nea y en un entorno no controlado aportar\u00e1 informaci\u00f3n sobre los efectos secundarios, los acontecimientos adversos y las interacciones que [&hellip;]<\/p>\n","protected":false},"featured_media":44647,"template":"","meta":{"_acf_changed":false,"content-type":""},"product_brand":[],"product_cat":[268,270,269,266],"product_tag":[],"class_list":{"0":"post-57225","1":"product","2":"type-product","3":"status-publish","4":"has-post-thumbnail","6":"product_cat-farmacovigilancia","7":"product_cat-organizacion-de-investigacion-por-contrato-cro","8":"product_cat-productos-farmaceuticos","9":"product_cat-productos-sanitarios","11":"first","12":"instock","13":"taxable","14":"shipping-taxable","15":"purchasable","16":"product-type-subscription"},"bundled_by":[],"bundle_stock_status":"instock","bundle_stock_quantity":null,"bundle_virtual":false,"bundle_layout":"","bundle_add_to_cart_form_location":"","bundle_editable_in_cart":false,"bundle_sold_individually_context":"","bundle_item_grouping":"","bundle_min_size":"","bundle_max_size":"","bundle_price":[],"bundled_items":[],"bundle_sell_ids":[],"acf":[],"yoast_head":"<!-- This site is optimized with the Yoast SEO plugin v27.5 - https:\/\/yoast.com\/product\/yoast-seo-wordpress\/ -->\n<title>Concienciaci\u00f3n global sobre farmacovigilancia - Curso online certificado<\/title>\n<meta name=\"description\" content=\"La mejor formaci\u00f3n online para certificarse en concienciaci\u00f3n global sobre farmacovigilancia. Este curso est\u00e1 acreditado por CPD y CEU. \u00a1Empiece su itinerario de aprendizaje ahora!\" \/>\n<meta name=\"robots\" content=\"index, follow, max-snippet:-1, max-image-preview:large, max-video-preview:-1\" \/>\n<link rel=\"canonical\" href=\"https:\/\/gxp-training.com\/es\/online-course\/concienciacion-global-sobre-farmacovigilancia\/\" \/>\n<meta property=\"og:locale\" content=\"es_ES\" \/>\n<meta property=\"og:type\" content=\"article\" \/>\n<meta property=\"og:title\" content=\"Concienciaci\u00f3n global sobre farmacovigilancia - Curso online certificado\" \/>\n<meta property=\"og:description\" content=\"La mejor formaci\u00f3n online para certificarse en concienciaci\u00f3n global sobre farmacovigilancia. Este curso est\u00e1 acreditado por CPD y CEU. \u00a1Empiece su itinerario de aprendizaje ahora!\" \/>\n<meta property=\"og:url\" content=\"https:\/\/gxp-training.com\/es\/online-course\/concienciacion-global-sobre-farmacovigilancia\/\" \/>\n<meta property=\"og:site_name\" content=\"GxP Training : Certified Online Courses for Life Sciences\" \/>\n<meta property=\"og:image\" content=\"https:\/\/gxp-training.com\/wp-content\/uploads\/2022\/05\/global-pharmacovigilance-online-course.png\" \/>\n\t<meta property=\"og:image:width\" content=\"900\" \/>\n\t<meta property=\"og:image:height\" content=\"627\" \/>\n\t<meta property=\"og:image:type\" content=\"image\/png\" \/>\n<meta name=\"twitter:card\" content=\"summary_large_image\" \/>\n<meta name=\"twitter:label1\" content=\"Tiempo de lectura\" \/>\n\t<meta name=\"twitter:data1\" content=\"1 minuto\" \/>\n<script type=\"application\/ld+json\" class=\"yoast-schema-graph\">{\"@context\":\"https:\\\/\\\/schema.org\",\"@graph\":[{\"@type\":\"WebPage\",\"@id\":\"https:\\\/\\\/gxp-training.com\\\/es\\\/online-course\\\/concienciacion-global-sobre-farmacovigilancia\\\/\",\"url\":\"https:\\\/\\\/gxp-training.com\\\/es\\\/online-course\\\/concienciacion-global-sobre-farmacovigilancia\\\/\",\"name\":\"Concienciaci\u00f3n global sobre farmacovigilancia - Curso online certificado\",\"isPartOf\":{\"@id\":\"https:\\\/\\\/gxp-training.com\\\/es\\\/#website\"},\"primaryImageOfPage\":{\"@id\":\"https:\\\/\\\/gxp-training.com\\\/es\\\/online-course\\\/concienciacion-global-sobre-farmacovigilancia\\\/#primaryimage\"},\"image\":{\"@id\":\"https:\\\/\\\/gxp-training.com\\\/es\\\/online-course\\\/concienciacion-global-sobre-farmacovigilancia\\\/#primaryimage\"},\"thumbnailUrl\":\"https:\\\/\\\/gxp-training.com\\\/wp-content\\\/uploads\\\/2022\\\/05\\\/global-pharmacovigilance-online-course.png\",\"datePublished\":\"2022-05-24T09:17:21+00:00\",\"description\":\"La mejor formaci\u00f3n online para certificarse en concienciaci\u00f3n global sobre farmacovigilancia. Este curso est\u00e1 acreditado por CPD y CEU. \u00a1Empiece su itinerario de aprendizaje ahora!\",\"breadcrumb\":{\"@id\":\"https:\\\/\\\/gxp-training.com\\\/es\\\/online-course\\\/concienciacion-global-sobre-farmacovigilancia\\\/#breadcrumb\"},\"inLanguage\":\"es\",\"potentialAction\":[{\"@type\":\"ReadAction\",\"target\":[\"https:\\\/\\\/gxp-training.com\\\/es\\\/online-course\\\/concienciacion-global-sobre-farmacovigilancia\\\/\"]}]},{\"@type\":\"ImageObject\",\"inLanguage\":\"es\",\"@id\":\"https:\\\/\\\/gxp-training.com\\\/es\\\/online-course\\\/concienciacion-global-sobre-farmacovigilancia\\\/#primaryimage\",\"url\":\"https:\\\/\\\/gxp-training.com\\\/wp-content\\\/uploads\\\/2022\\\/05\\\/global-pharmacovigilance-online-course.png\",\"contentUrl\":\"https:\\\/\\\/gxp-training.com\\\/wp-content\\\/uploads\\\/2022\\\/05\\\/global-pharmacovigilance-online-course.png\",\"width\":900,\"height\":627},{\"@type\":\"BreadcrumbList\",\"@id\":\"https:\\\/\\\/gxp-training.com\\\/es\\\/online-course\\\/concienciacion-global-sobre-farmacovigilancia\\\/#breadcrumb\",\"itemListElement\":[{\"@type\":\"ListItem\",\"position\":1,\"name\":\"Inicio\",\"item\":\"https:\\\/\\\/gxp-training.com\\\/es\\\/pagina-de-inicio\\\/\"},{\"@type\":\"ListItem\",\"position\":2,\"name\":\"Productos\",\"item\":\"https:\\\/\\\/gxp-training.com\\\/es\\\/shop\\\/\"},{\"@type\":\"ListItem\",\"position\":3,\"name\":\"Concienciaci\u00f3n global sobre farmacovigilancia\"}]},{\"@type\":\"WebSite\",\"@id\":\"https:\\\/\\\/gxp-training.com\\\/es\\\/#website\",\"url\":\"https:\\\/\\\/gxp-training.com\\\/es\\\/\",\"name\":\"GxP Training : Certified Online Courses for Life Sciences\",\"description\":\"Online Trainings and Certified Courses in Regulatory Compliance for Pharmaceutical Experts\",\"publisher\":{\"@id\":\"https:\\\/\\\/gxp-training.com\\\/es\\\/#organization\"},\"potentialAction\":[{\"@type\":\"SearchAction\",\"target\":{\"@type\":\"EntryPoint\",\"urlTemplate\":\"https:\\\/\\\/gxp-training.com\\\/es\\\/?s={search_term_string}\"},\"query-input\":{\"@type\":\"PropertyValueSpecification\",\"valueRequired\":true,\"valueName\":\"search_term_string\"}}],\"inLanguage\":\"es\"},{\"@type\":\"Organization\",\"@id\":\"https:\\\/\\\/gxp-training.com\\\/es\\\/#organization\",\"name\":\"GXP Training\",\"url\":\"https:\\\/\\\/gxp-training.com\\\/es\\\/\",\"logo\":{\"@type\":\"ImageObject\",\"inLanguage\":\"es\",\"@id\":\"https:\\\/\\\/gxp-training.com\\\/es\\\/#\\\/schema\\\/logo\\\/image\\\/\",\"url\":\"https:\\\/\\\/gxp-training.com\\\/wp-content\\\/uploads\\\/2022\\\/05\\\/logo-resize.png\",\"contentUrl\":\"https:\\\/\\\/gxp-training.com\\\/wp-content\\\/uploads\\\/2022\\\/05\\\/logo-resize.png\",\"width\":350,\"height\":100,\"caption\":\"GXP Training\"},\"image\":{\"@id\":\"https:\\\/\\\/gxp-training.com\\\/es\\\/#\\\/schema\\\/logo\\\/image\\\/\"}}]}<\/script>\n<!-- \/ Yoast SEO plugin. -->","yoast_head_json":{"title":"Concienciaci\u00f3n global sobre farmacovigilancia - Curso online certificado","description":"La mejor formaci\u00f3n online para certificarse en concienciaci\u00f3n global sobre farmacovigilancia. Este curso est\u00e1 acreditado por CPD y CEU. \u00a1Empiece su itinerario de aprendizaje ahora!","robots":{"index":"index","follow":"follow","max-snippet":"max-snippet:-1","max-image-preview":"max-image-preview:large","max-video-preview":"max-video-preview:-1"},"canonical":"https:\/\/gxp-training.com\/es\/online-course\/concienciacion-global-sobre-farmacovigilancia\/","og_locale":"es_ES","og_type":"article","og_title":"Concienciaci\u00f3n global sobre farmacovigilancia - Curso online certificado","og_description":"La mejor formaci\u00f3n online para certificarse en concienciaci\u00f3n global sobre farmacovigilancia. Este curso est\u00e1 acreditado por CPD y CEU. \u00a1Empiece su itinerario de aprendizaje ahora!","og_url":"https:\/\/gxp-training.com\/es\/online-course\/concienciacion-global-sobre-farmacovigilancia\/","og_site_name":"GxP Training : Certified Online Courses for Life Sciences","og_image":[{"width":900,"height":627,"url":"https:\/\/gxp-training.com\/wp-content\/uploads\/2022\/05\/global-pharmacovigilance-online-course.png","type":"image\/png"}],"twitter_card":"summary_large_image","twitter_misc":{"Tiempo de lectura":"1 minuto"},"schema":{"@context":"https:\/\/schema.org","@graph":[{"@type":"WebPage","@id":"https:\/\/gxp-training.com\/es\/online-course\/concienciacion-global-sobre-farmacovigilancia\/","url":"https:\/\/gxp-training.com\/es\/online-course\/concienciacion-global-sobre-farmacovigilancia\/","name":"Concienciaci\u00f3n global sobre farmacovigilancia - Curso online certificado","isPartOf":{"@id":"https:\/\/gxp-training.com\/es\/#website"},"primaryImageOfPage":{"@id":"https:\/\/gxp-training.com\/es\/online-course\/concienciacion-global-sobre-farmacovigilancia\/#primaryimage"},"image":{"@id":"https:\/\/gxp-training.com\/es\/online-course\/concienciacion-global-sobre-farmacovigilancia\/#primaryimage"},"thumbnailUrl":"https:\/\/gxp-training.com\/wp-content\/uploads\/2022\/05\/global-pharmacovigilance-online-course.png","datePublished":"2022-05-24T09:17:21+00:00","description":"La mejor formaci\u00f3n online para certificarse en concienciaci\u00f3n global sobre farmacovigilancia. Este curso est\u00e1 acreditado por CPD y CEU. \u00a1Empiece su itinerario de aprendizaje ahora!","breadcrumb":{"@id":"https:\/\/gxp-training.com\/es\/online-course\/concienciacion-global-sobre-farmacovigilancia\/#breadcrumb"},"inLanguage":"es","potentialAction":[{"@type":"ReadAction","target":["https:\/\/gxp-training.com\/es\/online-course\/concienciacion-global-sobre-farmacovigilancia\/"]}]},{"@type":"ImageObject","inLanguage":"es","@id":"https:\/\/gxp-training.com\/es\/online-course\/concienciacion-global-sobre-farmacovigilancia\/#primaryimage","url":"https:\/\/gxp-training.com\/wp-content\/uploads\/2022\/05\/global-pharmacovigilance-online-course.png","contentUrl":"https:\/\/gxp-training.com\/wp-content\/uploads\/2022\/05\/global-pharmacovigilance-online-course.png","width":900,"height":627},{"@type":"BreadcrumbList","@id":"https:\/\/gxp-training.com\/es\/online-course\/concienciacion-global-sobre-farmacovigilancia\/#breadcrumb","itemListElement":[{"@type":"ListItem","position":1,"name":"Inicio","item":"https:\/\/gxp-training.com\/es\/pagina-de-inicio\/"},{"@type":"ListItem","position":2,"name":"Productos","item":"https:\/\/gxp-training.com\/es\/shop\/"},{"@type":"ListItem","position":3,"name":"Concienciaci\u00f3n global sobre farmacovigilancia"}]},{"@type":"WebSite","@id":"https:\/\/gxp-training.com\/es\/#website","url":"https:\/\/gxp-training.com\/es\/","name":"GxP Training : Certified Online Courses for Life Sciences","description":"Online Trainings and Certified Courses in Regulatory Compliance for Pharmaceutical Experts","publisher":{"@id":"https:\/\/gxp-training.com\/es\/#organization"},"potentialAction":[{"@type":"SearchAction","target":{"@type":"EntryPoint","urlTemplate":"https:\/\/gxp-training.com\/es\/?s={search_term_string}"},"query-input":{"@type":"PropertyValueSpecification","valueRequired":true,"valueName":"search_term_string"}}],"inLanguage":"es"},{"@type":"Organization","@id":"https:\/\/gxp-training.com\/es\/#organization","name":"GXP Training","url":"https:\/\/gxp-training.com\/es\/","logo":{"@type":"ImageObject","inLanguage":"es","@id":"https:\/\/gxp-training.com\/es\/#\/schema\/logo\/image\/","url":"https:\/\/gxp-training.com\/wp-content\/uploads\/2022\/05\/logo-resize.png","contentUrl":"https:\/\/gxp-training.com\/wp-content\/uploads\/2022\/05\/logo-resize.png","width":350,"height":100,"caption":"GXP Training"},"image":{"@id":"https:\/\/gxp-training.com\/es\/#\/schema\/logo\/image\/"}}]}},"_links":{"self":[{"href":"https:\/\/gxp-training.com\/es\/wp-json\/wp\/v2\/product\/57225","targetHints":{"allow":["GET"]}}],"collection":[{"href":"https:\/\/gxp-training.com\/es\/wp-json\/wp\/v2\/product"}],"about":[{"href":"https:\/\/gxp-training.com\/es\/wp-json\/wp\/v2\/types\/product"}],"wp:featuredmedia":[{"embeddable":true,"href":"https:\/\/gxp-training.com\/es\/wp-json\/wp\/v2\/media\/44647"}],"wp:attachment":[{"href":"https:\/\/gxp-training.com\/es\/wp-json\/wp\/v2\/media?parent=57225"}],"wp:term":[{"taxonomy":"product_brand","embeddable":true,"href":"https:\/\/gxp-training.com\/es\/wp-json\/wp\/v2\/product_brand?post=57225"},{"taxonomy":"product_cat","embeddable":true,"href":"https:\/\/gxp-training.com\/es\/wp-json\/wp\/v2\/product_cat?post=57225"},{"taxonomy":"product_tag","embeddable":true,"href":"https:\/\/gxp-training.com\/es\/wp-json\/wp\/v2\/product_tag?post=57225"}],"curies":[{"name":"wp","href":"https:\/\/api.w.org\/{rel}","templated":true}]}}