{"id":57218,"date":"2022-05-27T11:53:57","date_gmt":"2022-05-27T09:53:57","guid":{"rendered":"https:\/\/gxp-training.com\/online-course\/introduccion-a-los-estudios-no-intervencionistas-eni\/"},"modified":"2022-05-27T11:53:57","modified_gmt":"2022-05-27T09:53:57","slug":"introduccion-a-los-estudios-no-intervencionistas-eni","status":"publish","type":"product","link":"https:\/\/gxp-training.com\/es\/online-course\/introduccion-a-los-estudios-no-intervencionistas-eni\/","title":{"rendered":"Introducci\u00f3n a los Estudios No Intervencionistas (ENI)"},"content":{"rendered":"<p>Los Estudios No Intervencionistas (ENI) se llevan a cabo en entornos no controlados a diferencia de los ensayos cl\u00ednicos. Los pacientes se seleccionan seg\u00fan criterios espec\u00edficos que incluyen su plan de tratamiento actual. <\/p>\n<p>Estos estudios no interfieren con el plan actual. Por tanto, los investigadores pueden identificar eventos espec\u00edficos que influyen en la terapia en el mundo real. Este curso sirve como introducci\u00f3n a los fundamentos de los ENI. Aprender\u00e1 sobre la \u00e9tica y los pasos necesarios para obtener datos y extraer conclusiones \u00fatiles de los ENI.   <\/p>\n<p>&nbsp;<\/p>\n<p>En este curso, proporcionamos una s\u00edntesis del tema a trav\u00e9s de una experiencia online interactiva. Este material fue desarrollado por un equipo de Expertos en Asuntos Regulatorios con Cualificaci\u00f3n de Northeastern University, Boston, dirigido por un Miembro Senior capaz de articular la teor\u00eda con la pr\u00e1ctica. <\/p>\n<p>&nbsp;<\/p>\n<h3>Programa:<\/h3>\n<p>&nbsp;<\/p>\n<p><strong>Lecci\u00f3n 1: Introducci\u00f3n a los Estudios No Intervencionistas (ENI)<\/strong><\/p>\n<p>&nbsp;<\/p>\n<p><strong>Lecci\u00f3n 2: Marco Regulatorio, Consideraciones \u00c9ticas y Perspectiva Global<\/strong><\/p>\n<p>&nbsp;<\/p>\n<p><strong>Lecci\u00f3n 3: Normativa de Protecci\u00f3n de Datos y Cumplimiento<\/strong><\/p>\n<p>&nbsp;<\/p>\n<p><strong>Lecci\u00f3n 4: Farmacovigilancia en ENI &#8211; PAS, PASS y PAES<\/strong><\/p>\n<p>&nbsp;<\/p>\n<p><strong>Lecci\u00f3n 5: Dise\u00f1o y Metodolog\u00eda del Estudio<\/strong><\/p>\n<p>&nbsp;<\/p>\n<p><strong>Lecci\u00f3n 6: Marco Operativo para ENI<\/strong><\/p>\n<p>&nbsp;<\/p>\n<p><strong>Glosario<\/strong><\/p>\n<p>&nbsp;<\/p>\n<p><strong>Cuestionario<\/strong><\/p>\n<p>&nbsp;<\/p>\n","protected":false},"excerpt":{"rendered":"<p>Los Estudios No Intervencionistas (ENI) se llevan a cabo en entornos no controlados a diferencia de los ensayos cl\u00ednicos. Los pacientes se seleccionan seg\u00fan criterios espec\u00edficos que incluyen su plan de tratamiento actual. Estos estudios no interfieren con el plan actual. Por tanto, los investigadores pueden identificar eventos espec\u00edficos que influyen en la terapia en [&hellip;]<\/p>\n","protected":false},"featured_media":48948,"template":"","meta":{"_acf_changed":false,"content-type":""},"product_brand":[],"product_cat":[268,275,279,270,269],"product_tag":[],"class_list":{"0":"post-57218","1":"product","2":"type-product","3":"status-publish","4":"has-post-thumbnail","6":"product_cat-farmacovigilancia","7":"product_cat-gcp-ensayos-clinicos","8":"product_cat-hospitales-e-instituciones-sanitarias","9":"product_cat-organizacion-de-investigacion-por-contrato-cro","10":"product_cat-productos-farmaceuticos","12":"first","13":"instock","14":"taxable","15":"shipping-taxable","16":"purchasable","17":"product-type-simple"},"bundled_by":[],"bundle_stock_status":"instock","bundle_stock_quantity":null,"bundle_virtual":false,"bundle_layout":"","bundle_add_to_cart_form_location":"","bundle_editable_in_cart":false,"bundle_sold_individually_context":"","bundle_item_grouping":"","bundle_min_size":"","bundle_max_size":"","bundle_price":[],"bundled_items":[],"bundle_sell_ids":[],"acf":[],"yoast_head":"<!-- This site is optimized with the Yoast SEO plugin v27.5 - https:\/\/yoast.com\/product\/yoast-seo-wordpress\/ -->\n<title>Estudios No Intervencionistas ENI - Curso Online con Certificaci\u00f3n<\/title>\n<meta name=\"description\" content=\"Certif\u00edquese en los principios generales de los Estudios No Intervencionistas con nuestra formaci\u00f3n certificada online. Inscr\u00edbase ahora y obtenga sus Cr\u00e9ditos CPD \/ CEU.\" \/>\n<meta name=\"robots\" content=\"index, follow, max-snippet:-1, max-image-preview:large, max-video-preview:-1\" \/>\n<link rel=\"canonical\" href=\"https:\/\/gxp-training.com\/es\/online-course\/introduccion-a-los-estudios-no-intervencionistas-eni\/\" \/>\n<meta property=\"og:locale\" content=\"es_ES\" \/>\n<meta property=\"og:type\" content=\"article\" \/>\n<meta property=\"og:title\" content=\"Estudios No Intervencionistas ENI - Curso Online con Certificaci\u00f3n\" \/>\n<meta property=\"og:description\" content=\"Certif\u00edquese en los principios generales de los Estudios No Intervencionistas con nuestra formaci\u00f3n certificada online. Inscr\u00edbase ahora y obtenga sus Cr\u00e9ditos CPD \/ CEU.\" \/>\n<meta property=\"og:url\" content=\"https:\/\/gxp-training.com\/es\/online-course\/introduccion-a-los-estudios-no-intervencionistas-eni\/\" \/>\n<meta property=\"og:site_name\" content=\"GxP Training : Certified Online Courses for Life Sciences\" \/>\n<meta property=\"og:image\" content=\"https:\/\/gxp-training.com\/wp-content\/uploads\/2022\/05\/Introduction-to-Non-Interventional-Studies-NIS.png\" \/>\n\t<meta property=\"og:image:width\" content=\"900\" \/>\n\t<meta property=\"og:image:height\" content=\"627\" \/>\n\t<meta property=\"og:image:type\" content=\"image\/png\" \/>\n<meta name=\"twitter:card\" content=\"summary_large_image\" \/>\n<meta name=\"twitter:label1\" content=\"Tiempo de lectura\" \/>\n\t<meta name=\"twitter:data1\" content=\"1 minuto\" \/>\n<script type=\"application\/ld+json\" class=\"yoast-schema-graph\">{\"@context\":\"https:\\\/\\\/schema.org\",\"@graph\":[{\"@type\":\"WebPage\",\"@id\":\"https:\\\/\\\/gxp-training.com\\\/es\\\/online-course\\\/introduccion-a-los-estudios-no-intervencionistas-eni\\\/\",\"url\":\"https:\\\/\\\/gxp-training.com\\\/es\\\/online-course\\\/introduccion-a-los-estudios-no-intervencionistas-eni\\\/\",\"name\":\"Estudios No Intervencionistas ENI - Curso Online con Certificaci\u00f3n\",\"isPartOf\":{\"@id\":\"https:\\\/\\\/gxp-training.com\\\/es\\\/#website\"},\"primaryImageOfPage\":{\"@id\":\"https:\\\/\\\/gxp-training.com\\\/es\\\/online-course\\\/introduccion-a-los-estudios-no-intervencionistas-eni\\\/#primaryimage\"},\"image\":{\"@id\":\"https:\\\/\\\/gxp-training.com\\\/es\\\/online-course\\\/introduccion-a-los-estudios-no-intervencionistas-eni\\\/#primaryimage\"},\"thumbnailUrl\":\"https:\\\/\\\/gxp-training.com\\\/wp-content\\\/uploads\\\/2022\\\/05\\\/Introduction-to-Non-Interventional-Studies-NIS.png\",\"datePublished\":\"2022-05-27T09:53:57+00:00\",\"description\":\"Certif\u00edquese en los principios generales de los Estudios No Intervencionistas con nuestra formaci\u00f3n certificada online. Inscr\u00edbase ahora y obtenga sus Cr\u00e9ditos CPD \\\/ CEU.\",\"breadcrumb\":{\"@id\":\"https:\\\/\\\/gxp-training.com\\\/es\\\/online-course\\\/introduccion-a-los-estudios-no-intervencionistas-eni\\\/#breadcrumb\"},\"inLanguage\":\"es\",\"potentialAction\":[{\"@type\":\"ReadAction\",\"target\":[\"https:\\\/\\\/gxp-training.com\\\/es\\\/online-course\\\/introduccion-a-los-estudios-no-intervencionistas-eni\\\/\"]}]},{\"@type\":\"ImageObject\",\"inLanguage\":\"es\",\"@id\":\"https:\\\/\\\/gxp-training.com\\\/es\\\/online-course\\\/introduccion-a-los-estudios-no-intervencionistas-eni\\\/#primaryimage\",\"url\":\"https:\\\/\\\/gxp-training.com\\\/wp-content\\\/uploads\\\/2022\\\/05\\\/Introduction-to-Non-Interventional-Studies-NIS.png\",\"contentUrl\":\"https:\\\/\\\/gxp-training.com\\\/wp-content\\\/uploads\\\/2022\\\/05\\\/Introduction-to-Non-Interventional-Studies-NIS.png\",\"width\":900,\"height\":627},{\"@type\":\"BreadcrumbList\",\"@id\":\"https:\\\/\\\/gxp-training.com\\\/es\\\/online-course\\\/introduccion-a-los-estudios-no-intervencionistas-eni\\\/#breadcrumb\",\"itemListElement\":[{\"@type\":\"ListItem\",\"position\":1,\"name\":\"Inicio\",\"item\":\"https:\\\/\\\/gxp-training.com\\\/es\\\/pagina-de-inicio\\\/\"},{\"@type\":\"ListItem\",\"position\":2,\"name\":\"Productos\",\"item\":\"https:\\\/\\\/gxp-training.com\\\/es\\\/shop\\\/\"},{\"@type\":\"ListItem\",\"position\":3,\"name\":\"Introducci\u00f3n a los Estudios No Intervencionistas (ENI)\"}]},{\"@type\":\"WebSite\",\"@id\":\"https:\\\/\\\/gxp-training.com\\\/es\\\/#website\",\"url\":\"https:\\\/\\\/gxp-training.com\\\/es\\\/\",\"name\":\"GxP Training : Certified Online Courses for Life Sciences\",\"description\":\"Online Trainings and Certified Courses in Regulatory Compliance for Pharmaceutical Experts\",\"publisher\":{\"@id\":\"https:\\\/\\\/gxp-training.com\\\/es\\\/#organization\"},\"potentialAction\":[{\"@type\":\"SearchAction\",\"target\":{\"@type\":\"EntryPoint\",\"urlTemplate\":\"https:\\\/\\\/gxp-training.com\\\/es\\\/?s={search_term_string}\"},\"query-input\":{\"@type\":\"PropertyValueSpecification\",\"valueRequired\":true,\"valueName\":\"search_term_string\"}}],\"inLanguage\":\"es\"},{\"@type\":\"Organization\",\"@id\":\"https:\\\/\\\/gxp-training.com\\\/es\\\/#organization\",\"name\":\"GXP Training\",\"url\":\"https:\\\/\\\/gxp-training.com\\\/es\\\/\",\"logo\":{\"@type\":\"ImageObject\",\"inLanguage\":\"es\",\"@id\":\"https:\\\/\\\/gxp-training.com\\\/es\\\/#\\\/schema\\\/logo\\\/image\\\/\",\"url\":\"https:\\\/\\\/gxp-training.com\\\/wp-content\\\/uploads\\\/2022\\\/05\\\/logo-resize.png\",\"contentUrl\":\"https:\\\/\\\/gxp-training.com\\\/wp-content\\\/uploads\\\/2022\\\/05\\\/logo-resize.png\",\"width\":350,\"height\":100,\"caption\":\"GXP Training\"},\"image\":{\"@id\":\"https:\\\/\\\/gxp-training.com\\\/es\\\/#\\\/schema\\\/logo\\\/image\\\/\"}}]}<\/script>\n<!-- \/ Yoast SEO plugin. -->","yoast_head_json":{"title":"Estudios No Intervencionistas ENI - Curso Online con Certificaci\u00f3n","description":"Certif\u00edquese en los principios generales de los Estudios No Intervencionistas con nuestra formaci\u00f3n certificada online. Inscr\u00edbase ahora y obtenga sus Cr\u00e9ditos CPD \/ CEU.","robots":{"index":"index","follow":"follow","max-snippet":"max-snippet:-1","max-image-preview":"max-image-preview:large","max-video-preview":"max-video-preview:-1"},"canonical":"https:\/\/gxp-training.com\/es\/online-course\/introduccion-a-los-estudios-no-intervencionistas-eni\/","og_locale":"es_ES","og_type":"article","og_title":"Estudios No Intervencionistas ENI - Curso Online con Certificaci\u00f3n","og_description":"Certif\u00edquese en los principios generales de los Estudios No Intervencionistas con nuestra formaci\u00f3n certificada online. Inscr\u00edbase ahora y obtenga sus Cr\u00e9ditos CPD \/ CEU.","og_url":"https:\/\/gxp-training.com\/es\/online-course\/introduccion-a-los-estudios-no-intervencionistas-eni\/","og_site_name":"GxP Training : Certified Online Courses for Life Sciences","og_image":[{"width":900,"height":627,"url":"https:\/\/gxp-training.com\/wp-content\/uploads\/2022\/05\/Introduction-to-Non-Interventional-Studies-NIS.png","type":"image\/png"}],"twitter_card":"summary_large_image","twitter_misc":{"Tiempo de lectura":"1 minuto"},"schema":{"@context":"https:\/\/schema.org","@graph":[{"@type":"WebPage","@id":"https:\/\/gxp-training.com\/es\/online-course\/introduccion-a-los-estudios-no-intervencionistas-eni\/","url":"https:\/\/gxp-training.com\/es\/online-course\/introduccion-a-los-estudios-no-intervencionistas-eni\/","name":"Estudios No Intervencionistas ENI - Curso Online con Certificaci\u00f3n","isPartOf":{"@id":"https:\/\/gxp-training.com\/es\/#website"},"primaryImageOfPage":{"@id":"https:\/\/gxp-training.com\/es\/online-course\/introduccion-a-los-estudios-no-intervencionistas-eni\/#primaryimage"},"image":{"@id":"https:\/\/gxp-training.com\/es\/online-course\/introduccion-a-los-estudios-no-intervencionistas-eni\/#primaryimage"},"thumbnailUrl":"https:\/\/gxp-training.com\/wp-content\/uploads\/2022\/05\/Introduction-to-Non-Interventional-Studies-NIS.png","datePublished":"2022-05-27T09:53:57+00:00","description":"Certif\u00edquese en los principios generales de los Estudios No Intervencionistas con nuestra formaci\u00f3n certificada online. Inscr\u00edbase ahora y obtenga sus Cr\u00e9ditos CPD \/ CEU.","breadcrumb":{"@id":"https:\/\/gxp-training.com\/es\/online-course\/introduccion-a-los-estudios-no-intervencionistas-eni\/#breadcrumb"},"inLanguage":"es","potentialAction":[{"@type":"ReadAction","target":["https:\/\/gxp-training.com\/es\/online-course\/introduccion-a-los-estudios-no-intervencionistas-eni\/"]}]},{"@type":"ImageObject","inLanguage":"es","@id":"https:\/\/gxp-training.com\/es\/online-course\/introduccion-a-los-estudios-no-intervencionistas-eni\/#primaryimage","url":"https:\/\/gxp-training.com\/wp-content\/uploads\/2022\/05\/Introduction-to-Non-Interventional-Studies-NIS.png","contentUrl":"https:\/\/gxp-training.com\/wp-content\/uploads\/2022\/05\/Introduction-to-Non-Interventional-Studies-NIS.png","width":900,"height":627},{"@type":"BreadcrumbList","@id":"https:\/\/gxp-training.com\/es\/online-course\/introduccion-a-los-estudios-no-intervencionistas-eni\/#breadcrumb","itemListElement":[{"@type":"ListItem","position":1,"name":"Inicio","item":"https:\/\/gxp-training.com\/es\/pagina-de-inicio\/"},{"@type":"ListItem","position":2,"name":"Productos","item":"https:\/\/gxp-training.com\/es\/shop\/"},{"@type":"ListItem","position":3,"name":"Introducci\u00f3n a los Estudios No Intervencionistas (ENI)"}]},{"@type":"WebSite","@id":"https:\/\/gxp-training.com\/es\/#website","url":"https:\/\/gxp-training.com\/es\/","name":"GxP Training : Certified Online Courses for Life Sciences","description":"Online Trainings and Certified Courses in Regulatory Compliance for Pharmaceutical Experts","publisher":{"@id":"https:\/\/gxp-training.com\/es\/#organization"},"potentialAction":[{"@type":"SearchAction","target":{"@type":"EntryPoint","urlTemplate":"https:\/\/gxp-training.com\/es\/?s={search_term_string}"},"query-input":{"@type":"PropertyValueSpecification","valueRequired":true,"valueName":"search_term_string"}}],"inLanguage":"es"},{"@type":"Organization","@id":"https:\/\/gxp-training.com\/es\/#organization","name":"GXP Training","url":"https:\/\/gxp-training.com\/es\/","logo":{"@type":"ImageObject","inLanguage":"es","@id":"https:\/\/gxp-training.com\/es\/#\/schema\/logo\/image\/","url":"https:\/\/gxp-training.com\/wp-content\/uploads\/2022\/05\/logo-resize.png","contentUrl":"https:\/\/gxp-training.com\/wp-content\/uploads\/2022\/05\/logo-resize.png","width":350,"height":100,"caption":"GXP Training"},"image":{"@id":"https:\/\/gxp-training.com\/es\/#\/schema\/logo\/image\/"}}]}},"_links":{"self":[{"href":"https:\/\/gxp-training.com\/es\/wp-json\/wp\/v2\/product\/57218","targetHints":{"allow":["GET"]}}],"collection":[{"href":"https:\/\/gxp-training.com\/es\/wp-json\/wp\/v2\/product"}],"about":[{"href":"https:\/\/gxp-training.com\/es\/wp-json\/wp\/v2\/types\/product"}],"wp:featuredmedia":[{"embeddable":true,"href":"https:\/\/gxp-training.com\/es\/wp-json\/wp\/v2\/media\/48948"}],"wp:attachment":[{"href":"https:\/\/gxp-training.com\/es\/wp-json\/wp\/v2\/media?parent=57218"}],"wp:term":[{"taxonomy":"product_brand","embeddable":true,"href":"https:\/\/gxp-training.com\/es\/wp-json\/wp\/v2\/product_brand?post=57218"},{"taxonomy":"product_cat","embeddable":true,"href":"https:\/\/gxp-training.com\/es\/wp-json\/wp\/v2\/product_cat?post=57218"},{"taxonomy":"product_tag","embeddable":true,"href":"https:\/\/gxp-training.com\/es\/wp-json\/wp\/v2\/product_tag?post=57218"}],"curies":[{"name":"wp","href":"https:\/\/api.w.org\/{rel}","templated":true}]}}