{"id":57217,"date":"2022-05-24T11:19:19","date_gmt":"2022-05-24T09:19:19","guid":{"rendered":"https:\/\/gxp-training.com\/online-course\/introduccion-a-las-buenas-practicas-de-fabricacion-bpf\/"},"modified":"2022-05-24T11:19:19","modified_gmt":"2022-05-24T09:19:19","slug":"introduccion-a-las-buenas-practicas-de-fabricacion-bpf","status":"publish","type":"product","link":"https:\/\/gxp-training.com\/es\/online-course\/introduccion-a-las-buenas-practicas-de-fabricacion-bpf\/","title":{"rendered":"Introducci\u00f3n a las Buenas Pr\u00e1cticas de Fabricaci\u00f3n (BPF)"},"content":{"rendered":"<p>Las <a href=\"https:\/\/gxp-training.com\/es\/gxp-courses\/bpf-buenas-practicas-de-fabricacion\/\">Buenas Pr\u00e1cticas de Fabricaci\u00f3n<\/a> (BPF) establecen los est\u00e1ndares de calidad que los fabricantes de productos farmac\u00e9uticos y sanitarios deben cumplir para satisfacer los requisitos regulatorios. Este curso cubre los aspectos esenciales, desde la gesti\u00f3n de instalaciones y equipos hasta la documentaci\u00f3n, los sistemas de calidad y las pr\u00e1cticas de cumplimiento, proporcion\u00e1ndole una base s\u00f3lida para trabajar en entornos regulados por BPF. <\/p>\n<p>&nbsp;<br \/>\n<strong>\u00bfQu\u00e9 aprender\u00e1?<\/strong><\/p>\n<ul>\n<li>Principios y alcance de las BPF en la fabricaci\u00f3n farmac\u00e9utica<\/li>\n<li>Organizar instalaciones y gestionar equipos para una producci\u00f3n segura y eficiente<\/li>\n<li>Implementar sistemas de documentaci\u00f3n y gesti\u00f3n de calidad<\/li>\n<li>Aplicar pr\u00e1cticas de gesti\u00f3n de riesgos, validaci\u00f3n, auditor\u00edas y cumplimiento<\/li>\n<\/ul>\n<p>&nbsp;<br \/>\n<strong>\u00bfQui\u00e9n deber\u00eda inscribirse?<\/strong><\/p>\n<ul>\n<li>Profesionales de garant\u00eda y control de calidad<\/li>\n<li>Especialistas en asuntos regulatorios<\/li>\n<li>Personal de fabricaci\u00f3n, producci\u00f3n y laboratorio<\/li>\n<li><a href=\"https:\/\/gxp-training.com\/online-course\/internal-gmp-audit-role-of-gmp-auditor-online-certified-course\/\">Auditores internos<\/a> y equipos de cumplimiento<\/li>\n<\/ul>\n<p>&nbsp;<br \/>\nTras completar con \u00e9xito el curso, recibir\u00e1 un <strong>certificado validado acreditado con cr\u00e9ditos CPD\/CEU<\/strong>, adecuado para documentaci\u00f3n de auditor\u00edas y cumplimiento.<\/p>\n<p>&nbsp;<\/p>\n<h3>Programa<\/h3>\n<p><strong>Introducci\u00f3n: Buenas Pr\u00e1cticas de Fabricaci\u00f3n (BPF): Definiciones y Alcance<\/strong><br \/>\n<strong>Lecci\u00f3n 1: Importancia de la Organizaci\u00f3n y el Personal en las BPF<\/strong><br \/>\n<strong>Lecci\u00f3n 2<\/strong>: <strong>Edificios, Entorno e Instalaciones<\/strong><br \/>\n<strong>Lecci\u00f3n 3<\/strong>: <strong>Equipos<\/strong><br \/>\n<strong>Lecci\u00f3n 4<\/strong>: <strong>Sistema de Gesti\u00f3n de Materiales<\/strong><br \/>\n<strong>Lecci\u00f3n 5<\/strong>: <strong>Sistema de Gesti\u00f3n de Calidad<\/strong><br \/>\n<strong>Lecci\u00f3n 6<\/strong>: <strong>Operaciones de Fabricaci\u00f3n y Control<\/strong><br \/>\n<strong>Lecci\u00f3n 8: Validaci\u00f3n Farmac\u00e9utica<\/strong><br \/>\n<strong>Lecci\u00f3n 9: Externalizaci\u00f3n<\/strong><br \/>\n<strong>Lecci\u00f3n 10: Actividades Posteriores a las Operaciones<\/strong><br \/>\n<strong>Lecci\u00f3n 11: Seguridad de Instalaciones y Plantas<\/strong><br \/>\n<strong>Lecci\u00f3n 12: Auditor\u00edas Farmac\u00e9uticas<\/strong><br \/>\n<strong>Lecci\u00f3n 13: Seguridad y Protecci\u00f3n Ambiental<\/strong><br \/>\n<strong>Conclusi\u00f3n<\/strong><br \/>\n<strong>Glosario<\/strong><br \/>\n<strong>Cuestionario<\/strong><\/p>\n","protected":false},"excerpt":{"rendered":"<p>Las Buenas Pr\u00e1cticas de Fabricaci\u00f3n (BPF) establecen los est\u00e1ndares de calidad que los fabricantes de productos farmac\u00e9uticos y sanitarios deben cumplir para satisfacer los requisitos regulatorios. Este curso cubre los aspectos esenciales, desde la gesti\u00f3n de instalaciones y equipos hasta la documentaci\u00f3n, los sistemas de calidad y las pr\u00e1cticas de cumplimiento, proporcion\u00e1ndole una base s\u00f3lida [&hellip;]<\/p>\n","protected":false},"featured_media":43014,"template":"","meta":{"_acf_changed":false,"content-type":""},"product_brand":[],"product_cat":[265,269],"product_tag":[],"class_list":{"0":"post-57217","1":"product","2":"type-product","3":"status-publish","4":"has-post-thumbnail","6":"product_cat-bpf-buenas-practicas-de-fabricacion","7":"product_cat-productos-farmaceuticos","9":"first","10":"instock","11":"taxable","12":"shipping-taxable","13":"purchasable","14":"product-type-subscription"},"bundled_by":[],"bundle_stock_status":"instock","bundle_stock_quantity":null,"bundle_virtual":false,"bundle_layout":"","bundle_add_to_cart_form_location":"","bundle_editable_in_cart":false,"bundle_sold_individually_context":"","bundle_item_grouping":"","bundle_min_size":"","bundle_max_size":"","bundle_price":[],"bundled_items":[],"bundle_sell_ids":[],"acf":[],"yoast_head":"<!-- This site is optimized with the Yoast SEO plugin v27.5 - https:\/\/yoast.com\/product\/yoast-seo-wordpress\/ -->\n<title>Introducci\u00f3n a las Buenas Pr\u00e1cticas de Fabricaci\u00f3n - Formaci\u00f3n Online en BPF<\/title>\n<meta name=\"description\" content=\"Comience su curso online de BPF y obtenga la certificaci\u00f3n CPD\/CEU. Domine los sistemas de calidad, la documentaci\u00f3n y las pr\u00e1cticas de cumplimiento para la fabricaci\u00f3n farmac\u00e9utica y de productos sanitarios.\" \/>\n<meta name=\"robots\" content=\"index, follow, max-snippet:-1, max-image-preview:large, max-video-preview:-1\" \/>\n<link rel=\"canonical\" href=\"https:\/\/gxp-training.com\/es\/online-course\/introduccion-a-las-buenas-practicas-de-fabricacion-bpf\/\" \/>\n<meta property=\"og:locale\" content=\"es_ES\" \/>\n<meta property=\"og:type\" content=\"article\" \/>\n<meta property=\"og:title\" content=\"Introducci\u00f3n a las Buenas Pr\u00e1cticas de Fabricaci\u00f3n - Formaci\u00f3n Online en BPF\" \/>\n<meta property=\"og:description\" content=\"Comience su curso online de BPF y obtenga la certificaci\u00f3n CPD\/CEU. Domine los sistemas de calidad, la documentaci\u00f3n y las pr\u00e1cticas de cumplimiento para la fabricaci\u00f3n farmac\u00e9utica y de productos sanitarios.\" \/>\n<meta property=\"og:url\" content=\"https:\/\/gxp-training.com\/es\/online-course\/introduccion-a-las-buenas-practicas-de-fabricacion-bpf\/\" \/>\n<meta property=\"og:site_name\" content=\"GxP Training : Certified Online Courses for Life Sciences\" \/>\n<meta property=\"og:image\" content=\"https:\/\/gxp-training.com\/wp-content\/uploads\/2022\/05\/intro-to-GMP-online-training.png\" \/>\n\t<meta property=\"og:image:width\" content=\"900\" \/>\n\t<meta property=\"og:image:height\" content=\"627\" \/>\n\t<meta property=\"og:image:type\" content=\"image\/png\" \/>\n<meta name=\"twitter:card\" content=\"summary_large_image\" \/>\n<meta name=\"twitter:label1\" content=\"Tiempo de lectura\" \/>\n\t<meta name=\"twitter:data1\" content=\"1 minuto\" \/>\n<script type=\"application\/ld+json\" class=\"yoast-schema-graph\">{\"@context\":\"https:\\\/\\\/schema.org\",\"@graph\":[{\"@type\":\"WebPage\",\"@id\":\"https:\\\/\\\/gxp-training.com\\\/es\\\/online-course\\\/introduccion-a-las-buenas-practicas-de-fabricacion-bpf\\\/\",\"url\":\"https:\\\/\\\/gxp-training.com\\\/es\\\/online-course\\\/introduccion-a-las-buenas-practicas-de-fabricacion-bpf\\\/\",\"name\":\"Introducci\u00f3n a las Buenas Pr\u00e1cticas de Fabricaci\u00f3n - Formaci\u00f3n Online en BPF\",\"isPartOf\":{\"@id\":\"https:\\\/\\\/gxp-training.com\\\/es\\\/#website\"},\"primaryImageOfPage\":{\"@id\":\"https:\\\/\\\/gxp-training.com\\\/es\\\/online-course\\\/introduccion-a-las-buenas-practicas-de-fabricacion-bpf\\\/#primaryimage\"},\"image\":{\"@id\":\"https:\\\/\\\/gxp-training.com\\\/es\\\/online-course\\\/introduccion-a-las-buenas-practicas-de-fabricacion-bpf\\\/#primaryimage\"},\"thumbnailUrl\":\"https:\\\/\\\/gxp-training.com\\\/wp-content\\\/uploads\\\/2022\\\/05\\\/intro-to-GMP-online-training.png\",\"datePublished\":\"2022-05-24T09:19:19+00:00\",\"description\":\"Comience su curso online de BPF y obtenga la certificaci\u00f3n CPD\\\/CEU. Domine los sistemas de calidad, la documentaci\u00f3n y las pr\u00e1cticas de cumplimiento para la fabricaci\u00f3n farmac\u00e9utica y de productos sanitarios.\",\"breadcrumb\":{\"@id\":\"https:\\\/\\\/gxp-training.com\\\/es\\\/online-course\\\/introduccion-a-las-buenas-practicas-de-fabricacion-bpf\\\/#breadcrumb\"},\"inLanguage\":\"es\",\"potentialAction\":[{\"@type\":\"ReadAction\",\"target\":[\"https:\\\/\\\/gxp-training.com\\\/es\\\/online-course\\\/introduccion-a-las-buenas-practicas-de-fabricacion-bpf\\\/\"]}]},{\"@type\":\"ImageObject\",\"inLanguage\":\"es\",\"@id\":\"https:\\\/\\\/gxp-training.com\\\/es\\\/online-course\\\/introduccion-a-las-buenas-practicas-de-fabricacion-bpf\\\/#primaryimage\",\"url\":\"https:\\\/\\\/gxp-training.com\\\/wp-content\\\/uploads\\\/2022\\\/05\\\/intro-to-GMP-online-training.png\",\"contentUrl\":\"https:\\\/\\\/gxp-training.com\\\/wp-content\\\/uploads\\\/2022\\\/05\\\/intro-to-GMP-online-training.png\",\"width\":900,\"height\":627},{\"@type\":\"BreadcrumbList\",\"@id\":\"https:\\\/\\\/gxp-training.com\\\/es\\\/online-course\\\/introduccion-a-las-buenas-practicas-de-fabricacion-bpf\\\/#breadcrumb\",\"itemListElement\":[{\"@type\":\"ListItem\",\"position\":1,\"name\":\"Inicio\",\"item\":\"https:\\\/\\\/gxp-training.com\\\/es\\\/pagina-de-inicio\\\/\"},{\"@type\":\"ListItem\",\"position\":2,\"name\":\"Productos\",\"item\":\"https:\\\/\\\/gxp-training.com\\\/es\\\/shop\\\/\"},{\"@type\":\"ListItem\",\"position\":3,\"name\":\"Introducci\u00f3n a las Buenas Pr\u00e1cticas de Fabricaci\u00f3n (BPF)\"}]},{\"@type\":\"WebSite\",\"@id\":\"https:\\\/\\\/gxp-training.com\\\/es\\\/#website\",\"url\":\"https:\\\/\\\/gxp-training.com\\\/es\\\/\",\"name\":\"GxP Training : Certified Online Courses for Life Sciences\",\"description\":\"Online Trainings and Certified Courses in Regulatory Compliance for Pharmaceutical Experts\",\"publisher\":{\"@id\":\"https:\\\/\\\/gxp-training.com\\\/es\\\/#organization\"},\"potentialAction\":[{\"@type\":\"SearchAction\",\"target\":{\"@type\":\"EntryPoint\",\"urlTemplate\":\"https:\\\/\\\/gxp-training.com\\\/es\\\/?s={search_term_string}\"},\"query-input\":{\"@type\":\"PropertyValueSpecification\",\"valueRequired\":true,\"valueName\":\"search_term_string\"}}],\"inLanguage\":\"es\"},{\"@type\":\"Organization\",\"@id\":\"https:\\\/\\\/gxp-training.com\\\/es\\\/#organization\",\"name\":\"GXP Training\",\"url\":\"https:\\\/\\\/gxp-training.com\\\/es\\\/\",\"logo\":{\"@type\":\"ImageObject\",\"inLanguage\":\"es\",\"@id\":\"https:\\\/\\\/gxp-training.com\\\/es\\\/#\\\/schema\\\/logo\\\/image\\\/\",\"url\":\"https:\\\/\\\/gxp-training.com\\\/wp-content\\\/uploads\\\/2022\\\/05\\\/logo-resize.png\",\"contentUrl\":\"https:\\\/\\\/gxp-training.com\\\/wp-content\\\/uploads\\\/2022\\\/05\\\/logo-resize.png\",\"width\":350,\"height\":100,\"caption\":\"GXP Training\"},\"image\":{\"@id\":\"https:\\\/\\\/gxp-training.com\\\/es\\\/#\\\/schema\\\/logo\\\/image\\\/\"}}]}<\/script>\n<!-- \/ Yoast SEO plugin. -->","yoast_head_json":{"title":"Introducci\u00f3n a las Buenas Pr\u00e1cticas de Fabricaci\u00f3n - Formaci\u00f3n Online en BPF","description":"Comience su curso online de BPF y obtenga la certificaci\u00f3n CPD\/CEU. Domine los sistemas de calidad, la documentaci\u00f3n y las pr\u00e1cticas de cumplimiento para la fabricaci\u00f3n farmac\u00e9utica y de productos sanitarios.","robots":{"index":"index","follow":"follow","max-snippet":"max-snippet:-1","max-image-preview":"max-image-preview:large","max-video-preview":"max-video-preview:-1"},"canonical":"https:\/\/gxp-training.com\/es\/online-course\/introduccion-a-las-buenas-practicas-de-fabricacion-bpf\/","og_locale":"es_ES","og_type":"article","og_title":"Introducci\u00f3n a las Buenas Pr\u00e1cticas de Fabricaci\u00f3n - Formaci\u00f3n Online en BPF","og_description":"Comience su curso online de BPF y obtenga la certificaci\u00f3n CPD\/CEU. Domine los sistemas de calidad, la documentaci\u00f3n y las pr\u00e1cticas de cumplimiento para la fabricaci\u00f3n farmac\u00e9utica y de productos sanitarios.","og_url":"https:\/\/gxp-training.com\/es\/online-course\/introduccion-a-las-buenas-practicas-de-fabricacion-bpf\/","og_site_name":"GxP Training : Certified Online Courses for Life Sciences","og_image":[{"width":900,"height":627,"url":"https:\/\/gxp-training.com\/wp-content\/uploads\/2022\/05\/intro-to-GMP-online-training.png","type":"image\/png"}],"twitter_card":"summary_large_image","twitter_misc":{"Tiempo de lectura":"1 minuto"},"schema":{"@context":"https:\/\/schema.org","@graph":[{"@type":"WebPage","@id":"https:\/\/gxp-training.com\/es\/online-course\/introduccion-a-las-buenas-practicas-de-fabricacion-bpf\/","url":"https:\/\/gxp-training.com\/es\/online-course\/introduccion-a-las-buenas-practicas-de-fabricacion-bpf\/","name":"Introducci\u00f3n a las Buenas Pr\u00e1cticas de Fabricaci\u00f3n - Formaci\u00f3n Online en BPF","isPartOf":{"@id":"https:\/\/gxp-training.com\/es\/#website"},"primaryImageOfPage":{"@id":"https:\/\/gxp-training.com\/es\/online-course\/introduccion-a-las-buenas-practicas-de-fabricacion-bpf\/#primaryimage"},"image":{"@id":"https:\/\/gxp-training.com\/es\/online-course\/introduccion-a-las-buenas-practicas-de-fabricacion-bpf\/#primaryimage"},"thumbnailUrl":"https:\/\/gxp-training.com\/wp-content\/uploads\/2022\/05\/intro-to-GMP-online-training.png","datePublished":"2022-05-24T09:19:19+00:00","description":"Comience su curso online de BPF y obtenga la certificaci\u00f3n CPD\/CEU. Domine los sistemas de calidad, la documentaci\u00f3n y las pr\u00e1cticas de cumplimiento para la fabricaci\u00f3n farmac\u00e9utica y de productos sanitarios.","breadcrumb":{"@id":"https:\/\/gxp-training.com\/es\/online-course\/introduccion-a-las-buenas-practicas-de-fabricacion-bpf\/#breadcrumb"},"inLanguage":"es","potentialAction":[{"@type":"ReadAction","target":["https:\/\/gxp-training.com\/es\/online-course\/introduccion-a-las-buenas-practicas-de-fabricacion-bpf\/"]}]},{"@type":"ImageObject","inLanguage":"es","@id":"https:\/\/gxp-training.com\/es\/online-course\/introduccion-a-las-buenas-practicas-de-fabricacion-bpf\/#primaryimage","url":"https:\/\/gxp-training.com\/wp-content\/uploads\/2022\/05\/intro-to-GMP-online-training.png","contentUrl":"https:\/\/gxp-training.com\/wp-content\/uploads\/2022\/05\/intro-to-GMP-online-training.png","width":900,"height":627},{"@type":"BreadcrumbList","@id":"https:\/\/gxp-training.com\/es\/online-course\/introduccion-a-las-buenas-practicas-de-fabricacion-bpf\/#breadcrumb","itemListElement":[{"@type":"ListItem","position":1,"name":"Inicio","item":"https:\/\/gxp-training.com\/es\/pagina-de-inicio\/"},{"@type":"ListItem","position":2,"name":"Productos","item":"https:\/\/gxp-training.com\/es\/shop\/"},{"@type":"ListItem","position":3,"name":"Introducci\u00f3n a las Buenas Pr\u00e1cticas de Fabricaci\u00f3n (BPF)"}]},{"@type":"WebSite","@id":"https:\/\/gxp-training.com\/es\/#website","url":"https:\/\/gxp-training.com\/es\/","name":"GxP Training : Certified Online Courses for Life Sciences","description":"Online Trainings and Certified Courses in Regulatory Compliance for Pharmaceutical Experts","publisher":{"@id":"https:\/\/gxp-training.com\/es\/#organization"},"potentialAction":[{"@type":"SearchAction","target":{"@type":"EntryPoint","urlTemplate":"https:\/\/gxp-training.com\/es\/?s={search_term_string}"},"query-input":{"@type":"PropertyValueSpecification","valueRequired":true,"valueName":"search_term_string"}}],"inLanguage":"es"},{"@type":"Organization","@id":"https:\/\/gxp-training.com\/es\/#organization","name":"GXP Training","url":"https:\/\/gxp-training.com\/es\/","logo":{"@type":"ImageObject","inLanguage":"es","@id":"https:\/\/gxp-training.com\/es\/#\/schema\/logo\/image\/","url":"https:\/\/gxp-training.com\/wp-content\/uploads\/2022\/05\/logo-resize.png","contentUrl":"https:\/\/gxp-training.com\/wp-content\/uploads\/2022\/05\/logo-resize.png","width":350,"height":100,"caption":"GXP Training"},"image":{"@id":"https:\/\/gxp-training.com\/es\/#\/schema\/logo\/image\/"}}]}},"_links":{"self":[{"href":"https:\/\/gxp-training.com\/es\/wp-json\/wp\/v2\/product\/57217","targetHints":{"allow":["GET"]}}],"collection":[{"href":"https:\/\/gxp-training.com\/es\/wp-json\/wp\/v2\/product"}],"about":[{"href":"https:\/\/gxp-training.com\/es\/wp-json\/wp\/v2\/types\/product"}],"wp:featuredmedia":[{"embeddable":true,"href":"https:\/\/gxp-training.com\/es\/wp-json\/wp\/v2\/media\/43014"}],"wp:attachment":[{"href":"https:\/\/gxp-training.com\/es\/wp-json\/wp\/v2\/media?parent=57217"}],"wp:term":[{"taxonomy":"product_brand","embeddable":true,"href":"https:\/\/gxp-training.com\/es\/wp-json\/wp\/v2\/product_brand?post=57217"},{"taxonomy":"product_cat","embeddable":true,"href":"https:\/\/gxp-training.com\/es\/wp-json\/wp\/v2\/product_cat?post=57217"},{"taxonomy":"product_tag","embeddable":true,"href":"https:\/\/gxp-training.com\/es\/wp-json\/wp\/v2\/product_tag?post=57217"}],"curies":[{"name":"wp","href":"https:\/\/api.w.org\/{rel}","templated":true}]}}