{"id":57212,"date":"2022-05-27T11:58:57","date_gmt":"2022-05-27T09:58:57","guid":{"rendered":"https:\/\/gxp-training.com\/online-course\/gestion-de-proveedores-de-servicios\/"},"modified":"2022-05-27T11:58:57","modified_gmt":"2022-05-27T09:58:57","slug":"gestion-de-proveedores-de-servicios","status":"publish","type":"product","link":"https:\/\/gxp-training.com\/es\/online-course\/gestion-de-proveedores-de-servicios\/","title":{"rendered":"Gesti\u00f3n de Proveedores de Servicios"},"content":{"rendered":"<p>Un programa infalible de contrataci\u00f3n de proveedores de servicios garantiza que solo materiales y servicios de calidad aceptable entren en el proceso de fabricaci\u00f3n.<\/p>\n<p>Este curso muestra la importancia de seguir un proceso de contrataci\u00f3n uniforme. El proceso debe incluir la evaluaci\u00f3n de la reputaci\u00f3n del proveedor de servicios en el mercado y la calidad de los materiales o servicios que ofrece. <\/p>\n<p>Un proceso de seguimiento cre\u00edble asegura que la calidad proporcionada sea consistente. Por lo tanto, su equipo de contrataci\u00f3n debe incluir profesionales cualificados. En consecuencia, la imagen de la empresa se preservar\u00e1 y los intereses de los consumidores estar\u00e1n protegidos.  <\/p>\n<p>&nbsp;<\/p>\n<p>En este curso, ofrecemos una s\u00edntesis del tema a trav\u00e9s de una experiencia online interactiva. Este material fue elaborado por un equipo de Expertos en Asuntos Regulatorios con una Cualificaci\u00f3n de la Northeastern University, Boston, y pilotado por un Miembro Senior capaz de articular la teor\u00eda con la pr\u00e1ctica. <\/p>\n<p>&nbsp;<\/p>\n<h4><\/h4>\n<h4><strong>Plan de Estudios<\/strong><\/h4>\n<p>&nbsp;<\/p>\n<p><strong>Lecci\u00f3n 1: \u00bfQui\u00e9n es un Proveedor de Servicios?<\/strong><\/p>\n<p>&nbsp;<\/p>\n<ul>\n<li>Pasos Clave para la Gesti\u00f3n de Proveedores de Servicios<\/li>\n<\/ul>\n<p>&nbsp;<\/p>\n<p><strong>Lecci\u00f3n 2: Identificaci\u00f3n<\/strong><\/p>\n<p>&nbsp;<\/p>\n<p><strong>Lecci\u00f3n 3: Evaluaci\u00f3n y Valoraci\u00f3n<\/strong><\/p>\n<p>&nbsp;<\/p>\n<p><strong>Lecci\u00f3n 4: Cualificaci\u00f3n<\/strong><\/p>\n<p>&nbsp;<\/p>\n<ul>\n<li>Factores Clave a Evaluar al Aprobar un Proveedor de Servicios<\/li>\n<li>Directrices para Establecer un Programa de Cualificaci\u00f3n de Proveedores para Obtener Materiales y Servicios Relevantes para GxP de Calidad Est\u00e1ndar y Consistente<\/li>\n<li>Garant\u00eda de Suministro<\/li>\n<li>Calidad y Cumplimiento Normativo<\/li>\n<li>T\u00e9cnico\/Innovaci\u00f3n<\/li>\n<li>Capacidad de Respuesta &#038; Comunicaci\u00f3n<\/li>\n<li>Diferentes Tipos de Proveedores de Servicios<\/li>\n<li>Casos Reportados Donde No Se Siguen los Pasos Obligatorios<\/li>\n<\/ul>\n<p>&nbsp;<\/p>\n<p><strong>Lecci\u00f3n 5: Auditor\u00edas<\/strong><\/p>\n<p>&nbsp;<\/p>\n<p><strong>Lecci\u00f3n 6: Acuerdos<\/strong><\/p>\n<p>&nbsp;<\/p>\n<p><strong>Conclusi\u00f3n<\/strong><\/p>\n<p>&nbsp;<\/p>\n<p><strong>Evaluaci\u00f3n<\/strong><\/p>\n<p>&nbsp;<\/p>\n<p><strong>Glosario<\/strong><\/p>\n","protected":false},"excerpt":{"rendered":"<p>Un programa infalible de contrataci\u00f3n de proveedores de servicios garantiza que solo materiales y servicios de calidad aceptable entren en el proceso de fabricaci\u00f3n. Este curso muestra la importancia de seguir un proceso de contrataci\u00f3n uniforme. El proceso debe incluir la evaluaci\u00f3n de la reputaci\u00f3n del proveedor de servicios en el mercado y la calidad [&hellip;]<\/p>\n","protected":false},"featured_media":44515,"template":"","meta":{"_acf_changed":false,"content-type":""},"product_brand":[],"product_cat":[271,273,272,270,269,266],"product_tag":[],"class_list":{"0":"post-57212","1":"product","2":"type-product","3":"status-publish","4":"has-post-thumbnail","6":"product_cat-garantia-de-calidad","7":"product_cat-intersectorial","8":"product_cat-laboratorios","9":"product_cat-organizacion-de-investigacion-por-contrato-cro","10":"product_cat-productos-farmaceuticos","11":"product_cat-productos-sanitarios","13":"first","14":"instock","15":"taxable","16":"shipping-taxable","17":"purchasable","18":"product-type-simple"},"bundled_by":[],"bundle_stock_status":"instock","bundle_stock_quantity":null,"bundle_virtual":false,"bundle_layout":"","bundle_add_to_cart_form_location":"","bundle_editable_in_cart":false,"bundle_sold_individually_context":"","bundle_item_grouping":"","bundle_min_size":"","bundle_max_size":"","bundle_price":[],"bundled_items":[],"bundle_sell_ids":[],"acf":[],"yoast_head":"<!-- This site is optimized with the Yoast SEO plugin v27.5 - https:\/\/yoast.com\/product\/yoast-seo-wordpress\/ -->\n<title>Gesti\u00f3n de Proveedores de Servicios - Formaci\u00f3n GxP - Curso Certificado<\/title>\n<meta name=\"description\" content=\"Esta formaci\u00f3n online le introduce en los pasos relevantes para la contrataci\u00f3n y gesti\u00f3n de proveedores de servicios. Empiece ahora para obtener su certificaci\u00f3n. Curso Acreditado por CPD y CEU.\" \/>\n<meta name=\"robots\" content=\"index, follow, max-snippet:-1, max-image-preview:large, max-video-preview:-1\" \/>\n<link rel=\"canonical\" href=\"https:\/\/gxp-training.com\/es\/online-course\/gestion-de-proveedores-de-servicios\/\" \/>\n<meta property=\"og:locale\" content=\"es_ES\" \/>\n<meta property=\"og:type\" content=\"article\" \/>\n<meta property=\"og:title\" content=\"Gesti\u00f3n de Proveedores de Servicios - Formaci\u00f3n GxP - Curso Certificado\" \/>\n<meta property=\"og:description\" content=\"Esta formaci\u00f3n online le introduce en los pasos relevantes para la contrataci\u00f3n y gesti\u00f3n de proveedores de servicios. Empiece ahora para obtener su certificaci\u00f3n. Curso Acreditado por CPD y CEU.\" \/>\n<meta property=\"og:url\" content=\"https:\/\/gxp-training.com\/es\/online-course\/gestion-de-proveedores-de-servicios\/\" \/>\n<meta property=\"og:site_name\" content=\"GxP Training : Certified Online Courses for Life Sciences\" \/>\n<meta property=\"og:image\" content=\"https:\/\/gxp-training.com\/wp-content\/uploads\/2022\/05\/Management-of-Service-Providers.png\" \/>\n\t<meta property=\"og:image:width\" content=\"900\" \/>\n\t<meta property=\"og:image:height\" content=\"627\" \/>\n\t<meta property=\"og:image:type\" content=\"image\/png\" \/>\n<meta name=\"twitter:card\" content=\"summary_large_image\" \/>\n<meta name=\"twitter:label1\" content=\"Tiempo de lectura\" \/>\n\t<meta name=\"twitter:data1\" content=\"1 minuto\" \/>\n<script type=\"application\/ld+json\" class=\"yoast-schema-graph\">{\"@context\":\"https:\\\/\\\/schema.org\",\"@graph\":[{\"@type\":\"WebPage\",\"@id\":\"https:\\\/\\\/gxp-training.com\\\/es\\\/online-course\\\/gestion-de-proveedores-de-servicios\\\/\",\"url\":\"https:\\\/\\\/gxp-training.com\\\/es\\\/online-course\\\/gestion-de-proveedores-de-servicios\\\/\",\"name\":\"Gesti\u00f3n de Proveedores de Servicios - Formaci\u00f3n GxP - Curso Certificado\",\"isPartOf\":{\"@id\":\"https:\\\/\\\/gxp-training.com\\\/es\\\/#website\"},\"primaryImageOfPage\":{\"@id\":\"https:\\\/\\\/gxp-training.com\\\/es\\\/online-course\\\/gestion-de-proveedores-de-servicios\\\/#primaryimage\"},\"image\":{\"@id\":\"https:\\\/\\\/gxp-training.com\\\/es\\\/online-course\\\/gestion-de-proveedores-de-servicios\\\/#primaryimage\"},\"thumbnailUrl\":\"https:\\\/\\\/gxp-training.com\\\/wp-content\\\/uploads\\\/2022\\\/05\\\/Management-of-Service-Providers.png\",\"datePublished\":\"2022-05-27T09:58:57+00:00\",\"description\":\"Esta formaci\u00f3n online le introduce en los pasos relevantes para la contrataci\u00f3n y gesti\u00f3n de proveedores de servicios. Empiece ahora para obtener su certificaci\u00f3n. Curso Acreditado por CPD y CEU.\",\"breadcrumb\":{\"@id\":\"https:\\\/\\\/gxp-training.com\\\/es\\\/online-course\\\/gestion-de-proveedores-de-servicios\\\/#breadcrumb\"},\"inLanguage\":\"es\",\"potentialAction\":[{\"@type\":\"ReadAction\",\"target\":[\"https:\\\/\\\/gxp-training.com\\\/es\\\/online-course\\\/gestion-de-proveedores-de-servicios\\\/\"]}]},{\"@type\":\"ImageObject\",\"inLanguage\":\"es\",\"@id\":\"https:\\\/\\\/gxp-training.com\\\/es\\\/online-course\\\/gestion-de-proveedores-de-servicios\\\/#primaryimage\",\"url\":\"https:\\\/\\\/gxp-training.com\\\/wp-content\\\/uploads\\\/2022\\\/05\\\/Management-of-Service-Providers.png\",\"contentUrl\":\"https:\\\/\\\/gxp-training.com\\\/wp-content\\\/uploads\\\/2022\\\/05\\\/Management-of-Service-Providers.png\",\"width\":900,\"height\":627},{\"@type\":\"BreadcrumbList\",\"@id\":\"https:\\\/\\\/gxp-training.com\\\/es\\\/online-course\\\/gestion-de-proveedores-de-servicios\\\/#breadcrumb\",\"itemListElement\":[{\"@type\":\"ListItem\",\"position\":1,\"name\":\"Inicio\",\"item\":\"https:\\\/\\\/gxp-training.com\\\/es\\\/pagina-de-inicio\\\/\"},{\"@type\":\"ListItem\",\"position\":2,\"name\":\"Productos\",\"item\":\"https:\\\/\\\/gxp-training.com\\\/es\\\/shop\\\/\"},{\"@type\":\"ListItem\",\"position\":3,\"name\":\"Gesti\u00f3n de Proveedores de Servicios\"}]},{\"@type\":\"WebSite\",\"@id\":\"https:\\\/\\\/gxp-training.com\\\/es\\\/#website\",\"url\":\"https:\\\/\\\/gxp-training.com\\\/es\\\/\",\"name\":\"GxP Training : Certified Online Courses for Life Sciences\",\"description\":\"Online Trainings and Certified Courses in Regulatory Compliance for Pharmaceutical Experts\",\"publisher\":{\"@id\":\"https:\\\/\\\/gxp-training.com\\\/es\\\/#organization\"},\"potentialAction\":[{\"@type\":\"SearchAction\",\"target\":{\"@type\":\"EntryPoint\",\"urlTemplate\":\"https:\\\/\\\/gxp-training.com\\\/es\\\/?s={search_term_string}\"},\"query-input\":{\"@type\":\"PropertyValueSpecification\",\"valueRequired\":true,\"valueName\":\"search_term_string\"}}],\"inLanguage\":\"es\"},{\"@type\":\"Organization\",\"@id\":\"https:\\\/\\\/gxp-training.com\\\/es\\\/#organization\",\"name\":\"GXP Training\",\"url\":\"https:\\\/\\\/gxp-training.com\\\/es\\\/\",\"logo\":{\"@type\":\"ImageObject\",\"inLanguage\":\"es\",\"@id\":\"https:\\\/\\\/gxp-training.com\\\/es\\\/#\\\/schema\\\/logo\\\/image\\\/\",\"url\":\"https:\\\/\\\/gxp-training.com\\\/wp-content\\\/uploads\\\/2022\\\/05\\\/logo-resize.png\",\"contentUrl\":\"https:\\\/\\\/gxp-training.com\\\/wp-content\\\/uploads\\\/2022\\\/05\\\/logo-resize.png\",\"width\":350,\"height\":100,\"caption\":\"GXP Training\"},\"image\":{\"@id\":\"https:\\\/\\\/gxp-training.com\\\/es\\\/#\\\/schema\\\/logo\\\/image\\\/\"}}]}<\/script>\n<!-- \/ Yoast SEO plugin. -->","yoast_head_json":{"title":"Gesti\u00f3n de Proveedores de Servicios - Formaci\u00f3n GxP - Curso Certificado","description":"Esta formaci\u00f3n online le introduce en los pasos relevantes para la contrataci\u00f3n y gesti\u00f3n de proveedores de servicios. Empiece ahora para obtener su certificaci\u00f3n. Curso Acreditado por CPD y CEU.","robots":{"index":"index","follow":"follow","max-snippet":"max-snippet:-1","max-image-preview":"max-image-preview:large","max-video-preview":"max-video-preview:-1"},"canonical":"https:\/\/gxp-training.com\/es\/online-course\/gestion-de-proveedores-de-servicios\/","og_locale":"es_ES","og_type":"article","og_title":"Gesti\u00f3n de Proveedores de Servicios - Formaci\u00f3n GxP - Curso Certificado","og_description":"Esta formaci\u00f3n online le introduce en los pasos relevantes para la contrataci\u00f3n y gesti\u00f3n de proveedores de servicios. Empiece ahora para obtener su certificaci\u00f3n. Curso Acreditado por CPD y CEU.","og_url":"https:\/\/gxp-training.com\/es\/online-course\/gestion-de-proveedores-de-servicios\/","og_site_name":"GxP Training : Certified Online Courses for Life Sciences","og_image":[{"width":900,"height":627,"url":"https:\/\/gxp-training.com\/wp-content\/uploads\/2022\/05\/Management-of-Service-Providers.png","type":"image\/png"}],"twitter_card":"summary_large_image","twitter_misc":{"Tiempo de lectura":"1 minuto"},"schema":{"@context":"https:\/\/schema.org","@graph":[{"@type":"WebPage","@id":"https:\/\/gxp-training.com\/es\/online-course\/gestion-de-proveedores-de-servicios\/","url":"https:\/\/gxp-training.com\/es\/online-course\/gestion-de-proveedores-de-servicios\/","name":"Gesti\u00f3n de Proveedores de Servicios - Formaci\u00f3n GxP - Curso Certificado","isPartOf":{"@id":"https:\/\/gxp-training.com\/es\/#website"},"primaryImageOfPage":{"@id":"https:\/\/gxp-training.com\/es\/online-course\/gestion-de-proveedores-de-servicios\/#primaryimage"},"image":{"@id":"https:\/\/gxp-training.com\/es\/online-course\/gestion-de-proveedores-de-servicios\/#primaryimage"},"thumbnailUrl":"https:\/\/gxp-training.com\/wp-content\/uploads\/2022\/05\/Management-of-Service-Providers.png","datePublished":"2022-05-27T09:58:57+00:00","description":"Esta formaci\u00f3n online le introduce en los pasos relevantes para la contrataci\u00f3n y gesti\u00f3n de proveedores de servicios. Empiece ahora para obtener su certificaci\u00f3n. Curso Acreditado por CPD y CEU.","breadcrumb":{"@id":"https:\/\/gxp-training.com\/es\/online-course\/gestion-de-proveedores-de-servicios\/#breadcrumb"},"inLanguage":"es","potentialAction":[{"@type":"ReadAction","target":["https:\/\/gxp-training.com\/es\/online-course\/gestion-de-proveedores-de-servicios\/"]}]},{"@type":"ImageObject","inLanguage":"es","@id":"https:\/\/gxp-training.com\/es\/online-course\/gestion-de-proveedores-de-servicios\/#primaryimage","url":"https:\/\/gxp-training.com\/wp-content\/uploads\/2022\/05\/Management-of-Service-Providers.png","contentUrl":"https:\/\/gxp-training.com\/wp-content\/uploads\/2022\/05\/Management-of-Service-Providers.png","width":900,"height":627},{"@type":"BreadcrumbList","@id":"https:\/\/gxp-training.com\/es\/online-course\/gestion-de-proveedores-de-servicios\/#breadcrumb","itemListElement":[{"@type":"ListItem","position":1,"name":"Inicio","item":"https:\/\/gxp-training.com\/es\/pagina-de-inicio\/"},{"@type":"ListItem","position":2,"name":"Productos","item":"https:\/\/gxp-training.com\/es\/shop\/"},{"@type":"ListItem","position":3,"name":"Gesti\u00f3n de Proveedores de Servicios"}]},{"@type":"WebSite","@id":"https:\/\/gxp-training.com\/es\/#website","url":"https:\/\/gxp-training.com\/es\/","name":"GxP Training : Certified Online Courses for Life Sciences","description":"Online Trainings and Certified Courses in Regulatory Compliance for Pharmaceutical Experts","publisher":{"@id":"https:\/\/gxp-training.com\/es\/#organization"},"potentialAction":[{"@type":"SearchAction","target":{"@type":"EntryPoint","urlTemplate":"https:\/\/gxp-training.com\/es\/?s={search_term_string}"},"query-input":{"@type":"PropertyValueSpecification","valueRequired":true,"valueName":"search_term_string"}}],"inLanguage":"es"},{"@type":"Organization","@id":"https:\/\/gxp-training.com\/es\/#organization","name":"GXP Training","url":"https:\/\/gxp-training.com\/es\/","logo":{"@type":"ImageObject","inLanguage":"es","@id":"https:\/\/gxp-training.com\/es\/#\/schema\/logo\/image\/","url":"https:\/\/gxp-training.com\/wp-content\/uploads\/2022\/05\/logo-resize.png","contentUrl":"https:\/\/gxp-training.com\/wp-content\/uploads\/2022\/05\/logo-resize.png","width":350,"height":100,"caption":"GXP Training"},"image":{"@id":"https:\/\/gxp-training.com\/es\/#\/schema\/logo\/image\/"}}]}},"_links":{"self":[{"href":"https:\/\/gxp-training.com\/es\/wp-json\/wp\/v2\/product\/57212","targetHints":{"allow":["GET"]}}],"collection":[{"href":"https:\/\/gxp-training.com\/es\/wp-json\/wp\/v2\/product"}],"about":[{"href":"https:\/\/gxp-training.com\/es\/wp-json\/wp\/v2\/types\/product"}],"wp:featuredmedia":[{"embeddable":true,"href":"https:\/\/gxp-training.com\/es\/wp-json\/wp\/v2\/media\/44515"}],"wp:attachment":[{"href":"https:\/\/gxp-training.com\/es\/wp-json\/wp\/v2\/media?parent=57212"}],"wp:term":[{"taxonomy":"product_brand","embeddable":true,"href":"https:\/\/gxp-training.com\/es\/wp-json\/wp\/v2\/product_brand?post=57212"},{"taxonomy":"product_cat","embeddable":true,"href":"https:\/\/gxp-training.com\/es\/wp-json\/wp\/v2\/product_cat?post=57212"},{"taxonomy":"product_tag","embeddable":true,"href":"https:\/\/gxp-training.com\/es\/wp-json\/wp\/v2\/product_tag?post=57212"}],"curies":[{"name":"wp","href":"https:\/\/api.w.org\/{rel}","templated":true}]}}