{"id":57203,"date":"2022-05-27T12:03:08","date_gmt":"2022-05-27T10:03:08","guid":{"rendered":"https:\/\/gxp-training.com\/online-course\/manipulacion-de-muestras-biologicas-humanas\/"},"modified":"2022-05-27T12:03:08","modified_gmt":"2022-05-27T10:03:08","slug":"manipulacion-de-muestras-biologicas-humanas","status":"publish","type":"product","link":"https:\/\/gxp-training.com\/es\/online-course\/manipulacion-de-muestras-biologicas-humanas\/","title":{"rendered":"Manipulaci\u00f3n de muestras biol\u00f3gicas humanas"},"content":{"rendered":"<p>El diagn\u00f3stico basado en la evidencia es pertinente para una atenci\u00f3n sanitaria \u00f3ptima, por lo que los m\u00e9dicos utilizan los resultados de las pruebas para determinar el estado de salud de un paciente. Este curso introduce a los participantes en el concepto de las pruebas biol\u00f3gicas humanas, centr\u00e1ndose en las pruebas no rutinarias. El m\u00e9dico puede solicitar pruebas no rutinarias cuando haya motivos para sospechar la presencia de una afecci\u00f3n en un paciente, probablemente debido a antecedentes familiares o al estilo de vida. Estas pruebas tambi\u00e9n pueden realizarse en grupos de poblaci\u00f3n espec\u00edficos para identificar a los que corren riesgo de padecer una afecci\u00f3n determinada. Los participantes aprender\u00e1n sobre la preparaci\u00f3n del paciente, la recogida de muestras, el transporte de muestras, el procesamiento de muestras y la gesti\u00f3n de datos en las pruebas no rutinarias.    <\/p>\n<p>&nbsp;<\/p>\n<p>En este curso, ofrecemos una s\u00edntesis del tema a trav\u00e9s de una experiencia interactiva online. Este material ha sido elaborado por un equipo de expertos en asuntos regulatorios con titulaci\u00f3n de la Northeastern University de Boston, dirigidos por un miembro s\u00e9nior capaz de articular la teor\u00eda con la pr\u00e1ctica. <\/p>\n<p>&nbsp;<\/p>\n<h3>Plan de estudios<\/h3>\n<p>&nbsp;<\/p>\n<p><strong>Introducci\u00f3n<\/strong><\/p>\n<p>&nbsp;<\/p>\n<p><strong>Lecci\u00f3n 1: Pruebas biol\u00f3gicas no rutinarias<\/strong><\/p>\n<p>&nbsp;<\/p>\n<ul>\n<li>Prueba de medici\u00f3n del colesterol<\/li>\n<li>Prote\u00edna C reactiva (PCR)<\/li>\n<li>Prueba de sangre oculta en heces<\/li>\n<li>Citolog\u00edas vaginales<\/li>\n<li>Ant\u00edgeno prost\u00e1tico espec\u00edfico (PSA)<\/li>\n<li>Mamograf\u00eda y colonoscopia<\/li>\n<li>Pruebas de diabetes o prediabetes<\/li>\n<li>Prueba de la hepatitis C<\/li>\n<li>Prueba de la vitamina D<\/li>\n<\/ul>\n<p>&nbsp;<\/p>\n<p><strong>Lecci\u00f3n 2: Recogida de muestras biol\u00f3gicas<\/strong><\/p>\n<p>&nbsp;<\/p>\n<ul>\n<li>Tipo de muestra<\/li>\n<li>Preparaci\u00f3n del paciente<\/li>\n<li>Muestreos programados<\/li>\n<li>Recogida secuencial de muestras<\/li>\n<li>Cantidad insuficiente<\/li>\n<li>Preparaci\u00f3n de suero<\/li>\n<li>Preparaci\u00f3n de plasma<\/li>\n<li>Recogida de orina<\/li>\n<\/ul>\n<p>&nbsp;<\/p>\n<p><strong>Lecci\u00f3n 3: Almacenamiento y transporte de muestras<\/strong><\/p>\n<p>&nbsp;<\/p>\n<ul>\n<li>Etiquetado de muestras<\/li>\n<li>Transporte de muestras<\/li>\n<\/ul>\n<p>&nbsp;<\/p>\n<p><strong>Lecci\u00f3n 4: Manipulaci\u00f3n de muestras<\/strong><\/p>\n<p>&nbsp;<\/p>\n<p><strong>Lecci\u00f3n 5: Gesti\u00f3n de datos<\/strong><\/p>\n<p>&nbsp;<\/p>\n<p><strong>Lecci\u00f3n 6: Bioseguridad<\/strong><\/p>\n<p>&nbsp;<\/p>\n<ul>\n<li>Durante la recogida de muestras<\/li>\n<li>Precauciones durante el procesamiento de muestras<\/li>\n<li>Gesti\u00f3n de residuos de laboratorio<\/li>\n<\/ul>\n<p>&nbsp;<\/p>\n<p><strong>Conclusi\u00f3n<\/strong><\/p>\n<p>&nbsp;<\/p>\n<p><strong>Glosario<\/strong><\/p>\n<p>&nbsp;<\/p>\n<p><strong>Cuestionario<\/strong><\/p>\n","protected":false},"excerpt":{"rendered":"<p>El diagn\u00f3stico basado en la evidencia es pertinente para una atenci\u00f3n sanitaria \u00f3ptima, por lo que los m\u00e9dicos utilizan los resultados de las pruebas para determinar el estado de salud de un paciente. Este curso introduce a los participantes en el concepto de las pruebas biol\u00f3gicas humanas, centr\u00e1ndose en las pruebas no rutinarias. El m\u00e9dico [&hellip;]<\/p>\n","protected":false},"featured_media":42829,"template":"","meta":{"_acf_changed":false,"content-type":""},"product_brand":[],"product_cat":[280,275,272,270,269],"product_tag":[],"class_list":{"0":"post-57203","1":"product","2":"type-product","3":"status-publish","4":"has-post-thumbnail","6":"product_cat-bpd-buenas-practicas-de-distribucion","7":"product_cat-gcp-ensayos-clinicos","8":"product_cat-laboratorios","9":"product_cat-organizacion-de-investigacion-por-contrato-cro","10":"product_cat-productos-farmaceuticos","12":"first","13":"instock","14":"taxable","15":"shipping-taxable","16":"purchasable","17":"product-type-simple"},"bundled_by":[],"bundle_stock_status":"instock","bundle_stock_quantity":null,"bundle_virtual":false,"bundle_layout":"","bundle_add_to_cart_form_location":"","bundle_editable_in_cart":false,"bundle_sold_individually_context":"","bundle_item_grouping":"","bundle_min_size":"","bundle_max_size":"","bundle_price":[],"bundled_items":[],"bundle_sell_ids":[],"acf":[],"yoast_head":"<!-- This site is optimized with the Yoast SEO plugin v27.5 - https:\/\/yoast.com\/product\/yoast-seo-wordpress\/ -->\n<title>Manipulaci\u00f3n de muestras biol\u00f3gicas humanas - GxP Training : Certified Online Courses for Life Sciences<\/title>\n<meta name=\"description\" content=\"Curso especializado para profesionales de ensayos cl\u00ednicos sobre la manipulaci\u00f3n de muestras biol\u00f3gicas humanas. \u00a1Descubra nuestro curso acreditado online y certif\u00edquese ahora!\" \/>\n<meta name=\"robots\" content=\"index, follow, max-snippet:-1, max-image-preview:large, max-video-preview:-1\" \/>\n<link rel=\"canonical\" href=\"https:\/\/gxp-training.com\/es\/online-course\/manipulacion-de-muestras-biologicas-humanas\/\" \/>\n<meta property=\"og:locale\" content=\"es_ES\" \/>\n<meta property=\"og:type\" content=\"article\" \/>\n<meta property=\"og:title\" content=\"Manipulaci\u00f3n de muestras biol\u00f3gicas humanas - GxP Training : Certified Online Courses for Life Sciences\" \/>\n<meta property=\"og:description\" content=\"Curso especializado para profesionales de ensayos cl\u00ednicos sobre la manipulaci\u00f3n de muestras biol\u00f3gicas humanas. \u00a1Descubra nuestro curso acreditado online y certif\u00edquese ahora!\" \/>\n<meta property=\"og:url\" content=\"https:\/\/gxp-training.com\/es\/online-course\/manipulacion-de-muestras-biologicas-humanas\/\" \/>\n<meta property=\"og:site_name\" content=\"GxP Training : Certified Online Courses for Life Sciences\" \/>\n<meta property=\"og:image\" content=\"https:\/\/gxp-training.com\/wp-content\/uploads\/2022\/05\/Human-Sample.png\" \/>\n\t<meta property=\"og:image:width\" content=\"1000\" \/>\n\t<meta property=\"og:image:height\" content=\"700\" \/>\n\t<meta property=\"og:image:type\" content=\"image\/png\" \/>\n<meta name=\"twitter:card\" content=\"summary_large_image\" \/>\n<meta name=\"twitter:label1\" content=\"Tiempo de lectura\" \/>\n\t<meta name=\"twitter:data1\" content=\"2 minutos\" \/>\n<script type=\"application\/ld+json\" class=\"yoast-schema-graph\">{\"@context\":\"https:\\\/\\\/schema.org\",\"@graph\":[{\"@type\":\"WebPage\",\"@id\":\"https:\\\/\\\/gxp-training.com\\\/es\\\/online-course\\\/manipulacion-de-muestras-biologicas-humanas\\\/\",\"url\":\"https:\\\/\\\/gxp-training.com\\\/es\\\/online-course\\\/manipulacion-de-muestras-biologicas-humanas\\\/\",\"name\":\"Manipulaci\u00f3n de muestras biol\u00f3gicas humanas - GxP Training : Certified Online Courses for Life Sciences\",\"isPartOf\":{\"@id\":\"https:\\\/\\\/gxp-training.com\\\/es\\\/#website\"},\"primaryImageOfPage\":{\"@id\":\"https:\\\/\\\/gxp-training.com\\\/es\\\/online-course\\\/manipulacion-de-muestras-biologicas-humanas\\\/#primaryimage\"},\"image\":{\"@id\":\"https:\\\/\\\/gxp-training.com\\\/es\\\/online-course\\\/manipulacion-de-muestras-biologicas-humanas\\\/#primaryimage\"},\"thumbnailUrl\":\"https:\\\/\\\/gxp-training.com\\\/wp-content\\\/uploads\\\/2022\\\/05\\\/Human-Sample.png\",\"datePublished\":\"2022-05-27T10:03:08+00:00\",\"description\":\"Curso especializado para profesionales de ensayos cl\u00ednicos sobre la manipulaci\u00f3n de muestras biol\u00f3gicas humanas. \u00a1Descubra nuestro curso acreditado online y certif\u00edquese ahora!\",\"breadcrumb\":{\"@id\":\"https:\\\/\\\/gxp-training.com\\\/es\\\/online-course\\\/manipulacion-de-muestras-biologicas-humanas\\\/#breadcrumb\"},\"inLanguage\":\"es\",\"potentialAction\":[{\"@type\":\"ReadAction\",\"target\":[\"https:\\\/\\\/gxp-training.com\\\/es\\\/online-course\\\/manipulacion-de-muestras-biologicas-humanas\\\/\"]}]},{\"@type\":\"ImageObject\",\"inLanguage\":\"es\",\"@id\":\"https:\\\/\\\/gxp-training.com\\\/es\\\/online-course\\\/manipulacion-de-muestras-biologicas-humanas\\\/#primaryimage\",\"url\":\"https:\\\/\\\/gxp-training.com\\\/wp-content\\\/uploads\\\/2022\\\/05\\\/Human-Sample.png\",\"contentUrl\":\"https:\\\/\\\/gxp-training.com\\\/wp-content\\\/uploads\\\/2022\\\/05\\\/Human-Sample.png\",\"width\":1000,\"height\":700},{\"@type\":\"BreadcrumbList\",\"@id\":\"https:\\\/\\\/gxp-training.com\\\/es\\\/online-course\\\/manipulacion-de-muestras-biologicas-humanas\\\/#breadcrumb\",\"itemListElement\":[{\"@type\":\"ListItem\",\"position\":1,\"name\":\"Inicio\",\"item\":\"https:\\\/\\\/gxp-training.com\\\/es\\\/pagina-de-inicio\\\/\"},{\"@type\":\"ListItem\",\"position\":2,\"name\":\"Productos\",\"item\":\"https:\\\/\\\/gxp-training.com\\\/es\\\/shop\\\/\"},{\"@type\":\"ListItem\",\"position\":3,\"name\":\"Manipulaci\u00f3n de muestras biol\u00f3gicas humanas\"}]},{\"@type\":\"WebSite\",\"@id\":\"https:\\\/\\\/gxp-training.com\\\/es\\\/#website\",\"url\":\"https:\\\/\\\/gxp-training.com\\\/es\\\/\",\"name\":\"GxP Training : Certified Online Courses for Life Sciences\",\"description\":\"Online Trainings and Certified Courses in Regulatory Compliance for Pharmaceutical Experts\",\"publisher\":{\"@id\":\"https:\\\/\\\/gxp-training.com\\\/es\\\/#organization\"},\"potentialAction\":[{\"@type\":\"SearchAction\",\"target\":{\"@type\":\"EntryPoint\",\"urlTemplate\":\"https:\\\/\\\/gxp-training.com\\\/es\\\/?s={search_term_string}\"},\"query-input\":{\"@type\":\"PropertyValueSpecification\",\"valueRequired\":true,\"valueName\":\"search_term_string\"}}],\"inLanguage\":\"es\"},{\"@type\":\"Organization\",\"@id\":\"https:\\\/\\\/gxp-training.com\\\/es\\\/#organization\",\"name\":\"GXP Training\",\"url\":\"https:\\\/\\\/gxp-training.com\\\/es\\\/\",\"logo\":{\"@type\":\"ImageObject\",\"inLanguage\":\"es\",\"@id\":\"https:\\\/\\\/gxp-training.com\\\/es\\\/#\\\/schema\\\/logo\\\/image\\\/\",\"url\":\"https:\\\/\\\/gxp-training.com\\\/wp-content\\\/uploads\\\/2022\\\/05\\\/logo-resize.png\",\"contentUrl\":\"https:\\\/\\\/gxp-training.com\\\/wp-content\\\/uploads\\\/2022\\\/05\\\/logo-resize.png\",\"width\":350,\"height\":100,\"caption\":\"GXP Training\"},\"image\":{\"@id\":\"https:\\\/\\\/gxp-training.com\\\/es\\\/#\\\/schema\\\/logo\\\/image\\\/\"}}]}<\/script>\n<!-- \/ Yoast SEO plugin. -->","yoast_head_json":{"title":"Manipulaci\u00f3n de muestras biol\u00f3gicas humanas - GxP Training : Certified Online Courses for Life Sciences","description":"Curso especializado para profesionales de ensayos cl\u00ednicos sobre la manipulaci\u00f3n de muestras biol\u00f3gicas humanas. \u00a1Descubra nuestro curso acreditado online y certif\u00edquese ahora!","robots":{"index":"index","follow":"follow","max-snippet":"max-snippet:-1","max-image-preview":"max-image-preview:large","max-video-preview":"max-video-preview:-1"},"canonical":"https:\/\/gxp-training.com\/es\/online-course\/manipulacion-de-muestras-biologicas-humanas\/","og_locale":"es_ES","og_type":"article","og_title":"Manipulaci\u00f3n de muestras biol\u00f3gicas humanas - GxP Training : Certified Online Courses for Life Sciences","og_description":"Curso especializado para profesionales de ensayos cl\u00ednicos sobre la manipulaci\u00f3n de muestras biol\u00f3gicas humanas. \u00a1Descubra nuestro curso acreditado online y certif\u00edquese ahora!","og_url":"https:\/\/gxp-training.com\/es\/online-course\/manipulacion-de-muestras-biologicas-humanas\/","og_site_name":"GxP Training : Certified Online Courses for Life Sciences","og_image":[{"width":1000,"height":700,"url":"https:\/\/gxp-training.com\/wp-content\/uploads\/2022\/05\/Human-Sample.png","type":"image\/png"}],"twitter_card":"summary_large_image","twitter_misc":{"Tiempo de lectura":"2 minutos"},"schema":{"@context":"https:\/\/schema.org","@graph":[{"@type":"WebPage","@id":"https:\/\/gxp-training.com\/es\/online-course\/manipulacion-de-muestras-biologicas-humanas\/","url":"https:\/\/gxp-training.com\/es\/online-course\/manipulacion-de-muestras-biologicas-humanas\/","name":"Manipulaci\u00f3n de muestras biol\u00f3gicas humanas - GxP Training : Certified Online Courses for Life Sciences","isPartOf":{"@id":"https:\/\/gxp-training.com\/es\/#website"},"primaryImageOfPage":{"@id":"https:\/\/gxp-training.com\/es\/online-course\/manipulacion-de-muestras-biologicas-humanas\/#primaryimage"},"image":{"@id":"https:\/\/gxp-training.com\/es\/online-course\/manipulacion-de-muestras-biologicas-humanas\/#primaryimage"},"thumbnailUrl":"https:\/\/gxp-training.com\/wp-content\/uploads\/2022\/05\/Human-Sample.png","datePublished":"2022-05-27T10:03:08+00:00","description":"Curso especializado para profesionales de ensayos cl\u00ednicos sobre la manipulaci\u00f3n de muestras biol\u00f3gicas humanas. \u00a1Descubra nuestro curso acreditado online y certif\u00edquese ahora!","breadcrumb":{"@id":"https:\/\/gxp-training.com\/es\/online-course\/manipulacion-de-muestras-biologicas-humanas\/#breadcrumb"},"inLanguage":"es","potentialAction":[{"@type":"ReadAction","target":["https:\/\/gxp-training.com\/es\/online-course\/manipulacion-de-muestras-biologicas-humanas\/"]}]},{"@type":"ImageObject","inLanguage":"es","@id":"https:\/\/gxp-training.com\/es\/online-course\/manipulacion-de-muestras-biologicas-humanas\/#primaryimage","url":"https:\/\/gxp-training.com\/wp-content\/uploads\/2022\/05\/Human-Sample.png","contentUrl":"https:\/\/gxp-training.com\/wp-content\/uploads\/2022\/05\/Human-Sample.png","width":1000,"height":700},{"@type":"BreadcrumbList","@id":"https:\/\/gxp-training.com\/es\/online-course\/manipulacion-de-muestras-biologicas-humanas\/#breadcrumb","itemListElement":[{"@type":"ListItem","position":1,"name":"Inicio","item":"https:\/\/gxp-training.com\/es\/pagina-de-inicio\/"},{"@type":"ListItem","position":2,"name":"Productos","item":"https:\/\/gxp-training.com\/es\/shop\/"},{"@type":"ListItem","position":3,"name":"Manipulaci\u00f3n de muestras biol\u00f3gicas humanas"}]},{"@type":"WebSite","@id":"https:\/\/gxp-training.com\/es\/#website","url":"https:\/\/gxp-training.com\/es\/","name":"GxP Training : Certified Online Courses for Life Sciences","description":"Online Trainings and Certified Courses in Regulatory Compliance for Pharmaceutical Experts","publisher":{"@id":"https:\/\/gxp-training.com\/es\/#organization"},"potentialAction":[{"@type":"SearchAction","target":{"@type":"EntryPoint","urlTemplate":"https:\/\/gxp-training.com\/es\/?s={search_term_string}"},"query-input":{"@type":"PropertyValueSpecification","valueRequired":true,"valueName":"search_term_string"}}],"inLanguage":"es"},{"@type":"Organization","@id":"https:\/\/gxp-training.com\/es\/#organization","name":"GXP Training","url":"https:\/\/gxp-training.com\/es\/","logo":{"@type":"ImageObject","inLanguage":"es","@id":"https:\/\/gxp-training.com\/es\/#\/schema\/logo\/image\/","url":"https:\/\/gxp-training.com\/wp-content\/uploads\/2022\/05\/logo-resize.png","contentUrl":"https:\/\/gxp-training.com\/wp-content\/uploads\/2022\/05\/logo-resize.png","width":350,"height":100,"caption":"GXP Training"},"image":{"@id":"https:\/\/gxp-training.com\/es\/#\/schema\/logo\/image\/"}}]}},"_links":{"self":[{"href":"https:\/\/gxp-training.com\/es\/wp-json\/wp\/v2\/product\/57203","targetHints":{"allow":["GET"]}}],"collection":[{"href":"https:\/\/gxp-training.com\/es\/wp-json\/wp\/v2\/product"}],"about":[{"href":"https:\/\/gxp-training.com\/es\/wp-json\/wp\/v2\/types\/product"}],"wp:featuredmedia":[{"embeddable":true,"href":"https:\/\/gxp-training.com\/es\/wp-json\/wp\/v2\/media\/42829"}],"wp:attachment":[{"href":"https:\/\/gxp-training.com\/es\/wp-json\/wp\/v2\/media?parent=57203"}],"wp:term":[{"taxonomy":"product_brand","embeddable":true,"href":"https:\/\/gxp-training.com\/es\/wp-json\/wp\/v2\/product_brand?post=57203"},{"taxonomy":"product_cat","embeddable":true,"href":"https:\/\/gxp-training.com\/es\/wp-json\/wp\/v2\/product_cat?post=57203"},{"taxonomy":"product_tag","embeddable":true,"href":"https:\/\/gxp-training.com\/es\/wp-json\/wp\/v2\/product_tag?post=57203"}],"curies":[{"name":"wp","href":"https:\/\/api.w.org\/{rel}","templated":true}]}}