{"id":57167,"date":"2022-05-27T12:11:18","date_gmt":"2022-05-27T10:11:18","guid":{"rendered":"https:\/\/gxp-training.com\/online-course\/introduccion-al-curso-online-fda-21-cfr-parte-11\/"},"modified":"2022-05-27T12:11:18","modified_gmt":"2022-05-27T10:11:18","slug":"introduccion-al-curso-online-fda-21-cfr-parte-11","status":"publish","type":"product","link":"https:\/\/gxp-training.com\/es\/online-course\/introduccion-al-curso-online-fda-21-cfr-parte-11\/","title":{"rendered":"Introducci\u00f3n al Curso Online FDA 21 CFR PARTE 11"},"content":{"rendered":"<div class=\"description\">\n<div class=\"description\">\n<p>Los objetivos principales de este curso e-learning son proporcionar a los alumnos una base s\u00f3lida en los principios y los \u00faltimos requisitos para los Registros Electr\u00f3nicos seg\u00fan la FDA 21 CFR PARTE 11. La formaci\u00f3n ofrece una visi\u00f3n general de los requisitos de la FDA con ejemplos pr\u00e1cticos que cubren la implementaci\u00f3n de dichos requisitos. El curso abarca la aplicaci\u00f3n de estos requisitos tanto a los sistemas de hardware como de software utilizados en <a href=\"https:\/\/gxp-training.com\/online-course\/gxp1861-introduction-to-good-manufacturing-practice\/\">Fabricaci\u00f3n<\/a>, QA, Regulaci\u00f3n, validaci\u00f3n y Control de Procesos.  <\/p>\n<\/div>\n<p><span style=\"font-family: -apple-system, BlinkMacSystemFont, 'Segoe UI', Roboto, 'Helvetica Neue', Arial, 'Noto Sans', sans-serif, 'Apple Color Emoji', 'Segoe UI Emoji', 'Segoe UI Symbol', 'Noto Color Emoji';\">En este curso, ofrecemos una s\u00edntesis sobre el tema a trav\u00e9s de una experiencia online interactiva. Este material fue elaborado por un equipo de Expertos en Asuntos Regulatorios con cualificaci\u00f3n de la Northeastern University, Boston, y pilotado por un Miembro Senior capaz de articular la teor\u00eda con la pr\u00e1ctica. <\/span><\/p>\n<div class=\"elementor-element elementor-element-de39351 elementor-widget elementor-widget-jet-listing-dynamic-field\" data-id=\"de39351\" data-element_type=\"widget\" data-widget_type=\"jet-listing-dynamic-field.default\">\n<div class=\"elementor-widget-container\">\n<div class=\"jet-listing jet-listing-dynamic-field display-inline\">\n<div class=\"jet-listing-dynamic-field__inline-wrap\">\n<div class=\"jet-listing-dynamic-field__content\">\n<p>&nbsp;<\/p>\n<\/div>\n<\/div>\n<\/div>\n<div class=\"jet-listing jet-listing-dynamic-field display-inline\">\n<h2>Plan de estudios:<\/h2>\n<\/div>\n<p><strong>Introducci\u00f3n<\/strong><\/p>\n<p><strong>M\u00f3dulo 1: Las Normas Predicadas<\/strong><\/p>\n<ul>\n<li>21 CFR Parte 11 explicado<\/li>\n<li>Registros electr\u00f3nicos<\/li>\n<li>\u00bfQu\u00e9 son las normas predicadas?<\/li>\n<li>Relaci\u00f3n con las normas predicadas<\/li>\n<li>Normas predicadas y registros de lote<\/li>\n<li>Firmas electr\u00f3nicas<\/li>\n<li>Firmas manuscritas<\/li>\n<\/ul>\n<p><strong>M\u00f3dulo 2: \u00bfQu\u00e9 es la Parte 11?<\/strong><\/p>\n<ul>\n<li>\u00bfQu\u00e9 es la 21 CFR Parte 11?<\/li>\n<li>Directriz<\/li>\n<li>Alcance y aplicaci\u00f3n limitados de la Parte 11<\/li>\n<li>Los beneficios<\/li>\n<\/ul>\n<p><strong>M\u00f3dulo 3: Firmas y Registros Electr\u00f3nicos Explicados<\/strong><\/p>\n<ul>\n<li>Firmas electr\u00f3nicas no afectadas<\/li>\n<\/ul>\n<p>&nbsp;<\/p>\n<p><strong>Conclusi\u00f3n<\/strong><\/p>\n<p><strong>Examen Final<\/strong><\/p>\n<p><strong>Certificaci\u00f3n<\/strong><\/p>\n<\/div>\n<\/div>\n<\/div>\n","protected":false},"excerpt":{"rendered":"<p>Los objetivos principales de este curso e-learning son proporcionar a los alumnos una base s\u00f3lida en los principios y los \u00faltimos requisitos para los Registros Electr\u00f3nicos seg\u00fan la FDA 21 CFR PARTE 11. La formaci\u00f3n ofrece una visi\u00f3n general de los requisitos de la FDA con ejemplos pr\u00e1cticos que cubren la implementaci\u00f3n de dichos requisitos. [&hellip;]<\/p>\n","protected":false},"featured_media":42859,"template":"","meta":{"_acf_changed":false,"content-type":""},"product_brand":[],"product_cat":[265,271,275,278,279,273,272,270,269,266],"product_tag":[],"class_list":{"0":"post-57167","1":"product","2":"type-product","3":"status-publish","4":"has-post-thumbnail","6":"product_cat-bpf-buenas-practicas-de-fabricacion","7":"product_cat-garantia-de-calidad","8":"product_cat-gcp-ensayos-clinicos","9":"product_cat-glp-buenas-practicas-de-laboratorio","10":"product_cat-hospitales-e-instituciones-sanitarias","11":"product_cat-intersectorial","12":"product_cat-laboratorios","13":"product_cat-organizacion-de-investigacion-por-contrato-cro","14":"product_cat-productos-farmaceuticos","15":"product_cat-productos-sanitarios","17":"first","18":"instock","19":"taxable","20":"shipping-taxable","21":"purchasable","22":"product-type-subscription"},"bundled_by":[],"bundle_stock_status":"instock","bundle_stock_quantity":null,"bundle_virtual":false,"bundle_layout":"","bundle_add_to_cart_form_location":"","bundle_editable_in_cart":false,"bundle_sold_individually_context":"","bundle_item_grouping":"","bundle_min_size":"","bundle_max_size":"","bundle_price":[],"bundled_items":[],"bundle_sell_ids":[],"acf":[],"yoast_head":"<!-- This site is optimized with the Yoast SEO plugin v27.5 - https:\/\/yoast.com\/product\/yoast-seo-wordpress\/ -->\n<title>Cursos Online y Certificaci\u00f3n FDA 21 CFR PARTE 11<\/title>\n<meta name=\"description\" content=\"Curso online FDA 21 CFR PARTE 11 con certificaci\u00f3n. Todos nuestros cursos son elaborados por los mejores expertos farmac\u00e9uticos. Acreditaci\u00f3n CPD y CEU.\" \/>\n<meta name=\"robots\" content=\"index, follow, max-snippet:-1, max-image-preview:large, max-video-preview:-1\" \/>\n<link rel=\"canonical\" href=\"https:\/\/gxp-training.com\/es\/online-course\/introduccion-al-curso-online-fda-21-cfr-parte-11\/\" \/>\n<meta property=\"og:locale\" content=\"es_ES\" \/>\n<meta property=\"og:type\" content=\"article\" \/>\n<meta property=\"og:title\" content=\"Cursos Online y Certificaci\u00f3n FDA 21 CFR PARTE 11\" \/>\n<meta property=\"og:description\" content=\"Curso online FDA 21 CFR PARTE 11 con certificaci\u00f3n. Todos nuestros cursos son elaborados por los mejores expertos farmac\u00e9uticos. Acreditaci\u00f3n CPD y CEU.\" \/>\n<meta property=\"og:url\" content=\"https:\/\/gxp-training.com\/es\/online-course\/introduccion-al-curso-online-fda-21-cfr-parte-11\/\" \/>\n<meta property=\"og:site_name\" content=\"GxP Training : Certified Online Courses for Life Sciences\" \/>\n<meta property=\"og:image\" content=\"https:\/\/gxp-training.com\/wp-content\/uploads\/2022\/05\/FDA.png\" \/>\n\t<meta property=\"og:image:width\" content=\"1000\" \/>\n\t<meta property=\"og:image:height\" content=\"700\" \/>\n\t<meta property=\"og:image:type\" content=\"image\/png\" \/>\n<meta name=\"twitter:card\" content=\"summary_large_image\" \/>\n<meta name=\"twitter:label1\" content=\"Tiempo de lectura\" \/>\n\t<meta name=\"twitter:data1\" content=\"1 minuto\" \/>\n<script type=\"application\/ld+json\" class=\"yoast-schema-graph\">{\"@context\":\"https:\\\/\\\/schema.org\",\"@graph\":[{\"@type\":\"WebPage\",\"@id\":\"https:\\\/\\\/gxp-training.com\\\/es\\\/online-course\\\/introduccion-al-curso-online-fda-21-cfr-parte-11\\\/\",\"url\":\"https:\\\/\\\/gxp-training.com\\\/es\\\/online-course\\\/introduccion-al-curso-online-fda-21-cfr-parte-11\\\/\",\"name\":\"Cursos Online y Certificaci\u00f3n FDA 21 CFR PARTE 11\",\"isPartOf\":{\"@id\":\"https:\\\/\\\/gxp-training.com\\\/es\\\/#website\"},\"primaryImageOfPage\":{\"@id\":\"https:\\\/\\\/gxp-training.com\\\/es\\\/online-course\\\/introduccion-al-curso-online-fda-21-cfr-parte-11\\\/#primaryimage\"},\"image\":{\"@id\":\"https:\\\/\\\/gxp-training.com\\\/es\\\/online-course\\\/introduccion-al-curso-online-fda-21-cfr-parte-11\\\/#primaryimage\"},\"thumbnailUrl\":\"https:\\\/\\\/gxp-training.com\\\/wp-content\\\/uploads\\\/2022\\\/05\\\/FDA.png\",\"datePublished\":\"2022-05-27T10:11:18+00:00\",\"description\":\"Curso online FDA 21 CFR PARTE 11 con certificaci\u00f3n. Todos nuestros cursos son elaborados por los mejores expertos farmac\u00e9uticos. Acreditaci\u00f3n CPD y CEU.\",\"breadcrumb\":{\"@id\":\"https:\\\/\\\/gxp-training.com\\\/es\\\/online-course\\\/introduccion-al-curso-online-fda-21-cfr-parte-11\\\/#breadcrumb\"},\"inLanguage\":\"es\",\"potentialAction\":[{\"@type\":\"ReadAction\",\"target\":[\"https:\\\/\\\/gxp-training.com\\\/es\\\/online-course\\\/introduccion-al-curso-online-fda-21-cfr-parte-11\\\/\"]}]},{\"@type\":\"ImageObject\",\"inLanguage\":\"es\",\"@id\":\"https:\\\/\\\/gxp-training.com\\\/es\\\/online-course\\\/introduccion-al-curso-online-fda-21-cfr-parte-11\\\/#primaryimage\",\"url\":\"https:\\\/\\\/gxp-training.com\\\/wp-content\\\/uploads\\\/2022\\\/05\\\/FDA.png\",\"contentUrl\":\"https:\\\/\\\/gxp-training.com\\\/wp-content\\\/uploads\\\/2022\\\/05\\\/FDA.png\",\"width\":1000,\"height\":700},{\"@type\":\"BreadcrumbList\",\"@id\":\"https:\\\/\\\/gxp-training.com\\\/es\\\/online-course\\\/introduccion-al-curso-online-fda-21-cfr-parte-11\\\/#breadcrumb\",\"itemListElement\":[{\"@type\":\"ListItem\",\"position\":1,\"name\":\"Inicio\",\"item\":\"https:\\\/\\\/gxp-training.com\\\/es\\\/pagina-de-inicio\\\/\"},{\"@type\":\"ListItem\",\"position\":2,\"name\":\"Productos\",\"item\":\"https:\\\/\\\/gxp-training.com\\\/es\\\/shop\\\/\"},{\"@type\":\"ListItem\",\"position\":3,\"name\":\"Introducci\u00f3n al Curso Online FDA 21 CFR PARTE 11\"}]},{\"@type\":\"WebSite\",\"@id\":\"https:\\\/\\\/gxp-training.com\\\/es\\\/#website\",\"url\":\"https:\\\/\\\/gxp-training.com\\\/es\\\/\",\"name\":\"GxP Training : Certified Online Courses for Life Sciences\",\"description\":\"Online Trainings and Certified Courses in Regulatory Compliance for Pharmaceutical Experts\",\"publisher\":{\"@id\":\"https:\\\/\\\/gxp-training.com\\\/es\\\/#organization\"},\"potentialAction\":[{\"@type\":\"SearchAction\",\"target\":{\"@type\":\"EntryPoint\",\"urlTemplate\":\"https:\\\/\\\/gxp-training.com\\\/es\\\/?s={search_term_string}\"},\"query-input\":{\"@type\":\"PropertyValueSpecification\",\"valueRequired\":true,\"valueName\":\"search_term_string\"}}],\"inLanguage\":\"es\"},{\"@type\":\"Organization\",\"@id\":\"https:\\\/\\\/gxp-training.com\\\/es\\\/#organization\",\"name\":\"GXP Training\",\"url\":\"https:\\\/\\\/gxp-training.com\\\/es\\\/\",\"logo\":{\"@type\":\"ImageObject\",\"inLanguage\":\"es\",\"@id\":\"https:\\\/\\\/gxp-training.com\\\/es\\\/#\\\/schema\\\/logo\\\/image\\\/\",\"url\":\"https:\\\/\\\/gxp-training.com\\\/wp-content\\\/uploads\\\/2022\\\/05\\\/logo-resize.png\",\"contentUrl\":\"https:\\\/\\\/gxp-training.com\\\/wp-content\\\/uploads\\\/2022\\\/05\\\/logo-resize.png\",\"width\":350,\"height\":100,\"caption\":\"GXP Training\"},\"image\":{\"@id\":\"https:\\\/\\\/gxp-training.com\\\/es\\\/#\\\/schema\\\/logo\\\/image\\\/\"}}]}<\/script>\n<!-- \/ Yoast SEO plugin. -->","yoast_head_json":{"title":"Cursos Online y Certificaci\u00f3n FDA 21 CFR PARTE 11","description":"Curso online FDA 21 CFR PARTE 11 con certificaci\u00f3n. Todos nuestros cursos son elaborados por los mejores expertos farmac\u00e9uticos. Acreditaci\u00f3n CPD y CEU.","robots":{"index":"index","follow":"follow","max-snippet":"max-snippet:-1","max-image-preview":"max-image-preview:large","max-video-preview":"max-video-preview:-1"},"canonical":"https:\/\/gxp-training.com\/es\/online-course\/introduccion-al-curso-online-fda-21-cfr-parte-11\/","og_locale":"es_ES","og_type":"article","og_title":"Cursos Online y Certificaci\u00f3n FDA 21 CFR PARTE 11","og_description":"Curso online FDA 21 CFR PARTE 11 con certificaci\u00f3n. Todos nuestros cursos son elaborados por los mejores expertos farmac\u00e9uticos. Acreditaci\u00f3n CPD y CEU.","og_url":"https:\/\/gxp-training.com\/es\/online-course\/introduccion-al-curso-online-fda-21-cfr-parte-11\/","og_site_name":"GxP Training : Certified Online Courses for Life Sciences","og_image":[{"width":1000,"height":700,"url":"https:\/\/gxp-training.com\/wp-content\/uploads\/2022\/05\/FDA.png","type":"image\/png"}],"twitter_card":"summary_large_image","twitter_misc":{"Tiempo de lectura":"1 minuto"},"schema":{"@context":"https:\/\/schema.org","@graph":[{"@type":"WebPage","@id":"https:\/\/gxp-training.com\/es\/online-course\/introduccion-al-curso-online-fda-21-cfr-parte-11\/","url":"https:\/\/gxp-training.com\/es\/online-course\/introduccion-al-curso-online-fda-21-cfr-parte-11\/","name":"Cursos Online y Certificaci\u00f3n FDA 21 CFR PARTE 11","isPartOf":{"@id":"https:\/\/gxp-training.com\/es\/#website"},"primaryImageOfPage":{"@id":"https:\/\/gxp-training.com\/es\/online-course\/introduccion-al-curso-online-fda-21-cfr-parte-11\/#primaryimage"},"image":{"@id":"https:\/\/gxp-training.com\/es\/online-course\/introduccion-al-curso-online-fda-21-cfr-parte-11\/#primaryimage"},"thumbnailUrl":"https:\/\/gxp-training.com\/wp-content\/uploads\/2022\/05\/FDA.png","datePublished":"2022-05-27T10:11:18+00:00","description":"Curso online FDA 21 CFR PARTE 11 con certificaci\u00f3n. Todos nuestros cursos son elaborados por los mejores expertos farmac\u00e9uticos. Acreditaci\u00f3n CPD y CEU.","breadcrumb":{"@id":"https:\/\/gxp-training.com\/es\/online-course\/introduccion-al-curso-online-fda-21-cfr-parte-11\/#breadcrumb"},"inLanguage":"es","potentialAction":[{"@type":"ReadAction","target":["https:\/\/gxp-training.com\/es\/online-course\/introduccion-al-curso-online-fda-21-cfr-parte-11\/"]}]},{"@type":"ImageObject","inLanguage":"es","@id":"https:\/\/gxp-training.com\/es\/online-course\/introduccion-al-curso-online-fda-21-cfr-parte-11\/#primaryimage","url":"https:\/\/gxp-training.com\/wp-content\/uploads\/2022\/05\/FDA.png","contentUrl":"https:\/\/gxp-training.com\/wp-content\/uploads\/2022\/05\/FDA.png","width":1000,"height":700},{"@type":"BreadcrumbList","@id":"https:\/\/gxp-training.com\/es\/online-course\/introduccion-al-curso-online-fda-21-cfr-parte-11\/#breadcrumb","itemListElement":[{"@type":"ListItem","position":1,"name":"Inicio","item":"https:\/\/gxp-training.com\/es\/pagina-de-inicio\/"},{"@type":"ListItem","position":2,"name":"Productos","item":"https:\/\/gxp-training.com\/es\/shop\/"},{"@type":"ListItem","position":3,"name":"Introducci\u00f3n al Curso Online FDA 21 CFR PARTE 11"}]},{"@type":"WebSite","@id":"https:\/\/gxp-training.com\/es\/#website","url":"https:\/\/gxp-training.com\/es\/","name":"GxP Training : Certified Online Courses for Life Sciences","description":"Online Trainings and Certified Courses in Regulatory Compliance for Pharmaceutical Experts","publisher":{"@id":"https:\/\/gxp-training.com\/es\/#organization"},"potentialAction":[{"@type":"SearchAction","target":{"@type":"EntryPoint","urlTemplate":"https:\/\/gxp-training.com\/es\/?s={search_term_string}"},"query-input":{"@type":"PropertyValueSpecification","valueRequired":true,"valueName":"search_term_string"}}],"inLanguage":"es"},{"@type":"Organization","@id":"https:\/\/gxp-training.com\/es\/#organization","name":"GXP Training","url":"https:\/\/gxp-training.com\/es\/","logo":{"@type":"ImageObject","inLanguage":"es","@id":"https:\/\/gxp-training.com\/es\/#\/schema\/logo\/image\/","url":"https:\/\/gxp-training.com\/wp-content\/uploads\/2022\/05\/logo-resize.png","contentUrl":"https:\/\/gxp-training.com\/wp-content\/uploads\/2022\/05\/logo-resize.png","width":350,"height":100,"caption":"GXP Training"},"image":{"@id":"https:\/\/gxp-training.com\/es\/#\/schema\/logo\/image\/"}}]}},"_links":{"self":[{"href":"https:\/\/gxp-training.com\/es\/wp-json\/wp\/v2\/product\/57167","targetHints":{"allow":["GET"]}}],"collection":[{"href":"https:\/\/gxp-training.com\/es\/wp-json\/wp\/v2\/product"}],"about":[{"href":"https:\/\/gxp-training.com\/es\/wp-json\/wp\/v2\/types\/product"}],"wp:featuredmedia":[{"embeddable":true,"href":"https:\/\/gxp-training.com\/es\/wp-json\/wp\/v2\/media\/42859"}],"wp:attachment":[{"href":"https:\/\/gxp-training.com\/es\/wp-json\/wp\/v2\/media?parent=57167"}],"wp:term":[{"taxonomy":"product_brand","embeddable":true,"href":"https:\/\/gxp-training.com\/es\/wp-json\/wp\/v2\/product_brand?post=57167"},{"taxonomy":"product_cat","embeddable":true,"href":"https:\/\/gxp-training.com\/es\/wp-json\/wp\/v2\/product_cat?post=57167"},{"taxonomy":"product_tag","embeddable":true,"href":"https:\/\/gxp-training.com\/es\/wp-json\/wp\/v2\/product_tag?post=57167"}],"curies":[{"name":"wp","href":"https:\/\/api.w.org\/{rel}","templated":true}]}}