{"id":57162,"date":"2022-05-27T12:09:15","date_gmt":"2022-05-27T10:09:15","guid":{"rendered":"https:\/\/gxp-training.com\/online-course\/control-estadistico-de-procesos\/"},"modified":"2022-05-27T12:09:15","modified_gmt":"2022-05-27T10:09:15","slug":"control-estadistico-de-procesos","status":"publish","type":"product","link":"https:\/\/gxp-training.com\/es\/online-course\/control-estadistico-de-procesos\/","title":{"rendered":"Control Estad\u00edstico de Procesos"},"content":{"rendered":"<p>Adem\u00e1s de la eficacia y seguridad de los productos y dispositivos farmac\u00e9uticos, un objetivo principal del proceso de fabricaci\u00f3n es la uniformidad de los productos. Por ello, las empresas farmac\u00e9uticas utilizan controles estad\u00edsticos de procesos (CEP) para contener la estabilidad, variabilidad y capacidad del proceso de fabricaci\u00f3n. Este curso le introduce en los fundamentos de la calibraci\u00f3n de procesos y la determinaci\u00f3n de est\u00e1ndares para la evaluaci\u00f3n de la reproducibilidad de los productos de su proceso de fabricaci\u00f3n. Incluye lecciones sobre gr\u00e1ficos de control, medidas de tendencia central, medidas de variabilidad y otras herramientas estad\u00edsticas.   <\/p>\n<p>&nbsp;<\/p>\n<p>En este curso, ofrecemos una s\u00edntesis del tema a trav\u00e9s de una experiencia interactiva en l\u00ednea. Este material fue elaborado por un equipo de Expertos en Asuntos Regulatorios con una cualificaci\u00f3n de la Northeastern University, Boston, pilotado por un Miembro Senior capaz de articular la teor\u00eda con la pr\u00e1ctica. <\/p>\n<p>&nbsp;<\/p>\n<h3>Plan de estudios<\/h3>\n<p>&nbsp;<\/p>\n<p><strong>Introducci\u00f3n<\/strong><\/p>\n<p>&nbsp;<\/p>\n<ul>\n<li>\u00bfQu\u00e9 es un proceso?<\/li>\n<li>\u00bfPor qu\u00e9 es necesario un control estad\u00edstico de procesos?<\/li>\n<li>\u00c9nfasis en la necesidad de comprender y controlar los procesos<\/li>\n<li>\u00bfExisten directrices disponibles para el control estad\u00edstico de procesos?<\/li>\n<li>El objetivo del control estad\u00edstico de procesos<\/li>\n<li>\u00bfQu\u00e9 es una variaci\u00f3n?<\/li>\n<li>\u00bfCu\u00e1les son las fuentes de variaci\u00f3n?<\/li>\n<li>\u00bfQu\u00e9 son los gr\u00e1ficos de control?<\/li>\n<\/ul>\n<p>&nbsp;<\/p>\n<p><strong>Lecci\u00f3n 1: Base estad\u00edstica del gr\u00e1fico de control<\/strong><\/p>\n<p>&nbsp;<\/p>\n<ul>\n<li>La media<\/li>\n<li>El rango y la desviaci\u00f3n est\u00e1ndar<\/li>\n<li>Distribuci\u00f3n de datos<\/li>\n<li>\u00bfQu\u00e9 es la mediana?<\/li>\n<\/ul>\n<p>&nbsp;<\/p>\n<p><strong>Lecci\u00f3n 2: Gr\u00e1ficos de control<\/strong><\/p>\n<p>&nbsp;<\/p>\n<ul>\n<li>Principios b\u00e1sicos<\/li>\n<li>C\u00f3mo trazar gr\u00e1ficos de control<\/li>\n<li>Tipos de gr\u00e1ficos de control<\/li>\n<\/ul>\n<p>&nbsp;<\/p>\n<p><strong>Lecci\u00f3n 3: Los gr\u00e1ficos x-barra<\/strong><\/p>\n<p>&nbsp;<\/p>\n<ul>\n<li>Estimaci\u00f3n de la tendencia central del proceso<\/li>\n<li>\u00bfQu\u00e9 ocurre si algunas observaciones no aparecen dentro de los l\u00edmites de control?<\/li>\n<li>Gr\u00e1ficos x-barra para estimar la variabilidad del proceso<\/li>\n<\/ul>\n<p>&nbsp;<\/p>\n<p><strong>Lecci\u00f3n 4: Los gr\u00e1ficos de rango (R)<\/strong><\/p>\n<p>&nbsp;<\/p>\n<p><strong>Lecci\u00f3n 5: Los gr\u00e1ficos p<\/strong><\/p>\n<p>&nbsp;<\/p>\n<p><strong>Lecci\u00f3n 6: Los gr\u00e1ficos c<\/strong><\/p>\n<p>&nbsp;<\/p>\n<p><strong>Conclusi\u00f3n<\/strong><\/p>\n<p>&nbsp;<\/p>\n<p><strong>Glosario<\/strong><\/p>\n<p>&nbsp;<\/p>\n<p><strong>Cuestionario<\/strong><\/p>\n","protected":false},"excerpt":{"rendered":"<p>Adem\u00e1s de la eficacia y seguridad de los productos y dispositivos farmac\u00e9uticos, un objetivo principal del proceso de fabricaci\u00f3n es la uniformidad de los productos. Por ello, las empresas farmac\u00e9uticas utilizan controles estad\u00edsticos de procesos (CEP) para contener la estabilidad, variabilidad y capacidad del proceso de fabricaci\u00f3n. Este curso le introduce en los fundamentos de [&hellip;]<\/p>\n","protected":false},"featured_media":42784,"template":"","meta":{"_acf_changed":false,"content-type":""},"product_brand":[],"product_cat":[271],"product_tag":[],"class_list":{"0":"post-57162","1":"product","2":"type-product","3":"status-publish","4":"has-post-thumbnail","6":"product_cat-garantia-de-calidad","8":"first","9":"instock","10":"taxable","11":"shipping-taxable","12":"purchasable","13":"product-type-simple"},"bundled_by":[],"bundle_stock_status":"instock","bundle_stock_quantity":null,"bundle_virtual":false,"bundle_layout":"","bundle_add_to_cart_form_location":"","bundle_editable_in_cart":false,"bundle_sold_individually_context":"","bundle_item_grouping":"","bundle_min_size":"","bundle_max_size":"","bundle_price":[],"bundled_items":[],"bundle_sell_ids":[],"acf":[],"yoast_head":"<!-- This site is optimized with the Yoast SEO plugin v27.5 - https:\/\/yoast.com\/product\/yoast-seo-wordpress\/ -->\n<title>Control Estad\u00edstico de Procesos - GxP Training : Certified Online Courses for Life Sciences<\/title>\n<meta name=\"description\" content=\"Obtenga su certificaci\u00f3n en Control Estad\u00edstico de Procesos. Empiece su curso de Garant\u00eda de Calidad ahora. Formaci\u00f3n acreditada para ciencias de la vida por los mejores expertos.\" \/>\n<meta name=\"robots\" content=\"index, follow, max-snippet:-1, max-image-preview:large, max-video-preview:-1\" \/>\n<link rel=\"canonical\" href=\"https:\/\/gxp-training.com\/es\/online-course\/control-estadistico-de-procesos\/\" \/>\n<meta property=\"og:locale\" content=\"es_ES\" \/>\n<meta property=\"og:type\" content=\"article\" \/>\n<meta property=\"og:title\" content=\"Control Estad\u00edstico de Procesos - GxP Training : Certified Online Courses for Life Sciences\" \/>\n<meta property=\"og:description\" content=\"Obtenga su certificaci\u00f3n en Control Estad\u00edstico de Procesos. Empiece su curso de Garant\u00eda de Calidad ahora. Formaci\u00f3n acreditada para ciencias de la vida por los mejores expertos.\" \/>\n<meta property=\"og:url\" content=\"https:\/\/gxp-training.com\/es\/online-course\/control-estadistico-de-procesos\/\" \/>\n<meta property=\"og:site_name\" content=\"GxP Training : Certified Online Courses for Life Sciences\" \/>\n<meta property=\"og:image\" content=\"https:\/\/gxp-training.com\/wp-content\/uploads\/2022\/05\/data-analysis.jpeg\" \/>\n\t<meta property=\"og:image:width\" content=\"1134\" \/>\n\t<meta property=\"og:image:height\" content=\"675\" \/>\n\t<meta property=\"og:image:type\" content=\"image\/jpeg\" \/>\n<meta name=\"twitter:card\" content=\"summary_large_image\" \/>\n<meta name=\"twitter:label1\" content=\"Tiempo de lectura\" \/>\n\t<meta name=\"twitter:data1\" content=\"2 minutos\" \/>\n<script type=\"application\/ld+json\" class=\"yoast-schema-graph\">{\"@context\":\"https:\\\/\\\/schema.org\",\"@graph\":[{\"@type\":\"WebPage\",\"@id\":\"https:\\\/\\\/gxp-training.com\\\/es\\\/online-course\\\/control-estadistico-de-procesos\\\/\",\"url\":\"https:\\\/\\\/gxp-training.com\\\/es\\\/online-course\\\/control-estadistico-de-procesos\\\/\",\"name\":\"Control Estad\u00edstico de Procesos - GxP Training : Certified Online Courses for Life Sciences\",\"isPartOf\":{\"@id\":\"https:\\\/\\\/gxp-training.com\\\/es\\\/#website\"},\"primaryImageOfPage\":{\"@id\":\"https:\\\/\\\/gxp-training.com\\\/es\\\/online-course\\\/control-estadistico-de-procesos\\\/#primaryimage\"},\"image\":{\"@id\":\"https:\\\/\\\/gxp-training.com\\\/es\\\/online-course\\\/control-estadistico-de-procesos\\\/#primaryimage\"},\"thumbnailUrl\":\"https:\\\/\\\/gxp-training.com\\\/wp-content\\\/uploads\\\/2022\\\/05\\\/data-analysis.jpeg\",\"datePublished\":\"2022-05-27T10:09:15+00:00\",\"description\":\"Obtenga su certificaci\u00f3n en Control Estad\u00edstico de Procesos. Empiece su curso de Garant\u00eda de Calidad ahora. Formaci\u00f3n acreditada para ciencias de la vida por los mejores expertos.\",\"breadcrumb\":{\"@id\":\"https:\\\/\\\/gxp-training.com\\\/es\\\/online-course\\\/control-estadistico-de-procesos\\\/#breadcrumb\"},\"inLanguage\":\"es\",\"potentialAction\":[{\"@type\":\"ReadAction\",\"target\":[\"https:\\\/\\\/gxp-training.com\\\/es\\\/online-course\\\/control-estadistico-de-procesos\\\/\"]}]},{\"@type\":\"ImageObject\",\"inLanguage\":\"es\",\"@id\":\"https:\\\/\\\/gxp-training.com\\\/es\\\/online-course\\\/control-estadistico-de-procesos\\\/#primaryimage\",\"url\":\"https:\\\/\\\/gxp-training.com\\\/wp-content\\\/uploads\\\/2022\\\/05\\\/data-analysis.jpeg\",\"contentUrl\":\"https:\\\/\\\/gxp-training.com\\\/wp-content\\\/uploads\\\/2022\\\/05\\\/data-analysis.jpeg\",\"width\":1134,\"height\":675},{\"@type\":\"BreadcrumbList\",\"@id\":\"https:\\\/\\\/gxp-training.com\\\/es\\\/online-course\\\/control-estadistico-de-procesos\\\/#breadcrumb\",\"itemListElement\":[{\"@type\":\"ListItem\",\"position\":1,\"name\":\"Inicio\",\"item\":\"https:\\\/\\\/gxp-training.com\\\/es\\\/pagina-de-inicio\\\/\"},{\"@type\":\"ListItem\",\"position\":2,\"name\":\"Productos\",\"item\":\"https:\\\/\\\/gxp-training.com\\\/es\\\/shop\\\/\"},{\"@type\":\"ListItem\",\"position\":3,\"name\":\"Control Estad\u00edstico de Procesos\"}]},{\"@type\":\"WebSite\",\"@id\":\"https:\\\/\\\/gxp-training.com\\\/es\\\/#website\",\"url\":\"https:\\\/\\\/gxp-training.com\\\/es\\\/\",\"name\":\"GxP Training : Certified Online Courses for Life Sciences\",\"description\":\"Online Trainings and Certified Courses in Regulatory Compliance for Pharmaceutical Experts\",\"publisher\":{\"@id\":\"https:\\\/\\\/gxp-training.com\\\/es\\\/#organization\"},\"potentialAction\":[{\"@type\":\"SearchAction\",\"target\":{\"@type\":\"EntryPoint\",\"urlTemplate\":\"https:\\\/\\\/gxp-training.com\\\/es\\\/?s={search_term_string}\"},\"query-input\":{\"@type\":\"PropertyValueSpecification\",\"valueRequired\":true,\"valueName\":\"search_term_string\"}}],\"inLanguage\":\"es\"},{\"@type\":\"Organization\",\"@id\":\"https:\\\/\\\/gxp-training.com\\\/es\\\/#organization\",\"name\":\"GXP Training\",\"url\":\"https:\\\/\\\/gxp-training.com\\\/es\\\/\",\"logo\":{\"@type\":\"ImageObject\",\"inLanguage\":\"es\",\"@id\":\"https:\\\/\\\/gxp-training.com\\\/es\\\/#\\\/schema\\\/logo\\\/image\\\/\",\"url\":\"https:\\\/\\\/gxp-training.com\\\/wp-content\\\/uploads\\\/2022\\\/05\\\/logo-resize.png\",\"contentUrl\":\"https:\\\/\\\/gxp-training.com\\\/wp-content\\\/uploads\\\/2022\\\/05\\\/logo-resize.png\",\"width\":350,\"height\":100,\"caption\":\"GXP Training\"},\"image\":{\"@id\":\"https:\\\/\\\/gxp-training.com\\\/es\\\/#\\\/schema\\\/logo\\\/image\\\/\"}}]}<\/script>\n<!-- \/ Yoast SEO plugin. -->","yoast_head_json":{"title":"Control Estad\u00edstico de Procesos - GxP Training : Certified Online Courses for Life Sciences","description":"Obtenga su certificaci\u00f3n en Control Estad\u00edstico de Procesos. Empiece su curso de Garant\u00eda de Calidad ahora. Formaci\u00f3n acreditada para ciencias de la vida por los mejores expertos.","robots":{"index":"index","follow":"follow","max-snippet":"max-snippet:-1","max-image-preview":"max-image-preview:large","max-video-preview":"max-video-preview:-1"},"canonical":"https:\/\/gxp-training.com\/es\/online-course\/control-estadistico-de-procesos\/","og_locale":"es_ES","og_type":"article","og_title":"Control Estad\u00edstico de Procesos - GxP Training : Certified Online Courses for Life Sciences","og_description":"Obtenga su certificaci\u00f3n en Control Estad\u00edstico de Procesos. Empiece su curso de Garant\u00eda de Calidad ahora. Formaci\u00f3n acreditada para ciencias de la vida por los mejores expertos.","og_url":"https:\/\/gxp-training.com\/es\/online-course\/control-estadistico-de-procesos\/","og_site_name":"GxP Training : Certified Online Courses for Life Sciences","og_image":[{"width":1134,"height":675,"url":"https:\/\/gxp-training.com\/wp-content\/uploads\/2022\/05\/data-analysis.jpeg","type":"image\/jpeg"}],"twitter_card":"summary_large_image","twitter_misc":{"Tiempo de lectura":"2 minutos"},"schema":{"@context":"https:\/\/schema.org","@graph":[{"@type":"WebPage","@id":"https:\/\/gxp-training.com\/es\/online-course\/control-estadistico-de-procesos\/","url":"https:\/\/gxp-training.com\/es\/online-course\/control-estadistico-de-procesos\/","name":"Control Estad\u00edstico de Procesos - GxP Training : Certified Online Courses for Life Sciences","isPartOf":{"@id":"https:\/\/gxp-training.com\/es\/#website"},"primaryImageOfPage":{"@id":"https:\/\/gxp-training.com\/es\/online-course\/control-estadistico-de-procesos\/#primaryimage"},"image":{"@id":"https:\/\/gxp-training.com\/es\/online-course\/control-estadistico-de-procesos\/#primaryimage"},"thumbnailUrl":"https:\/\/gxp-training.com\/wp-content\/uploads\/2022\/05\/data-analysis.jpeg","datePublished":"2022-05-27T10:09:15+00:00","description":"Obtenga su certificaci\u00f3n en Control Estad\u00edstico de Procesos. Empiece su curso de Garant\u00eda de Calidad ahora. Formaci\u00f3n acreditada para ciencias de la vida por los mejores expertos.","breadcrumb":{"@id":"https:\/\/gxp-training.com\/es\/online-course\/control-estadistico-de-procesos\/#breadcrumb"},"inLanguage":"es","potentialAction":[{"@type":"ReadAction","target":["https:\/\/gxp-training.com\/es\/online-course\/control-estadistico-de-procesos\/"]}]},{"@type":"ImageObject","inLanguage":"es","@id":"https:\/\/gxp-training.com\/es\/online-course\/control-estadistico-de-procesos\/#primaryimage","url":"https:\/\/gxp-training.com\/wp-content\/uploads\/2022\/05\/data-analysis.jpeg","contentUrl":"https:\/\/gxp-training.com\/wp-content\/uploads\/2022\/05\/data-analysis.jpeg","width":1134,"height":675},{"@type":"BreadcrumbList","@id":"https:\/\/gxp-training.com\/es\/online-course\/control-estadistico-de-procesos\/#breadcrumb","itemListElement":[{"@type":"ListItem","position":1,"name":"Inicio","item":"https:\/\/gxp-training.com\/es\/pagina-de-inicio\/"},{"@type":"ListItem","position":2,"name":"Productos","item":"https:\/\/gxp-training.com\/es\/shop\/"},{"@type":"ListItem","position":3,"name":"Control Estad\u00edstico de Procesos"}]},{"@type":"WebSite","@id":"https:\/\/gxp-training.com\/es\/#website","url":"https:\/\/gxp-training.com\/es\/","name":"GxP Training : Certified Online Courses for Life Sciences","description":"Online Trainings and Certified Courses in Regulatory Compliance for Pharmaceutical Experts","publisher":{"@id":"https:\/\/gxp-training.com\/es\/#organization"},"potentialAction":[{"@type":"SearchAction","target":{"@type":"EntryPoint","urlTemplate":"https:\/\/gxp-training.com\/es\/?s={search_term_string}"},"query-input":{"@type":"PropertyValueSpecification","valueRequired":true,"valueName":"search_term_string"}}],"inLanguage":"es"},{"@type":"Organization","@id":"https:\/\/gxp-training.com\/es\/#organization","name":"GXP Training","url":"https:\/\/gxp-training.com\/es\/","logo":{"@type":"ImageObject","inLanguage":"es","@id":"https:\/\/gxp-training.com\/es\/#\/schema\/logo\/image\/","url":"https:\/\/gxp-training.com\/wp-content\/uploads\/2022\/05\/logo-resize.png","contentUrl":"https:\/\/gxp-training.com\/wp-content\/uploads\/2022\/05\/logo-resize.png","width":350,"height":100,"caption":"GXP Training"},"image":{"@id":"https:\/\/gxp-training.com\/es\/#\/schema\/logo\/image\/"}}]}},"_links":{"self":[{"href":"https:\/\/gxp-training.com\/es\/wp-json\/wp\/v2\/product\/57162","targetHints":{"allow":["GET"]}}],"collection":[{"href":"https:\/\/gxp-training.com\/es\/wp-json\/wp\/v2\/product"}],"about":[{"href":"https:\/\/gxp-training.com\/es\/wp-json\/wp\/v2\/types\/product"}],"wp:featuredmedia":[{"embeddable":true,"href":"https:\/\/gxp-training.com\/es\/wp-json\/wp\/v2\/media\/42784"}],"wp:attachment":[{"href":"https:\/\/gxp-training.com\/es\/wp-json\/wp\/v2\/media?parent=57162"}],"wp:term":[{"taxonomy":"product_brand","embeddable":true,"href":"https:\/\/gxp-training.com\/es\/wp-json\/wp\/v2\/product_brand?post=57162"},{"taxonomy":"product_cat","embeddable":true,"href":"https:\/\/gxp-training.com\/es\/wp-json\/wp\/v2\/product_cat?post=57162"},{"taxonomy":"product_tag","embeddable":true,"href":"https:\/\/gxp-training.com\/es\/wp-json\/wp\/v2\/product_tag?post=57162"}],"curies":[{"name":"wp","href":"https:\/\/api.w.org\/{rel}","templated":true}]}}