{"id":57155,"date":"2022-06-20T13:54:39","date_gmt":"2022-06-20T11:54:39","guid":{"rendered":"https:\/\/gxp-training.com\/online-course\/gestion-de-datos-clinicos\/"},"modified":"2022-06-20T13:54:39","modified_gmt":"2022-06-20T11:54:39","slug":"gestion-de-datos-clinicos","status":"publish","type":"product","link":"https:\/\/gxp-training.com\/es\/online-course\/gestion-de-datos-clinicos\/","title":{"rendered":"Gesti\u00f3n de Datos Cl\u00ednicos"},"content":{"rendered":"<p>Los ensayos cl\u00ednicos requieren tiempo y consumen muchos recursos, por lo que deben llevarse a cabo tras una consideraci\u00f3n adecuada de todo el proceso. Deben establecerse estructuras para garantizar la consistencia de las condiciones en la medida de lo posible, ya que esto reducir\u00e1 en gran medida los errores y har\u00e1 que los hallazgos de la investigaci\u00f3n sean fiables. Este curso expone los fundamentos de la gesti\u00f3n de datos cl\u00ednicos, describiendo los objetivos, las herramientas y los procesos implicados. Si los datos obtenidos de un ejercicio de investigaci\u00f3n cl\u00ednica se consideran poco fiables, el prop\u00f3sito se frustra y los recursos se desperdician. Tambi\u00e9n aprender\u00e1 sobre la CDISC, una organizaci\u00f3n que regula las operaciones de ensayos cl\u00ednicos para garantizar el cumplimiento de los est\u00e1ndares internacionales.    <\/p>\n<p>&nbsp;<\/p>\n<p>Este material fue elaborado por un equipo de Expertos en Asuntos Regulatorios con una cualificaci\u00f3n de la Northeastern University, Boston, y pilotado por un Miembro Senior capaz de articular la teor\u00eda con la pr\u00e1ctica.<\/p>\n<p>&nbsp;<\/p>\n<h3>Plan de estudios:<\/h3>\n<p>&nbsp;<\/p>\n<p><strong>Lecci\u00f3n 1: Visi\u00f3n general de las Buenas Pr\u00e1cticas Cl\u00ednicas<\/strong><\/p>\n<p>&nbsp;<\/p>\n<ul>\n<li>13 Principios de las BPC<\/li>\n<\/ul>\n<p>&nbsp;<\/p>\n<p><strong>Lecci\u00f3n 2: \u00bfQu\u00e9 es la Investigaci\u00f3n Cl\u00ednica y el Ensayo Cl\u00ednico?<\/strong><\/p>\n<p>&nbsp;<\/p>\n<p><strong>Lecci\u00f3n 3: Tipos y Fases de los Ensayos Cl\u00ednicos<\/strong><\/p>\n<p>&nbsp;<\/p>\n<p><strong>Lecci\u00f3n 4: Gesti\u00f3n de Datos de Ensayos Cl\u00ednicos y Profesionales<\/strong><\/p>\n<p>&nbsp;<\/p>\n<ul>\n<li>\u00bfQu\u00e9 es la Gesti\u00f3n de Ensayos Cl\u00ednicos?<\/li>\n<li>\u00bfQu\u00e9 es un Sistema de Gesti\u00f3n de Ensayos Cl\u00ednicos (CTMS)?<\/li>\n<li>C\u00f3mo Comparar Sistemas de Gesti\u00f3n de Datos Cl\u00ednicos<\/li>\n<\/ul>\n<p>&nbsp;<\/p>\n<p><strong>Lecci\u00f3n 5: \u00bfQu\u00e9 es la Gesti\u00f3n de Datos Cl\u00ednicos?<\/strong><\/p>\n<p>&nbsp;<\/p>\n<ul>\n<li>Modelo para la Gesti\u00f3n de Datos en Ensayos Cl\u00ednicos<\/li>\n<li>\u00c1reas de Responsabilidad de los Datos de Investigaci\u00f3n Cl\u00ednica<\/li>\n<\/ul>\n<p>&nbsp;<\/p>\n<p><strong>Lecci\u00f3n 6: Roles y Responsabilidades en la Gesti\u00f3n de Datos Cl\u00ednicos<\/strong><\/p>\n<p>&nbsp;<\/p>\n<ul>\n<li>\u00bfQu\u00e9 es la Gesti\u00f3n de Datos de Ensayos Cl\u00ednicos (CDM)?<\/li>\n<li>Planes de Gesti\u00f3n de Datos Cl\u00ednicos<\/li>\n<\/ul>\n<p>&nbsp;<\/p>\n<p><strong>Lecci\u00f3n 7: Plan de Validaci\u00f3n de Datos de Ensayos Cl\u00ednicos<\/strong><\/p>\n<p>&nbsp;<\/p>\n<ul>\n<li>Flujo de Trabajo de Gesti\u00f3n de Datos<\/li>\n<li>Auditor\u00edas de Datos de Ensayos Cl\u00ednicos<\/li>\n<\/ul>\n<p>&nbsp;<\/p>\n<p><strong>Lecci\u00f3n 8: Gesti\u00f3n de la Calidad en la Gesti\u00f3n de Datos Cl\u00ednicos<\/strong><\/p>\n<p>&nbsp;<\/p>\n<ul>\n<li>Regulaciones, Directrices y Est\u00e1ndares en la Gesti\u00f3n de Datos Cl\u00ednicos<\/li>\n<li>Formularios de Informe de Casos en la Gesti\u00f3n de Datos<\/li>\n<li>Introducci\u00f3n a los Sistemas Electr\u00f3nicos de Gesti\u00f3n de Ensayos Cl\u00ednicos<\/li>\n<li>La Necesidad Empresarial de los CTMS<\/li>\n<li>Estructura B\u00e1sica, Contenidos y Funcionamiento de los CTMS<\/li>\n<li>Requisitos del Sistema Electr\u00f3nico<\/li>\n<li>Resultados<\/li>\n<\/ul>\n<p>&nbsp;<\/p>\n<p><strong>Glosario<\/strong><\/p>\n<p>&nbsp;<\/p>\n<p><strong>Cuestionario<\/strong><\/p>\n","protected":false},"excerpt":{"rendered":"<p>Los ensayos cl\u00ednicos requieren tiempo y consumen muchos recursos, por lo que deben llevarse a cabo tras una consideraci\u00f3n adecuada de todo el proceso. Deben establecerse estructuras para garantizar la consistencia de las condiciones en la medida de lo posible, ya que esto reducir\u00e1 en gran medida los errores y har\u00e1 que los hallazgos de [&hellip;]<\/p>\n","protected":false},"featured_media":42858,"template":"","meta":{"_acf_changed":false,"content-type":""},"product_brand":[],"product_cat":[276,271,275],"product_tag":[],"class_list":{"0":"post-57155","1":"product","2":"type-product","3":"status-publish","4":"has-post-thumbnail","6":"product_cat-asuntos-regulatorios","7":"product_cat-garantia-de-calidad","8":"product_cat-gcp-ensayos-clinicos","10":"first","11":"instock","12":"taxable","13":"shipping-taxable","14":"purchasable","15":"product-type-subscription"},"bundled_by":[],"bundle_stock_status":"instock","bundle_stock_quantity":null,"bundle_virtual":false,"bundle_layout":"","bundle_add_to_cart_form_location":"","bundle_editable_in_cart":false,"bundle_sold_individually_context":"","bundle_item_grouping":"","bundle_min_size":"","bundle_max_size":"","bundle_price":[],"bundled_items":[],"bundle_sell_ids":[],"acf":[],"yoast_head":"<!-- This site is optimized with the Yoast SEO plugin v27.5 - https:\/\/yoast.com\/product\/yoast-seo-wordpress\/ -->\n<title>Gesti\u00f3n de Datos Cl\u00ednicos - Curso en L\u00ednea y Certificaci\u00f3n<\/title>\n<meta name=\"description\" content=\"Formaci\u00f3n en Gesti\u00f3n de Datos Cl\u00ednicos. Obtenga su certificaci\u00f3n en l\u00ednea. Curso acreditado de DPC \/ UEC sobre Gesti\u00f3n de Datos de Ensayos Cl\u00ednicos.\" \/>\n<meta name=\"robots\" content=\"index, follow, max-snippet:-1, max-image-preview:large, max-video-preview:-1\" \/>\n<link rel=\"canonical\" href=\"https:\/\/gxp-training.com\/es\/online-course\/gestion-de-datos-clinicos\/\" \/>\n<meta property=\"og:locale\" content=\"es_ES\" \/>\n<meta property=\"og:type\" content=\"article\" \/>\n<meta property=\"og:title\" content=\"Gesti\u00f3n de Datos Cl\u00ednicos - Curso en L\u00ednea y Certificaci\u00f3n\" \/>\n<meta property=\"og:description\" content=\"Formaci\u00f3n en Gesti\u00f3n de Datos Cl\u00ednicos. Obtenga su certificaci\u00f3n en l\u00ednea. Curso acreditado de DPC \/ UEC sobre Gesti\u00f3n de Datos de Ensayos Cl\u00ednicos.\" \/>\n<meta property=\"og:url\" content=\"https:\/\/gxp-training.com\/es\/online-course\/gestion-de-datos-clinicos\/\" \/>\n<meta property=\"og:site_name\" content=\"GxP Training : Certified Online Courses for Life Sciences\" \/>\n<meta property=\"og:image\" content=\"https:\/\/gxp-training.com\/wp-content\/uploads\/2022\/06\/clinical-data.png\" \/>\n\t<meta property=\"og:image:width\" content=\"1000\" \/>\n\t<meta property=\"og:image:height\" content=\"700\" \/>\n\t<meta property=\"og:image:type\" content=\"image\/png\" \/>\n<meta name=\"twitter:card\" content=\"summary_large_image\" \/>\n<meta name=\"twitter:label1\" content=\"Tiempo de lectura\" \/>\n\t<meta name=\"twitter:data1\" content=\"2 minutos\" \/>\n<script type=\"application\/ld+json\" class=\"yoast-schema-graph\">{\"@context\":\"https:\\\/\\\/schema.org\",\"@graph\":[{\"@type\":\"WebPage\",\"@id\":\"https:\\\/\\\/gxp-training.com\\\/es\\\/online-course\\\/gestion-de-datos-clinicos\\\/\",\"url\":\"https:\\\/\\\/gxp-training.com\\\/es\\\/online-course\\\/gestion-de-datos-clinicos\\\/\",\"name\":\"Gesti\u00f3n de Datos Cl\u00ednicos - Curso en L\u00ednea y Certificaci\u00f3n\",\"isPartOf\":{\"@id\":\"https:\\\/\\\/gxp-training.com\\\/es\\\/#website\"},\"primaryImageOfPage\":{\"@id\":\"https:\\\/\\\/gxp-training.com\\\/es\\\/online-course\\\/gestion-de-datos-clinicos\\\/#primaryimage\"},\"image\":{\"@id\":\"https:\\\/\\\/gxp-training.com\\\/es\\\/online-course\\\/gestion-de-datos-clinicos\\\/#primaryimage\"},\"thumbnailUrl\":\"https:\\\/\\\/gxp-training.com\\\/wp-content\\\/uploads\\\/2022\\\/06\\\/clinical-data.png\",\"datePublished\":\"2022-06-20T11:54:39+00:00\",\"description\":\"Formaci\u00f3n en Gesti\u00f3n de Datos Cl\u00ednicos. Obtenga su certificaci\u00f3n en l\u00ednea. Curso acreditado de DPC \\\/ UEC sobre Gesti\u00f3n de Datos de Ensayos Cl\u00ednicos.\",\"breadcrumb\":{\"@id\":\"https:\\\/\\\/gxp-training.com\\\/es\\\/online-course\\\/gestion-de-datos-clinicos\\\/#breadcrumb\"},\"inLanguage\":\"es\",\"potentialAction\":[{\"@type\":\"ReadAction\",\"target\":[\"https:\\\/\\\/gxp-training.com\\\/es\\\/online-course\\\/gestion-de-datos-clinicos\\\/\"]}]},{\"@type\":\"ImageObject\",\"inLanguage\":\"es\",\"@id\":\"https:\\\/\\\/gxp-training.com\\\/es\\\/online-course\\\/gestion-de-datos-clinicos\\\/#primaryimage\",\"url\":\"https:\\\/\\\/gxp-training.com\\\/wp-content\\\/uploads\\\/2022\\\/06\\\/clinical-data.png\",\"contentUrl\":\"https:\\\/\\\/gxp-training.com\\\/wp-content\\\/uploads\\\/2022\\\/06\\\/clinical-data.png\",\"width\":1000,\"height\":700,\"caption\":\"Clinical Data Management\"},{\"@type\":\"BreadcrumbList\",\"@id\":\"https:\\\/\\\/gxp-training.com\\\/es\\\/online-course\\\/gestion-de-datos-clinicos\\\/#breadcrumb\",\"itemListElement\":[{\"@type\":\"ListItem\",\"position\":1,\"name\":\"Inicio\",\"item\":\"https:\\\/\\\/gxp-training.com\\\/es\\\/pagina-de-inicio\\\/\"},{\"@type\":\"ListItem\",\"position\":2,\"name\":\"Productos\",\"item\":\"https:\\\/\\\/gxp-training.com\\\/es\\\/shop\\\/\"},{\"@type\":\"ListItem\",\"position\":3,\"name\":\"Gesti\u00f3n de Datos Cl\u00ednicos\"}]},{\"@type\":\"WebSite\",\"@id\":\"https:\\\/\\\/gxp-training.com\\\/es\\\/#website\",\"url\":\"https:\\\/\\\/gxp-training.com\\\/es\\\/\",\"name\":\"GxP Training : Certified Online Courses for Life Sciences\",\"description\":\"Online Trainings and Certified Courses in Regulatory Compliance for Pharmaceutical Experts\",\"publisher\":{\"@id\":\"https:\\\/\\\/gxp-training.com\\\/es\\\/#organization\"},\"potentialAction\":[{\"@type\":\"SearchAction\",\"target\":{\"@type\":\"EntryPoint\",\"urlTemplate\":\"https:\\\/\\\/gxp-training.com\\\/es\\\/?s={search_term_string}\"},\"query-input\":{\"@type\":\"PropertyValueSpecification\",\"valueRequired\":true,\"valueName\":\"search_term_string\"}}],\"inLanguage\":\"es\"},{\"@type\":\"Organization\",\"@id\":\"https:\\\/\\\/gxp-training.com\\\/es\\\/#organization\",\"name\":\"GXP Training\",\"url\":\"https:\\\/\\\/gxp-training.com\\\/es\\\/\",\"logo\":{\"@type\":\"ImageObject\",\"inLanguage\":\"es\",\"@id\":\"https:\\\/\\\/gxp-training.com\\\/es\\\/#\\\/schema\\\/logo\\\/image\\\/\",\"url\":\"https:\\\/\\\/gxp-training.com\\\/wp-content\\\/uploads\\\/2022\\\/05\\\/logo-resize.png\",\"contentUrl\":\"https:\\\/\\\/gxp-training.com\\\/wp-content\\\/uploads\\\/2022\\\/05\\\/logo-resize.png\",\"width\":350,\"height\":100,\"caption\":\"GXP Training\"},\"image\":{\"@id\":\"https:\\\/\\\/gxp-training.com\\\/es\\\/#\\\/schema\\\/logo\\\/image\\\/\"}}]}<\/script>\n<!-- \/ Yoast SEO plugin. -->","yoast_head_json":{"title":"Gesti\u00f3n de Datos Cl\u00ednicos - Curso en L\u00ednea y Certificaci\u00f3n","description":"Formaci\u00f3n en Gesti\u00f3n de Datos Cl\u00ednicos. Obtenga su certificaci\u00f3n en l\u00ednea. Curso acreditado de DPC \/ UEC sobre Gesti\u00f3n de Datos de Ensayos Cl\u00ednicos.","robots":{"index":"index","follow":"follow","max-snippet":"max-snippet:-1","max-image-preview":"max-image-preview:large","max-video-preview":"max-video-preview:-1"},"canonical":"https:\/\/gxp-training.com\/es\/online-course\/gestion-de-datos-clinicos\/","og_locale":"es_ES","og_type":"article","og_title":"Gesti\u00f3n de Datos Cl\u00ednicos - Curso en L\u00ednea y Certificaci\u00f3n","og_description":"Formaci\u00f3n en Gesti\u00f3n de Datos Cl\u00ednicos. Obtenga su certificaci\u00f3n en l\u00ednea. Curso acreditado de DPC \/ UEC sobre Gesti\u00f3n de Datos de Ensayos Cl\u00ednicos.","og_url":"https:\/\/gxp-training.com\/es\/online-course\/gestion-de-datos-clinicos\/","og_site_name":"GxP Training : Certified Online Courses for Life Sciences","og_image":[{"width":1000,"height":700,"url":"https:\/\/gxp-training.com\/wp-content\/uploads\/2022\/06\/clinical-data.png","type":"image\/png"}],"twitter_card":"summary_large_image","twitter_misc":{"Tiempo de lectura":"2 minutos"},"schema":{"@context":"https:\/\/schema.org","@graph":[{"@type":"WebPage","@id":"https:\/\/gxp-training.com\/es\/online-course\/gestion-de-datos-clinicos\/","url":"https:\/\/gxp-training.com\/es\/online-course\/gestion-de-datos-clinicos\/","name":"Gesti\u00f3n de Datos Cl\u00ednicos - Curso en L\u00ednea y Certificaci\u00f3n","isPartOf":{"@id":"https:\/\/gxp-training.com\/es\/#website"},"primaryImageOfPage":{"@id":"https:\/\/gxp-training.com\/es\/online-course\/gestion-de-datos-clinicos\/#primaryimage"},"image":{"@id":"https:\/\/gxp-training.com\/es\/online-course\/gestion-de-datos-clinicos\/#primaryimage"},"thumbnailUrl":"https:\/\/gxp-training.com\/wp-content\/uploads\/2022\/06\/clinical-data.png","datePublished":"2022-06-20T11:54:39+00:00","description":"Formaci\u00f3n en Gesti\u00f3n de Datos Cl\u00ednicos. Obtenga su certificaci\u00f3n en l\u00ednea. Curso acreditado de DPC \/ UEC sobre Gesti\u00f3n de Datos de Ensayos Cl\u00ednicos.","breadcrumb":{"@id":"https:\/\/gxp-training.com\/es\/online-course\/gestion-de-datos-clinicos\/#breadcrumb"},"inLanguage":"es","potentialAction":[{"@type":"ReadAction","target":["https:\/\/gxp-training.com\/es\/online-course\/gestion-de-datos-clinicos\/"]}]},{"@type":"ImageObject","inLanguage":"es","@id":"https:\/\/gxp-training.com\/es\/online-course\/gestion-de-datos-clinicos\/#primaryimage","url":"https:\/\/gxp-training.com\/wp-content\/uploads\/2022\/06\/clinical-data.png","contentUrl":"https:\/\/gxp-training.com\/wp-content\/uploads\/2022\/06\/clinical-data.png","width":1000,"height":700,"caption":"Clinical Data Management"},{"@type":"BreadcrumbList","@id":"https:\/\/gxp-training.com\/es\/online-course\/gestion-de-datos-clinicos\/#breadcrumb","itemListElement":[{"@type":"ListItem","position":1,"name":"Inicio","item":"https:\/\/gxp-training.com\/es\/pagina-de-inicio\/"},{"@type":"ListItem","position":2,"name":"Productos","item":"https:\/\/gxp-training.com\/es\/shop\/"},{"@type":"ListItem","position":3,"name":"Gesti\u00f3n de Datos Cl\u00ednicos"}]},{"@type":"WebSite","@id":"https:\/\/gxp-training.com\/es\/#website","url":"https:\/\/gxp-training.com\/es\/","name":"GxP Training : Certified Online Courses for Life Sciences","description":"Online Trainings and Certified Courses in Regulatory Compliance for Pharmaceutical Experts","publisher":{"@id":"https:\/\/gxp-training.com\/es\/#organization"},"potentialAction":[{"@type":"SearchAction","target":{"@type":"EntryPoint","urlTemplate":"https:\/\/gxp-training.com\/es\/?s={search_term_string}"},"query-input":{"@type":"PropertyValueSpecification","valueRequired":true,"valueName":"search_term_string"}}],"inLanguage":"es"},{"@type":"Organization","@id":"https:\/\/gxp-training.com\/es\/#organization","name":"GXP Training","url":"https:\/\/gxp-training.com\/es\/","logo":{"@type":"ImageObject","inLanguage":"es","@id":"https:\/\/gxp-training.com\/es\/#\/schema\/logo\/image\/","url":"https:\/\/gxp-training.com\/wp-content\/uploads\/2022\/05\/logo-resize.png","contentUrl":"https:\/\/gxp-training.com\/wp-content\/uploads\/2022\/05\/logo-resize.png","width":350,"height":100,"caption":"GXP Training"},"image":{"@id":"https:\/\/gxp-training.com\/es\/#\/schema\/logo\/image\/"}}]}},"_links":{"self":[{"href":"https:\/\/gxp-training.com\/es\/wp-json\/wp\/v2\/product\/57155","targetHints":{"allow":["GET"]}}],"collection":[{"href":"https:\/\/gxp-training.com\/es\/wp-json\/wp\/v2\/product"}],"about":[{"href":"https:\/\/gxp-training.com\/es\/wp-json\/wp\/v2\/types\/product"}],"wp:featuredmedia":[{"embeddable":true,"href":"https:\/\/gxp-training.com\/es\/wp-json\/wp\/v2\/media\/42858"}],"wp:attachment":[{"href":"https:\/\/gxp-training.com\/es\/wp-json\/wp\/v2\/media?parent=57155"}],"wp:term":[{"taxonomy":"product_brand","embeddable":true,"href":"https:\/\/gxp-training.com\/es\/wp-json\/wp\/v2\/product_brand?post=57155"},{"taxonomy":"product_cat","embeddable":true,"href":"https:\/\/gxp-training.com\/es\/wp-json\/wp\/v2\/product_cat?post=57155"},{"taxonomy":"product_tag","embeddable":true,"href":"https:\/\/gxp-training.com\/es\/wp-json\/wp\/v2\/product_tag?post=57155"}],"curies":[{"name":"wp","href":"https:\/\/api.w.org\/{rel}","templated":true}]}}