{"id":57137,"date":"2022-10-28T10:39:48","date_gmt":"2022-10-28T08:39:48","guid":{"rendered":"https:\/\/gxp-training.com\/online-course\/ich-gcp-introduccion-a-las-buenas-practicas-clinicas\/"},"modified":"2022-10-28T10:39:48","modified_gmt":"2022-10-28T08:39:48","slug":"ich-gcp-introduccion-a-las-buenas-practicas-clinicas","status":"publish","type":"product","link":"https:\/\/gxp-training.com\/es\/online-course\/ich-gcp-introduccion-a-las-buenas-practicas-clinicas\/","title":{"rendered":"ICH-GCP: Introducci\u00f3n a las Buenas Pr\u00e1cticas Cl\u00ednicas"},"content":{"rendered":"<p>Las buenas pr\u00e1cticas cl\u00ednicas pueden considerarse un marco general que garantiza que todas las partes interesadas ser\u00e1n respetadas, escuchadas, tenidas en cuenta y responsables en el complejo proceso de descubrimiento de nuevos tratamientos m\u00e9dicos, ya sean f\u00e1rmacos en investigaci\u00f3n, tratamientos mejorados o dispositivos m\u00e9dicos. El cumplimiento de los principios de las BPC es exigido por las autoridades reguladoras (FDA, EMA) en muchos pa\u00edses para la autorizaci\u00f3n de ensayos cl\u00ednicos y la validaci\u00f3n de sus datos. <\/p>\n<p>Este m\u00f3dulo presenta las BPC. Nuestra experta analiza el papel y los objetivos del ICH (Consejo Internacional para la Armonizaci\u00f3n) y los principios de las BPC. Nuestra experta describe las funciones de los miembros de un equipo que trabaja en un ensayo cl\u00ednico. Establece la documentaci\u00f3n que debe redactarse y validarse. Define las responsabilidades de los promotores de los ensayos, los investigadores cl\u00ednicos y los monitores. Explica la raz\u00f3n de ser y la ejecuci\u00f3n del proceso de consentimiento informado, y aborda las cuestiones que surgen en la pr\u00e1ctica.     <\/p>\n<p>&nbsp;<\/p>\n<h3>Plan de estudios:<\/h3>\n<p>&nbsp;<\/p>\n<p><strong>Lecci\u00f3n 1: \u00bfPor qu\u00e9 necesitamos las Buenas Pr\u00e1cticas Cl\u00ednicas? <\/strong><\/p>\n<p>&nbsp;<\/p>\n<p><strong>Lecci\u00f3n 2: Preocupaci\u00f3n por la seguridad de los medicamentos<\/strong><\/p>\n<p>&nbsp;<\/p>\n<p><strong>Lecci\u00f3n 3: Principios \u00e9ticos<\/strong><\/p>\n<p>&nbsp;<\/p>\n<p><strong>Lecci\u00f3n 4: Las cuatro fases de la investigaci\u00f3n cl\u00ednica<\/strong><\/p>\n<p>&nbsp;<\/p>\n<p><strong>Lecci\u00f3n 5: Consejo Internacional para la Armonizaci\u00f3n<\/strong><\/p>\n<p>&nbsp;<\/p>\n<p><strong>Lecci\u00f3n 6: Principios de las BPC del ICH<\/strong><\/p>\n<p>&nbsp;<\/p>\n<p><strong>Lecci\u00f3n 7: C\u00f3digo de Regulaciones Federales<\/strong><\/p>\n<p>&nbsp;<\/p>\n<p><strong>Glosario<\/strong><\/p>\n<p>&nbsp;<\/p>\n<p><strong>Evaluaci\u00f3n<\/strong><\/p>\n","protected":false},"excerpt":{"rendered":"<p>Las buenas pr\u00e1cticas cl\u00ednicas pueden considerarse un marco general que garantiza que todas las partes interesadas ser\u00e1n respetadas, escuchadas, tenidas en cuenta y responsables en el complejo proceso de descubrimiento de nuevos tratamientos m\u00e9dicos, ya sean f\u00e1rmacos en investigaci\u00f3n, tratamientos mejorados o dispositivos m\u00e9dicos. El cumplimiento de los principios de las BPC es exigido por [&hellip;]<\/p>\n","protected":false},"featured_media":42822,"template":"","meta":{"_acf_changed":false,"content-type":""},"product_brand":[],"product_cat":[275,270,269],"product_tag":[],"class_list":{"0":"post-57137","1":"product","2":"type-product","3":"status-publish","4":"has-post-thumbnail","6":"product_cat-gcp-ensayos-clinicos","7":"product_cat-organizacion-de-investigacion-por-contrato-cro","8":"product_cat-productos-farmaceuticos","10":"first","11":"instock","12":"taxable","13":"shipping-taxable","14":"purchasable","15":"product-type-subscription"},"bundled_by":[],"bundle_stock_status":"instock","bundle_stock_quantity":null,"bundle_virtual":false,"bundle_layout":"","bundle_add_to_cart_form_location":"","bundle_editable_in_cart":false,"bundle_sold_individually_context":"","bundle_item_grouping":"","bundle_min_size":"","bundle_max_size":"","bundle_price":[],"bundled_items":[],"bundle_sell_ids":[],"acf":[],"yoast_head":"<!-- This site is optimized with the Yoast SEO plugin v27.5 - https:\/\/yoast.com\/product\/yoast-seo-wordpress\/ -->\n<title>Curso en l\u00ednea y certificaci\u00f3n ICH-GCP de Buenas Pr\u00e1cticas Cl\u00ednicas<\/title>\n<meta name=\"description\" content=\"Obtenga la certificaci\u00f3n GCP gracias a nuestro curso GCP en l\u00ednea acreditado. Certificaci\u00f3n reconocida para profesionales y principiantes en ensayos cl\u00ednicos.\" \/>\n<meta name=\"robots\" content=\"index, follow, max-snippet:-1, max-image-preview:large, max-video-preview:-1\" \/>\n<link rel=\"canonical\" href=\"https:\/\/gxp-training.com\/es\/online-course\/ich-gcp-introduccion-a-las-buenas-practicas-clinicas\/\" \/>\n<meta property=\"og:locale\" content=\"es_ES\" \/>\n<meta property=\"og:type\" content=\"article\" \/>\n<meta property=\"og:title\" content=\"Curso en l\u00ednea y certificaci\u00f3n ICH-GCP de Buenas Pr\u00e1cticas Cl\u00ednicas\" \/>\n<meta property=\"og:description\" content=\"Obtenga la certificaci\u00f3n GCP gracias a nuestro curso GCP en l\u00ednea acreditado. Certificaci\u00f3n reconocida para profesionales y principiantes en ensayos cl\u00ednicos.\" \/>\n<meta property=\"og:url\" content=\"https:\/\/gxp-training.com\/es\/online-course\/ich-gcp-introduccion-a-las-buenas-practicas-clinicas\/\" \/>\n<meta property=\"og:site_name\" content=\"GxP Training : Certified Online Courses for Life Sciences\" \/>\n<meta property=\"og:image\" content=\"https:\/\/gxp-training.com\/wp-content\/uploads\/2022\/10\/GCP.png\" \/>\n\t<meta property=\"og:image:width\" content=\"1000\" \/>\n\t<meta property=\"og:image:height\" content=\"700\" \/>\n\t<meta property=\"og:image:type\" content=\"image\/png\" \/>\n<meta name=\"twitter:card\" content=\"summary_large_image\" \/>\n<meta name=\"twitter:label1\" content=\"Tiempo de lectura\" \/>\n\t<meta name=\"twitter:data1\" content=\"1 minuto\" \/>\n<script type=\"application\/ld+json\" class=\"yoast-schema-graph\">{\"@context\":\"https:\\\/\\\/schema.org\",\"@graph\":[{\"@type\":\"WebPage\",\"@id\":\"https:\\\/\\\/gxp-training.com\\\/es\\\/online-course\\\/ich-gcp-introduccion-a-las-buenas-practicas-clinicas\\\/\",\"url\":\"https:\\\/\\\/gxp-training.com\\\/es\\\/online-course\\\/ich-gcp-introduccion-a-las-buenas-practicas-clinicas\\\/\",\"name\":\"Curso en l\u00ednea y certificaci\u00f3n ICH-GCP de Buenas Pr\u00e1cticas Cl\u00ednicas\",\"isPartOf\":{\"@id\":\"https:\\\/\\\/gxp-training.com\\\/es\\\/#website\"},\"primaryImageOfPage\":{\"@id\":\"https:\\\/\\\/gxp-training.com\\\/es\\\/online-course\\\/ich-gcp-introduccion-a-las-buenas-practicas-clinicas\\\/#primaryimage\"},\"image\":{\"@id\":\"https:\\\/\\\/gxp-training.com\\\/es\\\/online-course\\\/ich-gcp-introduccion-a-las-buenas-practicas-clinicas\\\/#primaryimage\"},\"thumbnailUrl\":\"https:\\\/\\\/gxp-training.com\\\/wp-content\\\/uploads\\\/2022\\\/10\\\/GCP.png\",\"datePublished\":\"2022-10-28T08:39:48+00:00\",\"description\":\"Obtenga la certificaci\u00f3n GCP gracias a nuestro curso GCP en l\u00ednea acreditado. Certificaci\u00f3n reconocida para profesionales y principiantes en ensayos cl\u00ednicos.\",\"breadcrumb\":{\"@id\":\"https:\\\/\\\/gxp-training.com\\\/es\\\/online-course\\\/ich-gcp-introduccion-a-las-buenas-practicas-clinicas\\\/#breadcrumb\"},\"inLanguage\":\"es\",\"potentialAction\":[{\"@type\":\"ReadAction\",\"target\":[\"https:\\\/\\\/gxp-training.com\\\/es\\\/online-course\\\/ich-gcp-introduccion-a-las-buenas-practicas-clinicas\\\/\"]}]},{\"@type\":\"ImageObject\",\"inLanguage\":\"es\",\"@id\":\"https:\\\/\\\/gxp-training.com\\\/es\\\/online-course\\\/ich-gcp-introduccion-a-las-buenas-practicas-clinicas\\\/#primaryimage\",\"url\":\"https:\\\/\\\/gxp-training.com\\\/wp-content\\\/uploads\\\/2022\\\/10\\\/GCP.png\",\"contentUrl\":\"https:\\\/\\\/gxp-training.com\\\/wp-content\\\/uploads\\\/2022\\\/10\\\/GCP.png\",\"width\":1000,\"height\":700},{\"@type\":\"BreadcrumbList\",\"@id\":\"https:\\\/\\\/gxp-training.com\\\/es\\\/online-course\\\/ich-gcp-introduccion-a-las-buenas-practicas-clinicas\\\/#breadcrumb\",\"itemListElement\":[{\"@type\":\"ListItem\",\"position\":1,\"name\":\"Inicio\",\"item\":\"https:\\\/\\\/gxp-training.com\\\/es\\\/pagina-de-inicio\\\/\"},{\"@type\":\"ListItem\",\"position\":2,\"name\":\"Productos\",\"item\":\"https:\\\/\\\/gxp-training.com\\\/es\\\/shop\\\/\"},{\"@type\":\"ListItem\",\"position\":3,\"name\":\"ICH-GCP: Introducci\u00f3n a las Buenas Pr\u00e1cticas Cl\u00ednicas\"}]},{\"@type\":\"WebSite\",\"@id\":\"https:\\\/\\\/gxp-training.com\\\/es\\\/#website\",\"url\":\"https:\\\/\\\/gxp-training.com\\\/es\\\/\",\"name\":\"GxP Training : Certified Online Courses for Life Sciences\",\"description\":\"Online Trainings and Certified Courses in Regulatory Compliance for Pharmaceutical Experts\",\"publisher\":{\"@id\":\"https:\\\/\\\/gxp-training.com\\\/es\\\/#organization\"},\"potentialAction\":[{\"@type\":\"SearchAction\",\"target\":{\"@type\":\"EntryPoint\",\"urlTemplate\":\"https:\\\/\\\/gxp-training.com\\\/es\\\/?s={search_term_string}\"},\"query-input\":{\"@type\":\"PropertyValueSpecification\",\"valueRequired\":true,\"valueName\":\"search_term_string\"}}],\"inLanguage\":\"es\"},{\"@type\":\"Organization\",\"@id\":\"https:\\\/\\\/gxp-training.com\\\/es\\\/#organization\",\"name\":\"GXP Training\",\"url\":\"https:\\\/\\\/gxp-training.com\\\/es\\\/\",\"logo\":{\"@type\":\"ImageObject\",\"inLanguage\":\"es\",\"@id\":\"https:\\\/\\\/gxp-training.com\\\/es\\\/#\\\/schema\\\/logo\\\/image\\\/\",\"url\":\"https:\\\/\\\/gxp-training.com\\\/wp-content\\\/uploads\\\/2022\\\/05\\\/logo-resize.png\",\"contentUrl\":\"https:\\\/\\\/gxp-training.com\\\/wp-content\\\/uploads\\\/2022\\\/05\\\/logo-resize.png\",\"width\":350,\"height\":100,\"caption\":\"GXP Training\"},\"image\":{\"@id\":\"https:\\\/\\\/gxp-training.com\\\/es\\\/#\\\/schema\\\/logo\\\/image\\\/\"}}]}<\/script>\n<!-- \/ Yoast SEO plugin. -->","yoast_head_json":{"title":"Curso en l\u00ednea y certificaci\u00f3n ICH-GCP de Buenas Pr\u00e1cticas Cl\u00ednicas","description":"Obtenga la certificaci\u00f3n GCP gracias a nuestro curso GCP en l\u00ednea acreditado. Certificaci\u00f3n reconocida para profesionales y principiantes en ensayos cl\u00ednicos.","robots":{"index":"index","follow":"follow","max-snippet":"max-snippet:-1","max-image-preview":"max-image-preview:large","max-video-preview":"max-video-preview:-1"},"canonical":"https:\/\/gxp-training.com\/es\/online-course\/ich-gcp-introduccion-a-las-buenas-practicas-clinicas\/","og_locale":"es_ES","og_type":"article","og_title":"Curso en l\u00ednea y certificaci\u00f3n ICH-GCP de Buenas Pr\u00e1cticas Cl\u00ednicas","og_description":"Obtenga la certificaci\u00f3n GCP gracias a nuestro curso GCP en l\u00ednea acreditado. Certificaci\u00f3n reconocida para profesionales y principiantes en ensayos cl\u00ednicos.","og_url":"https:\/\/gxp-training.com\/es\/online-course\/ich-gcp-introduccion-a-las-buenas-practicas-clinicas\/","og_site_name":"GxP Training : Certified Online Courses for Life Sciences","og_image":[{"width":1000,"height":700,"url":"https:\/\/gxp-training.com\/wp-content\/uploads\/2022\/10\/GCP.png","type":"image\/png"}],"twitter_card":"summary_large_image","twitter_misc":{"Tiempo de lectura":"1 minuto"},"schema":{"@context":"https:\/\/schema.org","@graph":[{"@type":"WebPage","@id":"https:\/\/gxp-training.com\/es\/online-course\/ich-gcp-introduccion-a-las-buenas-practicas-clinicas\/","url":"https:\/\/gxp-training.com\/es\/online-course\/ich-gcp-introduccion-a-las-buenas-practicas-clinicas\/","name":"Curso en l\u00ednea y certificaci\u00f3n ICH-GCP de Buenas Pr\u00e1cticas Cl\u00ednicas","isPartOf":{"@id":"https:\/\/gxp-training.com\/es\/#website"},"primaryImageOfPage":{"@id":"https:\/\/gxp-training.com\/es\/online-course\/ich-gcp-introduccion-a-las-buenas-practicas-clinicas\/#primaryimage"},"image":{"@id":"https:\/\/gxp-training.com\/es\/online-course\/ich-gcp-introduccion-a-las-buenas-practicas-clinicas\/#primaryimage"},"thumbnailUrl":"https:\/\/gxp-training.com\/wp-content\/uploads\/2022\/10\/GCP.png","datePublished":"2022-10-28T08:39:48+00:00","description":"Obtenga la certificaci\u00f3n GCP gracias a nuestro curso GCP en l\u00ednea acreditado. Certificaci\u00f3n reconocida para profesionales y principiantes en ensayos cl\u00ednicos.","breadcrumb":{"@id":"https:\/\/gxp-training.com\/es\/online-course\/ich-gcp-introduccion-a-las-buenas-practicas-clinicas\/#breadcrumb"},"inLanguage":"es","potentialAction":[{"@type":"ReadAction","target":["https:\/\/gxp-training.com\/es\/online-course\/ich-gcp-introduccion-a-las-buenas-practicas-clinicas\/"]}]},{"@type":"ImageObject","inLanguage":"es","@id":"https:\/\/gxp-training.com\/es\/online-course\/ich-gcp-introduccion-a-las-buenas-practicas-clinicas\/#primaryimage","url":"https:\/\/gxp-training.com\/wp-content\/uploads\/2022\/10\/GCP.png","contentUrl":"https:\/\/gxp-training.com\/wp-content\/uploads\/2022\/10\/GCP.png","width":1000,"height":700},{"@type":"BreadcrumbList","@id":"https:\/\/gxp-training.com\/es\/online-course\/ich-gcp-introduccion-a-las-buenas-practicas-clinicas\/#breadcrumb","itemListElement":[{"@type":"ListItem","position":1,"name":"Inicio","item":"https:\/\/gxp-training.com\/es\/pagina-de-inicio\/"},{"@type":"ListItem","position":2,"name":"Productos","item":"https:\/\/gxp-training.com\/es\/shop\/"},{"@type":"ListItem","position":3,"name":"ICH-GCP: Introducci\u00f3n a las Buenas Pr\u00e1cticas Cl\u00ednicas"}]},{"@type":"WebSite","@id":"https:\/\/gxp-training.com\/es\/#website","url":"https:\/\/gxp-training.com\/es\/","name":"GxP Training : Certified Online Courses for Life Sciences","description":"Online Trainings and Certified Courses in Regulatory Compliance for Pharmaceutical Experts","publisher":{"@id":"https:\/\/gxp-training.com\/es\/#organization"},"potentialAction":[{"@type":"SearchAction","target":{"@type":"EntryPoint","urlTemplate":"https:\/\/gxp-training.com\/es\/?s={search_term_string}"},"query-input":{"@type":"PropertyValueSpecification","valueRequired":true,"valueName":"search_term_string"}}],"inLanguage":"es"},{"@type":"Organization","@id":"https:\/\/gxp-training.com\/es\/#organization","name":"GXP Training","url":"https:\/\/gxp-training.com\/es\/","logo":{"@type":"ImageObject","inLanguage":"es","@id":"https:\/\/gxp-training.com\/es\/#\/schema\/logo\/image\/","url":"https:\/\/gxp-training.com\/wp-content\/uploads\/2022\/05\/logo-resize.png","contentUrl":"https:\/\/gxp-training.com\/wp-content\/uploads\/2022\/05\/logo-resize.png","width":350,"height":100,"caption":"GXP Training"},"image":{"@id":"https:\/\/gxp-training.com\/es\/#\/schema\/logo\/image\/"}}]}},"_links":{"self":[{"href":"https:\/\/gxp-training.com\/es\/wp-json\/wp\/v2\/product\/57137","targetHints":{"allow":["GET"]}}],"collection":[{"href":"https:\/\/gxp-training.com\/es\/wp-json\/wp\/v2\/product"}],"about":[{"href":"https:\/\/gxp-training.com\/es\/wp-json\/wp\/v2\/types\/product"}],"wp:featuredmedia":[{"embeddable":true,"href":"https:\/\/gxp-training.com\/es\/wp-json\/wp\/v2\/media\/42822"}],"wp:attachment":[{"href":"https:\/\/gxp-training.com\/es\/wp-json\/wp\/v2\/media?parent=57137"}],"wp:term":[{"taxonomy":"product_brand","embeddable":true,"href":"https:\/\/gxp-training.com\/es\/wp-json\/wp\/v2\/product_brand?post=57137"},{"taxonomy":"product_cat","embeddable":true,"href":"https:\/\/gxp-training.com\/es\/wp-json\/wp\/v2\/product_cat?post=57137"},{"taxonomy":"product_tag","embeddable":true,"href":"https:\/\/gxp-training.com\/es\/wp-json\/wp\/v2\/product_tag?post=57137"}],"curies":[{"name":"wp","href":"https:\/\/api.w.org\/{rel}","templated":true}]}}