{"id":57125,"date":"2022-11-15T10:41:37","date_gmt":"2022-11-15T10:41:37","guid":{"rendered":"https:\/\/gxp-training.com\/online-course\/gestion-de-riesgos-para-la-calidad\/"},"modified":"2022-11-15T10:41:37","modified_gmt":"2022-11-15T09:41:37","slug":"gestion-de-riesgos-para-la-calidad","status":"publish","type":"product","link":"https:\/\/gxp-training.com\/es\/online-course\/gestion-de-riesgos-para-la-calidad\/","title":{"rendered":"Gesti\u00f3n de Riesgos para la Calidad"},"content":{"rendered":"<p>La gesti\u00f3n de riesgos desempe\u00f1a un papel fundamental como herramienta de precauci\u00f3n para la regulaci\u00f3n de productos farmac\u00e9uticos y biofarmac\u00e9uticos. Evitar que se produzcan riesgos sanitarios requiere enfoques proactivos, en lugar de reactivos, para minimizar el riesgo para la salud y la seguridad de los pacientes. Aqu\u00ed es donde entra en juego la Gesti\u00f3n de Riesgos para la Calidad (QRM).  <\/p>\n<p><strong><em>En las siguientes lecciones:<\/em><\/strong><\/p>\n<ul>\n<li>Analizaremos los principios de la Gesti\u00f3n de Riesgos para la Calidad y su aplicaci\u00f3n pr\u00e1ctica en la industria farmac\u00e9utica, lo que ayudar\u00e1 al desarrollo y la producci\u00f3n de productos medicinales de alta calidad.<\/li>\n<li>Explicaremos los <a href=\"https:\/\/gxp-training.com\/online-course\/gxp1715-risk-analysis-model-for-management-of-quality-risk\/\">modelos y procesos<\/a> de Gesti\u00f3n de Riesgos para la Calidad (QRM) que pueden aplicarse a diversos aspectos de la calidad farmac\u00e9utica.<\/li>\n<li>Por \u00faltimo, hemos incluido un breve cuestionario al final del curso para poner a prueba sus conocimientos y comprensi\u00f3n del mismo.<\/li>\n<\/ul>\n<p>En este curso, ofrecemos una s\u00edntesis del tema a trav\u00e9s de una experiencia interactiva online. Este material ha sido elaborado por un equipo de expertos en Asuntos Regulatorios con titulaci\u00f3n por la Northeastern University de Boston, dirigidos por un miembro s\u00e9nior capaz de articular la teor\u00eda con la pr\u00e1ctica. <\/p>\n<h3>Plan de estudios:<\/h3>\n<p>&nbsp;<\/p>\n<p>&nbsp;<\/p>\n<p><strong>Introducci\u00f3n<\/strong><\/p>\n<p>&nbsp;<\/p>\n<ul>\n<li>Por qu\u00e9 es necesaria la gesti\u00f3n de riesgos para la calidad<\/li>\n<li>Procesos formales e informales de gesti\u00f3n de riesgos<\/li>\n<\/ul>\n<p>&nbsp;<\/p>\n<p><strong>Lecci\u00f3n 1: Principios de la Gesti\u00f3n de Riesgos para la Calidad<\/strong><\/p>\n<p>&nbsp;<\/p>\n<ul>\n<li>Principios primarios<\/li>\n<li>Principios secundarios<\/li>\n<\/ul>\n<p>&nbsp;<\/p>\n<p><strong>Lecci\u00f3n 2: Proceso de Gesti\u00f3n de Riesgos para la Calidad<\/strong><\/p>\n<p>&nbsp;<\/p>\n<ul>\n<li>Evaluaci\u00f3n de riesgos<\/li>\n<li>Control de riesgos<\/li>\n<li>Comunicaci\u00f3n de riesgos<\/li>\n<li>Revisi\u00f3n de riesgos<\/li>\n<\/ul>\n<p>&nbsp;<\/p>\n<p><strong>Lecci\u00f3n 3<\/strong>: <strong>Gesti\u00f3n de riesgos \u2013 Metodolog\u00eda de la Gesti\u00f3n de Riesgos para la Calidad<\/strong><\/p>\n<p>&nbsp;<\/p>\n<p><strong>Lecci\u00f3n 4<\/strong>: <strong>Aplicaci\u00f3n de la Gesti\u00f3n de Riesgos para la Calidad en la industria farmac\u00e9utica<\/strong><\/p>\n<p>&nbsp;<\/p>\n<ul>\n<li>Fabricaci\u00f3n comercial<\/li>\n<li>Desarrollo de productos<\/li>\n<\/ul>\n<p>&nbsp;<\/p>\n<p><strong>Lecci\u00f3n 5<\/strong>: <strong>Papel de la Gesti\u00f3n de Riesgos para la Calidad en <a href=\"https:\/\/gxp-training.com\/online-course\/pharmaceutical-regulatory-affairs\/\">Asuntos Regulatorios<\/a><\/strong><\/p>\n<p>&nbsp;<\/p>\n<ul>\n<li>QRM en <a href=\"https:\/\/gxp-training.com\/online-course\/gxp1248-regulatory-compliance-inspections-and-external-audits\/\">inspecciones de cumplimiento<\/a><\/li>\n<li>QRM en la planificaci\u00f3n de inspecciones y evaluaci\u00f3n de riesgos<\/li>\n<li>QRM en la revisi\u00f3n del dossier<\/li>\n<\/ul>\n<p>&nbsp;<\/p>\n<p><strong>Conclusi\u00f3n<\/strong><\/p>\n<p>&nbsp;<\/p>\n<p><strong>Glosario<\/strong><\/p>\n<p>&nbsp;<\/p>\n<p><strong>Cuestionario<\/strong><\/p>\n","protected":false},"excerpt":{"rendered":"<p>La gesti\u00f3n de riesgos desempe\u00f1a un papel fundamental como herramienta de precauci\u00f3n para la regulaci\u00f3n de productos farmac\u00e9uticos y biofarmac\u00e9uticos. Evitar que se produzcan riesgos sanitarios requiere enfoques proactivos, en lugar de reactivos, para minimizar el riesgo para la salud y la seguridad de los pacientes. Aqu\u00ed es donde entra en juego la Gesti\u00f3n de [&hellip;]<\/p>\n","protected":false},"featured_media":42980,"template":"","meta":{"_acf_changed":false,"content-type":""},"product_brand":[],"product_cat":[265,271,273,272,269],"product_tag":[],"class_list":{"0":"post-57125","1":"product","2":"type-product","3":"status-publish","4":"has-post-thumbnail","6":"product_cat-bpf-buenas-practicas-de-fabricacion","7":"product_cat-garantia-de-calidad","8":"product_cat-intersectorial","9":"product_cat-laboratorios","10":"product_cat-productos-farmaceuticos","12":"first","13":"instock","14":"taxable","15":"shipping-taxable","16":"purchasable","17":"product-type-simple"},"bundled_by":[],"bundle_stock_status":"instock","bundle_stock_quantity":null,"bundle_virtual":false,"bundle_layout":"","bundle_add_to_cart_form_location":"","bundle_editable_in_cart":false,"bundle_sold_individually_context":"","bundle_item_grouping":"","bundle_min_size":"","bundle_max_size":"","bundle_price":[],"bundled_items":[],"bundle_sell_ids":[],"acf":[],"yoast_head":"<!-- This site is optimized with the Yoast SEO plugin v27.5 - https:\/\/yoast.com\/product\/yoast-seo-wordpress\/ -->\n<title>Formaci\u00f3n online en Gesti\u00f3n de Riesgos para la Calidad<\/title>\n<meta name=\"description\" content=\"Formaci\u00f3n online en Gesti\u00f3n de Riesgos para la Calidad. Obtenga su certificaci\u00f3n ahora. Acreditado por CPD \/ CEU. Cursos online de Ciencias de la Salud para profesionales.\" \/>\n<meta name=\"robots\" content=\"index, follow, max-snippet:-1, max-image-preview:large, max-video-preview:-1\" \/>\n<link rel=\"canonical\" href=\"https:\/\/gxp-training.com\/es\/online-course\/gestion-de-riesgos-para-la-calidad\/\" \/>\n<meta property=\"og:locale\" content=\"es_ES\" \/>\n<meta property=\"og:type\" content=\"article\" \/>\n<meta property=\"og:title\" content=\"Formaci\u00f3n online en Gesti\u00f3n de Riesgos para la Calidad\" \/>\n<meta property=\"og:description\" content=\"Formaci\u00f3n online en Gesti\u00f3n de Riesgos para la Calidad. Obtenga su certificaci\u00f3n ahora. Acreditado por CPD \/ CEU. Cursos online de Ciencias de la Salud para profesionales.\" \/>\n<meta property=\"og:url\" content=\"https:\/\/gxp-training.com\/es\/online-course\/gestion-de-riesgos-para-la-calidad\/\" \/>\n<meta property=\"og:site_name\" content=\"GxP Training : Certified Online Courses for Life Sciences\" \/>\n<meta property=\"og:image\" content=\"https:\/\/gxp-training.com\/wp-content\/uploads\/2022\/11\/Quality-Risk-Management-1.png\" \/>\n\t<meta property=\"og:image:width\" content=\"1000\" \/>\n\t<meta property=\"og:image:height\" content=\"700\" \/>\n\t<meta property=\"og:image:type\" content=\"image\/png\" \/>\n<meta name=\"twitter:card\" content=\"summary_large_image\" \/>\n<meta name=\"twitter:label1\" content=\"Tiempo de lectura\" \/>\n\t<meta name=\"twitter:data1\" content=\"2 minutos\" \/>\n<script type=\"application\/ld+json\" class=\"yoast-schema-graph\">{\"@context\":\"https:\\\/\\\/schema.org\",\"@graph\":[{\"@type\":\"WebPage\",\"@id\":\"https:\\\/\\\/gxp-training.com\\\/es\\\/online-course\\\/gestion-de-riesgos-para-la-calidad\\\/\",\"url\":\"https:\\\/\\\/gxp-training.com\\\/es\\\/online-course\\\/gestion-de-riesgos-para-la-calidad\\\/\",\"name\":\"Formaci\u00f3n online en Gesti\u00f3n de Riesgos para la Calidad\",\"isPartOf\":{\"@id\":\"https:\\\/\\\/gxp-training.com\\\/es\\\/#website\"},\"primaryImageOfPage\":{\"@id\":\"https:\\\/\\\/gxp-training.com\\\/es\\\/online-course\\\/gestion-de-riesgos-para-la-calidad\\\/#primaryimage\"},\"image\":{\"@id\":\"https:\\\/\\\/gxp-training.com\\\/es\\\/online-course\\\/gestion-de-riesgos-para-la-calidad\\\/#primaryimage\"},\"thumbnailUrl\":\"https:\\\/\\\/gxp-training.com\\\/wp-content\\\/uploads\\\/2022\\\/11\\\/Quality-Risk-Management-1.png\",\"datePublished\":\"2022-11-15T10:41:37+00:00\",\"description\":\"Formaci\u00f3n online en Gesti\u00f3n de Riesgos para la Calidad. Obtenga su certificaci\u00f3n ahora. Acreditado por CPD \\\/ CEU. Cursos online de Ciencias de la Salud para profesionales.\",\"breadcrumb\":{\"@id\":\"https:\\\/\\\/gxp-training.com\\\/es\\\/online-course\\\/gestion-de-riesgos-para-la-calidad\\\/#breadcrumb\"},\"inLanguage\":\"es\",\"potentialAction\":[{\"@type\":\"ReadAction\",\"target\":[\"https:\\\/\\\/gxp-training.com\\\/es\\\/online-course\\\/gestion-de-riesgos-para-la-calidad\\\/\"]}]},{\"@type\":\"ImageObject\",\"inLanguage\":\"es\",\"@id\":\"https:\\\/\\\/gxp-training.com\\\/es\\\/online-course\\\/gestion-de-riesgos-para-la-calidad\\\/#primaryimage\",\"url\":\"https:\\\/\\\/gxp-training.com\\\/wp-content\\\/uploads\\\/2022\\\/11\\\/Quality-Risk-Management-1.png\",\"contentUrl\":\"https:\\\/\\\/gxp-training.com\\\/wp-content\\\/uploads\\\/2022\\\/11\\\/Quality-Risk-Management-1.png\",\"width\":1000,\"height\":700},{\"@type\":\"BreadcrumbList\",\"@id\":\"https:\\\/\\\/gxp-training.com\\\/es\\\/online-course\\\/gestion-de-riesgos-para-la-calidad\\\/#breadcrumb\",\"itemListElement\":[{\"@type\":\"ListItem\",\"position\":1,\"name\":\"Inicio\",\"item\":\"https:\\\/\\\/gxp-training.com\\\/es\\\/pagina-de-inicio\\\/\"},{\"@type\":\"ListItem\",\"position\":2,\"name\":\"Productos\",\"item\":\"https:\\\/\\\/gxp-training.com\\\/es\\\/shop\\\/\"},{\"@type\":\"ListItem\",\"position\":3,\"name\":\"Gesti\u00f3n de Riesgos para la Calidad\"}]},{\"@type\":\"WebSite\",\"@id\":\"https:\\\/\\\/gxp-training.com\\\/es\\\/#website\",\"url\":\"https:\\\/\\\/gxp-training.com\\\/es\\\/\",\"name\":\"GxP Training : Certified Online Courses for Life Sciences\",\"description\":\"Online Trainings and Certified Courses in Regulatory Compliance for Pharmaceutical Experts\",\"publisher\":{\"@id\":\"https:\\\/\\\/gxp-training.com\\\/es\\\/#organization\"},\"potentialAction\":[{\"@type\":\"SearchAction\",\"target\":{\"@type\":\"EntryPoint\",\"urlTemplate\":\"https:\\\/\\\/gxp-training.com\\\/es\\\/?s={search_term_string}\"},\"query-input\":{\"@type\":\"PropertyValueSpecification\",\"valueRequired\":true,\"valueName\":\"search_term_string\"}}],\"inLanguage\":\"es\"},{\"@type\":\"Organization\",\"@id\":\"https:\\\/\\\/gxp-training.com\\\/es\\\/#organization\",\"name\":\"GXP Training\",\"url\":\"https:\\\/\\\/gxp-training.com\\\/es\\\/\",\"logo\":{\"@type\":\"ImageObject\",\"inLanguage\":\"es\",\"@id\":\"https:\\\/\\\/gxp-training.com\\\/es\\\/#\\\/schema\\\/logo\\\/image\\\/\",\"url\":\"https:\\\/\\\/gxp-training.com\\\/wp-content\\\/uploads\\\/2022\\\/05\\\/logo-resize.png\",\"contentUrl\":\"https:\\\/\\\/gxp-training.com\\\/wp-content\\\/uploads\\\/2022\\\/05\\\/logo-resize.png\",\"width\":350,\"height\":100,\"caption\":\"GXP Training\"},\"image\":{\"@id\":\"https:\\\/\\\/gxp-training.com\\\/es\\\/#\\\/schema\\\/logo\\\/image\\\/\"}}]}<\/script>\n<!-- \/ Yoast SEO plugin. -->","yoast_head_json":{"title":"Formaci\u00f3n online en Gesti\u00f3n de Riesgos para la Calidad","description":"Formaci\u00f3n online en Gesti\u00f3n de Riesgos para la Calidad. Obtenga su certificaci\u00f3n ahora. Acreditado por CPD \/ CEU. Cursos online de Ciencias de la Salud para profesionales.","robots":{"index":"index","follow":"follow","max-snippet":"max-snippet:-1","max-image-preview":"max-image-preview:large","max-video-preview":"max-video-preview:-1"},"canonical":"https:\/\/gxp-training.com\/es\/online-course\/gestion-de-riesgos-para-la-calidad\/","og_locale":"es_ES","og_type":"article","og_title":"Formaci\u00f3n online en Gesti\u00f3n de Riesgos para la Calidad","og_description":"Formaci\u00f3n online en Gesti\u00f3n de Riesgos para la Calidad. Obtenga su certificaci\u00f3n ahora. Acreditado por CPD \/ CEU. Cursos online de Ciencias de la Salud para profesionales.","og_url":"https:\/\/gxp-training.com\/es\/online-course\/gestion-de-riesgos-para-la-calidad\/","og_site_name":"GxP Training : Certified Online Courses for Life Sciences","og_image":[{"width":1000,"height":700,"url":"https:\/\/gxp-training.com\/wp-content\/uploads\/2022\/11\/Quality-Risk-Management-1.png","type":"image\/png"}],"twitter_card":"summary_large_image","twitter_misc":{"Tiempo de lectura":"2 minutos"},"schema":{"@context":"https:\/\/schema.org","@graph":[{"@type":"WebPage","@id":"https:\/\/gxp-training.com\/es\/online-course\/gestion-de-riesgos-para-la-calidad\/","url":"https:\/\/gxp-training.com\/es\/online-course\/gestion-de-riesgos-para-la-calidad\/","name":"Formaci\u00f3n online en Gesti\u00f3n de Riesgos para la Calidad","isPartOf":{"@id":"https:\/\/gxp-training.com\/es\/#website"},"primaryImageOfPage":{"@id":"https:\/\/gxp-training.com\/es\/online-course\/gestion-de-riesgos-para-la-calidad\/#primaryimage"},"image":{"@id":"https:\/\/gxp-training.com\/es\/online-course\/gestion-de-riesgos-para-la-calidad\/#primaryimage"},"thumbnailUrl":"https:\/\/gxp-training.com\/wp-content\/uploads\/2022\/11\/Quality-Risk-Management-1.png","datePublished":"2022-11-15T10:41:37+00:00","description":"Formaci\u00f3n online en Gesti\u00f3n de Riesgos para la Calidad. Obtenga su certificaci\u00f3n ahora. Acreditado por CPD \/ CEU. Cursos online de Ciencias de la Salud para profesionales.","breadcrumb":{"@id":"https:\/\/gxp-training.com\/es\/online-course\/gestion-de-riesgos-para-la-calidad\/#breadcrumb"},"inLanguage":"es","potentialAction":[{"@type":"ReadAction","target":["https:\/\/gxp-training.com\/es\/online-course\/gestion-de-riesgos-para-la-calidad\/"]}]},{"@type":"ImageObject","inLanguage":"es","@id":"https:\/\/gxp-training.com\/es\/online-course\/gestion-de-riesgos-para-la-calidad\/#primaryimage","url":"https:\/\/gxp-training.com\/wp-content\/uploads\/2022\/11\/Quality-Risk-Management-1.png","contentUrl":"https:\/\/gxp-training.com\/wp-content\/uploads\/2022\/11\/Quality-Risk-Management-1.png","width":1000,"height":700},{"@type":"BreadcrumbList","@id":"https:\/\/gxp-training.com\/es\/online-course\/gestion-de-riesgos-para-la-calidad\/#breadcrumb","itemListElement":[{"@type":"ListItem","position":1,"name":"Inicio","item":"https:\/\/gxp-training.com\/es\/pagina-de-inicio\/"},{"@type":"ListItem","position":2,"name":"Productos","item":"https:\/\/gxp-training.com\/es\/shop\/"},{"@type":"ListItem","position":3,"name":"Gesti\u00f3n de Riesgos para la Calidad"}]},{"@type":"WebSite","@id":"https:\/\/gxp-training.com\/es\/#website","url":"https:\/\/gxp-training.com\/es\/","name":"GxP Training : Certified Online Courses for Life Sciences","description":"Online Trainings and Certified Courses in Regulatory Compliance for Pharmaceutical Experts","publisher":{"@id":"https:\/\/gxp-training.com\/es\/#organization"},"potentialAction":[{"@type":"SearchAction","target":{"@type":"EntryPoint","urlTemplate":"https:\/\/gxp-training.com\/es\/?s={search_term_string}"},"query-input":{"@type":"PropertyValueSpecification","valueRequired":true,"valueName":"search_term_string"}}],"inLanguage":"es"},{"@type":"Organization","@id":"https:\/\/gxp-training.com\/es\/#organization","name":"GXP Training","url":"https:\/\/gxp-training.com\/es\/","logo":{"@type":"ImageObject","inLanguage":"es","@id":"https:\/\/gxp-training.com\/es\/#\/schema\/logo\/image\/","url":"https:\/\/gxp-training.com\/wp-content\/uploads\/2022\/05\/logo-resize.png","contentUrl":"https:\/\/gxp-training.com\/wp-content\/uploads\/2022\/05\/logo-resize.png","width":350,"height":100,"caption":"GXP Training"},"image":{"@id":"https:\/\/gxp-training.com\/es\/#\/schema\/logo\/image\/"}}]}},"_links":{"self":[{"href":"https:\/\/gxp-training.com\/es\/wp-json\/wp\/v2\/product\/57125","targetHints":{"allow":["GET"]}}],"collection":[{"href":"https:\/\/gxp-training.com\/es\/wp-json\/wp\/v2\/product"}],"about":[{"href":"https:\/\/gxp-training.com\/es\/wp-json\/wp\/v2\/types\/product"}],"wp:featuredmedia":[{"embeddable":true,"href":"https:\/\/gxp-training.com\/es\/wp-json\/wp\/v2\/media\/42980"}],"wp:attachment":[{"href":"https:\/\/gxp-training.com\/es\/wp-json\/wp\/v2\/media?parent=57125"}],"wp:term":[{"taxonomy":"product_brand","embeddable":true,"href":"https:\/\/gxp-training.com\/es\/wp-json\/wp\/v2\/product_brand?post=57125"},{"taxonomy":"product_cat","embeddable":true,"href":"https:\/\/gxp-training.com\/es\/wp-json\/wp\/v2\/product_cat?post=57125"},{"taxonomy":"product_tag","embeddable":true,"href":"https:\/\/gxp-training.com\/es\/wp-json\/wp\/v2\/product_tag?post=57125"}],"curies":[{"name":"wp","href":"https:\/\/api.w.org\/{rel}","templated":true}]}}