{"id":57112,"date":"2022-11-17T14:57:34","date_gmt":"2022-11-17T14:57:34","guid":{"rendered":"https:\/\/gxp-training.com\/online-course\/bpf-para-productos-sanitarios-y-fda-21-cfr-parte-820\/"},"modified":"2022-11-17T14:57:34","modified_gmt":"2022-11-17T13:57:34","slug":"bpf-para-productos-sanitarios-y-fda-21-cfr-parte-820","status":"publish","type":"product","link":"https:\/\/gxp-training.com\/es\/online-course\/bpf-para-productos-sanitarios-y-fda-21-cfr-parte-820\/","title":{"rendered":"BPF para Productos Sanitarios y FDA 21 CFR PARTE 820"},"content":{"rendered":"<p>Todos los procedimientos m\u00e9dicos habituales requieren productos sanitarios y son utilizados tanto por personas legas en el hogar como por profesionales sanitarios en centros m\u00e9dicos. Desde cuidados paliativos hasta diagn\u00f3stico, prevenci\u00f3n y cribado, los productos sanitarios pueden hacerlo todo. Por tanto, es vital que cumplan con los m\u00e1s altos est\u00e1ndares de calidad.  <\/p>\n<div class=\"noOutline\" data-ba-index=\"5\" data-ba=\"lessonEdit.block\" data-block-id=\"cl9phdl4900cu286ddag8srng\">\n<div>\n<div class=\"block-image block-image--text-aside block-image--legacy \" data-ba=\"blocks.blockImage\">\n<div class=\"block-image__container\">\n<div class=\"block-image__row\">\n<div class=\"block-image__col\">\n<div class=\"block-image__text brand--body brand--linkColor brand--linkColor\">\n<div class=\"fr-view\">\n<p><a href=\"https:\/\/gxp-training.com\/online-course\/gxp1861-introduction-to-good-manufacturing-practice\/\">BPF o Buenas Pr\u00e1cticas de Fabricaci\u00f3n<\/a> para productos sanitarios se refiere a un conjunto de directrices y normativas que garantizan que los productos sanitarios se fabrican de forma consistente con altos est\u00e1ndares de calidad. El cumplimiento de las BPF para productos sanitarios es importante ya que garantiza la calidad, seguridad, eficacia y pureza del producto final. <\/p>\n<\/div>\n<\/div>\n<\/div>\n<\/div>\n<\/div>\n<\/div>\n<\/div>\n<\/div>\n<p>Esta formaci\u00f3n online tambi\u00e9n cubre aspectos como el almacenamiento, distribuci\u00f3n, instalaci\u00f3n y mantenimiento, y la provisi\u00f3n de servicios asociados<\/p>\n<p>&nbsp;<\/p>\n<h3>Programa:<\/h3>\n<p>&nbsp;<\/p>\n<p><strong>Introducci\u00f3n<\/strong><\/p>\n<p>&nbsp;<\/p>\n<p><strong>Lecci\u00f3n 1: Controles de Dise\u00f1o de Productos Sanitarios<\/strong><\/p>\n<ul>\n<li>\u00bfA qu\u00e9 se refiere el control de dise\u00f1o?<\/li>\n<li>\u00bfCu\u00e1l es el proceso para aplicar controles de dise\u00f1o a productos sanitarios?<\/li>\n<\/ul>\n<p>&nbsp;<\/p>\n<p><strong>Lecci\u00f3n 2: Controles de Documentaci\u00f3n de Productos Sanitarios<\/strong><\/p>\n<ul>\n<li>Aprobaci\u00f3n y distribuci\u00f3n de documentos<\/li>\n<\/ul>\n<p>&nbsp;<\/p>\n<p><strong>Lecci\u00f3n 3: Controles de Compras de Productos Sanitarios<\/strong><\/p>\n<ul>\n<li>Evaluaci\u00f3n de Proveedores, Contratistas y Consultores<\/li>\n<li>Alcance del control<\/li>\n<li>Datos de Compras<\/li>\n<\/ul>\n<p>&nbsp;<\/p>\n<p><strong>Lecci\u00f3n 4: Identificaci\u00f3n y Trazabilidad<\/strong><\/p>\n<p>&nbsp;<\/p>\n<p><strong>Lecci\u00f3n 5: Controles de Producci\u00f3n y Procesos<\/strong><\/p>\n<p>&nbsp;<\/p>\n<p><strong>Lecci\u00f3n 6: Actividades de Aceptaci\u00f3n<\/strong><\/p>\n<p>&nbsp;<\/p>\n<p><strong>Lecci\u00f3n 7: Requisitos para Producto No Conforme<\/strong><\/p>\n<p>&nbsp;<\/p>\n<p><strong>Lecci\u00f3n 8: <a href=\"https:\/\/gxp-training.com\/online-course\/gxp2146-corrective-action-and-preventive-action-capa\/\">Acci\u00f3n Correctiva y Preventiva<\/a><\/strong><\/p>\n<p>&nbsp;<\/p>\n<p><strong>Lecci\u00f3n 9: Controles de Etiquetado y Envasado de Productos Sanitarios<\/strong><\/p>\n<p>&nbsp;<\/p>\n<p><strong>Lecci\u00f3n 10: Manipulaci\u00f3n, Almacenamiento, Distribuci\u00f3n e Instalaci\u00f3n de Productos Sanitarios<\/strong><\/p>\n<p>&nbsp;<\/p>\n<p><strong>Lecci\u00f3n 11: <a href=\"https:\/\/gxp-training.com\/online-course\/gxp2175-records-archiving-and-retention\/\">Registros<\/a><\/strong><\/p>\n<ul>\n<li>Registro Hist\u00f3rico del Producto (DHR)<\/li>\n<li>Registro Maestro del Producto (DMR)<\/li>\n<li>Registro Hist\u00f3rico del Producto (DHR)<\/li>\n<\/ul>\n<p>&nbsp;<\/p>\n<p><strong>Lecci\u00f3n 12: Mantenimiento y T\u00e9cnicas Estad\u00edsticas<\/strong><\/p>\n<p>&nbsp;<\/p>\n<p><strong>Glosario<\/strong><\/p>\n<p>&nbsp;<\/p>\n<p><strong>Evaluaci\u00f3n<\/strong><\/p>\n","protected":false},"excerpt":{"rendered":"<p>Todos los procedimientos m\u00e9dicos habituales requieren productos sanitarios y son utilizados tanto por personas legas en el hogar como por profesionales sanitarios en centros m\u00e9dicos. Desde cuidados paliativos hasta diagn\u00f3stico, prevenci\u00f3n y cribado, los productos sanitarios pueden hacerlo todo. Por tanto, es vital que cumplan con los m\u00e1s altos est\u00e1ndares de calidad. BPF o Buenas [&hellip;]<\/p>\n","protected":false},"featured_media":43009,"template":"","meta":{"_acf_changed":false,"content-type":""},"product_brand":[],"product_cat":[265,266],"product_tag":[],"class_list":{"0":"post-57112","1":"product","2":"type-product","3":"status-publish","4":"has-post-thumbnail","6":"product_cat-bpf-buenas-practicas-de-fabricacion","7":"product_cat-productos-sanitarios","9":"first","10":"instock","11":"taxable","12":"shipping-taxable","13":"purchasable","14":"product-type-subscription"},"bundled_by":[],"bundle_stock_status":"instock","bundle_stock_quantity":null,"bundle_virtual":false,"bundle_layout":"","bundle_add_to_cart_form_location":"","bundle_editable_in_cart":false,"bundle_sold_individually_context":"","bundle_item_grouping":"","bundle_min_size":"","bundle_max_size":"","bundle_price":[],"bundled_items":[],"bundle_sell_ids":[],"acf":[],"yoast_head":"<!-- This site is optimized with the Yoast SEO plugin v27.5 - https:\/\/yoast.com\/product\/yoast-seo-wordpress\/ -->\n<title>Formaci\u00f3n Online en BPF para Productos Sanitarios: FDA 21 CFR PARTE 820<\/title>\n<meta name=\"description\" content=\"Obtenga la certificaci\u00f3n en BPF para Productos Sanitarios y FDA 21 CFR PARTE 820. Inscr\u00edbase ahora en nuestra formaci\u00f3n online y consiga su certificaci\u00f3n.\" \/>\n<meta name=\"robots\" content=\"index, follow, max-snippet:-1, max-image-preview:large, max-video-preview:-1\" \/>\n<link rel=\"canonical\" href=\"https:\/\/gxp-training.com\/es\/online-course\/bpf-para-productos-sanitarios-y-fda-21-cfr-parte-820\/\" \/>\n<meta property=\"og:locale\" content=\"es_ES\" \/>\n<meta property=\"og:type\" content=\"article\" \/>\n<meta property=\"og:title\" content=\"Formaci\u00f3n Online en BPF para Productos Sanitarios: FDA 21 CFR PARTE 820\" \/>\n<meta property=\"og:description\" content=\"Obtenga la certificaci\u00f3n en BPF para Productos Sanitarios y FDA 21 CFR PARTE 820. Inscr\u00edbase ahora en nuestra formaci\u00f3n online y consiga su certificaci\u00f3n.\" \/>\n<meta property=\"og:url\" content=\"https:\/\/gxp-training.com\/es\/online-course\/bpf-para-productos-sanitarios-y-fda-21-cfr-parte-820\/\" \/>\n<meta property=\"og:site_name\" content=\"GxP Training : Certified Online Courses for Life Sciences\" \/>\n<meta property=\"og:image\" content=\"https:\/\/gxp-training.com\/wp-content\/uploads\/2022\/11\/FDA-21-CFR-820-training.png\" \/>\n\t<meta property=\"og:image:width\" content=\"1000\" \/>\n\t<meta property=\"og:image:height\" content=\"700\" \/>\n\t<meta property=\"og:image:type\" content=\"image\/png\" \/>\n<meta name=\"twitter:card\" content=\"summary_large_image\" \/>\n<meta name=\"twitter:label1\" content=\"Tiempo de lectura\" \/>\n\t<meta name=\"twitter:data1\" content=\"2 minutos\" \/>\n<script type=\"application\/ld+json\" class=\"yoast-schema-graph\">{\"@context\":\"https:\\\/\\\/schema.org\",\"@graph\":[{\"@type\":\"WebPage\",\"@id\":\"https:\\\/\\\/gxp-training.com\\\/es\\\/online-course\\\/bpf-para-productos-sanitarios-y-fda-21-cfr-parte-820\\\/\",\"url\":\"https:\\\/\\\/gxp-training.com\\\/es\\\/online-course\\\/bpf-para-productos-sanitarios-y-fda-21-cfr-parte-820\\\/\",\"name\":\"Formaci\u00f3n Online en BPF para Productos Sanitarios: FDA 21 CFR PARTE 820\",\"isPartOf\":{\"@id\":\"https:\\\/\\\/gxp-training.com\\\/es\\\/#website\"},\"primaryImageOfPage\":{\"@id\":\"https:\\\/\\\/gxp-training.com\\\/es\\\/online-course\\\/bpf-para-productos-sanitarios-y-fda-21-cfr-parte-820\\\/#primaryimage\"},\"image\":{\"@id\":\"https:\\\/\\\/gxp-training.com\\\/es\\\/online-course\\\/bpf-para-productos-sanitarios-y-fda-21-cfr-parte-820\\\/#primaryimage\"},\"thumbnailUrl\":\"https:\\\/\\\/gxp-training.com\\\/wp-content\\\/uploads\\\/2022\\\/11\\\/FDA-21-CFR-820-training.png\",\"datePublished\":\"2022-11-17T14:57:34+00:00\",\"description\":\"Obtenga la certificaci\u00f3n en BPF para Productos Sanitarios y FDA 21 CFR PARTE 820. Inscr\u00edbase ahora en nuestra formaci\u00f3n online y consiga su certificaci\u00f3n.\",\"breadcrumb\":{\"@id\":\"https:\\\/\\\/gxp-training.com\\\/es\\\/online-course\\\/bpf-para-productos-sanitarios-y-fda-21-cfr-parte-820\\\/#breadcrumb\"},\"inLanguage\":\"es\",\"potentialAction\":[{\"@type\":\"ReadAction\",\"target\":[\"https:\\\/\\\/gxp-training.com\\\/es\\\/online-course\\\/bpf-para-productos-sanitarios-y-fda-21-cfr-parte-820\\\/\"]}]},{\"@type\":\"ImageObject\",\"inLanguage\":\"es\",\"@id\":\"https:\\\/\\\/gxp-training.com\\\/es\\\/online-course\\\/bpf-para-productos-sanitarios-y-fda-21-cfr-parte-820\\\/#primaryimage\",\"url\":\"https:\\\/\\\/gxp-training.com\\\/wp-content\\\/uploads\\\/2022\\\/11\\\/FDA-21-CFR-820-training.png\",\"contentUrl\":\"https:\\\/\\\/gxp-training.com\\\/wp-content\\\/uploads\\\/2022\\\/11\\\/FDA-21-CFR-820-training.png\",\"width\":1000,\"height\":700},{\"@type\":\"BreadcrumbList\",\"@id\":\"https:\\\/\\\/gxp-training.com\\\/es\\\/online-course\\\/bpf-para-productos-sanitarios-y-fda-21-cfr-parte-820\\\/#breadcrumb\",\"itemListElement\":[{\"@type\":\"ListItem\",\"position\":1,\"name\":\"Inicio\",\"item\":\"https:\\\/\\\/gxp-training.com\\\/es\\\/pagina-de-inicio\\\/\"},{\"@type\":\"ListItem\",\"position\":2,\"name\":\"Productos\",\"item\":\"https:\\\/\\\/gxp-training.com\\\/es\\\/shop\\\/\"},{\"@type\":\"ListItem\",\"position\":3,\"name\":\"BPF para Productos Sanitarios y FDA 21 CFR PARTE 820\"}]},{\"@type\":\"WebSite\",\"@id\":\"https:\\\/\\\/gxp-training.com\\\/es\\\/#website\",\"url\":\"https:\\\/\\\/gxp-training.com\\\/es\\\/\",\"name\":\"GxP Training : Certified Online Courses for Life Sciences\",\"description\":\"Online Trainings and Certified Courses in Regulatory Compliance for Pharmaceutical Experts\",\"publisher\":{\"@id\":\"https:\\\/\\\/gxp-training.com\\\/es\\\/#organization\"},\"potentialAction\":[{\"@type\":\"SearchAction\",\"target\":{\"@type\":\"EntryPoint\",\"urlTemplate\":\"https:\\\/\\\/gxp-training.com\\\/es\\\/?s={search_term_string}\"},\"query-input\":{\"@type\":\"PropertyValueSpecification\",\"valueRequired\":true,\"valueName\":\"search_term_string\"}}],\"inLanguage\":\"es\"},{\"@type\":\"Organization\",\"@id\":\"https:\\\/\\\/gxp-training.com\\\/es\\\/#organization\",\"name\":\"GXP Training\",\"url\":\"https:\\\/\\\/gxp-training.com\\\/es\\\/\",\"logo\":{\"@type\":\"ImageObject\",\"inLanguage\":\"es\",\"@id\":\"https:\\\/\\\/gxp-training.com\\\/es\\\/#\\\/schema\\\/logo\\\/image\\\/\",\"url\":\"https:\\\/\\\/gxp-training.com\\\/wp-content\\\/uploads\\\/2022\\\/05\\\/logo-resize.png\",\"contentUrl\":\"https:\\\/\\\/gxp-training.com\\\/wp-content\\\/uploads\\\/2022\\\/05\\\/logo-resize.png\",\"width\":350,\"height\":100,\"caption\":\"GXP Training\"},\"image\":{\"@id\":\"https:\\\/\\\/gxp-training.com\\\/es\\\/#\\\/schema\\\/logo\\\/image\\\/\"}}]}<\/script>\n<!-- \/ Yoast SEO plugin. -->","yoast_head_json":{"title":"Formaci\u00f3n Online en BPF para Productos Sanitarios: FDA 21 CFR PARTE 820","description":"Obtenga la certificaci\u00f3n en BPF para Productos Sanitarios y FDA 21 CFR PARTE 820. Inscr\u00edbase ahora en nuestra formaci\u00f3n online y consiga su certificaci\u00f3n.","robots":{"index":"index","follow":"follow","max-snippet":"max-snippet:-1","max-image-preview":"max-image-preview:large","max-video-preview":"max-video-preview:-1"},"canonical":"https:\/\/gxp-training.com\/es\/online-course\/bpf-para-productos-sanitarios-y-fda-21-cfr-parte-820\/","og_locale":"es_ES","og_type":"article","og_title":"Formaci\u00f3n Online en BPF para Productos Sanitarios: FDA 21 CFR PARTE 820","og_description":"Obtenga la certificaci\u00f3n en BPF para Productos Sanitarios y FDA 21 CFR PARTE 820. Inscr\u00edbase ahora en nuestra formaci\u00f3n online y consiga su certificaci\u00f3n.","og_url":"https:\/\/gxp-training.com\/es\/online-course\/bpf-para-productos-sanitarios-y-fda-21-cfr-parte-820\/","og_site_name":"GxP Training : Certified Online Courses for Life Sciences","og_image":[{"width":1000,"height":700,"url":"https:\/\/gxp-training.com\/wp-content\/uploads\/2022\/11\/FDA-21-CFR-820-training.png","type":"image\/png"}],"twitter_card":"summary_large_image","twitter_misc":{"Tiempo de lectura":"2 minutos"},"schema":{"@context":"https:\/\/schema.org","@graph":[{"@type":"WebPage","@id":"https:\/\/gxp-training.com\/es\/online-course\/bpf-para-productos-sanitarios-y-fda-21-cfr-parte-820\/","url":"https:\/\/gxp-training.com\/es\/online-course\/bpf-para-productos-sanitarios-y-fda-21-cfr-parte-820\/","name":"Formaci\u00f3n Online en BPF para Productos Sanitarios: FDA 21 CFR PARTE 820","isPartOf":{"@id":"https:\/\/gxp-training.com\/es\/#website"},"primaryImageOfPage":{"@id":"https:\/\/gxp-training.com\/es\/online-course\/bpf-para-productos-sanitarios-y-fda-21-cfr-parte-820\/#primaryimage"},"image":{"@id":"https:\/\/gxp-training.com\/es\/online-course\/bpf-para-productos-sanitarios-y-fda-21-cfr-parte-820\/#primaryimage"},"thumbnailUrl":"https:\/\/gxp-training.com\/wp-content\/uploads\/2022\/11\/FDA-21-CFR-820-training.png","datePublished":"2022-11-17T14:57:34+00:00","description":"Obtenga la certificaci\u00f3n en BPF para Productos Sanitarios y FDA 21 CFR PARTE 820. Inscr\u00edbase ahora en nuestra formaci\u00f3n online y consiga su certificaci\u00f3n.","breadcrumb":{"@id":"https:\/\/gxp-training.com\/es\/online-course\/bpf-para-productos-sanitarios-y-fda-21-cfr-parte-820\/#breadcrumb"},"inLanguage":"es","potentialAction":[{"@type":"ReadAction","target":["https:\/\/gxp-training.com\/es\/online-course\/bpf-para-productos-sanitarios-y-fda-21-cfr-parte-820\/"]}]},{"@type":"ImageObject","inLanguage":"es","@id":"https:\/\/gxp-training.com\/es\/online-course\/bpf-para-productos-sanitarios-y-fda-21-cfr-parte-820\/#primaryimage","url":"https:\/\/gxp-training.com\/wp-content\/uploads\/2022\/11\/FDA-21-CFR-820-training.png","contentUrl":"https:\/\/gxp-training.com\/wp-content\/uploads\/2022\/11\/FDA-21-CFR-820-training.png","width":1000,"height":700},{"@type":"BreadcrumbList","@id":"https:\/\/gxp-training.com\/es\/online-course\/bpf-para-productos-sanitarios-y-fda-21-cfr-parte-820\/#breadcrumb","itemListElement":[{"@type":"ListItem","position":1,"name":"Inicio","item":"https:\/\/gxp-training.com\/es\/pagina-de-inicio\/"},{"@type":"ListItem","position":2,"name":"Productos","item":"https:\/\/gxp-training.com\/es\/shop\/"},{"@type":"ListItem","position":3,"name":"BPF para Productos Sanitarios y FDA 21 CFR PARTE 820"}]},{"@type":"WebSite","@id":"https:\/\/gxp-training.com\/es\/#website","url":"https:\/\/gxp-training.com\/es\/","name":"GxP Training : Certified Online Courses for Life Sciences","description":"Online Trainings and Certified Courses in Regulatory Compliance for Pharmaceutical Experts","publisher":{"@id":"https:\/\/gxp-training.com\/es\/#organization"},"potentialAction":[{"@type":"SearchAction","target":{"@type":"EntryPoint","urlTemplate":"https:\/\/gxp-training.com\/es\/?s={search_term_string}"},"query-input":{"@type":"PropertyValueSpecification","valueRequired":true,"valueName":"search_term_string"}}],"inLanguage":"es"},{"@type":"Organization","@id":"https:\/\/gxp-training.com\/es\/#organization","name":"GXP Training","url":"https:\/\/gxp-training.com\/es\/","logo":{"@type":"ImageObject","inLanguage":"es","@id":"https:\/\/gxp-training.com\/es\/#\/schema\/logo\/image\/","url":"https:\/\/gxp-training.com\/wp-content\/uploads\/2022\/05\/logo-resize.png","contentUrl":"https:\/\/gxp-training.com\/wp-content\/uploads\/2022\/05\/logo-resize.png","width":350,"height":100,"caption":"GXP Training"},"image":{"@id":"https:\/\/gxp-training.com\/es\/#\/schema\/logo\/image\/"}}]}},"_links":{"self":[{"href":"https:\/\/gxp-training.com\/es\/wp-json\/wp\/v2\/product\/57112","targetHints":{"allow":["GET"]}}],"collection":[{"href":"https:\/\/gxp-training.com\/es\/wp-json\/wp\/v2\/product"}],"about":[{"href":"https:\/\/gxp-training.com\/es\/wp-json\/wp\/v2\/types\/product"}],"wp:featuredmedia":[{"embeddable":true,"href":"https:\/\/gxp-training.com\/es\/wp-json\/wp\/v2\/media\/43009"}],"wp:attachment":[{"href":"https:\/\/gxp-training.com\/es\/wp-json\/wp\/v2\/media?parent=57112"}],"wp:term":[{"taxonomy":"product_brand","embeddable":true,"href":"https:\/\/gxp-training.com\/es\/wp-json\/wp\/v2\/product_brand?post=57112"},{"taxonomy":"product_cat","embeddable":true,"href":"https:\/\/gxp-training.com\/es\/wp-json\/wp\/v2\/product_cat?post=57112"},{"taxonomy":"product_tag","embeddable":true,"href":"https:\/\/gxp-training.com\/es\/wp-json\/wp\/v2\/product_tag?post=57112"}],"curies":[{"name":"wp","href":"https:\/\/api.w.org\/{rel}","templated":true}]}}